{"id":41929,"date":"2024-03-21T08:46:44","date_gmt":"2024-03-21T11:46:44","guid":{"rendered":"https:\/\/www.ifbaiano.edu.br\/unidades\/itapetinga\/?page_id=41929"},"modified":"2025-01-24T14:54:06","modified_gmt":"2025-01-24T17:54:06","slug":"letras-libras","status":"publish","type":"page","link":"https:\/\/www.ifbaiano.edu.br\/unidades\/itapetinga\/superior\/letras-libras\/","title":{"rendered":"Letras Libras"},"content":{"rendered":"\n<p>O curso de Letras Libras no Instituto Federal \u00e9 uma oportunidade \u00fanica para aqueles interessados em se tornarem profissionais qualificados na \u00e1rea da L\u00edngua Brasileira de Sinais (Libras). Os alunos mergulham na cultura e na comunidade surda, enquanto desenvolvem habilidades lingu\u00edsticas tanto na express\u00e3o quanto na interpreta\u00e7\u00e3o de Libras. O curr\u00edculo abrange uma variedade de t\u00f3picos, incluindo gram\u00e1tica, literatura, interpreta\u00e7\u00e3o e tradu\u00e7\u00e3o de Libras. Al\u00e9m disso, os estudantes t\u00eam a oportunidade de se envolver em atividades pr\u00e1ticas, como est\u00e1gios e eventos culturais. Ao se formarem, os alunos est\u00e3o preparados para atuar como professores, mediadores culturais, consultores e defensores dos direitos das pessoas surdas.<br><br><\/p>\n\n\n\n<p>Vem ser IFBaiano com a gente!<br><br><\/p>\n\n\n\n<p><strong>Coordenador<\/strong>: Rayan Soares<\/p>\n","protected":false},"excerpt":{"rendered":"<p>O curso de Letras Libras no Instituto Federal \u00e9 uma oportunidade \u00fanica para aqueles interessados em se tornarem profissionais qualificados na \u00e1rea da L\u00edngua Brasileira de Sinais (Libras). Os alunos mergulham na cultura e na comunidade surda, enquanto desenvolvem habilidades lingu\u00edsticas tanto na express\u00e3o quanto na interpreta\u00e7\u00e3o de Libras. O curr\u00edculo abrange uma variedade de [&hellip;]<\/p>\n","protected":false},"author":158,"featured_media":0,"parent":41721,"menu_order":0,"comment_status":"closed","ping_status":"closed","template":"","meta":[],"_links":{"self":[{"href":"https:\/\/www.ifbaiano.edu.br\/unidades\/itapetinga\/wp-json\/wp\/v2\/pages\/41929"}],"collection":[{"href":"https:\/\/www.ifbaiano.edu.br\/unidades\/itapetinga\/wp-json\/wp\/v2\/pages"}],"about":[{"href":"https:\/\/www.ifbaiano.edu.br\/unidades\/itapetinga\/wp-json\/wp\/v2\/types\/page"}],"author":[{"embeddable":true,"href":"https:\/\/www.ifbaiano.edu.br\/unidades\/itapetinga\/wp-json\/wp\/v2\/users\/158"}],"replies":[{"embeddable":true,"href":"https:\/\/www.ifbaiano.edu.br\/unidades\/itapetinga\/wp-json\/wp\/v2\/comments?post=41929"}],"version-history":[{"count":2,"href":"https:\/\/www.ifbaiano.edu.br\/unidades\/itapetinga\/wp-json\/wp\/v2\/pages\/41929\/revisions"}],"predecessor-version":[{"id":41933,"href":"https:\/\/www.ifbaiano.edu.br\/unidades\/itapetinga\/wp-json\/wp\/v2\/pages\/41929\/revisions\/41933"}],"up":[{"embeddable":true,"href":"https:\/\/www.ifbaiano.edu.br\/unidades\/itapetinga\/wp-json\/wp\/v2\/pages\/41721"}],"wp:attachment":[{"href":"https:\/\/www.ifbaiano.edu.br\/unidades\/itapetinga\/wp-json\/wp\/v2\/media?parent=41929"}],"curies":[{"name":"wp","href":"https:\/\/api.w.org\/{rel}","templated":true}]}}