{"id":41943,"date":"2024-03-21T09:00:36","date_gmt":"2024-03-21T12:00:36","guid":{"rendered":"https:\/\/www.ifbaiano.edu.br\/unidades\/itapetinga\/?page_id=41943"},"modified":"2025-01-27T17:41:41","modified_gmt":"2025-01-27T20:41:41","slug":"bsi-boletim-de-servico-interno","status":"publish","type":"page","link":"https:\/\/www.ifbaiano.edu.br\/unidades\/itapetinga\/dg\/bsi-boletim-de-servico-interno\/","title":{"rendered":"BSI (Boletim de Servi\u00e7o Interno)"},"content":{"rendered":"\n<p><strong>Apresenta\u00e7\u00e3o do documento<\/strong><\/p>\n\n\n\n<hr class=\"wp-block-separator has-alpha-channel-opacity\" \/>\n\n\n\n<p>O&nbsp;<strong>Boletim de Servi\u00e7o Interno (BSI)<\/strong>&nbsp;\u00e9 um instrumento destinado a conferir publicidade aos atos, procedimentos formais e a\u00e7\u00f5es realizadas pela Institui\u00e7\u00e3o, exig\u00eancia legal disposta na&nbsp;<strong>Lei 4.965 de 26 de junho de 1966<\/strong>. <\/p>\n\n\n\n<hr class=\"wp-block-separator has-alpha-channel-opacity\" \/>\n\n\n\n<p><strong>Publica\u00e7\u00f5es mensais do Boletim de Servi\u00e7o Interno (BSI)<\/strong><\/p>\n\n\n\n<p class=\"has-medium-font-size\"><strong><a href=\"https:\/\/www.ifbaiano.edu.br\/unidades\/itapetinga\/portarias\/boletim-de-servico-interno\/\" data-type=\"URL\" data-id=\"https:\/\/www.ifbaiano.edu.br\/unidades\/itapetinga\/portarias\/boletim-de-servico-interno\/\">2019<\/a><\/strong><\/p>\n","protected":false},"excerpt":{"rendered":"<p>Apresenta\u00e7\u00e3o do documento O&nbsp;Boletim de Servi\u00e7o Interno (BSI)&nbsp;\u00e9 um instrumento destinado a conferir publicidade aos atos, procedimentos formais e a\u00e7\u00f5es realizadas pela Institui\u00e7\u00e3o, exig\u00eancia legal disposta na&nbsp;Lei 4.965 de 26 de junho de 1966. Publica\u00e7\u00f5es mensais do Boletim de Servi\u00e7o Interno (BSI) 2019<\/p>\n","protected":false},"author":158,"featured_media":0,"parent":43883,"menu_order":0,"comment_status":"closed","ping_status":"closed","template":"","meta":[],"_links":{"self":[{"href":"https:\/\/www.ifbaiano.edu.br\/unidades\/itapetinga\/wp-json\/wp\/v2\/pages\/41943"}],"collection":[{"href":"https:\/\/www.ifbaiano.edu.br\/unidades\/itapetinga\/wp-json\/wp\/v2\/pages"}],"about":[{"href":"https:\/\/www.ifbaiano.edu.br\/unidades\/itapetinga\/wp-json\/wp\/v2\/types\/page"}],"author":[{"embeddable":true,"href":"https:\/\/www.ifbaiano.edu.br\/unidades\/itapetinga\/wp-json\/wp\/v2\/users\/158"}],"replies":[{"embeddable":true,"href":"https:\/\/www.ifbaiano.edu.br\/unidades\/itapetinga\/wp-json\/wp\/v2\/comments?post=41943"}],"version-history":[{"count":4,"href":"https:\/\/www.ifbaiano.edu.br\/unidades\/itapetinga\/wp-json\/wp\/v2\/pages\/41943\/revisions"}],"predecessor-version":[{"id":43911,"href":"https:\/\/www.ifbaiano.edu.br\/unidades\/itapetinga\/wp-json\/wp\/v2\/pages\/41943\/revisions\/43911"}],"up":[{"embeddable":true,"href":"https:\/\/www.ifbaiano.edu.br\/unidades\/itapetinga\/wp-json\/wp\/v2\/pages\/43883"}],"wp:attachment":[{"href":"https:\/\/www.ifbaiano.edu.br\/unidades\/itapetinga\/wp-json\/wp\/v2\/media?parent=41943"}],"curies":[{"name":"wp","href":"https:\/\/api.w.org\/{rel}","templated":true}]}}