{"id":41966,"date":"2024-03-21T09:23:12","date_gmt":"2024-03-21T12:23:12","guid":{"rendered":"https:\/\/www.ifbaiano.edu.br\/unidades\/itapetinga\/?page_id=41966"},"modified":"2025-01-24T14:46:24","modified_gmt":"2025-01-24T17:46:24","slug":"cursos-lato-sensu","status":"publish","type":"page","link":"https:\/\/www.ifbaiano.edu.br\/unidades\/itapetinga\/cursos-lato-sensu\/","title":{"rendered":"P\u00f3s-Gradua\u00e7\u00e3o (Lato Sensu)"},"content":{"rendered":"\n<p><strong><a href=\"https:\/\/www.ifbaiano.edu.br\/unidades\/itapetinga\/pos-graduacao-2\/pos-graduacao-lato-sensu-em-leitura-e-producao-textual-aplicadas-a-educacao-de-jovens-e-adultos\/\" data-type=\"URL\" data-id=\"https:\/\/www.ifbaiano.edu.br\/unidades\/itapetinga\/pos-graduacao-2\/pos-graduacao-lato-sensu-em-leitura-e-producao-textual-aplicadas-a-educacao-de-jovens-e-adultos\/\">Leitura e Produ\u00e7\u00e3o Textual<\/a><\/strong><\/p>\n\n\n\n<p><strong><a href=\"https:\/\/www.ifbaiano.edu.br\/unidades\/itapetinga\/?page_id=73\" data-type=\"URL\" data-id=\"https:\/\/www.ifbaiano.edu.br\/unidades\/itapetinga\/?page_id=73\">Ci\u00eancias Naturais e Matem\u00e1tica<\/a><\/strong><\/p>\n","protected":false},"excerpt":{"rendered":"<p>Leitura e Produ\u00e7\u00e3o Textual Ci\u00eancias Naturais e Matem\u00e1tica<\/p>\n","protected":false},"author":158,"featured_media":0,"parent":0,"menu_order":0,"comment_status":"closed","ping_status":"closed","template":"","meta":[],"_links":{"self":[{"href":"https:\/\/www.ifbaiano.edu.br\/unidades\/itapetinga\/wp-json\/wp\/v2\/pages\/41966"}],"collection":[{"href":"https:\/\/www.ifbaiano.edu.br\/unidades\/itapetinga\/wp-json\/wp\/v2\/pages"}],"about":[{"href":"https:\/\/www.ifbaiano.edu.br\/unidades\/itapetinga\/wp-json\/wp\/v2\/types\/page"}],"author":[{"embeddable":true,"href":"https:\/\/www.ifbaiano.edu.br\/unidades\/itapetinga\/wp-json\/wp\/v2\/users\/158"}],"replies":[{"embeddable":true,"href":"https:\/\/www.ifbaiano.edu.br\/unidades\/itapetinga\/wp-json\/wp\/v2\/comments?post=41966"}],"version-history":[{"count":4,"href":"https:\/\/www.ifbaiano.edu.br\/unidades\/itapetinga\/wp-json\/wp\/v2\/pages\/41966\/revisions"}],"predecessor-version":[{"id":43877,"href":"https:\/\/www.ifbaiano.edu.br\/unidades\/itapetinga\/wp-json\/wp\/v2\/pages\/41966\/revisions\/43877"}],"wp:attachment":[{"href":"https:\/\/www.ifbaiano.edu.br\/unidades\/itapetinga\/wp-json\/wp\/v2\/media?parent=41966"}],"curies":[{"name":"wp","href":"https:\/\/api.w.org\/{rel}","templated":true}]}}