{"id":42013,"date":"2024-03-21T14:31:27","date_gmt":"2024-03-21T17:31:27","guid":{"rendered":"https:\/\/www.ifbaiano.edu.br\/unidades\/itapetinga\/?page_id=42013"},"modified":"2025-05-28T09:33:16","modified_gmt":"2025-05-28T12:33:16","slug":"tutoriais-de-servicos","status":"publish","type":"page","link":"https:\/\/www.ifbaiano.edu.br\/unidades\/itapetinga\/biblioteca\/tutoriais-de-servicos\/","title":{"rendered":"Tutoriais de Servi\u00e7os"},"content":{"rendered":"\n<p>Acesso ao Portal de Peri\u00f3dicos pela CAFe Novo!<br><a href=\"https:\/\/www.ifbaiano.edu.br\/unidades\/itapetinga\/files\/2025\/04\/Periodicos-da-CAPES_2025.pdf\">Clique aqui<\/a><\/p>\n\n\n\n<p>Primeiro acesso \u00e0 Biblioteca Virtual<br><a href=\"https:\/\/ifbibliotecaitapetinga.my.canva.site\/biblioteca-virtual\">Clique aqui<\/a><\/p>\n\n\n\n<p>Renova\u00e7\u00e3o de Empr\u00e9stimo<br><a href=\"https:\/\/www.canva.com\/design\/DAGXlNoAc3E\/02lpjS38bE7HhqUDG9Fz8A\/view?utm_content=DAGXlNoAc3E&amp;utm_campaign=designshare&amp;utm_medium=link2&amp;utm_source=uniquelinks&amp;utlId=ha2408f2201\">Clique aqui<\/a><\/p>\n\n\n\n<p>Recupera\u00e7\u00e3o de senha de acesso ao Pergamum<br><a href=\"https:\/\/ifbibliotecaitapetinga.my.canva.site\/recupera-o-de-senha\" target=\"_blank\" rel=\"noreferrer noopener\">Clique aqui<\/a><\/p>\n\n\n\n<p>Altera\u00e7\u00e3o de senha do Pergamum<br><a href=\"https:\/\/ifbibliotecaitapetinga.my.canva.site\/altera-o-de-senha\" target=\"_blank\" rel=\"noreferrer noopener\">Clique aqui<\/a><\/p>\n\n\n\n<p>Emiss\u00e3o de nada consta pelo Pergamum<br><a href=\"https:\/\/ifbibliotecaitapetinga.my.canva.site\/\" target=\"_blank\" rel=\"noreferrer noopener\">Clique aqui<\/a><\/p>\n\n\n\n<p>Solicita\u00e7\u00e3o de ficha catalogr\u00e1fica&nbsp;pelo Pergamum<br><a href=\"https:\/\/ifbibliotecaitapetinga.my.canva.site\/ficha-catalografica\" target=\"_blank\" rel=\"noreferrer noopener\">Clique aqui<\/a><\/p>\n\n\n\n<p>Reserva de Exemplar<\/p>\n\n\n\n<p><a href=\"https:\/\/www.canva.com\/design\/DAGmlPQ8WPE\/9x2Ihd7jpmDvgWm6C2NfoQ\/view?utm_content=DAGmlPQ8WPE&amp;utm_campaign=designshare&amp;utm_medium=link2&amp;utm_source=uniquelinks&amp;utlId=hc52981a3b0\" target=\"_blank\" rel=\"noreferrer noopener\">Clique aqui<\/a><\/p>\n\n\n\n<p><\/p>\n\n\n\n<p><br><\/p>\n","protected":false},"excerpt":{"rendered":"<p>Acesso ao Portal de Peri\u00f3dicos pela CAFe Novo!Clique aqui Primeiro acesso \u00e0 Biblioteca VirtualClique aqui Renova\u00e7\u00e3o de Empr\u00e9stimoClique aqui Recupera\u00e7\u00e3o de senha de acesso ao PergamumClique aqui Altera\u00e7\u00e3o de senha do PergamumClique aqui Emiss\u00e3o de nada consta pelo PergamumClique aqui Solicita\u00e7\u00e3o de ficha catalogr\u00e1fica&nbsp;pelo PergamumClique aqui Reserva de Exemplar Clique aqui<\/p>\n","protected":false},"author":158,"featured_media":0,"parent":42524,"menu_order":0,"comment_status":"closed","ping_status":"closed","template":"","meta":[],"_links":{"self":[{"href":"https:\/\/www.ifbaiano.edu.br\/unidades\/itapetinga\/wp-json\/wp\/v2\/pages\/42013"}],"collection":[{"href":"https:\/\/www.ifbaiano.edu.br\/unidades\/itapetinga\/wp-json\/wp\/v2\/pages"}],"about":[{"href":"https:\/\/www.ifbaiano.edu.br\/unidades\/itapetinga\/wp-json\/wp\/v2\/types\/page"}],"author":[{"embeddable":true,"href":"https:\/\/www.ifbaiano.edu.br\/unidades\/itapetinga\/wp-json\/wp\/v2\/users\/158"}],"replies":[{"embeddable":true,"href":"https:\/\/www.ifbaiano.edu.br\/unidades\/itapetinga\/wp-json\/wp\/v2\/comments?post=42013"}],"version-history":[{"count":12,"href":"https:\/\/www.ifbaiano.edu.br\/unidades\/itapetinga\/wp-json\/wp\/v2\/pages\/42013\/revisions"}],"predecessor-version":[{"id":44292,"href":"https:\/\/www.ifbaiano.edu.br\/unidades\/itapetinga\/wp-json\/wp\/v2\/pages\/42013\/revisions\/44292"}],"up":[{"embeddable":true,"href":"https:\/\/www.ifbaiano.edu.br\/unidades\/itapetinga\/wp-json\/wp\/v2\/pages\/42524"}],"wp:attachment":[{"href":"https:\/\/www.ifbaiano.edu.br\/unidades\/itapetinga\/wp-json\/wp\/v2\/media?parent=42013"}],"curies":[{"name":"wp","href":"https:\/\/api.w.org\/{rel}","templated":true}]}}