{"id":42018,"date":"2024-03-21T14:34:45","date_gmt":"2024-03-21T17:34:45","guid":{"rendered":"https:\/\/www.ifbaiano.edu.br\/unidades\/itapetinga\/?page_id=42018"},"modified":"2025-01-24T14:05:39","modified_gmt":"2025-01-24T17:05:39","slug":"portais-de-busca","status":"publish","type":"page","link":"https:\/\/www.ifbaiano.edu.br\/unidades\/itapetinga\/biblioteca\/portais-de-busca\/","title":{"rendered":"Portais de Busca"},"content":{"rendered":"\n<p><strong>Portal de Peri\u00f3dicos da CAPES<\/strong> <\/p>\n\n\n\n<p> O Portal de Peri\u00f3dicos da Capes \u00e9 uma biblioteca virtual que re\u00fane e disponibiliza a institui\u00e7\u00f5es de ensino e pesquisa no Brasil o melhor da produ\u00e7\u00e3o cient\u00edfica internacional.<\/p>\n\n\n\n<p>\u00bb Acesse os peri\u00f3dicos da CAPES em&nbsp;<a href=\"http:\/\/www.periodicos.capes.gov.br\/\">periodicos.capes.gov.br<\/a><\/p>\n\n\n\n<hr class=\"wp-block-separator has-alpha-channel-opacity\" \/>\n\n\n\n<p><strong>SciELO \u2013 Scientific Electronic Library Online<\/strong><\/p>\n\n\n\n<p>SciELO<strong> <\/strong>\u2013&nbsp;<em>Scientific Electronic Library Online<\/em>&nbsp;(Biblioteca Cient\u00edfica Eletr\u00f4nica em Linha)&nbsp;\u00e9 um modelo para a publica\u00e7\u00e3o eletr\u00f4nica cooperativa de peri\u00f3dicos cient\u00edficos na Internet.&nbsp;Cole\u00e7\u00e3o multidisciplinar de revistas cient\u00edficas e livros do Brasil, al\u00e9m de revistas do Chile, Cuba, Espanha, Venezuela e outros pa\u00edses da Am\u00e9rica Latina.<\/p>\n\n\n\n<p>\u00bb Para acessar,&nbsp;<a href=\"https:\/\/scielo.org\/\">www.scielo.org<\/a><\/p>\n","protected":false},"excerpt":{"rendered":"<p>Portal de Peri\u00f3dicos da CAPES O Portal de Peri\u00f3dicos da Capes \u00e9 uma biblioteca virtual que re\u00fane e disponibiliza a institui\u00e7\u00f5es de ensino e pesquisa no Brasil o melhor da produ\u00e7\u00e3o cient\u00edfica internacional. \u00bb Acesse os peri\u00f3dicos da CAPES em&nbsp;periodicos.capes.gov.br SciELO \u2013 Scientific Electronic Library Online SciELO \u2013&nbsp;Scientific Electronic Library Online&nbsp;(Biblioteca Cient\u00edfica Eletr\u00f4nica em Linha)&nbsp;\u00e9 [&hellip;]<\/p>\n","protected":false},"author":158,"featured_media":0,"parent":42524,"menu_order":0,"comment_status":"closed","ping_status":"closed","template":"","meta":[],"_links":{"self":[{"href":"https:\/\/www.ifbaiano.edu.br\/unidades\/itapetinga\/wp-json\/wp\/v2\/pages\/42018"}],"collection":[{"href":"https:\/\/www.ifbaiano.edu.br\/unidades\/itapetinga\/wp-json\/wp\/v2\/pages"}],"about":[{"href":"https:\/\/www.ifbaiano.edu.br\/unidades\/itapetinga\/wp-json\/wp\/v2\/types\/page"}],"author":[{"embeddable":true,"href":"https:\/\/www.ifbaiano.edu.br\/unidades\/itapetinga\/wp-json\/wp\/v2\/users\/158"}],"replies":[{"embeddable":true,"href":"https:\/\/www.ifbaiano.edu.br\/unidades\/itapetinga\/wp-json\/wp\/v2\/comments?post=42018"}],"version-history":[{"count":2,"href":"https:\/\/www.ifbaiano.edu.br\/unidades\/itapetinga\/wp-json\/wp\/v2\/pages\/42018\/revisions"}],"predecessor-version":[{"id":43865,"href":"https:\/\/www.ifbaiano.edu.br\/unidades\/itapetinga\/wp-json\/wp\/v2\/pages\/42018\/revisions\/43865"}],"up":[{"embeddable":true,"href":"https:\/\/www.ifbaiano.edu.br\/unidades\/itapetinga\/wp-json\/wp\/v2\/pages\/42524"}],"wp:attachment":[{"href":"https:\/\/www.ifbaiano.edu.br\/unidades\/itapetinga\/wp-json\/wp\/v2\/media?parent=42018"}],"curies":[{"name":"wp","href":"https:\/\/api.w.org\/{rel}","templated":true}]}}