{"id":42141,"date":"2024-04-09T14:57:12","date_gmt":"2024-04-09T17:57:12","guid":{"rendered":"https:\/\/www.ifbaiano.edu.br\/unidades\/itapetinga\/?page_id=42141"},"modified":"2024-08-16T18:05:56","modified_gmt":"2024-08-16T21:05:56","slug":"paise-2024","status":"publish","type":"page","link":"https:\/\/www.ifbaiano.edu.br\/unidades\/itapetinga\/paise-2024\/","title":{"rendered":"PAISE 2024"},"content":{"rendered":"\n<p>O Diretor Geral do Instituto Federal de Educa\u00e7\u00e3o, Ci\u00eancia e Tecnologia Baiano \u2013 IF Baiano Campus Itapetinga, torna p\u00fablico o&nbsp;Edital n\u00ba 05\/2024 que estabelece as normas e crit\u00e9rios para sele\u00e7\u00e3o de estudantes em vulnerabilidade socioecon\u00f4mica, de cursos presenciais e \u00e0 dist\u00e2ncia, com a finalidade de participa\u00e7\u00e3o na Pol\u00edtica de Assist\u00eancia Estudantil deste Instituto, por meio do Programa de Assist\u00eancia e Inclus\u00e3o Social do Estudante-PAISE.<\/p>\n\n\n\n<p>O Programa contemplar\u00e1 os seguintes aux\u00edlios: Aux\u00edlio Alimenta\u00e7\u00e3o, Aux\u00edlio Creche EAD, Aux\u00edlio Creche presencial, Aux\u00edlio Moradia, Aux\u00edlio Perman\u00eancia, Aux\u00edlio Transporte EAD, Aux\u00edlio Transporte I, Aux\u00edlio Transporte II e Aux\u00edlio Transporte III.<br><strong>As inscri\u00e7\u00f5es ser\u00e3o realizadas  no per\u00edodo de 11\/04\/2024 a 18\/04\/2024 na plataforma Opina, dispon\u00edvel no link<\/strong>:&nbsp;<a rel=\"noreferrer noopener\" href=\"https:\/\/opinanovo.ifbaiano.edu.br\/index.php\/253712?lang=pt-BR\" target=\"_blank\">https:\/\/opinanovo.ifbaiano.edu.br\/index.php\/253712?lang=pt-BR<\/a><\/p>\n\n\n\n<p>Para participar da sele\u00e7\u00e3o, \u00e9 indispens\u00e1vel que seja enviado, entre outros documentos, o&nbsp;<strong>comprovante do Cadastro \u00danico atualizado<\/strong>&nbsp;(o CAD\u00daNICO deve ser atualizado a cada dois anos ou sempre que houver mudan\u00e7as na situa\u00e7\u00e3o familiar).<\/p>\n\n\n\n<p>Para quem j\u00e1 possui inscri\u00e7\u00e3o no CAD\u00daNICO, seguem os meios para acess\u00e1-lo virtualmente:<\/p>\n\n\n\n<p>\u2013 Link do site:&nbsp;<a href=\"https:\/\/cadunico.dataprev.gov.br\/\" target=\"_blank\" rel=\"noreferrer noopener\">https:\/\/cadunico.dataprev.gov.br\/<\/a><\/p>\n\n\n\n<p>\u2013 Aplicativo \u201cCadastro \u00danico\u201d, dispon\u00edvel na loja de aplicativos para download gratuito.<br>Para quem ainda n\u00e3o possui o CAD\u00daNICO ou est\u00e1 com ele desatualizado:<br>\u2013 Procure o Centro de Refer\u00eancia da Assist\u00eancia Social (CRAS) ou a unidade de cadastramento da cidade onde voc\u00ea mora, e se informe sobre como proceder.<\/p>\n\n\n\n<p>A sele\u00e7\u00e3o dos candidatos ser\u00e1 realizada em duas etapas: An\u00e1lise documental e Entrevista social.<br>Confira os requisitos necess\u00e1rios para participa\u00e7\u00e3o do processo seletivo, a documenta\u00e7\u00e3o exigida, o cronograma e mais detalhes da sele\u00e7\u00e3o no Edital.<\/p>\n\n\n\n<hr class=\"wp-block-separator has-alpha-channel-opacity\" \/>\n\n\n\n<p>Editais e documentos:<\/p>\n\n\n\n<p><a href=\"https:\/\/www.ifbaiano.edu.br\/unidades\/itapetinga\/files\/2024\/08\/III-Retificcacao-PAISE-2024.pdf\" data-type=\"URL\" data-id=\"https:\/\/www.ifbaiano.edu.br\/unidades\/itapetinga\/files\/2024\/08\/III-Retificcacao-PAISE-2024.pdf\">III Retifica\u00e7\u00e3o<\/a><\/p>\n\n\n\n<p><a href=\"https:\/\/www.ifbaiano.edu.br\/unidades\/itapetinga\/files\/2024\/08\/Termo-de-compromisso-PAISE-2024.pdf\" data-type=\"URL\" data-id=\"https:\/\/www.ifbaiano.edu.br\/unidades\/itapetinga\/files\/2024\/08\/Termo-de-compromisso-PAISE-2024.pdf\">Termo Compromisso<\/a><\/p>\n\n\n\n<p><a href=\"https:\/\/www.ifbaiano.edu.br\/unidades\/itapetinga\/files\/2024\/08\/Chamada-envio-do-termo-de-compromisso-PAISE-2024.pdf\" data-type=\"URL\" data-id=\"https:\/\/www.ifbaiano.edu.br\/unidades\/itapetinga\/files\/2024\/08\/Chamada-envio-do-termo-de-compromisso-PAISE-2024.pdf\">Chamada para envio do Termo de Compromisso<\/a><\/p>\n\n\n\n<p><a href=\"https:\/\/www.ifbaiano.edu.br\/unidades\/itapetinga\/files\/2024\/08\/Resultado-final-PAISE-2024-Edital-no-05-202.pdf\" data-type=\"URL\" data-id=\"https:\/\/www.ifbaiano.edu.br\/unidades\/itapetinga\/files\/2024\/08\/Resultado-final-PAISE-2024-Edital-no-05-202.pdf\">Resultado Final<\/a><\/p>\n\n\n\n<p><a href=\"https:\/\/www.ifbaiano.edu.br\/unidades\/itapetinga\/files\/2024\/08\/Resultado-da-interposicao-de-recursos-PAISE-2024-Edital-n-05-2024.pdf\" data-type=\"URL\" data-id=\"https:\/\/www.ifbaiano.edu.br\/unidades\/itapetinga\/files\/2024\/08\/Resultado-da-interposicao-de-recursos-PAISE-2024-Edital-n-05-2024.pdf\">Resultado Interposi\u00e7\u00e3o de Recursos<\/a><\/p>\n\n\n\n<p><a href=\"https:\/\/www.ifbaiano.edu.br\/unidades\/itapetinga\/files\/2024\/08\/Resultado-preliminar-PAISE-Edital-no05-2024.pdf\" data-type=\"URL\" data-id=\"https:\/\/www.ifbaiano.edu.br\/unidades\/itapetinga\/files\/2024\/08\/Resultado-preliminar-PAISE-Edital-no05-2024.pdf\">Resultado Preliminar<\/a><\/p>\n\n\n\n<p><a href=\"https:\/\/www.ifbaiano.edu.br\/unidades\/itapetinga\/files\/2024\/08\/INFORMACOES-SOBRE-A-INTERPOSICAO-DE-RECURSO-PAISE-2024.pdf\" data-type=\"URL\" data-id=\"https:\/\/www.ifbaiano.edu.br\/unidades\/itapetinga\/files\/2024\/08\/INFORMACOES-SOBRE-A-INTERPOSICAO-DE-RECURSO-PAISE-2024.pdf\">Informa\u00e7\u00f5es Sobre Interposi\u00e7\u00e3o Recursos<\/a><\/p>\n\n\n\n<p><a href=\"https:\/\/www.ifbaiano.edu.br\/unidades\/itapetinga\/files\/2024\/07\/Convocacao-para-entrevista-social-RETIFICADA-PAISE-2024.pdf\" data-type=\"URL\" data-id=\"https:\/\/www.ifbaiano.edu.br\/unidades\/itapetinga\/files\/2024\/07\/Convocacao-para-entrevista-social-RETIFICADA-PAISE-2024.pdf\">Convoca\u00e7\u00e3o para Entrevista Social (RETIFICADA)<\/a><\/p>\n\n\n\n<p><a href=\"https:\/\/www.ifbaiano.edu.br\/unidades\/itapetinga\/files\/2024\/07\/II-RETIFICACAO-CRONOGRAMA-PAISE-2024.pdf\" data-type=\"URL\" data-id=\"https:\/\/www.ifbaiano.edu.br\/unidades\/itapetinga\/files\/2024\/07\/II-RETIFICACAO-CRONOGRAMA-PAISE-2024.pdf\">II Retifica\u00e7\u00e3o Cronograma<\/a><\/p>\n\n\n\n<p><a href=\"https:\/\/www.ifbaiano.edu.br\/unidades\/itapetinga\/files\/2024\/08\/INSCRICOES-HOMOLOGADAS-PAISE-2024.pdf\" data-type=\"URL\">Inscri\u00e7\u00f5es Homologadas<\/a><\/p>\n\n\n\n<p><a href=\"https:\/\/www.ifbaiano.edu.br\/unidades\/itapetinga\/files\/2024\/07\/INSCRICOES-NAO-HOMOLOGADAS-PAISE-2024.pdf\" data-type=\"URL\" data-id=\"https:\/\/www.ifbaiano.edu.br\/unidades\/itapetinga\/files\/2024\/07\/INSCRICOES-NAO-HOMOLOGADAS-PAISE-2024.pdf\">Inscri\u00e7\u00f5es N\u00e3o Homologadas<\/a><\/p>\n\n\n\n<p><a href=\"https:\/\/www.ifbaiano.edu.br\/unidades\/itapetinga\/files\/2024\/07\/Convocacao-para-entrevista-social-PAISE-2024.1.pdf\" data-type=\"URL\" data-id=\"https:\/\/www.ifbaiano.edu.br\/unidades\/itapetinga\/files\/2024\/07\/Convocacao-para-entrevista-social-PAISE-2024.1.pdf\">Convoca\u00e7\u00e3o para Entrevista Social<\/a><\/p>\n\n\n\n<p><a href=\"https:\/\/www.ifbaiano.edu.br\/unidades\/itapetinga\/files\/2024\/07\/Retificacao-Edital-5.2024-PAISE.pdf\" data-type=\"URL\" data-id=\"https:\/\/www.ifbaiano.edu.br\/unidades\/itapetinga\/files\/2024\/07\/Retificacao-Edital-5.2024-PAISE.pdf\">Retifica\u00e7\u00e3o Edital<\/a> <\/p>\n\n\n\n<p><a href=\"https:\/\/www.ifbaiano.edu.br\/unidades\/itapetinga\/files\/2024\/05\/Informe-suspensao-do-cronograma-do-PAISE-1.pdf\" data-type=\"URL\" data-id=\"https:\/\/www.ifbaiano.edu.br\/unidades\/itapetinga\/files\/2024\/05\/Informe-suspensao-do-cronograma-do-PAISE-1.pdf\">Informe &#8211; Suspens\u00e3o Cronograma<\/a><\/p>\n\n\n\n<p><a href=\"https:\/\/www.ifbaiano.edu.br\/unidades\/itapetinga\/files\/2024\/04\/Edital-n%C2%B0-5-PAISE-Programa-de-Assistencia-e-Inclusao-Social-do-Estudante-2024.pdf\" data-type=\"URL\" data-id=\"https:\/\/www.ifbaiano.edu.br\/unidades\/itapetinga\/files\/2024\/04\/Edital-n%C2%B0-5-PAISE-Programa-de-Assistencia-e-Inclusao-Social-do-Estudante-2024.pdf\">Edital N\u00b005 de 09 de Abril 2024<\/a><\/p>\n","protected":false},"excerpt":{"rendered":"<p>O Diretor Geral do Instituto Federal de Educa\u00e7\u00e3o, Ci\u00eancia e Tecnologia Baiano \u2013 IF Baiano Campus Itapetinga, torna p\u00fablico o&nbsp;Edital n\u00ba 05\/2024 que estabelece as normas e crit\u00e9rios para sele\u00e7\u00e3o de estudantes em vulnerabilidade socioecon\u00f4mica, de cursos presenciais e \u00e0 dist\u00e2ncia, com a finalidade de participa\u00e7\u00e3o na Pol\u00edtica de Assist\u00eancia Estudantil deste Instituto, por meio [&hellip;]<\/p>\n","protected":false},"author":158,"featured_media":0,"parent":0,"menu_order":0,"comment_status":"closed","ping_status":"closed","template":"","meta":[],"_links":{"self":[{"href":"https:\/\/www.ifbaiano.edu.br\/unidades\/itapetinga\/wp-json\/wp\/v2\/pages\/42141"}],"collection":[{"href":"https:\/\/www.ifbaiano.edu.br\/unidades\/itapetinga\/wp-json\/wp\/v2\/pages"}],"about":[{"href":"https:\/\/www.ifbaiano.edu.br\/unidades\/itapetinga\/wp-json\/wp\/v2\/types\/page"}],"author":[{"embeddable":true,"href":"https:\/\/www.ifbaiano.edu.br\/unidades\/itapetinga\/wp-json\/wp\/v2\/users\/158"}],"replies":[{"embeddable":true,"href":"https:\/\/www.ifbaiano.edu.br\/unidades\/itapetinga\/wp-json\/wp\/v2\/comments?post=42141"}],"version-history":[{"count":13,"href":"https:\/\/www.ifbaiano.edu.br\/unidades\/itapetinga\/wp-json\/wp\/v2\/pages\/42141\/revisions"}],"predecessor-version":[{"id":42677,"href":"https:\/\/www.ifbaiano.edu.br\/unidades\/itapetinga\/wp-json\/wp\/v2\/pages\/42141\/revisions\/42677"}],"wp:attachment":[{"href":"https:\/\/www.ifbaiano.edu.br\/unidades\/itapetinga\/wp-json\/wp\/v2\/media?parent=42141"}],"curies":[{"name":"wp","href":"https:\/\/api.w.org\/{rel}","templated":true}]}}