{"id":42177,"date":"2024-04-12T17:02:02","date_gmt":"2024-04-12T20:02:02","guid":{"rendered":"https:\/\/www.ifbaiano.edu.br\/unidades\/itapetinga\/?page_id=42177"},"modified":"2024-06-05T14:19:52","modified_gmt":"2024-06-05T17:19:52","slug":"selecao-de-candidatosas-para-preenchimento-de-vagas-no-curso-de-graduacao-emeducacao-fisica","status":"publish","type":"page","link":"https:\/\/www.ifbaiano.edu.br\/unidades\/itapetinga\/selecao-de-candidatosas-para-preenchimento-de-vagas-no-curso-de-graduacao-emeducacao-fisica\/","title":{"rendered":"SELE\u00c7\u00c3O DE CANDIDATOS(AS) PARA PREENCHIMENTO DE VAGAS NO CURSO DE GRADUA\u00c7\u00c3O EM EDUCA\u00c7\u00c3O F\u00cdSICA"},"content":{"rendered":"\n<div class=\"wp-block-columns is-layout-flex wp-container-3\">\n<div class=\"wp-block-column is-layout-flow\" style=\"flex-basis:66.66%\">\n<p><strong>Apresenta\u00e7\u00e3o<\/strong><\/p>\n\n\n\n<p style=\"font-size:15px\">O DIRETOR-GERAL DO INSTITUTO FEDERAL DE EDUCA\u00c7\u00c3O, CI\u00caNCIA E TECNOLOGIA BAIANO \u2013 CAMPUS ITAPETINGA, nomeado pela Portaria n\u00b0 280 de 18\/03\/2022, publicado no DOU de 21\/03\/2022, Sec\u0327a\u0303o 2, pa\u0301gina 26 , e de acordo com as disposic\u0327o\u0303es contidas na Lei n\u00b0 11.892, de 29\/12\/2008, e na Lei n\u00b0 8.112, de 11\/12\/1990, no Regimento Geral do IF Baiano e na Portaria Normativa 13\/2022RETGAB\/RET\/IFBAIANO, de 11 de mar\u00e7o de 2022, torna p\u00fablico o presente Edital, para preenchimento de vagas no curso de Gradua\u00e7\u00e3o em Educa\u00e7\u00e3o F\u00edsica ofertado pelo IF Baiano Campus Itapetinga para ingresso em 2024.2.<\/p>\n<\/div>\n\n\n\n<div class=\"wp-block-column is-layout-flow\" style=\"flex-basis:33.33%\">\n<p><strong>Inscri\u00e7\u00f5es<\/strong><\/p>\n\n\n\n<p style=\"font-size:15px\">Inscri\u00e7\u00f5es:&nbsp;<strong>16\/04\/2024 a 19\/05\/2024<\/strong><\/p>\n\n\n\n<p style=\"font-size:15px\">As inscri\u00e7\u00f5es ser\u00e3o realizadas mediante envio da documenta\u00e7\u00e3o digitalizada e em formato PDF para o endere\u00e7o de e-mail&nbsp;<a href=\"mailto:prosel@itapetinga.ifbaiano.edu.br\" target=\"_blank\" rel=\"noreferrer noopener\">prosel@itapetinga.ifbaiano.edu.br<\/a><\/p>\n\n\n\n<p style=\"font-size:15px\">Consulte o item 3 do edital.<\/p>\n<\/div>\n<\/div>\n\n\n\n<hr class=\"wp-block-separator has-alpha-channel-opacity\" \/>\n\n\n\n<p class=\"has-small-font-size\"><strong>Editais e Documentos:<\/strong><\/p>\n\n\n\n<p><strong><a href=\"https:\/\/www.ifbaiano.edu.br\/unidades\/itapetinga\/files\/2024\/06\/EDITAL-DE-MATRICULA-CURSO-DE-GRADUACAO-EM-EDUCACAO-FISICA.pdf\" data-type=\"URL\" data-id=\"https:\/\/www.ifbaiano.edu.br\/unidades\/itapetinga\/files\/2024\/06\/EDITAL-DE-MATRICULA-CURSO-DE-GRADUACAO-EM-EDUCACAO-FISICA.pdf\">Edital de Matr\u00edcula<\/a><\/strong><\/p>\n\n\n\n<p><strong><a href=\"https:\/\/www.ifbaiano.edu.br\/unidades\/itapetinga\/files\/2024\/06\/Resultado-de-Classificacao-Final-Educacao-Fisica.pdf\" data-type=\"URL\" data-id=\"https:\/\/www.ifbaiano.edu.br\/unidades\/itapetinga\/files\/2024\/06\/Resultado-de-Classificacao-Final-Educacao-Fisica.pdf\">Resultado Final de Classifica\u00e7\u00e3o<\/a><\/strong><\/p>\n\n\n\n<p><strong><a href=\"https:\/\/www.ifbaiano.edu.br\/unidades\/itapetinga\/files\/2024\/05\/Resultado-Preliminar-de-Classificacao-Final-Educacao-Fisicia.pdf\" data-type=\"URL\" data-id=\"https:\/\/www.ifbaiano.edu.br\/unidades\/itapetinga\/files\/2024\/05\/Resultado-Preliminar-de-Classificacao-Final-Educacao-Fisicia.pdf\">Resultado Preliminar de Classifica\u00e7\u00e3o Final<\/a><\/strong><\/p>\n\n\n\n<p><strong><a href=\"https:\/\/www.ifbaiano.edu.br\/unidades\/itapetinga\/files\/2024\/05\/Nota-informativa-Graduacao-ED.-Fisica-Campus-Itapetinga.pdf\" data-type=\"URL\" data-id=\"https:\/\/www.ifbaiano.edu.br\/unidades\/itapetinga\/files\/2024\/05\/Nota-informativa-Graduacao-ED.-Fisica-Campus-Itapetinga.pdf\">Nota Informativa<\/a><\/strong><\/p>\n\n\n\n<p><strong><a href=\"https:\/\/www.ifbaiano.edu.br\/unidades\/itapetinga\/files\/2024\/05\/CRONOGRAMA-RETIFICADO-ED.-Fisica-Campus-Itapetinga.pdf\" data-type=\"URL\" data-id=\"https:\/\/www.ifbaiano.edu.br\/unidades\/itapetinga\/files\/2024\/05\/CRONOGRAMA-RETIFICADO-ED.-Fisica-Campus-Itapetinga.pdf\">Cronograma Retificado<\/a><\/strong><\/p>\n\n\n\n<p><strong><a href=\"https:\/\/www.ifbaiano.edu.br\/unidades\/itapetinga\/files\/2024\/05\/LISTA-FINAL-DE-HOMOLOGACAO-ED.-Fisica-Campus-Itapetinga.pdf\" data-type=\"URL\" data-id=\"https:\/\/www.ifbaiano.edu.br\/unidades\/itapetinga\/files\/2024\/05\/LISTA-FINAL-DE-HOMOLOGACAO-ED.-Fisica-Campus-Itapetinga.pdf\">Lista Final de Homologa\u00e7\u00e3o das Inscri\u00e7\u00f5es<\/a><\/strong><\/p>\n\n\n\n<p><strong><a href=\"https:\/\/www.ifbaiano.edu.br\/unidades\/itapetinga\/files\/2024\/05\/LISTA-PRELIMINAR-DE-HOMOLOGACAO-DAS-INSCRICOES-DOS-CANDIDATOS-ED.FISICA.pdf\" data-type=\"URL\" data-id=\"https:\/\/www.ifbaiano.edu.br\/unidades\/itapetinga\/files\/2024\/05\/LISTA-PRELIMINAR-DE-HOMOLOGACAO-DAS-INSCRICOES-DOS-CANDIDATOS-ED.FISICA.pdf\">Lista Preliminar de Homologa\u00e7\u00e3o das Inscri\u00e7\u00f5es<\/a><\/strong><\/p>\n\n\n\n<p><strong><a href=\"https:\/\/www.ifbaiano.edu.br\/unidades\/itapetinga\/files\/2024\/05\/Retificacao-Edital-06-de-12-de-abril-de-2024-Educacao-Fisica.pdf\" data-type=\"URL\" data-id=\"https:\/\/www.ifbaiano.edu.br\/unidades\/itapetinga\/files\/2024\/05\/Retificacao-Edital-06-de-12-de-abril-de-2024-Educacao-Fisica.pdf\">Retifica\u00e7\u00e3o do Edital<\/a><\/strong><\/p>\n\n\n\n<p><strong><a href=\"https:\/\/www.ifbaiano.edu.br\/unidades\/itapetinga\/files\/2024\/04\/ANEXO-VII-AUTODECLARACAO-DE-INTEGRALIZACAO-DO-ENSINO-MEDIO-Ed.Fisica.pdf\" data-type=\"URL\" data-id=\"https:\/\/www.ifbaiano.edu.br\/unidades\/itapetinga\/files\/2024\/04\/ANEXO-VII-AUTODECLARACAO-DE-INTEGRALIZACAO-DO-ENSINO-MEDIO-Ed.Fisica.pdf\">Anexo VII ( Autodeclara\u00e7\u00e3o de integraliza\u00e7\u00e3o do ensino m\u00e9dio)<\/a><\/strong><\/p>\n\n\n\n<p><strong><a href=\"https:\/\/www.ifbaiano.edu.br\/unidades\/itapetinga\/files\/2024\/04\/ANEXO-VI-AUTODECLARACAO-ETNICO-RACIAL-Ed.Fisica.pdf\" data-type=\"URL\" data-id=\"https:\/\/www.ifbaiano.edu.br\/unidades\/itapetinga\/files\/2024\/04\/ANEXO-VI-AUTODECLARACAO-ETNICO-RACIAL-Ed.Fisica.pdf\">Anexo VI ( Autodeclara\u00e7\u00e3o \u00e9tnico-racial)<\/a><\/strong><\/p>\n\n\n\n<p><strong><a href=\"https:\/\/www.ifbaiano.edu.br\/unidades\/itapetinga\/files\/2024\/04\/ANEXO-V-AUTODECLARACAO-DE-QUE-NAO-EXERCE-ATIVIDADE-REMUNERADA-Ed.Fisica.pdf\" data-type=\"URL\" data-id=\"https:\/\/www.ifbaiano.edu.br\/unidades\/itapetinga\/files\/2024\/04\/ANEXO-V-AUTODECLARACAO-DE-QUE-NAO-EXERCE-ATIVIDADE-REMUNERADA-Ed.Fisica.pdf\">Anexo V (Autodeclara\u00e7\u00e3o de n\u00e3o exerc\u00edcio de atividade remunerada)<\/a><\/strong><\/p>\n\n\n\n<p><strong><a href=\"https:\/\/www.ifbaiano.edu.br\/unidades\/itapetinga\/files\/2024\/04\/ANEXO-IV-AUTODECLARACAO-DE-RENDA-Ed.Fisica.pdf\" data-type=\"URL\" data-id=\"https:\/\/www.ifbaiano.edu.br\/unidades\/itapetinga\/files\/2024\/04\/ANEXO-IV-AUTODECLARACAO-DE-RENDA-Ed.Fisica.pdf\">Anexo IV ( Autodeclara\u00e7\u00e3o de renda)<\/a><\/strong><\/p>\n\n\n\n<p><strong><a href=\"https:\/\/www.ifbaiano.edu.br\/unidades\/itapetinga\/files\/2024\/04\/ANEXO-III-DECLARACAO-DE-QUE-NAO-MANTEM-MATRICULA-EM-OUTRO-CURSO-SUPERIOR-Ed.Fisica.pdf\" data-type=\"URL\" data-id=\"https:\/\/www.ifbaiano.edu.br\/unidades\/itapetinga\/files\/2024\/04\/ANEXO-III-DECLARACAO-DE-QUE-NAO-MANTEM-MATRICULA-EM-OUTRO-CURSO-SUPERIOR-Ed.Fisica.pdf\">Anexo III ( Declara\u00e7\u00e3o de n\u00e3o matriculado em outro curso superior)<\/a><\/strong><\/p>\n\n\n\n<p><strong><a href=\"https:\/\/www.ifbaiano.edu.br\/unidades\/itapetinga\/files\/2024\/04\/ANEXO-II-FORMULARIO-PARA-INTERPOSICAO-DE-RECURSO-Ed.Fisica.pdf\" data-type=\"URL\" data-id=\"https:\/\/www.ifbaiano.edu.br\/unidades\/itapetinga\/files\/2024\/04\/ANEXO-II-FORMULARIO-PARA-INTERPOSICAO-DE-RECURSO-Ed.Fisica.pdf\">Anexo II (Formul\u00e1rio para interposi\u00e7\u00e3o de recurso)<\/a><\/strong><\/p>\n\n\n\n<p><strong><a href=\"https:\/\/www.ifbaiano.edu.br\/unidades\/itapetinga\/files\/2024\/04\/ANEXO-I-FORMULARIO-PARA-INSCRICAO-Ed.Fisica.pdf\" data-type=\"URL\" data-id=\"https:\/\/www.ifbaiano.edu.br\/unidades\/itapetinga\/files\/2024\/04\/ANEXO-I-FORMULARIO-PARA-INSCRICAO-Ed.Fisica.pdf\">Anexo I (Formul\u00e1rio para inscri\u00e7\u00e3o)<\/a><\/strong><\/p>\n\n\n\n<p><strong><a href=\"https:\/\/www.ifbaiano.edu.br\/unidades\/itapetinga\/files\/2024\/04\/Resultado-Impugnacao-Edital-ED.-Fisica-no-06.2024-de-12-de-abril-de-2024.pdf\" data-type=\"URL\" data-id=\"https:\/\/www.ifbaiano.edu.br\/unidades\/itapetinga\/files\/2024\/04\/Resultado-Impugnacao-Edital-ED.-Fisica-no-06.2024-de-12-de-abril-de-2024.pdf\">Resultado Impugna\u00e7\u00e3o Edital n\u00ba 06\/2024, de 12 de abril de 2024<\/a><\/strong><\/p>\n\n\n\n<p><strong><a href=\"https:\/\/www.ifbaiano.edu.br\/unidades\/itapetinga\/files\/2024\/04\/Edital-Consolidado-EDITAL-No-06-de-12-de-abril-de-2024.pdf\" data-type=\"URL\" data-id=\"https:\/\/www.ifbaiano.edu.br\/unidades\/itapetinga\/files\/2024\/04\/Edital-Consolidado-EDITAL-No-06-de-12-de-abril-de-2024.pdf\">EDITAL N\u00ba 06, de 12 de abril de 2024<\/a><\/strong><\/p>\n","protected":false},"excerpt":{"rendered":"<p>Apresenta\u00e7\u00e3o O DIRETOR-GERAL DO INSTITUTO FEDERAL DE EDUCA\u00c7\u00c3O, CI\u00caNCIA E TECNOLOGIA BAIANO \u2013 CAMPUS ITAPETINGA, nomeado pela Portaria n\u00b0 280 de 18\/03\/2022, publicado no DOU de 21\/03\/2022, Sec\u0327a\u0303o 2, pa\u0301gina 26 , e de acordo com as disposic\u0327o\u0303es contidas na Lei n\u00b0 11.892, de 29\/12\/2008, e na Lei n\u00b0 8.112, de 11\/12\/1990, no Regimento Geral [&hellip;]<\/p>\n","protected":false},"author":158,"featured_media":0,"parent":0,"menu_order":0,"comment_status":"closed","ping_status":"closed","template":"","meta":[],"_links":{"self":[{"href":"https:\/\/www.ifbaiano.edu.br\/unidades\/itapetinga\/wp-json\/wp\/v2\/pages\/42177"}],"collection":[{"href":"https:\/\/www.ifbaiano.edu.br\/unidades\/itapetinga\/wp-json\/wp\/v2\/pages"}],"about":[{"href":"https:\/\/www.ifbaiano.edu.br\/unidades\/itapetinga\/wp-json\/wp\/v2\/types\/page"}],"author":[{"embeddable":true,"href":"https:\/\/www.ifbaiano.edu.br\/unidades\/itapetinga\/wp-json\/wp\/v2\/users\/158"}],"replies":[{"embeddable":true,"href":"https:\/\/www.ifbaiano.edu.br\/unidades\/itapetinga\/wp-json\/wp\/v2\/comments?post=42177"}],"version-history":[{"count":17,"href":"https:\/\/www.ifbaiano.edu.br\/unidades\/itapetinga\/wp-json\/wp\/v2\/pages\/42177\/revisions"}],"predecessor-version":[{"id":42373,"href":"https:\/\/www.ifbaiano.edu.br\/unidades\/itapetinga\/wp-json\/wp\/v2\/pages\/42177\/revisions\/42373"}],"wp:attachment":[{"href":"https:\/\/www.ifbaiano.edu.br\/unidades\/itapetinga\/wp-json\/wp\/v2\/media?parent=42177"}],"curies":[{"name":"wp","href":"https:\/\/api.w.org\/{rel}","templated":true}]}}