{"id":42182,"date":"2024-04-12T17:08:17","date_gmt":"2024-04-12T20:08:17","guid":{"rendered":"https:\/\/www.ifbaiano.edu.br\/unidades\/itapetinga\/?page_id=42182"},"modified":"2024-12-06T14:58:22","modified_gmt":"2024-12-06T17:58:22","slug":"concursos-e-selecoes-2024","status":"publish","type":"page","link":"https:\/\/www.ifbaiano.edu.br\/unidades\/itapetinga\/concursos-e-selecoes-2024\/","title":{"rendered":"Concursos e Sele\u00e7\u00f5es 2024"},"content":{"rendered":"\n<p><strong>Editais Fixados<\/strong><\/p>\n\n\n\n<p><strong><a href=\"https:\/\/www.ifbaiano.edu.br\/unidades\/itapetinga\/processo-seletivo-simplificado-para-contratacao-de-professor-substituto-campus-itapetinga-2\/\" data-type=\"URL\" data-id=\"https:\/\/www.ifbaiano.edu.br\/unidades\/itapetinga\/processo-seletivo-simplificado-para-contratacao-de-professor-substituto-campus-itapetinga-2\/\">Processo Seletivo Simplificado Professor Substituto &#8211; Geografia<\/a><\/strong><\/p>\n\n\n\n<hr class=\"wp-block-separator has-alpha-channel-opacity\" \/>\n\n\n\n<p><strong><a href=\"https:\/\/www.ifbaiano.edu.br\/unidades\/itapetinga\/selecao-de-estagiarios-campus-itapetinga\/\" data-type=\"URL\" data-id=\"https:\/\/www.ifbaiano.edu.br\/unidades\/itapetinga\/selecao-de-estagiarios-campus-itapetinga\/\">Sele\u00e7\u00e3o Estagi\u00e1rios Cadastro Reserva N\u00edvel M\u00e9dio e Superior<\/a><\/strong><\/p>\n\n\n\n<hr class=\"wp-block-separator has-alpha-channel-opacity\" \/>\n\n\n\n<p><strong><a href=\"https:\/\/www.ifbaiano.edu.br\/unidades\/itapetinga\/processo-seletivo-simplificado-para-contratacao-de-professor-substituto-campus-itapetinga\/\" data-type=\"URL\" data-id=\"https:\/\/www.ifbaiano.edu.br\/unidades\/itapetinga\/processo-seletivo-simplificado-para-contratacao-de-professor-substituto-campus-itapetinga\/\">Processo Seletivo Simplificado Professor Substituto &#8211; Meio Ambiente<\/a><\/strong><\/p>\n\n\n\n<hr class=\"wp-block-separator has-alpha-channel-opacity\" \/>\n\n\n\n<p><strong><a href=\"https:\/\/www.ifbaiano.edu.br\/unidades\/itapetinga\/selecao-de-candidatosas-para-preenchimento-de-vagas-no-curso-de-graduacao-emeducacao-fisica\/\" data-type=\"URL\" data-id=\"https:\/\/www.ifbaiano.edu.br\/unidades\/itapetinga\/selecao-de-candidatosas-para-preenchimento-de-vagas-no-curso-de-graduacao-emeducacao-fisica\/\">Sele\u00e7\u00e3o de candidatos para preenchimento de vagas no Curso de Gradua\u00e7\u00e3o em Educa\u00e7\u00e3o F\u00edsica<\/a><\/strong><\/p>\n\n\n\n<p class=\"has-small-font-size\">Edital n\u00b006 de 12 Abril 2024<\/p>\n\n\n\n<hr class=\"wp-block-separator has-alpha-channel-opacity\" \/>\n","protected":false},"excerpt":{"rendered":"<p>Editais Fixados Processo Seletivo Simplificado Professor Substituto &#8211; Geografia Sele\u00e7\u00e3o Estagi\u00e1rios Cadastro Reserva N\u00edvel M\u00e9dio e Superior Processo Seletivo Simplificado Professor Substituto &#8211; Meio Ambiente Sele\u00e7\u00e3o de candidatos para preenchimento de vagas no Curso de Gradua\u00e7\u00e3o em Educa\u00e7\u00e3o F\u00edsica Edital n\u00b006 de 12 Abril 2024<\/p>\n","protected":false},"author":158,"featured_media":0,"parent":0,"menu_order":0,"comment_status":"closed","ping_status":"closed","template":"","meta":[],"_links":{"self":[{"href":"https:\/\/www.ifbaiano.edu.br\/unidades\/itapetinga\/wp-json\/wp\/v2\/pages\/42182"}],"collection":[{"href":"https:\/\/www.ifbaiano.edu.br\/unidades\/itapetinga\/wp-json\/wp\/v2\/pages"}],"about":[{"href":"https:\/\/www.ifbaiano.edu.br\/unidades\/itapetinga\/wp-json\/wp\/v2\/types\/page"}],"author":[{"embeddable":true,"href":"https:\/\/www.ifbaiano.edu.br\/unidades\/itapetinga\/wp-json\/wp\/v2\/users\/158"}],"replies":[{"embeddable":true,"href":"https:\/\/www.ifbaiano.edu.br\/unidades\/itapetinga\/wp-json\/wp\/v2\/comments?post=42182"}],"version-history":[{"count":6,"href":"https:\/\/www.ifbaiano.edu.br\/unidades\/itapetinga\/wp-json\/wp\/v2\/pages\/42182\/revisions"}],"predecessor-version":[{"id":43774,"href":"https:\/\/www.ifbaiano.edu.br\/unidades\/itapetinga\/wp-json\/wp\/v2\/pages\/42182\/revisions\/43774"}],"wp:attachment":[{"href":"https:\/\/www.ifbaiano.edu.br\/unidades\/itapetinga\/wp-json\/wp\/v2\/media?parent=42182"}],"curies":[{"name":"wp","href":"https:\/\/api.w.org\/{rel}","templated":true}]}}