{"id":42337,"date":"2024-05-08T08:38:53","date_gmt":"2024-05-08T11:38:53","guid":{"rendered":"https:\/\/www.ifbaiano.edu.br\/unidades\/itapetinga\/?page_id=42337"},"modified":"2025-01-24T14:48:40","modified_gmt":"2025-01-24T17:48:40","slug":"lato-sensu-humanidades","status":"publish","type":"page","link":"https:\/\/www.ifbaiano.edu.br\/unidades\/itapetinga\/cursos-lato-sensu\/lato-sensu-humanidades\/","title":{"rendered":"Humanidades: Ci\u00eancia, Educa\u00e7\u00e3o, Pol\u00edtica e Sociedade"},"content":{"rendered":"\n<p><strong>P\u00d3S-GRADUA\u00c7\u00c3O&nbsp;LATO SENSU EM HUMANIDADES: CI\u00caNCIA, EDUCA\u00c7\u00c3O, POLITICA E SOCIEDADE<\/strong><\/p>\n\n\n\n<p><em><strong>Qual o objetivo do curso?<\/strong><\/em><\/p>\n\n\n\n<p>O curso de especializa\u00e7\u00e3o em Humanidades: ci\u00eancia, educa\u00e7\u00e3o, pol\u00edtica e sociedade visa formar profissionais graduados nas \u00e1reas das humanidades ou a elas correlatas, que tenham interesse em aprimorar o conhecimento sobre quest\u00f5es concernentes \u00e0 ci\u00eancia, educa\u00e7\u00e3o, pol\u00edtica e sociedade para atuarem em seus ambientes profissionais com conhecimentos que lhes capacitem a identificar e intervir sobre a realidade social e local<\/p>\n\n\n\n<p><em><strong>Quem pode se inscrever?<\/strong><\/em><\/p>\n\n\n\n<p>\u00c9 destinado, sobretudo, aos candidatos do munic\u00edpio de Itapetinga e de toda a regi\u00e3o adjacente, que tenham conclu\u00eddo cursos superiores (Bacharelado, Licenciatura ou Curso Superior de Tecnologia) nas \u00e1reas das Ci\u00eancias Humanas, Artes, Filosofia, Educa\u00e7\u00e3o, Linguagem e Ci\u00eancias Sociais ou em \u00e1reas a elas correlatas, conforme an\u00e1lise da comiss\u00e3o de sele\u00e7\u00e3o.<\/p>\n\n\n\n<p><strong><em>Qual a carga hor\u00e1ria do curso?<\/em><\/strong><\/p>\n\n\n\n<p>420 horas<\/p>\n\n\n\n<p><em><strong>Quando s\u00e3o as aulas?<\/strong><\/em><\/p>\n\n\n\n<p>Geralmente quinzenais, \u00e0s sextas-feiras a noite e aos s\u00e1bados;<\/p>\n\n\n\n<p><em><strong>Onde posso obter mais informa\u00e7\u00f5es<\/strong>?<\/em><\/p>\n\n\n\n<p>pos.hceps@itapetinga.ifbaiano.edu.br<\/p>\n\n\n\n<figure class=\"wp-block-image size-full\"><a href=\"https:\/\/www.ifbaiano.edu.br\/unidades\/itapetinga\/files\/2024\/05\/image.png\"><img decoding=\"async\" loading=\"lazy\" width=\"693\" height=\"519\" src=\"https:\/\/www.ifbaiano.edu.br\/unidades\/itapetinga\/files\/2024\/05\/image.png\" alt=\"\" class=\"wp-image-42346\" \/><\/a><\/figure>\n\n\n\n<hr class=\"wp-block-separator has-alpha-channel-opacity\" \/>\n\n\n\n<p class=\"has-small-font-size\">Editais e Documentos:<\/p>\n\n\n\n<p><a href=\"https:\/\/www.ifbaiano.edu.br\/unidades\/itapetinga\/files\/2024\/05\/Informacoes-Pos-HCEPS.pdf\" data-type=\"URL\" data-id=\"https:\/\/www.ifbaiano.edu.br\/unidades\/itapetinga\/files\/2024\/05\/Informacoes-Pos-HCEPS.pdf\">Informa\u00e7\u00f5es<\/a><\/p>\n","protected":false},"excerpt":{"rendered":"<p>P\u00d3S-GRADUA\u00c7\u00c3O&nbsp;LATO SENSU EM HUMANIDADES: CI\u00caNCIA, EDUCA\u00c7\u00c3O, POLITICA E SOCIEDADE Qual o objetivo do curso? O curso de especializa\u00e7\u00e3o em Humanidades: ci\u00eancia, educa\u00e7\u00e3o, pol\u00edtica e sociedade visa formar profissionais graduados nas \u00e1reas das humanidades ou a elas correlatas, que tenham interesse em aprimorar o conhecimento sobre quest\u00f5es concernentes \u00e0 ci\u00eancia, educa\u00e7\u00e3o, pol\u00edtica e sociedade para atuarem [&hellip;]<\/p>\n","protected":false},"author":158,"featured_media":0,"parent":41966,"menu_order":0,"comment_status":"closed","ping_status":"closed","template":"","meta":[],"_links":{"self":[{"href":"https:\/\/www.ifbaiano.edu.br\/unidades\/itapetinga\/wp-json\/wp\/v2\/pages\/42337"}],"collection":[{"href":"https:\/\/www.ifbaiano.edu.br\/unidades\/itapetinga\/wp-json\/wp\/v2\/pages"}],"about":[{"href":"https:\/\/www.ifbaiano.edu.br\/unidades\/itapetinga\/wp-json\/wp\/v2\/types\/page"}],"author":[{"embeddable":true,"href":"https:\/\/www.ifbaiano.edu.br\/unidades\/itapetinga\/wp-json\/wp\/v2\/users\/158"}],"replies":[{"embeddable":true,"href":"https:\/\/www.ifbaiano.edu.br\/unidades\/itapetinga\/wp-json\/wp\/v2\/comments?post=42337"}],"version-history":[{"count":7,"href":"https:\/\/www.ifbaiano.edu.br\/unidades\/itapetinga\/wp-json\/wp\/v2\/pages\/42337\/revisions"}],"predecessor-version":[{"id":43878,"href":"https:\/\/www.ifbaiano.edu.br\/unidades\/itapetinga\/wp-json\/wp\/v2\/pages\/42337\/revisions\/43878"}],"up":[{"embeddable":true,"href":"https:\/\/www.ifbaiano.edu.br\/unidades\/itapetinga\/wp-json\/wp\/v2\/pages\/41966"}],"wp:attachment":[{"href":"https:\/\/www.ifbaiano.edu.br\/unidades\/itapetinga\/wp-json\/wp\/v2\/media?parent=42337"}],"curies":[{"name":"wp","href":"https:\/\/api.w.org\/{rel}","templated":true}]}}