{"id":42397,"date":"2024-07-24T08:46:09","date_gmt":"2024-07-24T11:46:09","guid":{"rendered":"https:\/\/www.ifbaiano.edu.br\/unidades\/itapetinga\/?page_id=42397"},"modified":"2025-05-08T10:29:50","modified_gmt":"2025-05-08T13:29:50","slug":"pregao-90002-2024","status":"publish","type":"page","link":"https:\/\/www.ifbaiano.edu.br\/unidades\/itapetinga\/licitacoes-compras\/pregoes-2024\/pregao-90002-2024\/","title":{"rendered":"Preg\u00e3o Eletr\u00f4nico SRP N\u00b0 n\u00b0 90.002\/2024"},"content":{"rendered":"\n<p><strong>Objeto<\/strong>: Contrata\u00e7\u00e3o de servi\u00e7o de vigil\u00e2ncia e seguran\u00e7a patrimonial armada.<\/p>\n\n\n\n<p><a href=\"https:\/\/www.ifbaiano.edu.br\/unidades\/itapetinga\/files\/2024\/08\/Termo-de-Homologacao-Grupo-2-Pregao-90.002.pdf\" data-type=\"URL\" data-id=\"https:\/\/www.ifbaiano.edu.br\/unidades\/itapetinga\/files\/2024\/08\/Termo-de-Homologacao-Grupo-2-Pregao-90.002.pdf\"><strong>Termo Homologa\u00e7\u00e3o Grupo 2<\/strong><\/a><\/p>\n\n\n\n<p><strong><a href=\"https:\/\/www.ifbaiano.edu.br\/unidades\/itapetinga\/files\/2024\/08\/Termo-de-Homologacao-Grupo-1-Pregao-90.002.pdf\" data-type=\"URL\" data-id=\"https:\/\/www.ifbaiano.edu.br\/unidades\/itapetinga\/files\/2024\/08\/Termo-de-Homologacao-Grupo-1-Pregao-90.002.pdf\">Termo Homologa\u00e7\u00e3o Grupo 1<\/a><\/strong><\/p>\n\n\n\n<p><strong><a href=\"https:\/\/www.ifbaiano.edu.br\/unidades\/itapetinga\/files\/2024\/08\/Ata-de-Registro-de-Precos-EXSEG-Seguranca-Pivada-Pregao-90.002.pdf\" data-type=\"URL\" data-id=\"https:\/\/www.ifbaiano.edu.br\/unidades\/itapetinga\/files\/2024\/08\/Ata-de-Registro-de-Precos-EXSEG-Seguranca-Pivada-Pregao-90.002.pdf\">ATA Registro Pre\u00e7os 6\/2024<\/a><\/strong><\/p>\n\n\n\n<p><strong><a href=\"https:\/\/www.ifbaiano.edu.br\/unidades\/itapetinga\/files\/2024\/08\/Ata-de-Registro-de-Precos-A.V.I.-Servicos-de-Seguranca-Pregao-90.002.pdf\" data-type=\"URL\" data-id=\"https:\/\/www.ifbaiano.edu.br\/unidades\/itapetinga\/files\/2024\/08\/Ata-de-Registro-de-Precos-A.V.I.-Servicos-de-Seguranca-Pregao-90.002.pdf\">ATA Registro Pre\u00e7os 5\/2024<\/a><\/strong><\/p>\n\n\n\n<p><strong><a href=\"https:\/\/www.ifbaiano.edu.br\/unidades\/itapetinga\/files\/2024\/08\/Anexo-I-Termo-de-Referencia-Pregao-90.002.pdf\" data-type=\"URL\" data-id=\"https:\/\/www.ifbaiano.edu.br\/unidades\/itapetinga\/files\/2024\/08\/Anexo-I-Termo-de-Referencia-Pregao-90.002.pdf\">Anexo I &#8211; Termo Refer\u00eancia Retificado<\/a><\/strong><\/p>\n\n\n\n<p><strong><a href=\"https:\/\/www.ifbaiano.edu.br\/unidades\/itapetinga\/files\/2024\/08\/Edital-Pregao-90.002.pdf\" data-type=\"URL\" data-id=\"https:\/\/www.ifbaiano.edu.br\/unidades\/itapetinga\/files\/2024\/08\/Edital-Pregao-90.002.pdf\">Edital Retificado<\/a><\/strong><\/p>\n\n\n\n<p><strong><a href=\"https:\/\/www.ifbaiano.edu.br\/unidades\/itapetinga\/files\/2024\/07\/Anexo-I-Termo-de-referencia-14-2024.pdf\" data-type=\"URL\" data-id=\"https:\/\/www.ifbaiano.edu.br\/unidades\/itapetinga\/files\/2024\/07\/Anexo-I-Termo-de-referencia-14-2024.pdf\">Anexo I &#8211; Termo Refer\u00eancia<\/a><\/strong><\/p>\n\n\n\n<p><strong><a href=\"https:\/\/www.ifbaiano.edu.br\/unidades\/itapetinga\/files\/2024\/07\/Edital-n%C2%B004-2024-Pregao-Eletronico.pdf\" data-type=\"URL\" data-id=\"https:\/\/www.ifbaiano.edu.br\/unidades\/itapetinga\/files\/2024\/07\/Edital-n%C2%B004-2024-Pregao-Eletronico.pdf\">Edital<\/a><\/strong><\/p>\n","protected":false},"excerpt":{"rendered":"<p>Objeto: Contrata\u00e7\u00e3o de servi\u00e7o de vigil\u00e2ncia e seguran\u00e7a patrimonial armada. Termo Homologa\u00e7\u00e3o Grupo 2 Termo Homologa\u00e7\u00e3o Grupo 1 ATA Registro Pre\u00e7os 6\/2024 ATA Registro Pre\u00e7os 5\/2024 Anexo I &#8211; Termo Refer\u00eancia Retificado Edital Retificado Anexo I &#8211; Termo Refer\u00eancia Edital<\/p>\n","protected":false},"author":158,"featured_media":0,"parent":41564,"menu_order":0,"comment_status":"closed","ping_status":"closed","template":"","meta":[],"_links":{"self":[{"href":"https:\/\/www.ifbaiano.edu.br\/unidades\/itapetinga\/wp-json\/wp\/v2\/pages\/42397"}],"collection":[{"href":"https:\/\/www.ifbaiano.edu.br\/unidades\/itapetinga\/wp-json\/wp\/v2\/pages"}],"about":[{"href":"https:\/\/www.ifbaiano.edu.br\/unidades\/itapetinga\/wp-json\/wp\/v2\/types\/page"}],"author":[{"embeddable":true,"href":"https:\/\/www.ifbaiano.edu.br\/unidades\/itapetinga\/wp-json\/wp\/v2\/users\/158"}],"replies":[{"embeddable":true,"href":"https:\/\/www.ifbaiano.edu.br\/unidades\/itapetinga\/wp-json\/wp\/v2\/comments?post=42397"}],"version-history":[{"count":3,"href":"https:\/\/www.ifbaiano.edu.br\/unidades\/itapetinga\/wp-json\/wp\/v2\/pages\/42397\/revisions"}],"predecessor-version":[{"id":42737,"href":"https:\/\/www.ifbaiano.edu.br\/unidades\/itapetinga\/wp-json\/wp\/v2\/pages\/42397\/revisions\/42737"}],"up":[{"embeddable":true,"href":"https:\/\/www.ifbaiano.edu.br\/unidades\/itapetinga\/wp-json\/wp\/v2\/pages\/41564"}],"wp:attachment":[{"href":"https:\/\/www.ifbaiano.edu.br\/unidades\/itapetinga\/wp-json\/wp\/v2\/media?parent=42397"}],"curies":[{"name":"wp","href":"https:\/\/api.w.org\/{rel}","templated":true}]}}