{"id":42409,"date":"2024-07-24T10:15:52","date_gmt":"2024-07-24T13:15:52","guid":{"rendered":"https:\/\/www.ifbaiano.edu.br\/unidades\/itapetinga\/?page_id=42409"},"modified":"2025-05-08T10:30:01","modified_gmt":"2025-05-08T13:30:01","slug":"pregao-90001-2024","status":"publish","type":"page","link":"https:\/\/www.ifbaiano.edu.br\/unidades\/itapetinga\/licitacoes-compras\/pregoes-2024\/pregao-90001-2024\/","title":{"rendered":"Preg\u00e3o Eletr\u00f4nico SRP N\u00b0 n\u00b0 90.001\/2024"},"content":{"rendered":"\n<p><strong>Objeto<\/strong>: Aquisi\u00e7\u00e3o de g\u00eaneros aliment\u00edcios para atender a demanda do IF Baiano, Campus Itapetinga.<\/p>\n\n\n\n<p><strong><a href=\"https:\/\/www.ifbaiano.edu.br\/unidades\/itapetinga\/files\/2024\/07\/Termo-de-Homologacao-Pregao-n%C2%B09.001-2004.pdf\" data-type=\"URL\" data-id=\"https:\/\/www.ifbaiano.edu.br\/unidades\/itapetinga\/files\/2024\/07\/Termo-de-Homologacao-Pregao-n%C2%B09.001-2004.pdf\">Termo de Homologa\u00e7\u00e3o<\/a><\/strong><\/p>\n\n\n\n<p><strong><a href=\"https:\/\/www.ifbaiano.edu.br\/unidades\/itapetinga\/files\/2024\/07\/Anexo-I-Termo-de-Referencia-08-2024.pdf\" data-type=\"URL\" data-id=\"https:\/\/www.ifbaiano.edu.br\/unidades\/itapetinga\/files\/2024\/07\/Anexo-I-Termo-de-Referencia-08-2024.pdf\">Anexo I &#8211; Termo de Refer\u00eancia<\/a><\/strong><\/p>\n\n\n\n<p><strong><a href=\"https:\/\/www.ifbaiano.edu.br\/unidades\/itapetinga\/files\/2024\/07\/Edital-Pregao-Eletronico-n%C2%B090.001-2024.pdf\" data-type=\"URL\" data-id=\"https:\/\/www.ifbaiano.edu.br\/unidades\/itapetinga\/files\/2024\/07\/Edital-Pregao-Eletronico-n%C2%B090.001-2024.pdf\">Edital<\/a><\/strong><\/p>\n","protected":false},"excerpt":{"rendered":"<p>Objeto: Aquisi\u00e7\u00e3o de g\u00eaneros aliment\u00edcios para atender a demanda do IF Baiano, Campus Itapetinga. Termo de Homologa\u00e7\u00e3o Anexo I &#8211; Termo de Refer\u00eancia Edital<\/p>\n","protected":false},"author":158,"featured_media":0,"parent":41564,"menu_order":0,"comment_status":"closed","ping_status":"closed","template":"","meta":[],"_links":{"self":[{"href":"https:\/\/www.ifbaiano.edu.br\/unidades\/itapetinga\/wp-json\/wp\/v2\/pages\/42409"}],"collection":[{"href":"https:\/\/www.ifbaiano.edu.br\/unidades\/itapetinga\/wp-json\/wp\/v2\/pages"}],"about":[{"href":"https:\/\/www.ifbaiano.edu.br\/unidades\/itapetinga\/wp-json\/wp\/v2\/types\/page"}],"author":[{"embeddable":true,"href":"https:\/\/www.ifbaiano.edu.br\/unidades\/itapetinga\/wp-json\/wp\/v2\/users\/158"}],"replies":[{"embeddable":true,"href":"https:\/\/www.ifbaiano.edu.br\/unidades\/itapetinga\/wp-json\/wp\/v2\/comments?post=42409"}],"version-history":[{"count":1,"href":"https:\/\/www.ifbaiano.edu.br\/unidades\/itapetinga\/wp-json\/wp\/v2\/pages\/42409\/revisions"}],"predecessor-version":[{"id":42411,"href":"https:\/\/www.ifbaiano.edu.br\/unidades\/itapetinga\/wp-json\/wp\/v2\/pages\/42409\/revisions\/42411"}],"up":[{"embeddable":true,"href":"https:\/\/www.ifbaiano.edu.br\/unidades\/itapetinga\/wp-json\/wp\/v2\/pages\/41564"}],"wp:attachment":[{"href":"https:\/\/www.ifbaiano.edu.br\/unidades\/itapetinga\/wp-json\/wp\/v2\/media?parent=42409"}],"curies":[{"name":"wp","href":"https:\/\/api.w.org\/{rel}","templated":true}]}}