{"id":42432,"date":"2024-07-31T08:38:50","date_gmt":"2024-07-31T11:38:50","guid":{"rendered":"https:\/\/www.ifbaiano.edu.br\/unidades\/itapetinga\/?page_id=42432"},"modified":"2024-07-31T08:46:52","modified_gmt":"2024-07-31T11:46:52","slug":"vagas-remanescentes-2024","status":"publish","type":"page","link":"https:\/\/www.ifbaiano.edu.br\/unidades\/itapetinga\/vagas-remanescentes-2024\/","title":{"rendered":"VAGAS REMANESCENTES 2024"},"content":{"rendered":"\n<hr class=\"wp-block-separator has-alpha-channel-opacity\" \/>\n\n\n\n<p><a href=\"https:\/\/www.ifbaiano.edu.br\/unidades\/itapetinga\/selecao-de-candidatosas-para-preenchimento-de-vagas-remanescentes-nos-cursos-de-graduacao-do-if-baiano-campus-itapetinga\/\" data-type=\"URL\" data-id=\"https:\/\/www.ifbaiano.edu.br\/unidades\/itapetinga\/selecao-de-candidatosas-para-preenchimento-de-vagas-remanescentes-nos-cursos-de-graduacao-do-if-baiano-campus-itapetinga\/\">Bacharelado em Sistemas de Informa\u00e7\u00e3o \/ Gradua\u00e7\u00e3o em Educa\u00e7\u00e3o F\u00edsica \/ Licenciatura em Letras: Libras<\/a><\/p>\n\n\n\n<p class=\"has-small-font-size\">EDITAL N\u00ba 10, de 31 de julho de 2024<\/p>\n","protected":false},"excerpt":{"rendered":"<p>Bacharelado em Sistemas de Informa\u00e7\u00e3o \/ Gradua\u00e7\u00e3o em Educa\u00e7\u00e3o F\u00edsica \/ Licenciatura em Letras: Libras EDITAL N\u00ba 10, de 31 de julho de 2024<\/p>\n","protected":false},"author":158,"featured_media":0,"parent":0,"menu_order":0,"comment_status":"closed","ping_status":"closed","template":"","meta":[],"_links":{"self":[{"href":"https:\/\/www.ifbaiano.edu.br\/unidades\/itapetinga\/wp-json\/wp\/v2\/pages\/42432"}],"collection":[{"href":"https:\/\/www.ifbaiano.edu.br\/unidades\/itapetinga\/wp-json\/wp\/v2\/pages"}],"about":[{"href":"https:\/\/www.ifbaiano.edu.br\/unidades\/itapetinga\/wp-json\/wp\/v2\/types\/page"}],"author":[{"embeddable":true,"href":"https:\/\/www.ifbaiano.edu.br\/unidades\/itapetinga\/wp-json\/wp\/v2\/users\/158"}],"replies":[{"embeddable":true,"href":"https:\/\/www.ifbaiano.edu.br\/unidades\/itapetinga\/wp-json\/wp\/v2\/comments?post=42432"}],"version-history":[{"count":4,"href":"https:\/\/www.ifbaiano.edu.br\/unidades\/itapetinga\/wp-json\/wp\/v2\/pages\/42432\/revisions"}],"predecessor-version":[{"id":42444,"href":"https:\/\/www.ifbaiano.edu.br\/unidades\/itapetinga\/wp-json\/wp\/v2\/pages\/42432\/revisions\/42444"}],"wp:attachment":[{"href":"https:\/\/www.ifbaiano.edu.br\/unidades\/itapetinga\/wp-json\/wp\/v2\/media?parent=42432"}],"curies":[{"name":"wp","href":"https:\/\/api.w.org\/{rel}","templated":true}]}}