{"id":42742,"date":"2024-08-29T13:48:29","date_gmt":"2024-08-29T16:48:29","guid":{"rendered":"https:\/\/www.ifbaiano.edu.br\/unidades\/itapetinga\/?page_id=42742"},"modified":"2025-01-24T14:18:16","modified_gmt":"2025-01-24T17:18:16","slug":"eventos2024","status":"publish","type":"page","link":"https:\/\/www.ifbaiano.edu.br\/unidades\/itapetinga\/calendario-de-eventos\/eventos2024\/","title":{"rendered":"Calend\u00e1rio de Eventos &#8211; 2024"},"content":{"rendered":"\n<p><\/p>\n\n\n\n<hr class=\"wp-block-separator has-alpha-channel-opacity\" \/>\n\n\n\n<p class=\"has-text-color has-background has-medium-font-size\" style=\"color:#06613f;background-color:#d2d2d7\"><strong>Agosto<\/strong><\/p>\n\n\n\n<figure class=\"wp-block-table\"><table><tbody><tr><td class=\"has-text-align-center\" data-align=\"center\"><strong>Per\u00edodo<\/strong><\/td><td class=\"has-text-align-center\" data-align=\"center\"><strong>Evento<\/strong><\/td><td class=\"has-text-align-center\" data-align=\"center\"><strong>Local<\/strong><\/td><td class=\"has-text-align-center\" data-align=\"center\"><strong>Respons\u00e1vel<\/strong><\/td><\/tr><tr><td class=\"has-text-align-center\" data-align=\"center\">21 e 22\/08<\/td><td class=\"has-text-align-center\" data-align=\"center\">Mostra de agricultura<\/td><td class=\"has-text-align-center\" data-align=\"center\">Campus Itapetinga<\/td><td class=\"has-text-align-center\" data-align=\"center\">\u00c1rea de agronomia<\/td><\/tr><tr><td class=\"has-text-align-center\" data-align=\"center\">31\/08&nbsp;<\/td><td class=\"has-text-align-center\" data-align=\"center\">FAMIF \u2013 Edi\u00e7\u00e3o Itapetinga&nbsp;<\/td><td class=\"has-text-align-center\" data-align=\"center\">Audit\u00f3rio do Col\u00e9gio Modelo&nbsp;<\/td><td class=\"has-text-align-center\" data-align=\"center\">Comiss\u00e3o FAMIF \u2013 Presidente Prof. Tiago<\/td><\/tr><\/tbody><\/table><\/figure>\n\n\n\n<hr class=\"wp-block-separator has-alpha-channel-opacity\" \/>\n\n\n\n<p class=\"has-text-color has-background has-medium-font-size\" style=\"color:#06613f;background-color:#d2d2d7\"><strong>Setembro<\/strong><\/p>\n\n\n\n<figure class=\"wp-block-table\"><table><tbody><tr><td class=\"has-text-align-center\" data-align=\"center\"><strong>Per\u00edodo<\/strong><\/td><td class=\"has-text-align-center\" data-align=\"center\"><strong>Evento<\/strong><\/td><td class=\"has-text-align-center\" data-align=\"center\"><strong>Local<\/strong><\/td><td class=\"has-text-align-center\" data-align=\"center\"><strong>Respons\u00e1vel<\/strong><\/td><\/tr><tr><td class=\"has-text-align-center\" data-align=\"center\">05\/09&nbsp;<\/td><td class=\"has-text-align-center\" data-align=\"center\">Reuni\u00e3o da Gest\u00e3o com as lideran\u00e7as estudantis<\/td><td class=\"has-text-align-center\" data-align=\"center\">Audit\u00f3rio do campus&nbsp;<\/td><td class=\"has-text-align-center\" data-align=\"center\">DG&nbsp;<\/td><\/tr><\/tbody><\/table><\/figure>\n\n\n\n<hr class=\"wp-block-separator has-alpha-channel-opacity\" \/>\n\n\n\n<p class=\"has-text-color has-background has-medium-font-size\" style=\"color:#06613f;background-color:#d2d2d7\"><strong>Outubro<\/strong><\/p>\n\n\n\n<figure class=\"wp-block-table\"><table><tbody><tr><td class=\"has-text-align-center\" data-align=\"center\"><strong>Per\u00edodo<\/strong><\/td><td class=\"has-text-align-center\" data-align=\"center\"><strong>Evento<\/strong><\/td><td class=\"has-text-align-center\" data-align=\"center\"><strong>Local<\/strong><\/td><td class=\"has-text-align-center\" data-align=\"center\"><strong>Respons\u00e1vel<\/strong><\/td><\/tr><tr><td class=\"has-text-align-center\" data-align=\"center\">01\/10<\/td><td class=\"has-text-align-center\" data-align=\"center\">Aula Inaugural dos Cursos Superiores Licenciatura em Libras, Bacharelado em Sistemas de Informa\u00e7\u00e3o e Educa\u00e7\u00e3o F\u00edsica (Licenciatura e Bacharelado)<\/td><td class=\"has-text-align-center\" data-align=\"center\">IF Baiano Campus Itapetinga&nbsp;<\/td><td class=\"has-text-align-center\" data-align=\"center\">Diretoria Acad\u00eamica<\/td><\/tr><tr><td class=\"has-text-align-center\" data-align=\"center\">07 a 09\/10&nbsp;<\/td><td class=\"has-text-align-center\" data-align=\"center\">Capacita\u00e7\u00e3o de Gestores&nbsp;<\/td><td class=\"has-text-align-center\" data-align=\"center\">Reitoria&nbsp;<\/td><td class=\"has-text-align-center\" data-align=\"center\">DGP&nbsp;<\/td><\/tr><tr><td class=\"has-text-align-center\" data-align=\"center\">15 a 17\/10&nbsp;<\/td><td class=\"has-text-align-center\" data-align=\"center\">FAMIF e Congresso de Ensino, Pesquisa e Extens\u00e3o do IF Baiano&nbsp;<\/td><td class=\"has-text-align-center\" data-align=\"center\">Campus Senhor do Bonfim<\/td><td class=\"has-text-align-center\" data-align=\"center\">Comiss\u00f5es&nbsp;<\/td><\/tr><tr><td class=\"has-text-align-center\" data-align=\"center\">21 a 24\/10&nbsp;<\/td><td class=\"has-text-align-center\" data-align=\"center\">REDITEC&nbsp;<\/td><td class=\"has-text-align-center\" data-align=\"center\">Caldas Novas&nbsp;<\/td><td class=\"has-text-align-center\" data-align=\"center\">Comiss\u00f5es&nbsp;<\/td><\/tr><tr><td class=\"has-text-align-center\" data-align=\"center\">30\/10 a 01\/11<\/td><td class=\"has-text-align-center\" data-align=\"center\">Conselho de Entidades<br>de Base (CEB) &#8211;<br>Estudantes<\/td><td class=\"has-text-align-center\" data-align=\"center\">Campus Catu<\/td><td class=\"has-text-align-center\" data-align=\"center\">DCE e Uni\u00e3o dos<br>Gr\u00eamios<\/td><\/tr><\/tbody><\/table><\/figure>\n\n\n\n<hr class=\"wp-block-separator has-alpha-channel-opacity\" \/>\n\n\n\n<p class=\"has-text-color has-background has-medium-font-size\" style=\"color:#06613f;background-color:#d2d2d7\"><strong>Novembro<\/strong><\/p>\n\n\n\n<figure class=\"wp-block-table\"><table><tbody><tr><td class=\"has-text-align-center\" data-align=\"center\"><strong>Per\u00edodo<\/strong><\/td><td class=\"has-text-align-center\" data-align=\"center\"><strong>Evento<\/strong><\/td><td class=\"has-text-align-center\" data-align=\"center\"><strong>Local<\/strong><\/td><td class=\"has-text-align-center\" data-align=\"center\"><strong>Respons\u00e1vel<\/strong><\/td><\/tr><tr><td class=\"has-text-align-center\" data-align=\"center\">05 a 07\/11&nbsp;<\/td><td class=\"has-text-align-center\" data-align=\"center\">III Encontro dos Servidores do IF Baiano<\/td><td class=\"has-text-align-center\" data-align=\"center\">IF Baiano Campus Itapetinga&nbsp;<\/td><td class=\"has-text-align-center\" data-align=\"center\">Comiss\u00e3o \u2013 Presidente Prof. Adriana Vit\u00f3ria&nbsp;<\/td><\/tr><\/tbody><\/table><\/figure>\n\n\n\n<hr class=\"wp-block-separator has-alpha-channel-opacity\" \/>\n\n\n\n<p class=\"has-text-color has-background has-medium-font-size\" style=\"color:#06613f;background-color:#d2d2d7\"><strong>Dezembro<\/strong><\/p>\n\n\n\n<figure class=\"wp-block-table\"><table><tbody><tr><td class=\"has-text-align-center\" data-align=\"center\"><strong>Per\u00edodo<\/strong><\/td><td class=\"has-text-align-center\" data-align=\"center\"><strong>Evento<\/strong><\/td><td class=\"has-text-align-center\" data-align=\"center\"><strong>Local<\/strong><\/td><td class=\"has-text-align-center\" data-align=\"center\"><strong>Respons\u00e1vel<\/strong><\/td><\/tr><tr><td class=\"has-text-align-center\" data-align=\"center\">02 a 07\/12<\/td><td class=\"has-text-align-center\" data-align=\"center\">JEIF&nbsp;<\/td><td class=\"has-text-align-center\" data-align=\"center\">Campus Alagoinhas<\/td><td class=\"has-text-align-center\" data-align=\"center\">Comiss\u00e3o JEIF<\/td><\/tr><tr><td class=\"has-text-align-center\" data-align=\"center\">09\/12<\/td><td class=\"has-text-align-center\" data-align=\"center\">Certifica\u00e7\u00e3o T\u00e9cnica<\/td><td class=\"has-text-align-center\" data-align=\"center\">Campus Itapetinga<\/td><td class=\"has-text-align-center\" data-align=\"center\">Secretaria de<br>Registros<br>Acad\u00eamicos<\/td><\/tr><tr><td class=\"has-text-align-center\" data-align=\"center\">16 e 17\/12<\/td><td class=\"has-text-align-center\" data-align=\"center\">CODIR<\/td><td class=\"has-text-align-center\" data-align=\"center\">Reitoria \u2013 M\u00f3dulo Jo\u00e3o<br>Batista<\/td><td class=\"has-text-align-center\" data-align=\"center\">Reitoria<\/td><\/tr><tr><td class=\"has-text-align-center\" data-align=\"center\">18\/12<\/td><td class=\"has-text-align-center\" data-align=\"center\">Posse do Novos<br>Professores<\/td><td class=\"has-text-align-center\" data-align=\"center\">Reitoria \u2013 M\u00f3dulo Jo\u00e3o<br>Batista<\/td><td class=\"has-text-align-center\" data-align=\"center\">DGP\/Reitoria<\/td><\/tr><\/tbody><\/table><\/figure>\n","protected":false},"excerpt":{"rendered":"<p>Agosto Per\u00edodo Evento Local Respons\u00e1vel 21 e 22\/08 Mostra de agricultura Campus Itapetinga \u00c1rea de agronomia 31\/08&nbsp; FAMIF \u2013 Edi\u00e7\u00e3o Itapetinga&nbsp; Audit\u00f3rio do Col\u00e9gio Modelo&nbsp; Comiss\u00e3o FAMIF \u2013 Presidente Prof. Tiago Setembro Per\u00edodo Evento Local Respons\u00e1vel 05\/09&nbsp; Reuni\u00e3o da Gest\u00e3o com as lideran\u00e7as estudantis Audit\u00f3rio do campus&nbsp; DG&nbsp; Outubro Per\u00edodo Evento Local Respons\u00e1vel 01\/10 Aula [&hellip;]<\/p>\n","protected":false},"author":158,"featured_media":0,"parent":42745,"menu_order":0,"comment_status":"closed","ping_status":"closed","template":"","meta":[],"_links":{"self":[{"href":"https:\/\/www.ifbaiano.edu.br\/unidades\/itapetinga\/wp-json\/wp\/v2\/pages\/42742"}],"collection":[{"href":"https:\/\/www.ifbaiano.edu.br\/unidades\/itapetinga\/wp-json\/wp\/v2\/pages"}],"about":[{"href":"https:\/\/www.ifbaiano.edu.br\/unidades\/itapetinga\/wp-json\/wp\/v2\/types\/page"}],"author":[{"embeddable":true,"href":"https:\/\/www.ifbaiano.edu.br\/unidades\/itapetinga\/wp-json\/wp\/v2\/users\/158"}],"replies":[{"embeddable":true,"href":"https:\/\/www.ifbaiano.edu.br\/unidades\/itapetinga\/wp-json\/wp\/v2\/comments?post=42742"}],"version-history":[{"count":13,"href":"https:\/\/www.ifbaiano.edu.br\/unidades\/itapetinga\/wp-json\/wp\/v2\/pages\/42742\/revisions"}],"predecessor-version":[{"id":43872,"href":"https:\/\/www.ifbaiano.edu.br\/unidades\/itapetinga\/wp-json\/wp\/v2\/pages\/42742\/revisions\/43872"}],"up":[{"embeddable":true,"href":"https:\/\/www.ifbaiano.edu.br\/unidades\/itapetinga\/wp-json\/wp\/v2\/pages\/42745"}],"wp:attachment":[{"href":"https:\/\/www.ifbaiano.edu.br\/unidades\/itapetinga\/wp-json\/wp\/v2\/media?parent=42742"}],"curies":[{"name":"wp","href":"https:\/\/api.w.org\/{rel}","templated":true}]}}