{"id":42745,"date":"2024-08-29T13:49:24","date_gmt":"2024-08-29T16:49:24","guid":{"rendered":"https:\/\/www.ifbaiano.edu.br\/unidades\/itapetinga\/?page_id=42745"},"modified":"2025-05-27T10:46:07","modified_gmt":"2025-05-27T13:46:07","slug":"calendario-de-eventos","status":"publish","type":"page","link":"https:\/\/www.ifbaiano.edu.br\/unidades\/itapetinga\/calendario-de-eventos\/","title":{"rendered":"Calend\u00e1rio de Eventos"},"content":{"rendered":"\n<p>Estande do IF Baiano na 53\u00aa Exposi\u00e7\u00e3o Agropecu\u00e1ria de Itapetinga<\/p>\n\n\n\n<p>V RENEABI, 27 a 29 de maio de 2025<\/p>\n","protected":false},"excerpt":{"rendered":"<p>Estande do IF Baiano na 53\u00aa Exposi\u00e7\u00e3o Agropecu\u00e1ria de Itapetinga V RENEABI, 27 a 29 de maio de 2025<\/p>\n","protected":false},"author":158,"featured_media":0,"parent":0,"menu_order":0,"comment_status":"closed","ping_status":"closed","template":"","meta":[],"_links":{"self":[{"href":"https:\/\/www.ifbaiano.edu.br\/unidades\/itapetinga\/wp-json\/wp\/v2\/pages\/42745"}],"collection":[{"href":"https:\/\/www.ifbaiano.edu.br\/unidades\/itapetinga\/wp-json\/wp\/v2\/pages"}],"about":[{"href":"https:\/\/www.ifbaiano.edu.br\/unidades\/itapetinga\/wp-json\/wp\/v2\/types\/page"}],"author":[{"embeddable":true,"href":"https:\/\/www.ifbaiano.edu.br\/unidades\/itapetinga\/wp-json\/wp\/v2\/users\/158"}],"replies":[{"embeddable":true,"href":"https:\/\/www.ifbaiano.edu.br\/unidades\/itapetinga\/wp-json\/wp\/v2\/comments?post=42745"}],"version-history":[{"count":2,"href":"https:\/\/www.ifbaiano.edu.br\/unidades\/itapetinga\/wp-json\/wp\/v2\/pages\/42745\/revisions"}],"predecessor-version":[{"id":44277,"href":"https:\/\/www.ifbaiano.edu.br\/unidades\/itapetinga\/wp-json\/wp\/v2\/pages\/42745\/revisions\/44277"}],"wp:attachment":[{"href":"https:\/\/www.ifbaiano.edu.br\/unidades\/itapetinga\/wp-json\/wp\/v2\/media?parent=42745"}],"curies":[{"name":"wp","href":"https:\/\/api.w.org\/{rel}","templated":true}]}}