{"id":43378,"date":"2024-09-26T09:17:15","date_gmt":"2024-09-26T12:17:15","guid":{"rendered":"https:\/\/www.ifbaiano.edu.br\/unidades\/itapetinga\/?page_id=43378"},"modified":"2025-02-04T09:47:52","modified_gmt":"2025-02-04T12:47:52","slug":"processo-seletivo-integrado-2025","status":"publish","type":"page","link":"https:\/\/www.ifbaiano.edu.br\/unidades\/itapetinga\/processo-seletivo-integrado-2025\/","title":{"rendered":"Publicado edital do processo de ingresso de estudantes nos cursos t\u00e9cnicos integrados ao ensino m\u00e9dio (Agroind\u00fastria, Agropecu\u00e1ria e Meio Ambiente)"},"content":{"rendered":"\n<div class=\"wp-block-columns is-layout-flex wp-container-4\">\n<div class=\"wp-block-column is-layout-flow\" style=\"flex-basis:66.66%\">\n<p class=\"has-text-color\" style=\"color:#008b58\"><strong>Apresenta\u00e7\u00e3o<\/strong><\/p>\n\n\n\n<p>O IF Baiano, campus Itapetinga, est\u00e1 com inscri\u00e7\u00f5es abertas para o processo de ingresso de estudantes, no ano de 2025, nos cursos da Educa\u00e7\u00e3o Profissional T\u00e9cnica de N\u00edvel M\u00e9dio, na forma integrada ao Ensino M\u00e9dio \u2013 Modalidade Presencial.<\/p>\n\n\n\n<p>Ao todo est\u00e3o sendo ofertadas 185 (cento e oitenta e cinco) vagas para alunos que j\u00e1 conclu\u00edram o ensino fundamental, ou que concluir\u00e3o esta etapa da educa\u00e7\u00e3o b\u00e1sica at\u00e9 a data da matr\u00edcula, prevista para acontecer de 22 a 24 de janeiro de 2025 (primeira chamada).<\/p>\n\n\n\n<p>Para participar do processo seletivo, o estudante deve ler cuidadosamente o edital, providenciar os documentos necess\u00e1rios e realizar sua inscri\u00e7\u00e3o \u2013 de 07 de outubro a 08 de novembro de 2024 \u2013 no formul\u00e1rio <em>on-line <\/em>(link para as inscri\u00e7\u00f5es).<\/p>\n\n\n\n<p>Durante a inscri\u00e7\u00e3o, o estudante deve indicar duas op\u00e7\u00f5es de curso (1\u00aa e 2\u00aa op\u00e7\u00e3o), bem como o tipo de vaga ao qual deseja concorrer: ampla concorr\u00eancia ou vagas reservadas \u00e0s a\u00e7\u00f5es afirmativas, pois o IF Baiano, <em>campus <\/em>Itapetinga, em cumprimento \u00e0 Lei N\u00ba 12.711, de 29 de agosto de 2012, complementada pela Lei 14.723\/2023 e suas regulamenta\u00e7\u00f5es, e ao seu Plano de Desenvolvimento Institucional, oferece vagas reservadas para estudantes de escolas p\u00fablicas, pessoas com defici\u00eancia, pretos, pardos, ind\u00edgenas e quilombolas. Essas vagas ser\u00e3o distribu\u00eddas conforme o <strong>Quadro 2<\/strong>, presente no edital.&nbsp;<\/p>\n\n\n\n<p>Candidatos(as) autodeclarados(as) pretos ou pardos dever\u00e3o participar do procedimento de verifica\u00e7\u00e3o da autodeclara\u00e7\u00e3o \u00e9tnico-racial, a ser realizado pela Banca de Verifica\u00e7\u00e3o da Autodeclara\u00e7\u00e3o \u00c9tnico-Racial, conforme cronograma presente no edital.<\/p>\n\n\n\n<p>O IF Baiano, <em>campus<\/em> Itapetinga, disponibiliza aos candidatos um ponto de apoio para a realiza\u00e7\u00e3o das inscri\u00e7\u00f5es, localizado nas depend\u00eancias do campus, a fim de auxiliar estudantes que n\u00e3o t\u00eam acesso \u00e0 internet, ou que apresentem dificuldades sobre o processo de inscri\u00e7\u00e3o. Esse ponto de apoio funcionar\u00e1 das 8 \u00e0s 12 h e das 14 \u00e0s 17 h, durante todo o per\u00edodo de inscri\u00e7\u00e3o previsto no edital (07 de outubro a 08 de novembro de 2024).<\/p>\n\n\n\n<p><strong>T\u00e9cnico em Agropecu\u00e1ria &#8211; 115 vagas<\/strong><\/p>\n\n\n\n<p><strong>T\u00e9cnico em Agroind\u00fastria &#8211; 35 vagas<\/strong><\/p>\n\n\n\n<p><strong>T\u00e9cnico em Meio Ambiente &#8211; 35 Vagas<\/strong><\/p>\n<\/div>\n\n\n\n<div class=\"wp-block-column is-layout-flow\" style=\"flex-basis:33.33%\">\n<p class=\"has-text-color\" style=\"color:#008b58\"><strong>Inscri\u00e7\u00f5es<\/strong><\/p>\n\n\n\n<p>Inscri\u00e7\u00f5es:&nbsp;<strong>07\/10 a 08\/11\/2024<\/strong><\/p>\n\n\n\n<div class=\"wp-block-buttons is-horizontal is-content-justification-left is-layout-flex wp-container-2\">\n<div class=\"wp-block-button\"><a class=\"wp-block-button__link has-white-color has-vivid-green-cyan-background-color has-text-color has-background wp-element-button\"><strong><mark style=\"background-color:#00d084\" class=\"has-inline-color\">Inscri\u00e7\u00f5es Encerradas<\/mark><\/strong><\/a><\/div>\n<\/div>\n\n\n\n<p>Inscri\u00e7\u00e3o presencial no ponto de apoio do Campus: De&nbsp;<strong>07\/10 a 08\/11\/2024<\/strong>&nbsp;no IF Baiano, campus Itapenga, km 02, Clerol\u00e2ndia, Itapenga-BA. CEP: 45.700-000-000.<\/p>\n\n\n\n<p>Consulte o item 4 do edital<\/p>\n<\/div>\n<\/div>\n\n\n\n<p class=\"has-small-font-size\">Editais e Documentos:<\/p>\n\n\n\n<p><a href=\"https:\/\/www.ifbaiano.edu.br\/unidades\/itapetinga\/files\/2025\/02\/QUARTA_CHAMADA_PARA_MATRICULA_assinado-1.pdf\">4\u00aa Chamada Matr\u00edcula<\/a> <strong><mark style=\"background-color:#00d084\" class=\"has-inline-color has-white-color\">Novo<\/mark><\/strong><\/p>\n\n\n\n<p><a href=\"https:\/\/www.ifbaiano.edu.br\/unidades\/itapetinga\/files\/2025\/01\/TERCEIRA_CHAMADA_PARA_MATRICULA_assinado.pdf\">3\u00aa Chamada Matr\u00edcula<\/a><\/p>\n\n\n\n<p><a href=\"https:\/\/www.ifbaiano.edu.br\/unidades\/itapetinga\/files\/2025\/01\/Lista-Candidatos-Aprovados-Chamada-Regular.pdf\" data-type=\"URL\" data-id=\"https:\/\/www.ifbaiano.edu.br\/unidades\/itapetinga\/files\/2025\/01\/Lista-Candidatos-Aprovados-Chamada-Regular.pdf\">Lista Candidatos aprovados chamada Regular (SISU)<\/a><\/p>\n\n\n\n<p><a href=\"https:\/\/www.ifbaiano.edu.br\/unidades\/itapetinga\/files\/2025\/01\/SEGUNDA_CHAMADA_assinado.pdf\" data-type=\"URL\" data-id=\"https:\/\/www.ifbaiano.edu.br\/unidades\/itapetinga\/files\/2025\/01\/SEGUNDA_CHAMADA_assinado.pdf\">2\u00b0 Chamada Matr\u00edcula<\/a><\/p>\n\n\n\n<p><a href=\"https:\/\/www.ifbaiano.edu.br\/unidades\/itapetinga\/files\/2025\/01\/RESULTADO_FINAL_assinado.pdf\">Resultado Final<\/a><\/p>\n\n\n\n<p><a href=\"https:\/\/www.ifbaiano.edu.br\/unidades\/itapetinga\/files\/2025\/01\/ANALISE_DE_RECURSOS_CONTRA_REPUBLICACAO_DO_RESULTADO_PRELIMINAR_assinado.pdf\">An\u00e1lise dos Recursos Contra Republica\u00e7\u00e3o do Resultado Preliminar <\/a><\/p>\n\n\n\n<p><a href=\"https:\/\/www.ifbaiano.edu.br\/unidades\/itapetinga\/files\/2025\/01\/Edital-matricula-2025.pdf\" data-type=\"URL\" data-id=\"https:\/\/www.ifbaiano.edu.br\/unidades\/itapetinga\/files\/2025\/01\/Edital-matricula-2025.pdf\">Edital de Matr\u00edcula<\/a> <\/p>\n\n\n\n<p><a href=\"https:\/\/www.ifbaiano.edu.br\/unidades\/itapetinga\/files\/2024\/12\/ANALISE_DOS_RECURSOS_APRESENTADOS_CONTRA_O_RESULTADO_PRELIMINAR_assinado.pdf\" data-type=\"URL\" data-id=\"https:\/\/www.ifbaiano.edu.br\/unidades\/itapetinga\/files\/2024\/12\/ANALISE_DOS_RECURSOS_APRESENTADOS_CONTRA_O_RESULTADO_PRELIMINAR_assinado.pdf\">An\u00e1lise dos Recursos Interpostos contra o Resultado Preliminar <\/a><\/p>\n\n\n\n<p><a href=\"https:\/\/www.ifbaiano.edu.br\/unidades\/itapetinga\/files\/2024\/12\/ORIENTACOES_SOBRE_INTERPOSICAO_DE_RECURSOS_CONTRA_A_REPUBLICACAO_DO_RESULTADO_PRELIMINAR_assinado.pdf\" data-type=\"URL\" data-id=\"https:\/\/www.ifbaiano.edu.br\/unidades\/itapetinga\/files\/2024\/12\/ORIENTACOES_SOBRE_INTERPOSICAO_DE_RECURSOS_CONTRA_A_REPUBLICACAO_DO_RESULTADO_PRELIMINAR_assinado.pdf\">Orienta\u00e7\u00f5es sobre Interposi\u00e7\u00e3o de Recursos contra a Republica\u00e7\u00e3o do Resultado Preliminar<\/a><\/p>\n\n\n\n<p><a href=\"https:\/\/www.ifbaiano.edu.br\/unidades\/itapetinga\/files\/2024\/12\/NOTA_INFORMATIVA_SOBRE_REPUBLICACAO_DO_RESULTADO_PRELIMINAR_assinado.pdf\" data-type=\"URL\" data-id=\"https:\/\/www.ifbaiano.edu.br\/unidades\/itapetinga\/files\/2024\/12\/NOTA_INFORMATIVA_SOBRE_REPUBLICACAO_DO_RESULTADO_PRELIMINAR_assinado.pdf\">Nota Informativa sobre Republica\u00e7\u00e3o do Resultado Preliminar<\/a><\/p>\n\n\n\n<p><a href=\"https:\/\/www.ifbaiano.edu.br\/unidades\/itapetinga\/files\/2024\/12\/REPUBLICACAO_DO_RESULTADO_PRELIMINAR_assinado.pdf\" data-type=\"URL\" data-id=\"https:\/\/www.ifbaiano.edu.br\/unidades\/itapetinga\/files\/2024\/12\/REPUBLICACAO_DO_RESULTADO_PRELIMINAR_assinado.pdf\">Republica\u00e7\u00e3o do Resultado Preliminar<\/a><\/p>\n\n\n\n<p><a href=\"https:\/\/www.ifbaiano.edu.br\/unidades\/itapetinga\/files\/2024\/12\/Resultado-Preliminar-PROSEL-2025.pdf\" data-type=\"URL\" data-id=\"https:\/\/www.ifbaiano.edu.br\/unidades\/itapetinga\/files\/2024\/12\/Resultado-Preliminar-PROSEL-2025.pdf\">Resultado Preliminar<\/a><\/p>\n\n\n\n<p><a href=\"https:\/\/www.ifbaiano.edu.br\/unidades\/itapetinga\/files\/2024\/12\/Comunicado-sobre-resultado-Heteroidentificacao-PROSEL.pdf\" data-type=\"URL\" data-id=\"https:\/\/www.ifbaiano.edu.br\/unidades\/itapetinga\/files\/2024\/12\/Comunicado-sobre-resultado-Heteroidentificacao-PROSEL.pdf\">Comunicado Procedimento Heteroidentifica\u00e7\u00e3o<\/a><\/p>\n\n\n\n<p><a href=\"https:\/\/www.ifbaiano.edu.br\/unidades\/itapetinga\/files\/2024\/12\/Resultado-Preliminar-Banca-Heteroidentificacao.pdf\" data-type=\"URL\" data-id=\"https:\/\/www.ifbaiano.edu.br\/unidades\/itapetinga\/files\/2024\/12\/Resultado-Preliminar-Banca-Heteroidentificacao.pdf\">Resultado Preliminar Convoca\u00e7\u00e3o Banca Heteroidentifica\u00e7\u00e3o<\/a><\/p>\n\n\n\n<p><a href=\"https:\/\/www.ifbaiano.edu.br\/unidades\/itapetinga\/files\/2024\/12\/Curriculo-Banca-Heteroidentificacao-PROSEL-2025.pdf\" data-type=\"URL\" data-id=\"https:\/\/www.ifbaiano.edu.br\/unidades\/itapetinga\/files\/2024\/12\/Curriculo-Banca-Heteroidentificacao-PROSEL-2025.pdf\">Curr\u00edculo Membros Banca Heteroidentifica\u00e7\u00e3o<\/a><\/p>\n\n\n\n<p><a href=\"https:\/\/www.ifbaiano.edu.br\/unidades\/itapetinga\/files\/2024\/12\/Retificacao-da-convocacao-para-banca-de-heteroidentificacao-PROSEL-2025.pdf\" data-type=\"URL\" data-id=\"https:\/\/www.ifbaiano.edu.br\/unidades\/itapetinga\/files\/2024\/12\/Retificacao-da-convocacao-para-banca-de-heteroidentificacao-PROSEL-2025.pdf\">Retifica\u00e7\u00e3o Convoca\u00e7\u00e3o Banca Heteroidentifica\u00e7\u00e3o<\/a><\/p>\n\n\n\n<p><a href=\"https:\/\/www.ifbaiano.edu.br\/unidades\/itapetinga\/files\/2024\/11\/Convocacao-Banca-Heteroidentificacao-PROSEL-2025.pdf\" data-type=\"URL\" data-id=\"https:\/\/www.ifbaiano.edu.br\/unidades\/itapetinga\/files\/2024\/11\/Convocacao-Banca-Heteroidentificacao-PROSEL-2025.pdf\">Convoca\u00e7\u00e3o Banca Heteroidentifica\u00e7\u00e3o<\/a><\/p>\n\n\n\n<p><a href=\"https:\/\/www.ifbaiano.edu.br\/unidades\/itapetinga\/files\/2024\/11\/Lista-Final-de-Inscricoes-Homologadas-PROSEL-2025.pdf\" data-type=\"URL\" data-id=\"https:\/\/www.ifbaiano.edu.br\/unidades\/itapetinga\/files\/2024\/11\/Lista-Final-de-Inscricoes-Homologadas-PROSEL-2025.pdf\">Lista Final de Inscri\u00e7\u00f5es Homologadas<\/a><\/p>\n\n\n\n<p><a href=\"https:\/\/www.ifbaiano.edu.br\/unidades\/itapetinga\/files\/2024\/11\/Resultado-Preliminar-Inscricoes-Homologadas-CORRIGIDA-1.pdf\" data-type=\"URL\" data-id=\"https:\/\/www.ifbaiano.edu.br\/unidades\/itapetinga\/files\/2024\/11\/Resultado-Preliminar-Inscricoes-Homologadas-CORRIGIDA-1.pdf\">Resultado Preliminar das Inscri\u00e7\u00f5es Homologadas<\/a><\/p>\n\n\n\n<p><strong><a href=\"https:\/\/www.ifbaiano.edu.br\/unidades\/itapetinga\/files\/2024\/10\/Edital-15.2024-Retificado.pdf\" data-type=\"URL\" data-id=\"https:\/\/www.ifbaiano.edu.br\/unidades\/itapetinga\/files\/2024\/10\/Edital-15.2024-Retificado.pdf\">Edital Retificado<\/a><\/strong><\/p>\n\n\n\n<p><strong><a href=\"https:\/\/www.ifbaiano.edu.br\/unidades\/itapetinga\/files\/2024\/09\/Edital-No-15.2024-Processo-Seletivo-para-Ingresso-de-estudantes-nos-cursos-da-educacao-profissional-tecnica-de-nivel-medio-na-forma-integrada-ao-ensino-medio-para-o-ano-de-2024.pdf\" data-type=\"URL\" data-id=\"https:\/\/www.ifbaiano.edu.br\/unidades\/itapetinga\/files\/2024\/09\/Edital-No-15.2024-Processo-Seletivo-para-Ingresso-de-estudantes-nos-cursos-da-educacao-profissional-tecnica-de-nivel-medio-na-forma-integrada-ao-ensino-medio-para-o-ano-de-2024.pdf\">Edital<\/a><\/strong><\/p>\n\n\n\n<p><a href=\"https:\/\/www.ifbaiano.edu.br\/unidades\/itapetinga\/files\/2024\/10\/ANEXO-II_DECLARACAO-ESCOLAR-DE-ENSINO-FUNDAMENTAL.docx\" data-type=\"URL\" data-id=\"https:\/\/www.ifbaiano.edu.br\/unidades\/itapetinga\/files\/2024\/10\/ANEXO-II_DECLARACAO-ESCOLAR-DE-ENSINO-FUNDAMENTAL.docx\">Anexo II (Declara\u00e7\u00e3o Escolar de Ensino Fundamental)<\/a><\/p>\n\n\n\n<p><a href=\"https:\/\/www.ifbaiano.edu.br\/unidades\/itapetinga\/files\/2024\/10\/ANEXO-III_AUTODECLARACAO-DE-RENDA.docx\" data-type=\"URL\" data-id=\"https:\/\/www.ifbaiano.edu.br\/unidades\/itapetinga\/files\/2024\/10\/ANEXO-III_AUTODECLARACAO-DE-RENDA.docx\">Anexo III (Autodeclara\u00e7\u00e3o de renda)<\/a><\/p>\n\n\n\n<p><a href=\"https:\/\/www.ifbaiano.edu.br\/unidades\/itapetinga\/files\/2024\/10\/ANEXO-IV_FORMULARIO-PARA-RECURSO.docx\" data-type=\"URL\" data-id=\"https:\/\/www.ifbaiano.edu.br\/unidades\/itapetinga\/files\/2024\/10\/ANEXO-IV_FORMULARIO-PARA-RECURSO.docx\">Anexo IV (Formul\u00e1rio para Recurso)<\/a><\/p>\n\n\n\n<p><a href=\"https:\/\/www.ifbaiano.edu.br\/unidades\/itapetinga\/files\/2024\/10\/ANEXO-V_DECLARACAO-DE-RECONHECIMENTO-DE-PERTENCIMENTO-E-DE-VINCULO-COM-COMUNIDADE-QUILOMBOLA.docx\" data-type=\"URL\" data-id=\"https:\/\/www.ifbaiano.edu.br\/unidades\/itapetinga\/files\/2024\/10\/ANEXO-V_DECLARACAO-DE-RECONHECIMENTO-DE-PERTENCIMENTO-E-DE-VINCULO-COM-COMUNIDADE-QUILOMBOLA.docx\">Anexo V (Declara\u00e7\u00e3o Reconhecimento Quilombola)<\/a><\/p>\n\n\n\n<p><a href=\"https:\/\/www.ifbaiano.edu.br\/unidades\/itapetinga\/files\/2024\/10\/ANEXO-VI_FICHA-DE-MATRICULA.docx\" data-type=\"URL\" data-id=\"https:\/\/www.ifbaiano.edu.br\/unidades\/itapetinga\/files\/2024\/10\/ANEXO-VI_FICHA-DE-MATRICULA.docx\">Anexo VI (Ficha de Matr\u00edcula)<\/a><\/p>\n","protected":false},"excerpt":{"rendered":"<p>Apresenta\u00e7\u00e3o O IF Baiano, campus Itapetinga, est\u00e1 com inscri\u00e7\u00f5es abertas para o processo de ingresso de estudantes, no ano de 2025, nos cursos da Educa\u00e7\u00e3o Profissional T\u00e9cnica de N\u00edvel M\u00e9dio, na forma integrada ao Ensino M\u00e9dio \u2013 Modalidade Presencial. Ao todo est\u00e3o sendo ofertadas 185 (cento e oitenta e cinco) vagas para alunos que j\u00e1 [&hellip;]<\/p>\n","protected":false},"author":158,"featured_media":0,"parent":0,"menu_order":0,"comment_status":"closed","ping_status":"closed","template":"","meta":[],"_links":{"self":[{"href":"https:\/\/www.ifbaiano.edu.br\/unidades\/itapetinga\/wp-json\/wp\/v2\/pages\/43378"}],"collection":[{"href":"https:\/\/www.ifbaiano.edu.br\/unidades\/itapetinga\/wp-json\/wp\/v2\/pages"}],"about":[{"href":"https:\/\/www.ifbaiano.edu.br\/unidades\/itapetinga\/wp-json\/wp\/v2\/types\/page"}],"author":[{"embeddable":true,"href":"https:\/\/www.ifbaiano.edu.br\/unidades\/itapetinga\/wp-json\/wp\/v2\/users\/158"}],"replies":[{"embeddable":true,"href":"https:\/\/www.ifbaiano.edu.br\/unidades\/itapetinga\/wp-json\/wp\/v2\/comments?post=43378"}],"version-history":[{"count":27,"href":"https:\/\/www.ifbaiano.edu.br\/unidades\/itapetinga\/wp-json\/wp\/v2\/pages\/43378\/revisions"}],"predecessor-version":[{"id":43973,"href":"https:\/\/www.ifbaiano.edu.br\/unidades\/itapetinga\/wp-json\/wp\/v2\/pages\/43378\/revisions\/43973"}],"wp:attachment":[{"href":"https:\/\/www.ifbaiano.edu.br\/unidades\/itapetinga\/wp-json\/wp\/v2\/media?parent=43378"}],"curies":[{"name":"wp","href":"https:\/\/api.w.org\/{rel}","templated":true}]}}