{"id":43502,"date":"2024-10-08T08:32:39","date_gmt":"2024-10-08T11:32:39","guid":{"rendered":"https:\/\/www.ifbaiano.edu.br\/unidades\/itapetinga\/?page_id=43502"},"modified":"2025-05-16T10:28:17","modified_gmt":"2025-05-16T13:28:17","slug":"selecao-de-estagiarios-campus-itapetinga","status":"publish","type":"page","link":"https:\/\/www.ifbaiano.edu.br\/unidades\/itapetinga\/selecao-de-estagiarios-campus-itapetinga\/","title":{"rendered":"Sele\u00e7\u00e3o de Estagi\u00e1rios \u2013 Campus Itapetinga 2024"},"content":{"rendered":"\n<div class=\"wp-block-columns is-layout-flex wp-container-4\">\n<div class=\"wp-block-column is-layout-flow\">\n<p class=\"has-white-color has-vivid-green-cyan-background-color has-text-color has-background\" style=\"font-size:16px\"><strong>Apresenta\u00e7\u00e3o<\/strong><\/p>\n\n\n\n<p>O DIRETOR-GERAL DO INSTITUTO FEDERAL DE EDUCA\u00c7\u00c3O, CI\u00caNCIA E TECNOLOGIA BAIANO \u2013 CAMPUS ITAPETINGA, no uso das suas atribui\u00e7\u00f5es legais previstas, na Portaria n\u00ba 280 de 18 de mar\u00e7o de 2022, publicada no Di\u00e1rio Oficial da Uni\u00e3o de 21\/03\/2022, torna p\u00fablica a abertura de inscri\u00e7\u00f5es destinadas \u00e0 sele\u00e7\u00e3o de estagi\u00e1rios, para atuarem no IF Baiano \u2013 Campus Itapetinga, nos termos da Lei n.\u00ba 11.788, de 28 de setembro de 2008 e Instru\u00e7\u00e3o Normativa n.\u00ba 213, de 17 de dezembro de 2019. O presente edital disciplina os procedimentos da sele\u00e7\u00e3o de estagi\u00e1rios e estabelece suas regras e funcionamento.<\/p>\n<\/div>\n\n\n\n<div class=\"wp-block-column is-layout-flow\">\n<p class=\"has-white-color has-vivid-green-cyan-background-color has-text-color has-background\" style=\"font-size:16px\"><strong>Inscri\u00e7\u00f5es<\/strong><\/p>\n\n\n\n<p>Inscri\u00e7\u00f5es:&nbsp;<strong>10 a 24\/10\/2024<\/strong><\/p>\n\n\n\n<div class=\"wp-block-buttons is-layout-flex\">\n<div class=\"wp-block-button\"><a class=\"wp-block-button__link has-white-color has-vivid-green-cyan-background-color has-text-color has-background wp-element-button\" href=\"https:\/\/opinanovo.ifbaiano.edu.br\/index.php\/survey\/index\/sid\/498755\/newtest\/Y\/lang\/pt-BR\"><strong>Increva-se Aqui<\/strong><\/a><\/div>\n<\/div>\n\n\n\n<p>Consulte o item 4 do edital.<\/p>\n<\/div>\n<\/div>\n\n\n\n<p class=\"has-white-color has-vivid-green-cyan-background-color has-text-color has-background\">Editais e Documentos<\/p>\n\n\n\n<div class=\"wp-block-file\"><a id=\"wp-block-file--media-724f9775-ed81-4bb3-adb8-d16beba629a0\" href=\"https:\/\/www.ifbaiano.edu.br\/unidades\/itapetinga\/files\/2025\/05\/Homologacao-do-Resultado-Final.pdf\">Homologa\u00e7\u00e3o do Resultado Final<\/a><\/div>\n\n\n\n<p><a href=\"https:\/\/www.ifbaiano.edu.br\/unidades\/itapetinga\/files\/2024\/12\/Resultado-Final-Selecao-de-Estagiarios.pdf\" data-type=\"URL\" data-id=\"https:\/\/www.ifbaiano.edu.br\/unidades\/itapetinga\/files\/2024\/12\/Resultado-Final-Selecao-de-Estagiarios.pdf\">Resultado Final<\/a><\/p>\n\n\n\n<p><a href=\"https:\/\/www.ifbaiano.edu.br\/unidades\/itapetinga\/files\/2024\/12\/Resultado-preliminar-Selecao-Estagiario.pdf\" data-type=\"URL\" data-id=\"https:\/\/www.ifbaiano.edu.br\/unidades\/itapetinga\/files\/2024\/12\/Resultado-preliminar-Selecao-Estagiario.pdf\">Resultado Preliminar<\/a><\/p>\n\n\n\n<p><a href=\"https:\/\/www.ifbaiano.edu.br\/unidades\/itapetinga\/files\/2024\/12\/Resultado-Recurso-Heteroidentificacao-Selecao-Estagiario.pdf\" data-type=\"URL\" data-id=\"https:\/\/www.ifbaiano.edu.br\/unidades\/itapetinga\/files\/2024\/12\/Resultado-Recurso-Heteroidentificacao-Selecao-Estagiario.pdf\">Interposi\u00e7\u00e3o de Recurso contra o resultado preliminar Heteroidentifica\u00e7\u00e3o<\/a><\/p>\n\n\n\n<p><a href=\"https:\/\/www.ifbaiano.edu.br\/unidades\/itapetinga\/files\/2024\/11\/Resultado_Preliminar_Heteroidentificacao-Selecao-Estagiario.pdf\" data-type=\"URL\" data-id=\"https:\/\/www.ifbaiano.edu.br\/unidades\/itapetinga\/files\/2024\/11\/Resultado_Preliminar_Heteroidentificacao-Selecao-Estagiario.pdf\">Resultado Preliminar Procedimento de Heteroidentifica\u00e7\u00e3o<\/a><\/p>\n\n\n\n<p><a href=\"https:\/\/www.ifbaiano.edu.br\/unidades\/itapetinga\/files\/2024\/11\/CONVOCACAO_DOS_CANDIDATOS_29_PARA_BANCA_DE_HETEROIDENTIFICACAO_Selecao-Estagiarios.pdf\" data-type=\"URL\" data-id=\"https:\/\/www.ifbaiano.edu.br\/unidades\/itapetinga\/files\/2024\/11\/CONVOCACAO_DOS_CANDIDATOS_29_PARA_BANCA_DE_HETEROIDENTIFICACAO_Selecao-Estagiarios.pdf\">Convoca\u00e7\u00e3o Candidatos Banca Heteroidentifica\u00e7\u00e3o<\/a><\/p>\n\n\n\n<p><a href=\"https:\/\/www.ifbaiano.edu.br\/unidades\/itapetinga\/files\/2024\/11\/RESULTADO-INTERPOSICAO-DE-RECURSO-DAS-ENTREVISTAS-E-ANALISE-CURRICULAR.pdf\" data-type=\"URL\" data-id=\"https:\/\/www.ifbaiano.edu.br\/unidades\/itapetinga\/files\/2024\/11\/RESULTADO-INTERPOSICAO-DE-RECURSO-DAS-ENTREVISTAS-E-ANALISE-CURRICULAR.pdf\">Resultado Interposi\u00e7\u00e3o de recurso das entrevistas e an\u00e1lise curricular<\/a><\/p>\n\n\n\n<p><a href=\"https:\/\/www.ifbaiano.edu.br\/unidades\/itapetinga\/files\/2024\/11\/Retificacao-do-resultado-preliminar-das-entrevistas-e-analise-curricular.pdf\" data-type=\"URL\" data-id=\"https:\/\/www.ifbaiano.edu.br\/unidades\/itapetinga\/files\/2024\/11\/Retificacao-do-resultado-preliminar-das-entrevistas-e-analise-curricular.pdf\">Retifica\u00e7\u00e3o do Resultado Preliminar das Entrevistas e An\u00e1lise Curricular<\/a><\/p>\n\n\n\n<p><a href=\"https:\/\/www.ifbaiano.edu.br\/unidades\/itapetinga\/files\/2024\/11\/resultado-preliminar-Entrevistas-Selecao-Estagiarios.pdf\" data-type=\"URL\" data-id=\"https:\/\/www.ifbaiano.edu.br\/unidades\/itapetinga\/files\/2024\/11\/resultado-preliminar-Entrevistas-Selecao-Estagiarios.pdf\">Resultado Preliminar das Entrevistas e An\u00e1lise Curricular<\/a><\/p>\n\n\n\n<p><a href=\"https:\/\/www.ifbaiano.edu.br\/unidades\/itapetinga\/files\/2024\/11\/CONVOCACAO-PARA-ENTREVISTA-E-ANALISE-CURRICULAR2-1.pdf\" data-type=\"URL\" data-id=\"https:\/\/www.ifbaiano.edu.br\/unidades\/itapetinga\/files\/2024\/11\/CONVOCACAO-PARA-ENTREVISTA-E-ANALISE-CURRICULAR2-1.pdf\">Convoca\u00e7\u00e3o para entrevista e an\u00e1lise curricular<\/a> <\/p>\n\n\n\n<p><a href=\"https:\/\/www.ifbaiano.edu.br\/unidades\/itapetinga\/files\/2024\/11\/Homologacao-das-inscricoes-Selecao-Estagiario.pdf\" data-type=\"URL\" data-id=\"https:\/\/www.ifbaiano.edu.br\/unidades\/itapetinga\/files\/2024\/11\/Homologacao-das-inscricoes-Selecao-Estagiario.pdf\">Homologa\u00e7\u00e3o das Incri\u00e7\u00f5es<\/a><\/p>\n\n\n\n<p><a href=\"https:\/\/www.ifbaiano.edu.br\/unidades\/itapetinga\/files\/2024\/11\/RESULTADO-DA-INTERPOSICAO-DO-RECURSO-SELECAO-ESTAGIARIO.pdf\" data-type=\"URL\" data-id=\"https:\/\/www.ifbaiano.edu.br\/unidades\/itapetinga\/files\/2024\/11\/RESULTADO-DA-INTERPOSICAO-DO-RECURSO-SELECAO-ESTAGIARIO.pdf\">Resultado da Interposi\u00e7\u00e3o Recurso<\/a><\/p>\n\n\n\n<p><a href=\"https:\/\/www.ifbaiano.edu.br\/unidades\/itapetinga\/files\/2024\/11\/RESULTADO-PRELIMINAR-DAS-INSCRICOES-SELECAO-DE-ESTAGIARIOS.pdf\" data-type=\"URL\" data-id=\"https:\/\/www.ifbaiano.edu.br\/unidades\/itapetinga\/files\/2024\/11\/RESULTADO-PRELIMINAR-DAS-INSCRICOES-SELECAO-DE-ESTAGIARIOS.pdf\">Resultado Preliminar das Inscri\u00e7\u00f5es<\/a><\/p>\n\n\n\n<p><a href=\"https:\/\/www.ifbaiano.edu.br\/unidades\/itapetinga\/files\/2024\/11\/CRONOGRAMA-RETIFICADO-Selecao-Estagiarios.pdf\" data-type=\"URL\" data-id=\"https:\/\/www.ifbaiano.edu.br\/unidades\/itapetinga\/files\/2024\/11\/CRONOGRAMA-RETIFICADO-Selecao-Estagiarios.pdf\">Cronograma Retificado<\/a><\/p>\n\n\n\n<p><a href=\"https:\/\/www.ifbaiano.edu.br\/unidades\/itapetinga\/files\/2024\/10\/Edital-Selecao-Estagiarios.pdf\" data-type=\"URL\" data-id=\"https:\/\/www.ifbaiano.edu.br\/unidades\/itapetinga\/files\/2024\/10\/Edital-Selecao-Estagiarios.pdf\">Edital N\u00b016<\/a><\/p>\n","protected":false},"excerpt":{"rendered":"<p>Apresenta\u00e7\u00e3o O DIRETOR-GERAL DO INSTITUTO FEDERAL DE EDUCA\u00c7\u00c3O, CI\u00caNCIA E TECNOLOGIA BAIANO \u2013 CAMPUS ITAPETINGA, no uso das suas atribui\u00e7\u00f5es legais previstas, na Portaria n\u00ba 280 de 18 de mar\u00e7o de 2022, publicada no Di\u00e1rio Oficial da Uni\u00e3o de 21\/03\/2022, torna p\u00fablica a abertura de inscri\u00e7\u00f5es destinadas \u00e0 sele\u00e7\u00e3o de estagi\u00e1rios, para atuarem no IF [&hellip;]<\/p>\n","protected":false},"author":158,"featured_media":0,"parent":0,"menu_order":0,"comment_status":"closed","ping_status":"closed","template":"","meta":[],"_links":{"self":[{"href":"https:\/\/www.ifbaiano.edu.br\/unidades\/itapetinga\/wp-json\/wp\/v2\/pages\/43502"}],"collection":[{"href":"https:\/\/www.ifbaiano.edu.br\/unidades\/itapetinga\/wp-json\/wp\/v2\/pages"}],"about":[{"href":"https:\/\/www.ifbaiano.edu.br\/unidades\/itapetinga\/wp-json\/wp\/v2\/types\/page"}],"author":[{"embeddable":true,"href":"https:\/\/www.ifbaiano.edu.br\/unidades\/itapetinga\/wp-json\/wp\/v2\/users\/158"}],"replies":[{"embeddable":true,"href":"https:\/\/www.ifbaiano.edu.br\/unidades\/itapetinga\/wp-json\/wp\/v2\/comments?post=43502"}],"version-history":[{"count":27,"href":"https:\/\/www.ifbaiano.edu.br\/unidades\/itapetinga\/wp-json\/wp\/v2\/pages\/43502\/revisions"}],"predecessor-version":[{"id":44192,"href":"https:\/\/www.ifbaiano.edu.br\/unidades\/itapetinga\/wp-json\/wp\/v2\/pages\/43502\/revisions\/44192"}],"wp:attachment":[{"href":"https:\/\/www.ifbaiano.edu.br\/unidades\/itapetinga\/wp-json\/wp\/v2\/media?parent=43502"}],"curies":[{"name":"wp","href":"https:\/\/api.w.org\/{rel}","templated":true}]}}