{"id":43658,"date":"2024-11-27T15:47:28","date_gmt":"2024-11-27T18:47:28","guid":{"rendered":"https:\/\/www.ifbaiano.edu.br\/unidades\/itapetinga\/?page_id=43658"},"modified":"2025-05-08T10:29:38","modified_gmt":"2025-05-08T13:29:38","slug":"pregao-90003-2024","status":"publish","type":"page","link":"https:\/\/www.ifbaiano.edu.br\/unidades\/itapetinga\/licitacoes-compras\/pregoes-2024\/pregao-90003-2024\/","title":{"rendered":"Preg\u00e3o Eletr\u00f4nico SRP N\u00b0 n\u00b0 90.003\/2024"},"content":{"rendered":"\n<p><strong>Objeto<\/strong>: Aquisi\u00e7\u00e3o de itens para o laborat\u00f3rio de anatomia.<\/p>\n\n\n\n<p><a href=\"https:\/\/www.ifbaiano.edu.br\/unidades\/itapetinga\/files\/2024\/11\/Termo_de_Referencia-Aquisicao-itens-laboratorio-anatomia.pdf\" data-type=\"URL\" data-id=\"https:\/\/www.ifbaiano.edu.br\/unidades\/itapetinga\/files\/2024\/11\/Termo_de_Referencia-Aquisicao-itens-laboratorio-anatomia.pdf\">Anexo I &#8211; Termo de Refer\u00eancia<\/a><\/p>\n\n\n\n<p><a href=\"https:\/\/www.ifbaiano.edu.br\/unidades\/itapetinga\/files\/2024\/11\/Termos-de-Homologacao-Aquisicao-itens-laboratorio-anatomia.pdf\" data-type=\"URL\" data-id=\"https:\/\/www.ifbaiano.edu.br\/unidades\/itapetinga\/files\/2024\/11\/Termos-de-Homologacao-Aquisicao-itens-laboratorio-anatomia.pdf\">Termo de Homologa\u00e7\u00e3o<\/a><\/p>\n\n\n\n<p><a href=\"https:\/\/www.ifbaiano.edu.br\/unidades\/itapetinga\/files\/2024\/11\/Atas-de-Registro-de-Precos-Aquisicao-itens-laboratorio-anatomia.pdf\" data-type=\"URL\" data-id=\"https:\/\/www.ifbaiano.edu.br\/unidades\/itapetinga\/files\/2024\/11\/Atas-de-Registro-de-Precos-Aquisicao-itens-laboratorio-anatomia.pdf\">Atas Registro Pre\u00e7o<\/a><\/p>\n\n\n\n<p><a href=\"https:\/\/www.ifbaiano.edu.br\/unidades\/itapetinga\/files\/2024\/11\/Edital-Aquisicao-itens-laboratorio-anatomia.pdf\" data-type=\"URL\" data-id=\"https:\/\/www.ifbaiano.edu.br\/unidades\/itapetinga\/files\/2024\/11\/Edital-Aquisicao-itens-laboratorio-anatomia.pdf\">Edital<\/a><\/p>\n","protected":false},"excerpt":{"rendered":"<p>Objeto: Aquisi\u00e7\u00e3o de itens para o laborat\u00f3rio de anatomia. Anexo I &#8211; Termo de Refer\u00eancia Termo de Homologa\u00e7\u00e3o Atas Registro Pre\u00e7o Edital<\/p>\n","protected":false},"author":158,"featured_media":0,"parent":41564,"menu_order":0,"comment_status":"closed","ping_status":"closed","template":"","meta":[],"_links":{"self":[{"href":"https:\/\/www.ifbaiano.edu.br\/unidades\/itapetinga\/wp-json\/wp\/v2\/pages\/43658"}],"collection":[{"href":"https:\/\/www.ifbaiano.edu.br\/unidades\/itapetinga\/wp-json\/wp\/v2\/pages"}],"about":[{"href":"https:\/\/www.ifbaiano.edu.br\/unidades\/itapetinga\/wp-json\/wp\/v2\/types\/page"}],"author":[{"embeddable":true,"href":"https:\/\/www.ifbaiano.edu.br\/unidades\/itapetinga\/wp-json\/wp\/v2\/users\/158"}],"replies":[{"embeddable":true,"href":"https:\/\/www.ifbaiano.edu.br\/unidades\/itapetinga\/wp-json\/wp\/v2\/comments?post=43658"}],"version-history":[{"count":2,"href":"https:\/\/www.ifbaiano.edu.br\/unidades\/itapetinga\/wp-json\/wp\/v2\/pages\/43658\/revisions"}],"predecessor-version":[{"id":43666,"href":"https:\/\/www.ifbaiano.edu.br\/unidades\/itapetinga\/wp-json\/wp\/v2\/pages\/43658\/revisions\/43666"}],"up":[{"embeddable":true,"href":"https:\/\/www.ifbaiano.edu.br\/unidades\/itapetinga\/wp-json\/wp\/v2\/pages\/41564"}],"wp:attachment":[{"href":"https:\/\/www.ifbaiano.edu.br\/unidades\/itapetinga\/wp-json\/wp\/v2\/media?parent=43658"}],"curies":[{"name":"wp","href":"https:\/\/api.w.org\/{rel}","templated":true}]}}