{"id":43769,"date":"2024-12-06T14:55:15","date_gmt":"2024-12-06T17:55:15","guid":{"rendered":"https:\/\/www.ifbaiano.edu.br\/unidades\/itapetinga\/?page_id=43769"},"modified":"2024-12-09T11:14:56","modified_gmt":"2024-12-09T14:14:56","slug":"processo-seletivo-simplificado-para-contratacao-de-professor-substituto-campus-itapetinga-2","status":"publish","type":"page","link":"https:\/\/www.ifbaiano.edu.br\/unidades\/itapetinga\/processo-seletivo-simplificado-para-contratacao-de-professor-substituto-campus-itapetinga-2\/","title":{"rendered":"PROCESSO SELETIVO SIMPLIFICADO PARA CONTRATA\u00c7\u00c3O DE PROFESSOR SUBSTITUTO CAMPUS ITAPETINGA"},"content":{"rendered":"\n<p>O REITOR DO INSTITUTO FEDERAL DE EDUCA\u00c7\u00c3O, CI\u00caNCIA E TECNOLOGIA BAIANO , no uso das suas<br>atribui\u00e7\u00f5es delegadas pelo Decreto de 26\/04\/2022, publicado no DOU de 27\/04\/2022, Se\u00e7\u00e3o 2, p\u00e1gina 1, e de acordo com as disposi\u00e7\u00f5es contidas na Lei n\u00ba 11.892, de 29\/12\/2008 e Lei n\u00ba 8.112\/90, e de acordo com o disposto no artigo 37, inciso IX da Constitui\u00e7\u00e3o Federal, dos preceitos espec\u00edficos da Lei n\u00ba 8.745, de 09.12.93 (DOU de 10\/12\/93) com suas altera\u00e7\u00f5es e do disposto no artigo 07, inciso II do Decreto n\u00ba 7.312, de 22.09.10 (DOU de 23\/09\/10), torna p\u00fablica a realiza\u00e7\u00e3o de Processo Seletivo Simplificado, dirigido \u00e0 contrata\u00e7\u00e3o, por tempo determinado, de <strong>Professor Substituto &#8211; \u00e1rea de Geografia,<\/strong> conforme condi\u00e7\u00f5es estabelecidas neste Edital<\/p>\n\n\n\n<hr class=\"wp-block-separator has-alpha-channel-opacity\" \/>\n\n\n\n<p><strong>Inscri\u00e7\u00f5es: 10\/12\/24 a 12\/01\/25<\/strong><\/p>\n\n\n\n<p>As inscri\u00e7\u00f5es ser\u00e3o realizadas via internet no endere\u00e7o <a href=\"https:\/\/ifbaiano.edu.br\/portal\/concursos\/\" data-type=\"URL\" data-id=\"https:\/\/ifbaiano.edu.br\/portal\/concursos\/\">https:\/\/ifbaiano.edu.br\/portal\/concursos\/ <\/a>(concursos e sele\u00e7\u00f5es)<\/p>\n\n\n\n<hr class=\"wp-block-separator has-alpha-channel-opacity\" \/>\n\n\n\n<p><strong>Edital e Publica\u00e7\u00f5es<\/strong><\/p>\n\n\n\n<p><a href=\"https:\/\/www.ifbaiano.edu.br\/unidades\/itapetinga\/files\/2024\/12\/Resultado-da-Impugnacao-ao-Edital-Prof.Substituto.pdf\" data-type=\"URL\" data-id=\"https:\/\/www.ifbaiano.edu.br\/unidades\/itapetinga\/files\/2024\/12\/Resultado-da-Impugnacao-ao-Edital-Prof.Substituto.pdf\">Resultado de Impugna\u00e7\u00e3o edital<\/a><\/p>\n\n\n\n<p><a href=\"https:\/\/www.ifbaiano.edu.br\/unidades\/itapetinga\/files\/2024\/12\/ANEXO-V-Formulario-para-Interposicao-de-Recursos-Prof.Substituto.pdf\" data-type=\"URL\" data-id=\"https:\/\/www.ifbaiano.edu.br\/unidades\/itapetinga\/files\/2024\/12\/ANEXO-V-Formulario-para-Interposicao-de-Recursos-Prof.Substituto.pdf\">Formul\u00e1rio para interposi\u00e7\u00e3o recurso<\/a><\/p>\n\n\n\n<p><a href=\"https:\/\/www.ifbaiano.edu.br\/unidades\/itapetinga\/files\/2024\/12\/ANEXO-I-Ficha-de-Inscricao-Prof.Substituto.pdf\" data-type=\"URL\" data-id=\"https:\/\/www.ifbaiano.edu.br\/unidades\/itapetinga\/files\/2024\/12\/ANEXO-I-Ficha-de-Inscricao-Prof.Substituto.pdf\">Formul\u00e1rio de inscri\u00e7\u00e3o<\/a><\/p>\n\n\n\n<p><a href=\"https:\/\/www.ifbaiano.edu.br\/unidades\/itapetinga\/files\/2024\/12\/Edital-Processo-Seletivo-Simplificado-Professor-Substituto.pdf\" data-type=\"URL\" data-id=\"https:\/\/www.ifbaiano.edu.br\/unidades\/itapetinga\/files\/2024\/12\/Edital-Processo-Seletivo-Simplificado-Professor-Substituto.pdf\">Edital<\/a><\/p>\n","protected":false},"excerpt":{"rendered":"<p>O REITOR DO INSTITUTO FEDERAL DE EDUCA\u00c7\u00c3O, CI\u00caNCIA E TECNOLOGIA BAIANO , no uso das suasatribui\u00e7\u00f5es delegadas pelo Decreto de 26\/04\/2022, publicado no DOU de 27\/04\/2022, Se\u00e7\u00e3o 2, p\u00e1gina 1, e de acordo com as disposi\u00e7\u00f5es contidas na Lei n\u00ba 11.892, de 29\/12\/2008 e Lei n\u00ba 8.112\/90, e de acordo com o disposto no artigo [&hellip;]<\/p>\n","protected":false},"author":158,"featured_media":0,"parent":0,"menu_order":0,"comment_status":"closed","ping_status":"closed","template":"","meta":[],"_links":{"self":[{"href":"https:\/\/www.ifbaiano.edu.br\/unidades\/itapetinga\/wp-json\/wp\/v2\/pages\/43769"}],"collection":[{"href":"https:\/\/www.ifbaiano.edu.br\/unidades\/itapetinga\/wp-json\/wp\/v2\/pages"}],"about":[{"href":"https:\/\/www.ifbaiano.edu.br\/unidades\/itapetinga\/wp-json\/wp\/v2\/types\/page"}],"author":[{"embeddable":true,"href":"https:\/\/www.ifbaiano.edu.br\/unidades\/itapetinga\/wp-json\/wp\/v2\/users\/158"}],"replies":[{"embeddable":true,"href":"https:\/\/www.ifbaiano.edu.br\/unidades\/itapetinga\/wp-json\/wp\/v2\/comments?post=43769"}],"version-history":[{"count":4,"href":"https:\/\/www.ifbaiano.edu.br\/unidades\/itapetinga\/wp-json\/wp\/v2\/pages\/43769\/revisions"}],"predecessor-version":[{"id":43783,"href":"https:\/\/www.ifbaiano.edu.br\/unidades\/itapetinga\/wp-json\/wp\/v2\/pages\/43769\/revisions\/43783"}],"wp:attachment":[{"href":"https:\/\/www.ifbaiano.edu.br\/unidades\/itapetinga\/wp-json\/wp\/v2\/media?parent=43769"}],"curies":[{"name":"wp","href":"https:\/\/api.w.org\/{rel}","templated":true}]}}