{"id":44001,"date":"2025-04-03T10:38:32","date_gmt":"2025-04-03T13:38:32","guid":{"rendered":"https:\/\/www.ifbaiano.edu.br\/unidades\/itapetinga\/?page_id=44001"},"modified":"2025-04-03T10:38:33","modified_gmt":"2025-04-03T13:38:33","slug":"seguro-estudantil","status":"publish","type":"page","link":"https:\/\/www.ifbaiano.edu.br\/unidades\/itapetinga\/seguro-estudantil\/","title":{"rendered":"Seguro Estudantil"},"content":{"rendered":"\n<p>Est\u00e3o dispon\u00edveis os documentos abaixo para acionamento do Seguro Estudantil.<\/p>\n\n\n\n<p>Documentos necess\u00e1rios:<\/p>\n\n\n\n<div class=\"wp-block-file\"><a id=\"wp-block-file--media-48b3c7b6-0a44-4930-82e9-70cd194d9110\" href=\"https:\/\/www.ifbaiano.edu.br\/unidades\/itapetinga\/files\/2025\/04\/DOCUMENTOS-NECESSARIOS-PARA-ACIONAMENTO-DO-SEGURO.pdf\">DOCUMENTOS-NECESSARIOS-PARA-ACIONAMENTO-DO-SEGURO<\/a><a href=\"https:\/\/www.ifbaiano.edu.br\/unidades\/itapetinga\/files\/2025\/04\/DOCUMENTOS-NECESSARIOS-PARA-ACIONAMENTO-DO-SEGURO.pdf\" class=\"wp-block-file__button wp-element-button\" download aria-describedby=\"wp-block-file--media-48b3c7b6-0a44-4930-82e9-70cd194d9110\">Baixar<\/a><\/div>\n\n\n\n<p>Condi\u00e7\u00f5es Gerais Seguro Coletivo de Pessoas<\/p>\n\n\n\n<div class=\"wp-block-file\"><a id=\"wp-block-file--media-5b16f240-8a06-4b90-9d3c-abeca8cbf7e3\" href=\"https:\/\/www.ifbaiano.edu.br\/unidades\/itapetinga\/files\/2025\/04\/CONDICOES-GERAIS-SEGURO-DE-PESSOAS-COLETIVO-GENTE-SEGURADORA-V1-JUNHO-2021.pdf\">CONDICOES-GERAIS-SEGURO-DE-PESSOAS-COLETIVO-GENTE-SEGURADORA-V1-JUNHO-2021<\/a><a href=\"https:\/\/www.ifbaiano.edu.br\/unidades\/itapetinga\/files\/2025\/04\/CONDICOES-GERAIS-SEGURO-DE-PESSOAS-COLETIVO-GENTE-SEGURADORA-V1-JUNHO-2021.pdf\" class=\"wp-block-file__button wp-element-button\" download aria-describedby=\"wp-block-file--media-5b16f240-8a06-4b90-9d3c-abeca8cbf7e3\">Baixar<\/a><\/div>\n\n\n\n<p>Formul\u00e1rio para Autoriza\u00e7\u00e3o de Pagamento de Sinistro<\/p>\n\n\n\n<div class=\"wp-block-file\"><a id=\"wp-block-file--media-be58108b-b176-43e1-9fcd-36673d5c3ce5\" href=\"https:\/\/www.ifbaiano.edu.br\/unidades\/itapetinga\/files\/2025\/04\/ANEXO-1-AUTORIZACAO-CREDITO-MAIS-FICHA-PF.pdf\">ANEXO-1-AUTORIZACAO-CREDITO-MAIS-FICHA-PF<\/a><a href=\"https:\/\/www.ifbaiano.edu.br\/unidades\/itapetinga\/files\/2025\/04\/ANEXO-1-AUTORIZACAO-CREDITO-MAIS-FICHA-PF.pdf\" class=\"wp-block-file__button wp-element-button\" download aria-describedby=\"wp-block-file--media-be58108b-b176-43e1-9fcd-36673d5c3ce5\">Baixar<\/a><\/div>\n","protected":false},"excerpt":{"rendered":"<p>Est\u00e3o dispon\u00edveis os documentos abaixo para acionamento do Seguro Estudantil. Documentos necess\u00e1rios: Condi\u00e7\u00f5es Gerais Seguro Coletivo de Pessoas Formul\u00e1rio para Autoriza\u00e7\u00e3o de Pagamento de Sinistro<\/p>\n","protected":false},"author":162,"featured_media":0,"parent":0,"menu_order":0,"comment_status":"closed","ping_status":"closed","template":"","meta":[],"_links":{"self":[{"href":"https:\/\/www.ifbaiano.edu.br\/unidades\/itapetinga\/wp-json\/wp\/v2\/pages\/44001"}],"collection":[{"href":"https:\/\/www.ifbaiano.edu.br\/unidades\/itapetinga\/wp-json\/wp\/v2\/pages"}],"about":[{"href":"https:\/\/www.ifbaiano.edu.br\/unidades\/itapetinga\/wp-json\/wp\/v2\/types\/page"}],"author":[{"embeddable":true,"href":"https:\/\/www.ifbaiano.edu.br\/unidades\/itapetinga\/wp-json\/wp\/v2\/users\/162"}],"replies":[{"embeddable":true,"href":"https:\/\/www.ifbaiano.edu.br\/unidades\/itapetinga\/wp-json\/wp\/v2\/comments?post=44001"}],"version-history":[{"count":1,"href":"https:\/\/www.ifbaiano.edu.br\/unidades\/itapetinga\/wp-json\/wp\/v2\/pages\/44001\/revisions"}],"predecessor-version":[{"id":44006,"href":"https:\/\/www.ifbaiano.edu.br\/unidades\/itapetinga\/wp-json\/wp\/v2\/pages\/44001\/revisions\/44006"}],"wp:attachment":[{"href":"https:\/\/www.ifbaiano.edu.br\/unidades\/itapetinga\/wp-json\/wp\/v2\/media?parent=44001"}],"curies":[{"name":"wp","href":"https:\/\/api.w.org\/{rel}","templated":true}]}}