{"id":44100,"date":"2025-05-08T08:59:59","date_gmt":"2025-05-08T11:59:59","guid":{"rendered":"https:\/\/www.ifbaiano.edu.br\/unidades\/itapetinga\/?page_id=44100"},"modified":"2025-09-11T12:23:21","modified_gmt":"2025-09-11T15:23:21","slug":"pregoes-2025","status":"publish","type":"page","link":"https:\/\/www.ifbaiano.edu.br\/unidades\/itapetinga\/licitacoes-compras\/pregoes-2025\/","title":{"rendered":"Preg\u00f5es Eletr\u00f4nicos 2025"},"content":{"rendered":"\n<p><a href=\"https:\/\/www.ifbaiano.edu.br\/unidades\/itapetinga\/?page_id=44573\" data-type=\"page\" data-id=\"44573\">Preg\u00e3o Eletr\u00f4nico 90003\/2025<\/a> &#8211; Aquisi\u00e7\u00e3o de materiais de constru\u00e7\u00e3o, el\u00e9tricos e hidr\u00e1ulicos<\/p>\n\n\n\n<p><a href=\"https:\/\/www.ifbaiano.edu.br\/unidades\/itapetinga\/?page_id=44463\" data-type=\"page\" data-id=\"44463\">Preg\u00e3o Eletr\u00f4nico n\u00ba 90007\/2025<\/a> &#8211; (Aquisi\u00e7\u00e3o de ra\u00e7\u00e3o animal, medicamentos veterin\u00e1rios, vacinas e demais itens agropecu\u00e1rios)<\/p>\n\n\n\n<p><a href=\"https:\/\/www.ifbaiano.edu.br\/unidades\/itapetinga\/?page_id=44491\" data-type=\"page\" data-id=\"44491\">Preg\u00e3o Eletr\u00f4nico n\u00b0 90006\/2025<\/a> &#8211; (Aquisi\u00e7\u00e3o de GLP \u2013 G\u00e1s Liquefeito de Petr\u00f3leo, a granel, no regime de comodato para atender a necessidade do Refeit\u00f3rio do IF Baiano &#8211; Campus Itapetinga)<\/p>\n\n\n\n<p><a href=\"https:\/\/www.ifbaiano.edu.br\/unidades\/itapetinga\/2025\/05\/08\/pregao-90002-2025\/\" data-type=\"post\" data-id=\"44116\">Preg\u00e3o eletr\u00f4nico n\u00ba 90002\/2025 <\/a>&#8211; (Aquisi\u00e7\u00e3o de itens de irriga\u00e7\u00e3o)<\/p>\n\n\n\n<p><a href=\"https:\/\/www.ifbaiano.edu.br\/unidades\/itapetinga\/2025\/05\/08\/pregao-90001-2025\/\" data-type=\"post\" data-id=\"44112\">Preg\u00e3o eletr\u00f4nico n\u00ba 90001\/2025<\/a> &#8211; (Aquisi\u00e7\u00e3o de itens para o Laborat\u00f3rio de Alimentos)<\/p>\n\n\n\n<p><\/p>\n","protected":false},"excerpt":{"rendered":"<p>Preg\u00e3o Eletr\u00f4nico 90003\/2025 &#8211; Aquisi\u00e7\u00e3o de materiais de constru\u00e7\u00e3o, el\u00e9tricos e hidr\u00e1ulicos Preg\u00e3o Eletr\u00f4nico n\u00ba 90007\/2025 &#8211; (Aquisi\u00e7\u00e3o de ra\u00e7\u00e3o animal, medicamentos veterin\u00e1rios, vacinas e demais itens agropecu\u00e1rios) Preg\u00e3o Eletr\u00f4nico n\u00b0 90006\/2025 &#8211; (Aquisi\u00e7\u00e3o de GLP \u2013 G\u00e1s Liquefeito de Petr\u00f3leo, a granel, no regime de comodato para atender a necessidade do Refeit\u00f3rio do IF [&hellip;]<\/p>\n","protected":false},"author":162,"featured_media":0,"parent":32709,"menu_order":0,"comment_status":"closed","ping_status":"closed","template":"","meta":[],"_links":{"self":[{"href":"https:\/\/www.ifbaiano.edu.br\/unidades\/itapetinga\/wp-json\/wp\/v2\/pages\/44100"}],"collection":[{"href":"https:\/\/www.ifbaiano.edu.br\/unidades\/itapetinga\/wp-json\/wp\/v2\/pages"}],"about":[{"href":"https:\/\/www.ifbaiano.edu.br\/unidades\/itapetinga\/wp-json\/wp\/v2\/types\/page"}],"author":[{"embeddable":true,"href":"https:\/\/www.ifbaiano.edu.br\/unidades\/itapetinga\/wp-json\/wp\/v2\/users\/162"}],"replies":[{"embeddable":true,"href":"https:\/\/www.ifbaiano.edu.br\/unidades\/itapetinga\/wp-json\/wp\/v2\/comments?post=44100"}],"version-history":[{"count":10,"href":"https:\/\/www.ifbaiano.edu.br\/unidades\/itapetinga\/wp-json\/wp\/v2\/pages\/44100\/revisions"}],"predecessor-version":[{"id":44574,"href":"https:\/\/www.ifbaiano.edu.br\/unidades\/itapetinga\/wp-json\/wp\/v2\/pages\/44100\/revisions\/44574"}],"up":[{"embeddable":true,"href":"https:\/\/www.ifbaiano.edu.br\/unidades\/itapetinga\/wp-json\/wp\/v2\/pages\/32709"}],"wp:attachment":[{"href":"https:\/\/www.ifbaiano.edu.br\/unidades\/itapetinga\/wp-json\/wp\/v2\/media?parent=44100"}],"curies":[{"name":"wp","href":"https:\/\/api.w.org\/{rel}","templated":true}]}}