{"id":44491,"date":"2025-08-28T10:38:04","date_gmt":"2025-08-28T13:38:04","guid":{"rendered":"https:\/\/www.ifbaiano.edu.br\/unidades\/itapetinga\/?page_id=44491"},"modified":"2025-08-28T10:38:04","modified_gmt":"2025-08-28T13:38:04","slug":"pregao-eletronico-n-90006-2025","status":"publish","type":"page","link":"https:\/\/www.ifbaiano.edu.br\/unidades\/itapetinga\/pregao-eletronico-n-90006-2025\/","title":{"rendered":"Preg\u00e3o Eletr\u00f4nico n\u00b0 90006\/2025"},"content":{"rendered":"\n<h2 class=\"wp-block-heading\">Objeto: Aquisi\u00e7\u00e3o de GLP \u2013 G\u00e1s Liquefeito de Petr\u00f3leo, a granel, no regime de comodato para atender a necessidade do Refeit\u00f3rio do IF Baiano &#8211; Campus Itapetinga<\/h2>\n\n\n\n<div class=\"wp-block-file\"><a id=\"wp-block-file--media-9aeb3ef0-d7ec-4856-b126-f111d7368ad0\" href=\"https:\/\/www.ifbaiano.edu.br\/unidades\/itapetinga\/files\/2025\/08\/Edital.pdf\">Edital<\/a><\/div>\n\n\n\n<div class=\"wp-block-file\"><a id=\"wp-block-file--media-80f5360a-4678-4ae2-b358-11dcdc576fe9\" href=\"https:\/\/www.ifbaiano.edu.br\/unidades\/itapetinga\/files\/2025\/08\/Termo-de-Referencia.pdf\">Termo-de-Referencia<\/a><\/div>\n","protected":false},"excerpt":{"rendered":"<p>Objeto: Aquisi\u00e7\u00e3o de GLP \u2013 G\u00e1s Liquefeito de Petr\u00f3leo, a granel, no regime de comodato para atender a necessidade do Refeit\u00f3rio do IF Baiano &#8211; Campus Itapetinga<\/p>\n","protected":false},"author":194,"featured_media":0,"parent":0,"menu_order":0,"comment_status":"closed","ping_status":"closed","template":"","meta":[],"_links":{"self":[{"href":"https:\/\/www.ifbaiano.edu.br\/unidades\/itapetinga\/wp-json\/wp\/v2\/pages\/44491"}],"collection":[{"href":"https:\/\/www.ifbaiano.edu.br\/unidades\/itapetinga\/wp-json\/wp\/v2\/pages"}],"about":[{"href":"https:\/\/www.ifbaiano.edu.br\/unidades\/itapetinga\/wp-json\/wp\/v2\/types\/page"}],"author":[{"embeddable":true,"href":"https:\/\/www.ifbaiano.edu.br\/unidades\/itapetinga\/wp-json\/wp\/v2\/users\/194"}],"replies":[{"embeddable":true,"href":"https:\/\/www.ifbaiano.edu.br\/unidades\/itapetinga\/wp-json\/wp\/v2\/comments?post=44491"}],"version-history":[{"count":1,"href":"https:\/\/www.ifbaiano.edu.br\/unidades\/itapetinga\/wp-json\/wp\/v2\/pages\/44491\/revisions"}],"predecessor-version":[{"id":44495,"href":"https:\/\/www.ifbaiano.edu.br\/unidades\/itapetinga\/wp-json\/wp\/v2\/pages\/44491\/revisions\/44495"}],"wp:attachment":[{"href":"https:\/\/www.ifbaiano.edu.br\/unidades\/itapetinga\/wp-json\/wp\/v2\/media?parent=44491"}],"curies":[{"name":"wp","href":"https:\/\/api.w.org\/{rel}","templated":true}]}}