{"id":44513,"date":"2025-08-29T09:52:18","date_gmt":"2025-08-29T12:52:18","guid":{"rendered":"https:\/\/www.ifbaiano.edu.br\/unidades\/itapetinga\/?page_id=44513"},"modified":"2025-10-24T10:14:18","modified_gmt":"2025-10-24T13:14:18","slug":"2025-2","status":"publish","type":"page","link":"https:\/\/www.ifbaiano.edu.br\/unidades\/itapetinga\/2025-2\/","title":{"rendered":"2025"},"content":{"rendered":"\n<div class=\"wp-block-file\"><a id=\"wp-block-file--media-98dffe2f-2e7d-496d-93c6-5d3eb0d4b914\" href=\"https:\/\/www.ifbaiano.edu.br\/unidades\/itapetinga\/files\/2025\/08\/CALENDARIO-DOS-CURSOS-DE-GRADUACAO-2025.pdf\">CALENDARIO-DOS-CURSOS-DE-GRADUACAO-2025<\/a><\/div>\n\n\n\n<div class=\"wp-block-file\"><a id=\"wp-block-file--media-ee11d98d-755a-4bf5-b439-2803b6b7ef28\" href=\"https:\/\/www.ifbaiano.edu.br\/unidades\/itapetinga\/files\/2025\/08\/CALENDARIO-DOS-CURSOS-TECNICOS-SUBSEQUENTES-AO-ENSINO-MEDIO_2025.pdf\">CALENDARIO-DOS-CURSOS-TECNICOS-SUBSEQUENTES-AO-ENSINO-MEDIO_2025<\/a><\/div>\n\n\n\n<div class=\"wp-block-file\"><a id=\"wp-block-file--media-6e0961f2-5ed9-4868-b5ee-aa9be5824b0b\" href=\"https:\/\/www.ifbaiano.edu.br\/unidades\/itapetinga\/files\/2025\/10\/Calendario-Academico-Letivo-2025-Integrado-1.pdf\">CALEND\u00c1RIO DOS CURSOS T\u00c9CNICOS INTEGRADOS AO ENSINO M\u00c9DIO<br><\/a><\/div>\n","protected":false},"excerpt":{"rendered":"","protected":false},"author":194,"featured_media":0,"parent":0,"menu_order":0,"comment_status":"closed","ping_status":"closed","template":"","meta":[],"_links":{"self":[{"href":"https:\/\/www.ifbaiano.edu.br\/unidades\/itapetinga\/wp-json\/wp\/v2\/pages\/44513"}],"collection":[{"href":"https:\/\/www.ifbaiano.edu.br\/unidades\/itapetinga\/wp-json\/wp\/v2\/pages"}],"about":[{"href":"https:\/\/www.ifbaiano.edu.br\/unidades\/itapetinga\/wp-json\/wp\/v2\/types\/page"}],"author":[{"embeddable":true,"href":"https:\/\/www.ifbaiano.edu.br\/unidades\/itapetinga\/wp-json\/wp\/v2\/users\/194"}],"replies":[{"embeddable":true,"href":"https:\/\/www.ifbaiano.edu.br\/unidades\/itapetinga\/wp-json\/wp\/v2\/comments?post=44513"}],"version-history":[{"count":5,"href":"https:\/\/www.ifbaiano.edu.br\/unidades\/itapetinga\/wp-json\/wp\/v2\/pages\/44513\/revisions"}],"predecessor-version":[{"id":44700,"href":"https:\/\/www.ifbaiano.edu.br\/unidades\/itapetinga\/wp-json\/wp\/v2\/pages\/44513\/revisions\/44700"}],"wp:attachment":[{"href":"https:\/\/www.ifbaiano.edu.br\/unidades\/itapetinga\/wp-json\/wp\/v2\/media?parent=44513"}],"curies":[{"name":"wp","href":"https:\/\/api.w.org\/{rel}","templated":true}]}}