{"id":44573,"date":"2025-09-11T12:26:58","date_gmt":"2025-09-11T15:26:58","guid":{"rendered":"https:\/\/www.ifbaiano.edu.br\/unidades\/itapetinga\/?page_id=44573"},"modified":"2025-09-11T12:26:58","modified_gmt":"2025-09-11T15:26:58","slug":"pregao-eletronico-90003-2025","status":"publish","type":"page","link":"https:\/\/www.ifbaiano.edu.br\/unidades\/itapetinga\/pregao-eletronico-90003-2025\/","title":{"rendered":"Preg\u00e3o Eletr\u00f4nico 90003\/2025"},"content":{"rendered":"\n<h3 class=\"wp-block-heading\">Objeto: Aquisi\u00e7\u00e3o de materiais de constru\u00e7\u00e3o, el\u00e9tricos e hidr\u00e1ulicos.<\/h3>\n\n\n\n<h2 class=\"wp-block-heading\">Documentos<\/h2>\n\n\n\n<div class=\"wp-block-file\"><a id=\"wp-block-file--media-df56c620-4b99-4bb5-bcea-bfdafaa623e5\" href=\"https:\/\/www.ifbaiano.edu.br\/unidades\/itapetinga\/files\/2025\/09\/Edital-90003-de-2025.pdf\">Edital-90003-de-2025<\/a><\/div>\n\n\n\n<div class=\"wp-block-file\"><a id=\"wp-block-file--media-a3724714-d0c9-4250-bcbe-4b26efdd3122\" href=\"https:\/\/www.ifbaiano.edu.br\/unidades\/itapetinga\/files\/2025\/09\/Termo-de-Referencia-90003-de-2025.pdf\">Termo-de-Referencia-90003-de-2025<\/a><\/div>\n","protected":false},"excerpt":{"rendered":"<p>Objeto: Aquisi\u00e7\u00e3o de materiais de constru\u00e7\u00e3o, el\u00e9tricos e hidr\u00e1ulicos. Documentos<\/p>\n","protected":false},"author":194,"featured_media":0,"parent":0,"menu_order":0,"comment_status":"closed","ping_status":"closed","template":"","meta":[],"_links":{"self":[{"href":"https:\/\/www.ifbaiano.edu.br\/unidades\/itapetinga\/wp-json\/wp\/v2\/pages\/44573"}],"collection":[{"href":"https:\/\/www.ifbaiano.edu.br\/unidades\/itapetinga\/wp-json\/wp\/v2\/pages"}],"about":[{"href":"https:\/\/www.ifbaiano.edu.br\/unidades\/itapetinga\/wp-json\/wp\/v2\/types\/page"}],"author":[{"embeddable":true,"href":"https:\/\/www.ifbaiano.edu.br\/unidades\/itapetinga\/wp-json\/wp\/v2\/users\/194"}],"replies":[{"embeddable":true,"href":"https:\/\/www.ifbaiano.edu.br\/unidades\/itapetinga\/wp-json\/wp\/v2\/comments?post=44573"}],"version-history":[{"count":1,"href":"https:\/\/www.ifbaiano.edu.br\/unidades\/itapetinga\/wp-json\/wp\/v2\/pages\/44573\/revisions"}],"predecessor-version":[{"id":44578,"href":"https:\/\/www.ifbaiano.edu.br\/unidades\/itapetinga\/wp-json\/wp\/v2\/pages\/44573\/revisions\/44578"}],"wp:attachment":[{"href":"https:\/\/www.ifbaiano.edu.br\/unidades\/itapetinga\/wp-json\/wp\/v2\/media?parent=44573"}],"curies":[{"name":"wp","href":"https:\/\/api.w.org\/{rel}","templated":true}]}}