{"id":44632,"date":"2025-09-29T20:47:06","date_gmt":"2025-09-29T23:47:06","guid":{"rendered":"https:\/\/www.ifbaiano.edu.br\/unidades\/itapetinga\/?page_id=44632"},"modified":"2025-09-29T20:47:07","modified_gmt":"2025-09-29T23:47:07","slug":"2025-edital-de-fluxo-continuo","status":"publish","type":"page","link":"https:\/\/www.ifbaiano.edu.br\/unidades\/itapetinga\/2025-edital-de-fluxo-continuo\/","title":{"rendered":"2025 &#8211; Edital de Fluxo Cont\u00ednuo"},"content":{"rendered":"\n<p>O Instituto Federal Baiano \u2013 Campus Itapetinga publicou, em 26 de setembro de 2025, o <strong>Edital n\u00ba 11\/2025<\/strong>, que regulamenta o Programa de Assist\u00eancia e Inclus\u00e3o Social do Estudante (PAISE) em fluxo cont\u00ednuo. A iniciativa visa contribuir para o bem-estar biopsicossocial, a perman\u00eancia e o \u00eaxito acad\u00eamico dos estudantes em situa\u00e7\u00e3o de vulnerabilidade socioecon\u00f4mica, nas modalidades presencial e a dist\u00e2ncia.<\/p>\n\n\n\n<p>O PAISE prev\u00ea a concess\u00e3o de diferentes aux\u00edlios financeiros, entre eles: <strong>moradia, perman\u00eancia, creche, alimenta\u00e7\u00e3o e transporte<\/strong> (em quatro modalidades, de acordo com a dist\u00e2ncia entre a resid\u00eancia do estudante e o campus). Os valores e a quantidade de vagas ser\u00e3o definidos de acordo com a disponibilidade or\u00e7ament\u00e1ria e especificidades locais, priorizando os estudantes com renda familiar per capita de at\u00e9 um sal\u00e1rio-m\u00ednimo e meio.<\/p>\n\n\n\n<p>As inscri\u00e7\u00f5es devem ser realizadas exclusivamente pelo SUAP, no per\u00edodo de <strong>30 de setembro a 6 de outubro de 2025<\/strong>. O processo de sele\u00e7\u00e3o inclui an\u00e1lise socioecon\u00f4mica e, quando necess\u00e1rio, entrevista social com o setor de Servi\u00e7o Social do campus. O resultado final ser\u00e1 divulgado no dia 22 de outubro, com previs\u00e3o de pagamento da primeira parcela dos aux\u00edlios em <strong>25 de outubro de 2025<\/strong>.<\/p>\n\n\n\n<p>O edital completo, com as normas de participa\u00e7\u00e3o, documenta\u00e7\u00e3o exigida e cronograma, est\u00e1 dispon\u00edvel abaixo.<\/p>\n\n\n\n<p>D\u00favidas podem ser encaminhadas para o e-mail <strong><a>clae@itapetinga.ifbaiano.edu.br<\/a><\/strong><\/p>\n\n\n\n<div class=\"wp-block-file\"><object class=\"wp-block-file__embed\" data=\"https:\/\/www.ifbaiano.edu.br\/unidades\/itapetinga\/files\/2025\/09\/Edital-11.2025-PAISE-1.pdf\" type=\"application\/pdf\" style=\"width:100%;height:600px\" aria-label=\"Incorporado de Edital-11.2025-PAISE-1.\"><\/object><a id=\"wp-block-file--media-362e8a0c-02ca-4b14-8c3b-4d8abd09e317\" href=\"https:\/\/www.ifbaiano.edu.br\/unidades\/itapetinga\/files\/2025\/09\/Edital-11.2025-PAISE-1.pdf\">Edital-11.2025-PAISE-1<\/a><a href=\"https:\/\/www.ifbaiano.edu.br\/unidades\/itapetinga\/files\/2025\/09\/Edital-11.2025-PAISE-1.pdf\" class=\"wp-block-file__button wp-element-button\" download aria-describedby=\"wp-block-file--media-362e8a0c-02ca-4b14-8c3b-4d8abd09e317\">Baixar<\/a><\/div>\n","protected":false},"excerpt":{"rendered":"<p>O Instituto Federal Baiano \u2013 Campus Itapetinga publicou, em 26 de setembro de 2025, o Edital n\u00ba 11\/2025, que regulamenta o Programa de Assist\u00eancia e Inclus\u00e3o Social do Estudante (PAISE) em fluxo cont\u00ednuo. A iniciativa visa contribuir para o bem-estar biopsicossocial, a perman\u00eancia e o \u00eaxito acad\u00eamico dos estudantes em situa\u00e7\u00e3o de vulnerabilidade socioecon\u00f4mica, nas [&hellip;]<\/p>\n","protected":false},"author":194,"featured_media":0,"parent":0,"menu_order":0,"comment_status":"closed","ping_status":"closed","template":"","meta":[],"_links":{"self":[{"href":"https:\/\/www.ifbaiano.edu.br\/unidades\/itapetinga\/wp-json\/wp\/v2\/pages\/44632"}],"collection":[{"href":"https:\/\/www.ifbaiano.edu.br\/unidades\/itapetinga\/wp-json\/wp\/v2\/pages"}],"about":[{"href":"https:\/\/www.ifbaiano.edu.br\/unidades\/itapetinga\/wp-json\/wp\/v2\/types\/page"}],"author":[{"embeddable":true,"href":"https:\/\/www.ifbaiano.edu.br\/unidades\/itapetinga\/wp-json\/wp\/v2\/users\/194"}],"replies":[{"embeddable":true,"href":"https:\/\/www.ifbaiano.edu.br\/unidades\/itapetinga\/wp-json\/wp\/v2\/comments?post=44632"}],"version-history":[{"count":1,"href":"https:\/\/www.ifbaiano.edu.br\/unidades\/itapetinga\/wp-json\/wp\/v2\/pages\/44632\/revisions"}],"predecessor-version":[{"id":44635,"href":"https:\/\/www.ifbaiano.edu.br\/unidades\/itapetinga\/wp-json\/wp\/v2\/pages\/44632\/revisions\/44635"}],"wp:attachment":[{"href":"https:\/\/www.ifbaiano.edu.br\/unidades\/itapetinga\/wp-json\/wp\/v2\/media?parent=44632"}],"curies":[{"name":"wp","href":"https:\/\/api.w.org\/{rel}","templated":true}]}}