{"id":44804,"date":"2026-01-07T09:38:12","date_gmt":"2026-01-07T12:38:12","guid":{"rendered":"https:\/\/www.ifbaiano.edu.br\/unidades\/itapetinga\/?page_id=44804"},"modified":"2026-01-07T10:05:39","modified_gmt":"2026-01-07T13:05:39","slug":"parcerias","status":"publish","type":"page","link":"https:\/\/www.ifbaiano.edu.br\/unidades\/itapetinga\/parcerias\/","title":{"rendered":"Parcerias"},"content":{"rendered":"\n<h2 class=\"wp-block-heading\">Publica\u00e7\u00f5es referentes \u00e0s Parcerias Institucionais do IF Baiano Campus Itapetinga<\/h2>\n\n\n\n<p>07\/01\/2026 &#8211; <a href=\"https:\/\/www.ifbaiano.edu.br\/unidades\/itapetinga\/2026\/01\/07\/assinatura-de-acordo-de-cooperacao-polo-de-apoio-em-potiragua\/\" data-type=\"post\" data-id=\"44810\">Assinatura de Acordo de Coopera\u00e7\u00e3o \u2013 Polo de Apoio em Potiragu\u00e1<\/a><\/p>\n","protected":false},"excerpt":{"rendered":"<p>Publica\u00e7\u00f5es referentes \u00e0s Parcerias Institucionais do IF Baiano Campus Itapetinga 07\/01\/2026 &#8211; Assinatura de Acordo de Coopera\u00e7\u00e3o \u2013 Polo de Apoio em Potiragu\u00e1<\/p>\n","protected":false},"author":162,"featured_media":0,"parent":0,"menu_order":0,"comment_status":"closed","ping_status":"closed","template":"","meta":[],"_links":{"self":[{"href":"https:\/\/www.ifbaiano.edu.br\/unidades\/itapetinga\/wp-json\/wp\/v2\/pages\/44804"}],"collection":[{"href":"https:\/\/www.ifbaiano.edu.br\/unidades\/itapetinga\/wp-json\/wp\/v2\/pages"}],"about":[{"href":"https:\/\/www.ifbaiano.edu.br\/unidades\/itapetinga\/wp-json\/wp\/v2\/types\/page"}],"author":[{"embeddable":true,"href":"https:\/\/www.ifbaiano.edu.br\/unidades\/itapetinga\/wp-json\/wp\/v2\/users\/162"}],"replies":[{"embeddable":true,"href":"https:\/\/www.ifbaiano.edu.br\/unidades\/itapetinga\/wp-json\/wp\/v2\/comments?post=44804"}],"version-history":[{"count":3,"href":"https:\/\/www.ifbaiano.edu.br\/unidades\/itapetinga\/wp-json\/wp\/v2\/pages\/44804\/revisions"}],"predecessor-version":[{"id":44815,"href":"https:\/\/www.ifbaiano.edu.br\/unidades\/itapetinga\/wp-json\/wp\/v2\/pages\/44804\/revisions\/44815"}],"wp:attachment":[{"href":"https:\/\/www.ifbaiano.edu.br\/unidades\/itapetinga\/wp-json\/wp\/v2\/media?parent=44804"}],"curies":[{"name":"wp","href":"https:\/\/api.w.org\/{rel}","templated":true}]}}