{"id":52,"date":"2011-05-18T18:55:40","date_gmt":"2011-05-18T18:55:40","guid":{"rendered":"http:\/\/localhost\/unidades\/bonfim\/?page_id=52"},"modified":"2024-08-08T13:59:30","modified_gmt":"2024-08-08T16:59:30","slug":"corpo-docente","status":"publish","type":"page","link":"https:\/\/www.ifbaiano.edu.br\/unidades\/itapetinga\/corpo-docente\/","title":{"rendered":"Corpo Docente"},"content":{"rendered":"\n<p>Em, 2024, o quadro funcional do IF Baiano &#8211; Campus Itapetinga \u00e9 composto de 107 servidores, sendo 101 efetivos e 6 substitutos.<\/p>\n\n\n\n<p>No quadro de servidores da categoria docente temos 56 servidores ativos permanentes e 6 professores substitutos, com forma\u00e7\u00e3o acad\u00eamica conforme tabela a seguir:<\/p>\n\n\n\n<figure class=\"wp-block-table\"><table><tbody><tr><td>FORMA\u00c7\u00c3O ACAD\u00caMICA<\/td><td>QUANTIDADE<\/td><\/tr><tr><td>Gradua\u00e7\u00e3o<\/td><td>04<\/td><\/tr><tr><td>Especializa\u00e7\u00e3o<\/td><td>03<\/td><\/tr><tr><td>Mestrado<\/td><td>34<\/td><\/tr><tr><td>Doutorado<\/td><td>21<\/td><\/tr><\/tbody><\/table><\/figure>\n\n\n\n<p><strong>Fonte<\/strong>: SUAP, extra\u00eddo pela servidora Adriana Oliveira<\/p>\n\n\n\n<hr class=\"wp-block-separator has-alpha-channel-opacity\" \/>\n\n\n\n<p style=\"font-size:18px\"><strong>Lista de Docentes<\/strong><\/p>\n\n\n\n<p>ADRIANA VITORIA CARDOSO LOPES<\/p>\n\n\n\n<hr class=\"wp-block-separator has-css-opacity\" \/>\n\n\n\n<p>ALAM F\u00c9LIX DOS SANTOS MOREIRA<\/p>\n\n\n\n<hr class=\"wp-block-separator has-css-opacity\" \/>\n\n\n\n<p>ALANA ROCHA LEMOS<\/p>\n\n\n\n<p>Lates : <a href=\"http:\/\/lattes.cnpq.br\/4472012053905141\" target=\"_blank\" rel=\"noreferrer noopener\">Curr\u00edculo Lattes<\/a><\/p>\n\n\n\n<hr class=\"wp-block-separator has-css-opacity\" \/>\n\n\n\n<p>ALEXANDRA PEREIRA DOS SANTOS<\/p>\n\n\n\n<p>Lates : <a href=\"http:\/\/lattes.cnpq.br\/7616114558248266\" target=\"_blank\" rel=\"noreferrer noopener\">Curr\u00edculo Lattes<\/a> <\/p>\n\n\n\n<hr class=\"wp-block-separator has-css-opacity\" \/>\n\n\n\n<p>CAMILA FONSECA LOPES BRANDAO<\/p>\n\n\n\n<p> Lates : <a href=\"http:\/\/buscatextual.cnpq.br\/buscatextual\/visualizacv.do?id=K4739572Z2&amp;tokenCaptchar=03AFY_a8XMDozm3tfPWWlY31gyrWhdDwRUoozbW-ImvuxIUrkYFTHNRS-T5PxGqdfZtRs21WyWwJIO9KZNhk3L2Xbui7Y-tAR4hBOXDq0UDtPrfSgen1uwfGyHD8fo9HEAvsF-OW6SVzWczu_RgIRVLcn7YPo3cNgG1ER3lJ6yBWz5vIpnPXsfliNIJjMOcx4WVcOs8ZL6PQVTJCx6fsP-so65wTpXPerTqW4xI8mxnVNS8r5xmd-KKXxBDThy8cHzGb-gV5QUU8Kk-_dYZ0-3akxomMGkIRZSOrN4JJmX-6KiW1rkFbpWASn8_eRwLjQ6Te2uU1GUGp-_7C8eET277NrB_FJ-EVpLzuekP3Yz6qu1Eov4h92s7hv4IcXzQUgxk3V3HmmgRlTAhxF7psMwPdV_3S8UdXvUjmRCxqABzoZffMmMds_WbLCVM6uOvqUUMvQgORpBE1ol96skIMWBCDORJzQiGGy5ttyW-ztUbARV_N9YRyUveF9fZ0eD_gGWcGROQ3GmIkuxFuo47gmSGVRcjhL_b-_Iqg\" data-type=\"URL\" data-id=\"http:\/\/buscatextual.cnpq.br\/buscatextual\/visualizacv.do?id=K4739572Z2&amp;tokenCaptchar=03AFY_a8XMDozm3tfPWWlY31gyrWhdDwRUoozbW-ImvuxIUrkYFTHNRS-T5PxGqdfZtRs21WyWwJIO9KZNhk3L2Xbui7Y-tAR4hBOXDq0UDtPrfSgen1uwfGyHD8fo9HEAvsF-OW6SVzWczu_RgIRVLcn7YPo3cNgG1ER3lJ6yBWz5vIpnPXsfliNIJjMOcx4WVcOs8ZL6PQVTJCx6fsP-so65wTpXPerTqW4xI8mxnVNS8r5xmd-KKXxBDThy8cHzGb-gV5QUU8Kk-_dYZ0-3akxomMGkIRZSOrN4JJmX-6KiW1rkFbpWASn8_eRwLjQ6Te2uU1GUGp-_7C8eET277NrB_FJ-EVpLzuekP3Yz6qu1Eov4h92s7hv4IcXzQUgxk3V3HmmgRlTAhxF7psMwPdV_3S8UdXvUjmRCxqABzoZffMmMds_WbLCVM6uOvqUUMvQgORpBE1ol96skIMWBCDORJzQiGGy5ttyW-ztUbARV_N9YRyUveF9fZ0eD_gGWcGROQ3GmIkuxFuo47gmSGVRcjhL_b-_Iqg\" target=\"_blank\" rel=\"noreferrer noopener\">Curr\u00edculo Lattes<\/a>  <\/p>\n\n\n\n<hr class=\"wp-block-separator has-css-opacity\" \/>\n\n\n\n<p>CHARLES LEONEL GALV\u00c3O SANCHES            <\/p>\n\n\n\n<hr class=\"wp-block-separator has-css-opacity\" \/>\n\n\n\n<p>CHINTAMANI SANTANA ALVES<\/p>\n\n\n\n<hr class=\"wp-block-separator has-css-opacity\" \/>\n\n\n\n<p>CHRISTIAN ALBERT CARVALHO DA CRUZ<\/p>\n\n\n\n<p>Lates : <a href=\"http:\/\/lattes.cnpq.br\/3256206840183387\" target=\"_blank\" rel=\"noreferrer noopener\">Curr\u00edculo Lattes<\/a>  <\/p>\n\n\n\n<hr class=\"wp-block-separator has-css-opacity\" \/>\n\n\n\n<p>CINTHIA CARVALHO ALMEIDA<\/p>\n\n\n\n<hr class=\"wp-block-separator has-css-opacity\" \/>\n\n\n\n<p>CL\u00c9SIO RUBENS DE MATOS<\/p>\n\n\n\n<p>Lates : <a href=\"http:\/\/lattes.cnpq.br\/8728454844405883\" target=\"_blank\" rel=\"noreferrer noopener\">Curr\u00edculo Lattes<\/a>   <\/p>\n\n\n\n<hr class=\"wp-block-separator has-css-opacity\" \/>\n\n\n\n<p>CRISTIANE SANTOS BARRETO BASTOS<\/p>\n\n\n\n<p>Lates : <a href=\"http:\/\/lattes.cnpq.br\/2119304511650688\" target=\"_blank\" rel=\"noreferrer noopener\">Curr\u00edculo Lattes<\/a>   <\/p>\n\n\n\n<hr class=\"wp-block-separator has-css-opacity\" \/>\n\n\n\n<p>ELDA ROSA RODRIGUES RIBEIRO DA SILVA<\/p>\n\n\n\n<p>Lates : <a href=\"http:\/\/lattes.cnpq.br\/6909662362792913\" target=\"_blank\" rel=\"noreferrer noopener\">Curr\u00edculo Lattes<\/a>   <\/p>\n\n\n\n<hr class=\"wp-block-separator has-css-opacity\" \/>\n\n\n\n<p>EMANUELA DE SOUZA CORDEIRO<\/p>\n\n\n\n<hr class=\"wp-block-separator has-css-opacity\" \/>\n\n\n\n<p>EMILSON BATISTA DA SILVA<\/p>\n\n\n\n<p>Lates : <a href=\"http:\/\/lattes.cnpq.br\/5505509983431153\" target=\"_blank\" rel=\"noreferrer noopener\">Curr\u00edculo Lattes<\/a>    <\/p>\n\n\n\n<hr class=\"wp-block-separator has-css-opacity\" \/>\n\n\n\n<p>ERIKA FERREIRA DE ABREU MAC CONELL<\/p>\n\n\n\n<p>Lates : <a href=\"http:\/\/lattes.cnpq.br\/9816210170842058\" data-type=\"URL\" data-id=\"http:\/\/lattes.cnpq.br\/9816210170842058\" target=\"_blank\" rel=\"noreferrer noopener\">Curr\u00edculo Lattes<\/a>  <\/p>\n\n\n\n<hr class=\"wp-block-separator has-css-opacity\" \/>\n\n\n\n<p>EUVALDO CONTIGUIBA GOMES<\/p>\n\n\n\n<p>Lates : <a href=\"http:\/\/lattes.cnpq.br\/7062225971004096\" target=\"_blank\" rel=\"noreferrer noopener\">Curr\u00edculo Lattes<\/a>     <\/p>\n\n\n\n<hr class=\"wp-block-separator has-css-opacity\" \/>\n\n\n\n<p>EVANETE MOURA DE CARVALHO<\/p>\n\n\n\n<p>Lates : <a href=\"http:\/\/lattes.cnpq.br\/7613043794947127\" target=\"_blank\" rel=\"noreferrer noopener\">Curr\u00edculo Lattes<\/a>      <\/p>\n\n\n\n<hr class=\"wp-block-separator has-css-opacity\" \/>\n\n\n\n<p>FRANCISCO H\u00c9LIO DE OLIVEIRA<\/p>\n\n\n\n<p>Lates : <a href=\"http:\/\/lattes.cnpq.br\/6813863129338151\" target=\"_blank\" rel=\"noreferrer noopener\">Curr\u00edculo Lattes<\/a>       <\/p>\n\n\n\n<hr class=\"wp-block-separator has-css-opacity\" \/>\n\n\n\n<p>GEAN CARLO SOARES CAPINAN<\/p>\n\n\n\n<p>Lates : <a href=\"http:\/\/lattes.cnpq.br\/7240195871472102\" target=\"_blank\" rel=\"noreferrer noopener\">Curr\u00edculo Lattes<\/a>        <\/p>\n\n\n\n<hr class=\"wp-block-separator has-css-opacity\" \/>\n\n\n\n<p>GEDEVAL PAIVA SILVA<\/p>\n\n\n\n<p> Lates : <a href=\"http:\/\/lattes.cnpq.br\/7240195871472102\" target=\"_blank\" rel=\"noreferrer noopener\">Curr\u00edculo<\/a><a href=\"http:\/\/lattes.cnpq.br\/8286330404801724\"> Lattes<\/a>         <\/p>\n\n\n\n<hr class=\"wp-block-separator has-css-opacity\" \/>\n\n\n\n<p>GERALDO MAGELA RODRIGUES DE ALMEIDA<\/p>\n\n\n\n<hr class=\"wp-block-separator has-css-opacity\" \/>\n\n\n\n<p>GISELE BONFIM LIMA<\/p>\n\n\n\n<p>Lates : <a href=\"http:\/\/lattes.cnpq.br\/9716947324160997\" data-type=\"URL\" data-id=\"http:\/\/lattes.cnpq.br\/9716947324160997\" target=\"_blank\" rel=\"noreferrer noopener\">Curr\u00edculo<\/a><a href=\"http:\/\/lattes.cnpq.br\/8286330404801724\"> <\/a><a href=\"http:\/\/lattes.cnpq.br\/9716947324160997\" target=\"_blank\" rel=\"noreferrer noopener\">Lattes<\/a>          <\/p>\n\n\n\n<hr class=\"wp-block-separator has-css-opacity\" \/>\n\n\n\n<p>ILLA PIRES DE AZEVEDO BRITO<\/p>\n\n\n\n<hr class=\"wp-block-separator has-css-opacity\" \/>\n\n\n\n<p>\u00cdVINA PAULA ALMEIDA DOS SANTOS<\/p>\n\n\n\n<p> Lates : <a href=\"http:\/\/lattes.cnpq.br\/8417470094485045\" data-type=\"URL\" data-id=\"http:\/\/lattes.cnpq.br\/8417470094485045\" target=\"_blank\" rel=\"noreferrer noopener\">Curr\u00edculo Lattes <\/a><\/p>\n\n\n\n<hr class=\"wp-block-separator has-css-opacity\" \/>\n\n\n\n<p>IZANETE MARQUES SOUZA<\/p>\n\n\n\n<p>Lates : <a href=\"http:\/\/lattes.cnpq.br\/2066374419038733\" data-type=\"URL\" data-id=\"http:\/\/lattes.cnpq.br\/2066374419038733\" target=\"_blank\" rel=\"noreferrer noopener\">Curr\u00edculo Lattes<\/a>           <\/p>\n\n\n\n<hr class=\"wp-block-separator has-css-opacity\" \/>\n\n\n\n<p>JACQUELINE FIRMINO DE S\u00c1<\/p>\n\n\n\n<p>Lates : <a href=\"http:\/\/lattes.cnpq.br\/4203981521237485\" data-type=\"URL\" target=\"_blank\" rel=\"noreferrer noopener\">Curr\u00edculo Lattes <\/a>           <\/p>\n\n\n\n<hr class=\"wp-block-separator has-css-opacity\" \/>\n\n\n\n<p>J\u00c9SSICA OLIVEIRA DE CARVALHO<\/p>\n\n\n\n<hr class=\"wp-block-separator has-css-opacity\" \/>\n\n\n\n<p>JOS\u00c9 MICHELANGELO BANDEIRA<\/p>\n\n\n\n<hr class=\"wp-block-separator has-css-opacity\" \/>\n\n\n\n<p>KATIELLE SILVA BRITO KATEIVAS<\/p>\n\n\n\n<p>Lates : <a href=\"http:\/\/lattes.cnpq.br\/1118461136158563\" data-type=\"URL\" data-id=\"http:\/\/lattes.cnpq.br\/1118461136158563\" target=\"_blank\" rel=\"noreferrer noopener\">Curr\u00edculo Lattes<\/a><a href=\"http:\/\/lattes.cnpq.br\/4203981521237485\" data-type=\"URL\"> <\/a>            <\/p>\n\n\n\n<hr class=\"wp-block-separator has-css-opacity\" \/>\n\n\n\n<p>LEANDRO PEREIRA LIMA<\/p>\n\n\n\n<p>Lates : <a href=\"http:\/\/lattes.cnpq.br\/6756231696907166\" data-type=\"URL\" data-id=\"http:\/\/lattes.cnpq.br\/6756231696907166\" target=\"_blank\" rel=\"noreferrer noopener\">Curr\u00edculo Lattes <\/a>             <\/p>\n\n\n\n<hr class=\"wp-block-separator has-css-opacity\" \/>\n\n\n\n<p>LUCAS FERREIRA BORGES<\/p>\n\n\n\n<p>Lates : <a href=\"http:\/\/lattes.cnpq.br\/9662282443790244\" data-type=\"URL\" data-id=\"http:\/\/lattes.cnpq.br\/9662282443790244\" target=\"_blank\" rel=\"noreferrer noopener\">Curr\u00edculo Lattes <\/a>              <\/p>\n\n\n\n<hr class=\"wp-block-separator has-css-opacity\" \/>\n\n\n\n<p>MARA EUGENIA RUGGIERO DE GUZZI<\/p>\n\n\n\n<p>Lates : <a href=\"http:\/\/lattes.cnpq.br\/4289340373751509\" data-type=\"URL\" data-id=\"http:\/\/lattes.cnpq.br\/4289340373751509\" target=\"_blank\" rel=\"noreferrer noopener\">Curr\u00edculo Lattes  <\/a><\/p>\n\n\n\n<hr class=\"wp-block-separator has-css-opacity\" \/>\n\n\n\n<p>MARCUS VINICIUS SOUZA SODR\u00c9<\/p>\n\n\n\n<p>Lates : <a href=\"http:\/\/lattes.cnpq.br\/8889427557952029\" data-type=\"URL\" data-id=\"http:\/\/lattes.cnpq.br\/8889427557952029\" target=\"_blank\" rel=\"noreferrer noopener\">Curr\u00edculo Lattes  <\/a> <\/p>\n\n\n\n<hr class=\"wp-block-separator has-css-opacity\" \/>\n\n\n\n<p>MARIA AURICELIA FERREIRA MARQUES DA SILVA<\/p>\n\n\n\n<hr class=\"wp-block-separator has-css-opacity\" \/>\n\n\n\n<p>MARISE RODRIGUES GUEDES<\/p>\n\n\n\n<p>Lates : <a href=\"http:\/\/lattes.cnpq.br\/3200259337883469\" data-type=\"URL\" data-id=\"http:\/\/lattes.cnpq.br\/3200259337883469\" target=\"_blank\" rel=\"noreferrer noopener\">Curr\u00edculo Lattes<\/a> <\/p>\n\n\n\n<hr class=\"wp-block-separator has-css-opacity\" \/>\n\n\n\n<p>PATRICIA SILVA SANTOS<\/p>\n\n\n\n<p>Lates : <a href=\"http:\/\/lattes.cnpq.br\/0917227848052683\" data-type=\"URL\" data-id=\"http:\/\/lattes.cnpq.br\/0917227848052683\" target=\"_blank\" rel=\"noreferrer noopener\">Curr\u00edculo Lattes<\/a>  <\/p>\n\n\n\n<hr class=\"wp-block-separator has-css-opacity\" \/>\n\n\n\n<p>QUEILA OLIVEIRA DOS SANTOS<\/p>\n\n\n\n<p>Lates : <a href=\"http:\/\/lattes.cnpq.br\/2153328413713184\" data-type=\"URL\" data-id=\"http:\/\/lattes.cnpq.br\/2153328413713184\" target=\"_blank\" rel=\"noreferrer noopener\">Curr\u00edculo Lattes<\/a> <\/p>\n\n\n\n<hr class=\"wp-block-separator has-css-opacity\" \/>\n\n\n\n<p>RAFAEL ASSUMP\u00c7\u00c3O DE ABREU<\/p>\n\n\n\n<p> Lates : <a href=\"http:\/\/lattes.cnpq.br\/9970112770475629\" data-type=\"URL\" data-id=\"http:\/\/lattes.cnpq.br\/9970112770475629\" target=\"_blank\" rel=\"noreferrer noopener\">Curr\u00edculo Lattes<\/a> <\/p>\n\n\n\n<hr class=\"wp-block-separator has-css-opacity\" \/>\n\n\n\n<p>RICARDO MOREIRA SANTOS<\/p>\n\n\n\n<p>Lates : <a href=\"http:\/\/lattes.cnpq.br\/6623747536549937\" data-type=\"URL\" data-id=\"http:\/\/lattes.cnpq.br\/6623747536549937\" target=\"_blank\" rel=\"noreferrer noopener\">Curr\u00edculo Lattes<\/a> <\/p>\n\n\n\n<hr class=\"wp-block-separator has-css-opacity\" \/>\n\n\n\n<p>ROBERTA M\u00c9RCIA RODRIGUES DE OLIVEIRA<\/p>\n\n\n\n<p>Lates : <a href=\"http:\/\/lattes.cnpq.br\/0032618052445855\" data-type=\"URL\" data-id=\"http:\/\/lattes.cnpq.br\/0032618052445855\" target=\"_blank\" rel=\"noreferrer noopener\">Curr\u00edculo Lattes<\/a> <\/p>\n\n\n\n<hr class=\"wp-block-separator has-css-opacity\" \/>\n\n\n\n<p>R\u00d4MULO SP\u00d3SITO DAS VIRGENS<\/p>\n\n\n\n<p>Lates : <a href=\"http:\/\/buscatextual.cnpq.br\/buscatextual\/visualizacv.do?id=K4430757D5&amp;tokenCaptchar=03AFY_a8UY5nzW-tS_qvsML5xL-otwBezI9fSFAaoIdrBoSq8yDqWrfGyfiCEas6xgB2hwJpbg7x1HCjnnzZIycmmd4Wwgtb-aXm45zDqkhwyET664d4zTqj7bh1kXng0vqoxUZFlMfWBMG8T3RGacaGziYwEdBfjNJvueEBsKqmaGKUU2b5X7gOft9ZEXhv7DmOd2oWQnHoHxGT36i7txzEkJuULwV5BF_bHKDli6hK6NYFPvc74p_shdB-Y55gFuVMjGjW_Bex0WEns08Hgpf99tmC18uF0nW5EEpYRH_mhdCtdC5F2HuCJSzIsFMLWpMw1wKWN1hvSK7bVr4Vzon9wnaeKJv9j3jqxss3GPlyXS8hDtp3EtJvoPLR_U8jyQ9CMZ3bbd47oOMQKm5BP8Vllz8j-7GSKQ9_HP9F9XfoxkPX1ynmmzaGNDhyvWQ-ORsYnzpGi5zcR07DDPUrEn__q5gmKeGpoKRA106dsU9Tk1bsH7ZdOgrF1JzhsiiQ5RrYNEDXDLQk-koHrNW_VmFeq-yRZ8g-AaQQ\" data-type=\"URL\" data-id=\"http:\/\/buscatextual.cnpq.br\/buscatextual\/visualizacv.do?id=K4430757D5&amp;tokenCaptchar=03AFY_a8UY5nzW-tS_qvsML5xL-otwBezI9fSFAaoIdrBoSq8yDqWrfGyfiCEas6xgB2hwJpbg7x1HCjnnzZIycmmd4Wwgtb-aXm45zDqkhwyET664d4zTqj7bh1kXng0vqoxUZFlMfWBMG8T3RGacaGziYwEdBfjNJvueEBsKqmaGKUU2b5X7gOft9ZEXhv7DmOd2oWQnHoHxGT36i7txzEkJuULwV5BF_bHKDli6hK6NYFPvc74p_shdB-Y55gFuVMjGjW_Bex0WEns08Hgpf99tmC18uF0nW5EEpYRH_mhdCtdC5F2HuCJSzIsFMLWpMw1wKWN1hvSK7bVr4Vzon9wnaeKJv9j3jqxss3GPlyXS8hDtp3EtJvoPLR_U8jyQ9CMZ3bbd47oOMQKm5BP8Vllz8j-7GSKQ9_HP9F9XfoxkPX1ynmmzaGNDhyvWQ-ORsYnzpGi5zcR07DDPUrEn__q5gmKeGpoKRA106dsU9Tk1bsH7ZdOgrF1JzhsiiQ5RrYNEDXDLQk-koHrNW_VmFeq-yRZ8g-AaQQ\" target=\"_blank\" rel=\"noreferrer noopener\">Curr\u00edculo Lattes<\/a>  <\/p>\n\n\n\n<hr class=\"wp-block-separator has-css-opacity\" \/>\n\n\n\n<p>ROSANA MOURA DE OLIVEIRA<\/p>\n\n\n\n<p> Lates : <a href=\"http:\/\/lattes.cnpq.br\/4918360395678719\" data-type=\"URL\" data-id=\"http:\/\/lattes.cnpq.br\/4918360395678719\" target=\"_blank\" rel=\"noreferrer noopener\">Curr\u00edculo Lattes <\/a><\/p>\n\n\n\n<hr class=\"wp-block-separator has-css-opacity\" \/>\n\n\n\n<p>ROSELY PEREIRA DA SILVA<\/p>\n\n\n\n<p> Lates : <a href=\"http:\/\/lattes.cnpq.br\/3371828571916980\" data-type=\"URL\" data-id=\"http:\/\/lattes.cnpq.br\/3371828571916980\" target=\"_blank\" rel=\"noreferrer noopener\">Curr\u00edculo Lattes<\/a><\/p>\n\n\n\n<hr class=\"wp-block-separator has-css-opacity\" \/>\n\n\n\n<p>SAADIA ALVES SILVA DE MENEZES<\/p>\n\n\n\n<p> Lates : <a href=\"http:\/\/lattes.cnpq.br\/2424197719443447\" data-type=\"URL\" data-id=\"http:\/\/lattes.cnpq.br\/2424197719443447\" target=\"_blank\" rel=\"noreferrer noopener\">Curr\u00edculo Lattes <\/a><\/p>\n\n\n\n<hr class=\"wp-block-separator has-css-opacity\" \/>\n\n\n\n<p>TARCIO MORENO VELOSO DE ANDRADE GUIMAR\u00c3ES<\/p>\n\n\n\n<hr class=\"wp-block-separator has-css-opacity\" \/>\n\n\n\n<p>TIAGO RODRIGO DA SILVA MOTA<\/p>\n\n\n\n<hr class=\"wp-block-separator has-css-opacity\" \/>\n\n\n\n<p>VALMIRO FERREIRA SILVA<\/p>\n\n\n\n<hr class=\"wp-block-separator has-css-opacity\" \/>\n","protected":false},"excerpt":{"rendered":"<p>Em, 2024, o quadro funcional do IF Baiano &#8211; Campus Itapetinga \u00e9 composto de 107 servidores, sendo 101 efetivos e 6 substitutos. No quadro de servidores da categoria docente temos 56 servidores ativos permanentes e 6 professores substitutos, com forma\u00e7\u00e3o acad\u00eamica conforme tabela a seguir: FORMA\u00c7\u00c3O ACAD\u00caMICA QUANTIDADE Gradua\u00e7\u00e3o 04 Especializa\u00e7\u00e3o 03 Mestrado 34 Doutorado [&hellip;]<\/p>\n","protected":false},"author":1,"featured_media":0,"parent":0,"menu_order":0,"comment_status":"closed","ping_status":"closed","template":"","meta":[],"_links":{"self":[{"href":"https:\/\/www.ifbaiano.edu.br\/unidades\/itapetinga\/wp-json\/wp\/v2\/pages\/52"}],"collection":[{"href":"https:\/\/www.ifbaiano.edu.br\/unidades\/itapetinga\/wp-json\/wp\/v2\/pages"}],"about":[{"href":"https:\/\/www.ifbaiano.edu.br\/unidades\/itapetinga\/wp-json\/wp\/v2\/types\/page"}],"author":[{"embeddable":true,"href":"https:\/\/www.ifbaiano.edu.br\/unidades\/itapetinga\/wp-json\/wp\/v2\/users\/1"}],"replies":[{"embeddable":true,"href":"https:\/\/www.ifbaiano.edu.br\/unidades\/itapetinga\/wp-json\/wp\/v2\/comments?post=52"}],"version-history":[{"count":88,"href":"https:\/\/www.ifbaiano.edu.br\/unidades\/itapetinga\/wp-json\/wp\/v2\/pages\/52\/revisions"}],"predecessor-version":[{"id":42644,"href":"https:\/\/www.ifbaiano.edu.br\/unidades\/itapetinga\/wp-json\/wp\/v2\/pages\/52\/revisions\/42644"}],"wp:attachment":[{"href":"https:\/\/www.ifbaiano.edu.br\/unidades\/itapetinga\/wp-json\/wp\/v2\/media?parent=52"}],"curies":[{"name":"wp","href":"https:\/\/api.w.org\/{rel}","templated":true}]}}