{"id":72,"date":"2011-05-18T19:26:20","date_gmt":"2011-05-18T19:26:20","guid":{"rendered":"http:\/\/localhost\/unidades\/bonfim\/?page_id=69"},"modified":"2024-08-07T15:45:10","modified_gmt":"2024-08-07T18:45:10","slug":"ensino-a-distancia","status":"publish","type":"page","link":"https:\/\/www.ifbaiano.edu.br\/unidades\/itapetinga\/ensino-a-distancia\/","title":{"rendered":"T\u00e9cnico Subsequente em Vendas"},"content":{"rendered":"\n<p><strong>Curso T\u00e9cnico Subsequente em Vendas<\/strong><\/p>\n\n\n\n<p><strong>Carga Hor\u00e1ria<\/strong>: 800 Horas<\/p>\n\n\n\n<p><strong>Dura\u00e7\u00e3o<\/strong>: 12 meses<\/p>\n\n\n\n<p><strong>P\u00fablico-Alvo<\/strong>: Egressos do ensino m\u00e9dio interessados em atuar ou que j\u00e1 atuem na fun\u00e7\u00e3o de vendedor ou em fun\u00e7\u00f5es correlatas da \u00e1rea comercial;<\/p>\n\n\n\n<p><strong>\u00c1rea de atua\u00e7\u00e3o<\/strong>: Comercial\/Gerencial.<\/p>\n\n\n\n<p>Ao fim do curso, o estudante estar\u00e1 apto em atuar junto ao setor comercial e \u00e1reas afins com a compet\u00eancia para promover o estudo dos produtos e servi\u00e7os das diversas organiza\u00e7\u00f5es, ocupar fun\u00e7\u00e3o de vendedor ou correlatas e empreender, fundamentados em princ\u00edpios \u00e9ticos, humanos, sociais e ambientais.<\/p>\n\n\n\n<p><strong>Informa\u00e7\u00f5es sobre t\u00edtulo e certificad<\/strong>o: Diploma de t\u00e9cnico em Vendas emitido pelo Instituto Federal Baiano.<\/p>\n\n\n\n<p><\/p>\n\n\n\n<p class=\"has-small-font-size\"><strong>Editais e Documentos<\/strong>:<\/p>\n\n\n\n<p><strong><a href=\"https:\/\/www.ifbaiano.edu.br\/unidades\/itapetinga\/2023\/12\/22\/prosel-curso-tecnico-em-vendas-2024\/\" data-type=\"URL\" data-id=\"https:\/\/www.ifbaiano.edu.br\/unidades\/itapetinga\/2023\/12\/22\/prosel-curso-tecnico-em-vendas-2024\/\">PROSEL 2024<\/a><\/strong><\/p>\n\n\n\n<p><strong><a href=\"https:\/\/www.ifbaiano.edu.br\/unidades\/itapetinga\/2023\/01\/25\/prosel-curso-tecnico-em-vendas\/\" data-type=\"URL\" data-id=\"https:\/\/www.ifbaiano.edu.br\/unidades\/itapetinga\/2023\/01\/25\/prosel-curso-tecnico-em-vendas\/\">PROSEL 2023<\/a><\/strong><\/p>\n\n\n\n<p><\/p>\n","protected":false},"excerpt":{"rendered":"<p>Curso T\u00e9cnico Subsequente em Vendas Carga Hor\u00e1ria: 800 Horas Dura\u00e7\u00e3o: 12 meses P\u00fablico-Alvo: Egressos do ensino m\u00e9dio interessados em atuar ou que j\u00e1 atuem na fun\u00e7\u00e3o de vendedor ou em fun\u00e7\u00f5es correlatas da \u00e1rea comercial; \u00c1rea de atua\u00e7\u00e3o: Comercial\/Gerencial. Ao fim do curso, o estudante estar\u00e1 apto em atuar junto ao setor comercial e \u00e1reas [&hellip;]<\/p>\n","protected":false},"author":1,"featured_media":0,"parent":0,"menu_order":0,"comment_status":"closed","ping_status":"closed","template":"","meta":[],"_links":{"self":[{"href":"https:\/\/www.ifbaiano.edu.br\/unidades\/itapetinga\/wp-json\/wp\/v2\/pages\/72"}],"collection":[{"href":"https:\/\/www.ifbaiano.edu.br\/unidades\/itapetinga\/wp-json\/wp\/v2\/pages"}],"about":[{"href":"https:\/\/www.ifbaiano.edu.br\/unidades\/itapetinga\/wp-json\/wp\/v2\/types\/page"}],"author":[{"embeddable":true,"href":"https:\/\/www.ifbaiano.edu.br\/unidades\/itapetinga\/wp-json\/wp\/v2\/users\/1"}],"replies":[{"embeddable":true,"href":"https:\/\/www.ifbaiano.edu.br\/unidades\/itapetinga\/wp-json\/wp\/v2\/comments?post=72"}],"version-history":[{"count":22,"href":"https:\/\/www.ifbaiano.edu.br\/unidades\/itapetinga\/wp-json\/wp\/v2\/pages\/72\/revisions"}],"predecessor-version":[{"id":42584,"href":"https:\/\/www.ifbaiano.edu.br\/unidades\/itapetinga\/wp-json\/wp\/v2\/pages\/72\/revisions\/42584"}],"wp:attachment":[{"href":"https:\/\/www.ifbaiano.edu.br\/unidades\/itapetinga\/wp-json\/wp\/v2\/media?parent=72"}],"curies":[{"name":"wp","href":"https:\/\/api.w.org\/{rel}","templated":true}]}}