{"id":73,"date":"2024-03-21T09:38:32","date_gmt":"2024-03-21T12:38:32","guid":{"rendered":"http:\/\/localhost\/unidades\/bonfim\/?page_id=73"},"modified":"2025-01-24T14:49:41","modified_gmt":"2025-01-24T17:49:41","slug":"lato-sensu-ensino-ciencias-naturais","status":"publish","type":"page","link":"https:\/\/www.ifbaiano.edu.br\/unidades\/itapetinga\/cursos-lato-sensu\/lato-sensu-ensino-ciencias-naturais\/","title":{"rendered":"Ensino de Ci\u00eancias Naturais e Matem\u00e1tica"},"content":{"rendered":"\n<p><strong>P\u00d3S-GRADUA\u00c7\u00c3O&nbsp;LATO SENSU ENSINO DE CI\u00caNCIAS NATURAIS E MATEM\u00c1TICA<\/strong><\/p>\n\n\n\n<p><em><strong>Qual o objetivo do curso?<\/strong><\/em><\/p>\n\n\n\n<p>Capacitar os professores do Estado da Bahia, especialmente os que atuam no territ\u00f3rio M\u00e9dio Sudoeste, para atuarem nos espa\u00e7os formais e n\u00e3o formais da educa\u00e7\u00e3o, al\u00e9m de fortalecer e ampliar o leque de pesquisa, especialmente aplicada, no IF Baiano, a partir da produ\u00e7\u00e3o cient\u00edfica, tecnol\u00f3gica e cultural.<\/p>\n\n\n\n<p><em><strong>Quem pode se inscrever?<\/strong><\/em><\/p>\n\n\n\n<p>Professores do ensino b\u00e1sico (portadores de diploma de Curso Superior) que ministram aulas de Ci\u00eancias e\/ou Matem\u00e1tica, al\u00e9m de profissionais graduados em F\u00edsica, Qu\u00edmica, Biologia ou Matem\u00e1tica.<\/p>\n\n\n\n<p><strong><em>Qual a carga hor\u00e1ria do curso?<\/em><\/strong><\/p>\n\n\n\n<p>400 horas<\/p>\n\n\n\n<p><em><strong>Quando s\u00e3o as aulas?<\/strong><\/em><\/p>\n\n\n\n<p>Geralmente quinzenais, \u00e0s sextas-feiras e s\u00e1bados;<\/p>\n\n\n\n<p><em><strong>Onde posso obter mais informa\u00e7\u00f5es<\/strong>?<\/em><\/p>\n\n\n\n<p>pgcienciasematematica@itapetinga.ifbaiano.edu.br<\/p>\n\n\n\n<figure class=\"wp-block-image size-full\"><a href=\"https:\/\/www.ifbaiano.edu.br\/unidades\/itapetinga\/files\/2024\/05\/image-1.png\"><img decoding=\"async\" loading=\"lazy\" width=\"663\" height=\"502\" src=\"https:\/\/www.ifbaiano.edu.br\/unidades\/itapetinga\/files\/2024\/05\/image-1.png\" alt=\"\" class=\"wp-image-42348\" \/><\/a><\/figure>\n\n\n\n<hr class=\"wp-block-separator has-alpha-channel-opacity\" \/>\n\n\n\n<p class=\"has-small-font-size\">Editais e Documentos:<\/p>\n\n\n\n<p><strong><a href=\"https:\/\/www.ifbaiano.edu.br\/unidades\/itapetinga\/files\/2024\/05\/Informacoes-Pos-Ensino-de-Ciencias.pdf\" data-type=\"URL\" data-id=\"https:\/\/www.ifbaiano.edu.br\/unidades\/itapetinga\/files\/2024\/05\/Informacoes-Pos-Ensino-de-Ciencias.pdf\">Informa\u00e7\u00f5es<\/a><\/strong><\/p>\n","protected":false},"excerpt":{"rendered":"<p>P\u00d3S-GRADUA\u00c7\u00c3O&nbsp;LATO SENSU ENSINO DE CI\u00caNCIAS NATURAIS E MATEM\u00c1TICA Qual o objetivo do curso? Capacitar os professores do Estado da Bahia, especialmente os que atuam no territ\u00f3rio M\u00e9dio Sudoeste, para atuarem nos espa\u00e7os formais e n\u00e3o formais da educa\u00e7\u00e3o, al\u00e9m de fortalecer e ampliar o leque de pesquisa, especialmente aplicada, no IF Baiano, a partir da [&hellip;]<\/p>\n","protected":false},"author":158,"featured_media":0,"parent":41966,"menu_order":0,"comment_status":"closed","ping_status":"closed","template":"","meta":[],"_links":{"self":[{"href":"https:\/\/www.ifbaiano.edu.br\/unidades\/itapetinga\/wp-json\/wp\/v2\/pages\/73"}],"collection":[{"href":"https:\/\/www.ifbaiano.edu.br\/unidades\/itapetinga\/wp-json\/wp\/v2\/pages"}],"about":[{"href":"https:\/\/www.ifbaiano.edu.br\/unidades\/itapetinga\/wp-json\/wp\/v2\/types\/page"}],"author":[{"embeddable":true,"href":"https:\/\/www.ifbaiano.edu.br\/unidades\/itapetinga\/wp-json\/wp\/v2\/users\/158"}],"replies":[{"embeddable":true,"href":"https:\/\/www.ifbaiano.edu.br\/unidades\/itapetinga\/wp-json\/wp\/v2\/comments?post=73"}],"version-history":[{"count":60,"href":"https:\/\/www.ifbaiano.edu.br\/unidades\/itapetinga\/wp-json\/wp\/v2\/pages\/73\/revisions"}],"predecessor-version":[{"id":43879,"href":"https:\/\/www.ifbaiano.edu.br\/unidades\/itapetinga\/wp-json\/wp\/v2\/pages\/73\/revisions\/43879"}],"up":[{"embeddable":true,"href":"https:\/\/www.ifbaiano.edu.br\/unidades\/itapetinga\/wp-json\/wp\/v2\/pages\/41966"}],"wp:attachment":[{"href":"https:\/\/www.ifbaiano.edu.br\/unidades\/itapetinga\/wp-json\/wp\/v2\/media?parent=73"}],"curies":[{"name":"wp","href":"https:\/\/api.w.org\/{rel}","templated":true}]}}