{"id":11262,"date":"2018-09-05T15:58:44","date_gmt":"2018-09-05T18:58:44","guid":{"rendered":"http:\/\/www.ifbaiano.edu.br\/unidades\/lapa\/?page_id=11262"},"modified":"2018-09-05T16:29:34","modified_gmt":"2018-09-05T19:29:34","slug":"pincel","status":"publish","type":"page","link":"https:\/\/www.ifbaiano.edu.br\/unidades\/lapa\/pincel\/","title":{"rendered":"Programa de Incentivo \u00e0 Cultura, Esporte e Lazer &#8211; PINCEL"},"content":{"rendered":"<div id=\"ProreitoriaTopoTitulo\">O Programa<\/div>\n<p style=\"text-align: justify\">O Programa de Incentivo \u00e0 Cultura, Esporte e Lazer \u2013 PINCEL visa propiciar aos estudantes a participa\u00e7\u00e3o em atividades art\u00edsticas culturais, esportivas e de lazer, visando \u00e0 melhoria do desempenho acad\u00eamico, \u00e0 produ\u00e7\u00e3o do conhecimento e \u00e0 plena forma\u00e7\u00e3o cidad\u00e3.<\/p>\n<div id=\"ProreitoriaTopoTitulo\">Objetivos<\/div>\n<ol type=\"I\">\n<li style=\"text-align: justify\">Colaborar para o desenvolvimento integral do(a) estudante favorecendo a sua perman\u00eancia e o \u00eaxito no processo formativo;<\/li>\n<li style=\"text-align: justify\">Contribuir para o aperfei\u00e7oamento e a manuten\u00e7\u00e3o da sa\u00fade f\u00edsica e mental dos(as) discentes;<\/li>\n<li style=\"text-align: justify\">Propiciar \u00e0 participa\u00e7\u00e3o dos(as) discentes em eventos internos, locais, regionais, nacionais e internacionais de natureza art\u00edstico-cultural, esportivos e de lazer;<\/li>\n<li style=\"text-align: justify\">Apoiar a divulga\u00e7\u00e3o, em \u00e2mbito regional, nacional e internacional, da produ\u00e7\u00e3o art\u00edstico-cultural desenvolvida no \u00e2mbito do IF Baiano;<\/li>\n<li style=\"text-align: justify\">Facilitar a integra\u00e7\u00e3o dos(as) discentes do IF Baiano com docentes e discentes de outras IES brasileiras e estrangeiras;<\/li>\n<li style=\"text-align: justify\">Incentivar e promover a\u00e7\u00f5es que contribuam para a democratiza\u00e7\u00e3o das atividades desportivas e outras atividades f\u00edsicas formativas;<\/li>\n<li style=\"text-align: justify\">Promover e valorizar as formas tradicionais de atividades l\u00fadicas, contribuindo para o desenvolvimento social dos discentes e do patrim\u00f4nio cultural institucional;<\/li>\n<li style=\"text-align: justify\">Contribui\u00e7\u00e3o para a melhoria da sa\u00fade e bem-estar, diminui\u00e7\u00e3o do isolamento e exclus\u00e3o social dos(as) discentes por meio do desenvolvimento de a\u00e7\u00f5es coletivas;<\/li>\n<li style=\"text-align: justify\">Inclus\u00e3o de atividades f\u00edsicas e culturais no quotidiano dos(as) discentes, com vistas \u00e0 concilia\u00e7\u00e3o das mesmas com a vida pessoal, familiar e profissional dos(as) estudantes.<\/li>\n<\/ol>\n<div id=\"ProreitoriaTopoTitulo\">Benef\u00edcios do PINCEL<\/div>\n<ol type=\"I\">\n<li>Aux\u00edlio participa\u00e7\u00e3o em atividades esportivas;<\/li>\n<li>Aux\u00edlio participa\u00e7\u00e3o em atividades art\u00edsticas e culturais.<\/li>\n<\/ol>\n<div id=\"ProreitoriaTopoTitulo\">A\u00e7\u00f5es<\/div>\n<p style=\"text-align: justify\">O PINCEL est\u00e1 sendo implementado atrav\u00e9s de a\u00e7\u00f5es em parceria com as coordena\u00e7\u00f5es de ensino, pesquisa e extens\u00e3o. Atualmente temos 197 discente participando do Programa atrav\u00e9s da oferta de vagas nas seguintes atividades:<\/p>\n<ol type=\"I\">\n<li>Grupo de teatro;<\/li>\n<li>Grupo de dan\u00e7a;<\/li>\n<li>Xadrez;<\/li>\n<li>Futebol de sal\u00e3o;<\/li>\n<li>Voleibol;<\/li>\n<li>Canto Coral;<\/li>\n<li>Grupo de Flauta Doce;<\/li>\n<li>Curso de Viol\u00e3o.<\/li>\n<\/ol>\n<div id=\"ProreitoriaTopoTitulo\">Equipe<\/div>\n<p>Mois\u00e9s silva Mendes \u2013 Docente<br \/>\nPresidente da Comiss\u00e3o<br \/>\nE-MAIL: moises.mendes@ifbaiano.edu.br<br \/>\nHania Gracielle Brito Soares da Silva \u2013 Assistente de Alunos<br \/>\nE-MAIL: hania.silva@ifbaiano.edu.br<br \/>\nCyntia Layane Gusm\u00e3o Souza Sampaio \u2013 Assistente Social<br \/>\nE-MAIL: cyntia.souza@ifbaiano.edu.br<br \/>\nAline Soares de Lima &#8211; Psic\u00f3loga<br \/>\nE-MAIL: aline.soares@ifbaiano.edu.br<br \/>\nJunio Cust\u00f3dio Batista \u2013 T\u00e9cnico em Assuntos Educacionais<br \/>\nE-MAIL: junio.batista@ifbaiano.edu.br<br \/>\nCl\u00e9lia Gomes dos Santos \u2013 Docente<br \/>\nE-MAIL:clelia.santos@ifbaiano.edu.br<br \/>\nEberson Luiz Mota Teixeira \u2013 Docente<br \/>\nE-MAIL:eberson.teixeira@ifbaiano.edu.br<br \/>\nValquiria Freitas de Vasconcelos Ara\u00fajo \u2013 Docente<br \/>\nE-MAIL: valquiria.araujo@ifbaiano.edu.br<br \/>\nWilliam de Oliveira Nascimento \u2013 Docente<br \/>\nE-MAIL;william.nascimento@ifbaiano.edu.br<\/p>\n<div id=\"ProreitoriaTopoTitulo\">Discentes<\/div>\n<p>Wilber Gomes da Silva<br \/>\nE-mail: wilbergsilva@gmail.com<br \/>\nEmanuelle Felipe Alves<br \/>\nE-mail: felipe16emanuelle@gmail.com<br \/>\nLincon Macedo Pereira<br \/>\nE-mail: solangell@hotmail.com.br<br \/>\nLet\u00edcia Elizabete Fran\u00e7a de Souza<br \/>\nE-mail: letybeth10@gmail.com<\/p>\n","protected":false},"excerpt":{"rendered":"<p>O Programa O Programa de Incentivo \u00e0 Cultura, Esporte e Lazer \u2013 PINCEL visa propiciar aos estudantes a participa\u00e7\u00e3o em atividades art\u00edsticas culturais, esportivas e de lazer, visando \u00e0 melhoria do desempenho acad\u00eamico, \u00e0 produ\u00e7\u00e3o do conhecimento e \u00e0 plena forma\u00e7\u00e3o cidad\u00e3. Objetivos Colaborar para o desenvolvimento integral do(a) estudante favorecendo a sua perman\u00eancia e [&hellip;]<\/p>\n","protected":false},"author":95,"featured_media":0,"parent":0,"menu_order":0,"comment_status":"closed","ping_status":"closed","template":"","meta":[],"_links":{"self":[{"href":"https:\/\/www.ifbaiano.edu.br\/unidades\/lapa\/wp-json\/wp\/v2\/pages\/11262"}],"collection":[{"href":"https:\/\/www.ifbaiano.edu.br\/unidades\/lapa\/wp-json\/wp\/v2\/pages"}],"about":[{"href":"https:\/\/www.ifbaiano.edu.br\/unidades\/lapa\/wp-json\/wp\/v2\/types\/page"}],"author":[{"embeddable":true,"href":"https:\/\/www.ifbaiano.edu.br\/unidades\/lapa\/wp-json\/wp\/v2\/users\/95"}],"replies":[{"embeddable":true,"href":"https:\/\/www.ifbaiano.edu.br\/unidades\/lapa\/wp-json\/wp\/v2\/comments?post=11262"}],"version-history":[{"count":6,"href":"https:\/\/www.ifbaiano.edu.br\/unidades\/lapa\/wp-json\/wp\/v2\/pages\/11262\/revisions"}],"predecessor-version":[{"id":11271,"href":"https:\/\/www.ifbaiano.edu.br\/unidades\/lapa\/wp-json\/wp\/v2\/pages\/11262\/revisions\/11271"}],"wp:attachment":[{"href":"https:\/\/www.ifbaiano.edu.br\/unidades\/lapa\/wp-json\/wp\/v2\/media?parent=11262"}],"curies":[{"name":"wp","href":"https:\/\/api.w.org\/{rel}","templated":true}]}}