{"id":11965,"date":"2019-03-07T08:59:04","date_gmt":"2019-03-07T11:59:04","guid":{"rendered":"http:\/\/www.ifbaiano.edu.br\/unidades\/lapa\/?page_id=11965"},"modified":"2019-03-07T08:59:04","modified_gmt":"2019-03-07T11:59:04","slug":"coordenacao-finandeira-e-contabil-cfc","status":"publish","type":"page","link":"https:\/\/www.ifbaiano.edu.br\/unidades\/lapa\/coordenacao-finandeira-e-contabil-cfc\/","title":{"rendered":"Coordena\u00e7\u00e3o Finandeira e Cont\u00e1bil &#8211; CFC"},"content":{"rendered":"<p style=\"text-align: justify\"><strong>Respons\u00e1vel pela Coordena\u00e7\u00e3o<\/strong>: Mileide de Souza Carvalho<\/p>\n<p style=\"text-align: justify\"><strong>Contato<\/strong>: mileide.carvalho@ifbaiano.edu.br<\/p>\n","protected":false},"excerpt":{"rendered":"<p>Respons\u00e1vel pela Coordena\u00e7\u00e3o: Mileide de Souza Carvalho Contato: mileide.carvalho@ifbaiano.edu.br<\/p>\n","protected":false},"author":100,"featured_media":0,"parent":0,"menu_order":0,"comment_status":"closed","ping_status":"closed","template":"","meta":[],"_links":{"self":[{"href":"https:\/\/www.ifbaiano.edu.br\/unidades\/lapa\/wp-json\/wp\/v2\/pages\/11965"}],"collection":[{"href":"https:\/\/www.ifbaiano.edu.br\/unidades\/lapa\/wp-json\/wp\/v2\/pages"}],"about":[{"href":"https:\/\/www.ifbaiano.edu.br\/unidades\/lapa\/wp-json\/wp\/v2\/types\/page"}],"author":[{"embeddable":true,"href":"https:\/\/www.ifbaiano.edu.br\/unidades\/lapa\/wp-json\/wp\/v2\/users\/100"}],"replies":[{"embeddable":true,"href":"https:\/\/www.ifbaiano.edu.br\/unidades\/lapa\/wp-json\/wp\/v2\/comments?post=11965"}],"version-history":[{"count":1,"href":"https:\/\/www.ifbaiano.edu.br\/unidades\/lapa\/wp-json\/wp\/v2\/pages\/11965\/revisions"}],"predecessor-version":[{"id":11966,"href":"https:\/\/www.ifbaiano.edu.br\/unidades\/lapa\/wp-json\/wp\/v2\/pages\/11965\/revisions\/11966"}],"wp:attachment":[{"href":"https:\/\/www.ifbaiano.edu.br\/unidades\/lapa\/wp-json\/wp\/v2\/media?parent=11965"}],"curies":[{"name":"wp","href":"https:\/\/api.w.org\/{rel}","templated":true}]}}