{"id":15266,"date":"2019-12-09T10:26:21","date_gmt":"2019-12-09T13:26:21","guid":{"rendered":"http:\/\/www.ifbaiano.edu.br\/unidades\/lapa\/?page_id=15266"},"modified":"2019-12-09T10:32:00","modified_gmt":"2019-12-09T13:32:00","slug":"requerimentos-discentes-2018","status":"publish","type":"page","link":"https:\/\/www.ifbaiano.edu.br\/unidades\/lapa\/requerimentos-discentes-2018\/","title":{"rendered":"Requerimentos Discentes 2018"},"content":{"rendered":"\n<div id=\"ProreitoriaTopoTitulo\">Especializa\u00e7\u00e3o em Educa\u00e7\u00e3o Matem\u00e1tica \u2013 2018<\/div>\n<table style=\"width: 100%;border-color: white\" border=\"0\" rules=\"rows\" bgcolor=\"#EEEEEE\">\n<tbody>\n<tr>\n<td>&nbsp;<\/td>\n<td><b>Descri\u00e7\u00e3o<\/b><\/td>\n<td><b>Data publica\u00e7\u00e3o<\/b><\/td>\n<\/tr>\n<tr>\n<td width=\"5%\"><a href=\"http:\/\/www.ifbaiano.edu.br\/unidades\/lapa\/files\/2014\/04\/Parecer_01-2018-Especializacao_Educacao_Matematica.pdf\"><img decoding=\"async\" src=\"http:\/\/www.ifbaiano.edu.br\/unidades\/lapa\/files\/2016\/07\/icone1.png\" width=\"20\"><\/a><\/td>\n<td width=\"75%\"><a href=\"http:\/\/www.ifbaiano.edu.br\/unidades\/lapa\/files\/2014\/04\/Parecer_01-2018-Especializacao_Educacao_Matematica.pdf\" target=\"_blank\" rel=\"noopener noreferrer\"><b>Publica\u00e7\u00e3o n\u00ba 01<\/b><\/a><\/td>\n<td width=\"20%\">21\/09\/2018<\/td>\n<\/tr>\n<\/tbody>\n<\/table>\n<hr>\n<div id=\"ProreitoriaTopoTitulo\">Especializa\u00e7\u00e3o em Educa\u00e7\u00e3o do Campo \u2013 2018<\/div>\n<table style=\"width: 100%;border-color: white\" border=\"0\" rules=\"rows\" bgcolor=\"#EEEEEE\">\n<tbody>\n<tr>\n<td>&nbsp;<\/td>\n<td><b>Descri\u00e7\u00e3o<\/b><\/td>\n<td><b>Data publica\u00e7\u00e3o<\/b><\/td>\n<\/tr>\n<tr>\n<td width=\"5%\"><a href=\"http:\/\/www.ifbaiano.edu.br\/unidades\/lapa\/files\/2014\/04\/PARECER-02__22-03-2018.pdf\"><img decoding=\"async\" src=\"http:\/\/www.ifbaiano.edu.br\/unidades\/lapa\/files\/2016\/07\/icone1.png\" width=\"20\"><\/a><\/td>\n<td width=\"75%\"><a href=\"http:\/\/www.ifbaiano.edu.br\/unidades\/lapa\/files\/2014\/04\/PARECER-02__22-03-2018.pdf\" target=\"_blank\" rel=\"noopener noreferrer\"><b>Publica\u00e7\u00e3o n\u00ba 02<\/b><\/a><\/td>\n<td width=\"20%\">22\/03\/2018<\/td>\n<\/tr>\n<tr>\n<td width=\"5%\"><a href=\"http:\/\/www.ifbaiano.edu.br\/unidades\/lapa\/files\/2014\/04\/PARECER_01__15-02-2018.pdf\"><img decoding=\"async\" src=\"http:\/\/www.ifbaiano.edu.br\/unidades\/lapa\/files\/2016\/07\/icone1.png\" width=\"20\"><\/a><\/td>\n<td width=\"75%\"><a href=\"http:\/\/www.ifbaiano.edu.br\/unidades\/lapa\/files\/2014\/04\/PARECER_01__15-02-2018.pdf\" target=\"_blank\" rel=\"noopener noreferrer\"><b>Publica\u00e7\u00e3o n\u00ba 01<\/b><\/a><\/td>\n<td width=\"20%\">22\/02\/2018<\/td>\n<\/tr>\n<\/tbody>\n<\/table>\n<hr>\n<div id=\"ProreitoriaTopoTitulo\">Diretoria Acad\u00eamica \u2013 2018<\/div>\n<table style=\"width: 100%;border-color: white\" border=\"0\" rules=\"rows\" bgcolor=\"#EEEEEE\">\n<tbody>\n<tr>\n<td>&nbsp;<\/td>\n<td><b>Descri\u00e7\u00e3o<\/b><\/td>\n<td><b>Data publica\u00e7\u00e3o<\/b><\/td>\n<\/tr>\n<tr>\n<td width=\"5%\"><a href=\"http:\/\/www.ifbaiano.edu.br\/unidades\/lapa\/files\/2014\/04\/PARECER_17-2018.pdf\"><img decoding=\"async\" src=\"http:\/\/www.ifbaiano.edu.br\/unidades\/lapa\/files\/2016\/07\/icone1.png\" width=\"20\"><\/a><\/td>\n<td width=\"75%\"><a href=\"http:\/\/www.ifbaiano.edu.br\/unidades\/lapa\/files\/2014\/04\/PARECER_17-2018.pdf\" target=\"_blank\" rel=\"noopener noreferrer\"><b>Publica\u00e7\u00e3o n\u00ba 17<\/b><\/a><\/td>\n<td width=\"20%\">21\/12\/2018<\/td>\n<\/tr>\n<tr>\n<td width=\"5%\"><a href=\"http:\/\/www.ifbaiano.edu.br\/unidades\/lapa\/files\/2014\/04\/PARECER_16-2018.pdf\"><img decoding=\"async\" src=\"http:\/\/www.ifbaiano.edu.br\/unidades\/lapa\/files\/2016\/07\/icone1.png\" width=\"20\"><\/a><\/td>\n<td width=\"75%\"><a href=\"http:\/\/www.ifbaiano.edu.br\/unidades\/lapa\/files\/2014\/04\/PARECER_16-2018.pdf\" target=\"_blank\" rel=\"noopener noreferrer\"><b>Publica\u00e7\u00e3o n\u00ba 16<\/b><\/a><\/td>\n<td width=\"20%\">18\/12\/2018<\/td>\n<\/tr>\n<tr>\n<td width=\"5%\"><a href=\"http:\/\/www.ifbaiano.edu.br\/unidades\/lapa\/files\/2014\/04\/PARECER_15-2018.pdf\"><img decoding=\"async\" src=\"http:\/\/www.ifbaiano.edu.br\/unidades\/lapa\/files\/2016\/07\/icone1.png\" width=\"20\"><\/a><\/td>\n<td width=\"75%\"><a href=\"http:\/\/www.ifbaiano.edu.br\/unidades\/lapa\/files\/2014\/04\/PARECER_15-2018.pdf\" target=\"_blank\" rel=\"noopener noreferrer\"><b>Publica\u00e7\u00e3o n\u00ba 15<\/b><\/a><\/td>\n<td width=\"20%\">30\/11\/2018<\/td>\n<\/tr>\n<tr>\n<td width=\"5%\"><a href=\"http:\/\/www.ifbaiano.edu.br\/unidades\/lapa\/files\/2014\/04\/PARECER_14-2018.pdf\"><img decoding=\"async\" src=\"http:\/\/www.ifbaiano.edu.br\/unidades\/lapa\/files\/2016\/07\/icone1.png\" width=\"20\"><\/a><\/td>\n<td width=\"75%\"><a href=\"http:\/\/www.ifbaiano.edu.br\/unidades\/lapa\/files\/2014\/04\/PARECER_14-2018.pdf\" target=\"_blank\" rel=\"noopener noreferrer\"><b>Publica\u00e7\u00e3o n\u00ba 14<\/b><\/a><\/td>\n<td width=\"20%\">20\/11\/2018<\/td>\n<\/tr>\n<tr>\n<td width=\"5%\"><a href=\"http:\/\/www.ifbaiano.edu.br\/unidades\/lapa\/files\/2014\/04\/PARECER_13-2018.pdf\"><img decoding=\"async\" src=\"http:\/\/www.ifbaiano.edu.br\/unidades\/lapa\/files\/2016\/07\/icone1.png\" width=\"20\"><\/a><\/td>\n<td width=\"75%\"><a href=\"http:\/\/www.ifbaiano.edu.br\/unidades\/lapa\/files\/2014\/04\/PARECER_13-2018.pdf\" target=\"_blank\" rel=\"noopener noreferrer\"><b>Publica\u00e7\u00e3o n\u00ba 13<\/b><\/a><\/td>\n<td width=\"20%\">13\/11\/2018<\/td>\n<\/tr>\n<tr>\n<td width=\"5%\"><a href=\"http:\/\/www.ifbaiano.edu.br\/unidades\/lapa\/files\/2014\/04\/PARECER_12_2018.pdf\"><img decoding=\"async\" src=\"http:\/\/www.ifbaiano.edu.br\/unidades\/lapa\/files\/2016\/07\/icone1.png\" width=\"20\"><\/a><\/td>\n<td width=\"75%\"><a href=\"http:\/\/www.ifbaiano.edu.br\/unidades\/lapa\/files\/2014\/04\/PARECER_12_2018.pdf\" target=\"_blank\" rel=\"noopener noreferrer\"><b>Publica\u00e7\u00e3o n\u00ba 12<\/b><\/a><\/td>\n<td width=\"20%\">01\/11\/2018<\/td>\n<\/tr>\n<tr>\n<td width=\"5%\"><a href=\"http:\/\/www.ifbaiano.edu.br\/unidades\/lapa\/files\/2014\/04\/PARECER_11_2018.pdf\"><img decoding=\"async\" src=\"http:\/\/www.ifbaiano.edu.br\/unidades\/lapa\/files\/2016\/07\/icone1.png\" width=\"20\"><\/a><\/td>\n<td width=\"75%\"><a href=\"http:\/\/www.ifbaiano.edu.br\/unidades\/lapa\/files\/2014\/04\/PARECER_11_2018.pdf\" target=\"_blank\" rel=\"noopener noreferrer\"><b>Publica\u00e7\u00e3o n\u00ba 11<\/b><\/a><\/td>\n<td width=\"20%\">24\/10\/2018<\/td>\n<\/tr>\n<tr>\n<td width=\"5%\"><a href=\"http:\/\/www.ifbaiano.edu.br\/unidades\/lapa\/files\/2018\/09\/Retificacao_parecer_10-2018.pdf\"><img decoding=\"async\" src=\"http:\/\/www.ifbaiano.edu.br\/unidades\/lapa\/files\/2016\/07\/icone1.png\" width=\"20\"><\/a><\/td>\n<td width=\"75%\"><a href=\"http:\/\/www.ifbaiano.edu.br\/unidades\/lapa\/files\/2018\/09\/Retificacao_parecer_10-2018.pdf\" target=\"_blank\" rel=\"noopener noreferrer\"><b>Retifica\u00e7\u00e3o Publica\u00e7\u00e3o n\u00ba 10<\/b><\/a><\/td>\n<td width=\"20%\">26\/09\/2018<\/td>\n<\/tr>\n<tr>\n<td width=\"5%\"><a href=\"http:\/\/www.ifbaiano.edu.br\/unidades\/lapa\/files\/2014\/04\/PARECER_10_DE_21_DE_SETEMBRO_DE_2018.pdf\"><img decoding=\"async\" src=\"http:\/\/www.ifbaiano.edu.br\/unidades\/lapa\/files\/2016\/07\/icone1.png\" width=\"20\"><\/a><\/td>\n<td width=\"75%\"><a href=\"http:\/\/www.ifbaiano.edu.br\/unidades\/lapa\/files\/2014\/04\/PARECER_10_DE_21_DE_SETEMBRO_DE_2018.pdf\" target=\"_blank\" rel=\"noopener noreferrer\"><b>Publica\u00e7\u00e3o n\u00ba 10<\/b><\/a><\/td>\n<td width=\"20%\">21\/09\/2018<\/td>\n<\/tr>\n<tr>\n<td width=\"5%\"><a href=\"http:\/\/www.ifbaiano.edu.br\/unidades\/lapa\/files\/2014\/04\/Parecer-sobre-requerimentos-discentes-Publica\u00e7\u00e3o-n\u00ba-08.pdf\"><img decoding=\"async\" src=\"http:\/\/www.ifbaiano.edu.br\/unidades\/lapa\/files\/2016\/07\/icone1.png\" width=\"20\"><\/a><\/td>\n<td width=\"75%\"><a href=\"http:\/\/www.ifbaiano.edu.br\/unidades\/lapa\/files\/2014\/04\/Parecer-sobre-requerimentos-discentes-Publica\u00e7\u00e3o-n\u00ba-08.pdf\" target=\"_blank\" rel=\"noopener noreferrer\"><b>Publica\u00e7\u00e3o n\u00ba 08<\/b><\/a><\/td>\n<td width=\"20%\">03\/08\/2018<\/td>\n<\/tr>\n<tr>\n<td width=\"5%\"><a href=\"http:\/\/www.ifbaiano.edu.br\/unidades\/lapa\/files\/2014\/04\/PARECER-07-DE-26-DE-JUNHO-DE-2018.pdf\"><img decoding=\"async\" src=\"http:\/\/www.ifbaiano.edu.br\/unidades\/lapa\/files\/2016\/07\/icone1.png\" width=\"20\"><\/a><\/td>\n<td width=\"75%\"><a href=\"http:\/\/www.ifbaiano.edu.br\/unidades\/lapa\/files\/2014\/04\/PARECER-07-DE-26-DE-JUNHO-DE-2018.pdf\" target=\"_blank\" rel=\"noopener noreferrer\"><b>Publica\u00e7\u00e3o n\u00ba 07<\/b><\/a><\/td>\n<td width=\"20%\">27\/06\/2018<\/td>\n<\/tr>\n<tr>\n<td width=\"5%\"><a href=\"http:\/\/www.ifbaiano.edu.br\/unidades\/lapa\/files\/2014\/04\/PARECER_06_DE_19_DE_MAIO_DE_2018.pdf\"><img decoding=\"async\" src=\"http:\/\/www.ifbaiano.edu.br\/unidades\/lapa\/files\/2016\/07\/icone1.png\" width=\"20\"><\/a><\/td>\n<td width=\"75%\"><a href=\"http:\/\/www.ifbaiano.edu.br\/unidades\/lapa\/files\/2014\/04\/PARECER_06_DE_19_DE_MAIO_DE_2018.pdf\" target=\"_blank\" rel=\"noopener noreferrer\"><b>Publica\u00e7\u00e3o n\u00ba 06<\/b><\/a><\/td>\n<td width=\"20%\">19\/05\/2018<\/td>\n<\/tr>\n<tr>\n<td width=\"5%\"><a href=\"http:\/\/www.ifbaiano.edu.br\/unidades\/lapa\/files\/2014\/04\/PARECER-05-DE-27-DE-ABRIL-DE-2018.pdf\"><img decoding=\"async\" src=\"http:\/\/www.ifbaiano.edu.br\/unidades\/lapa\/files\/2016\/07\/icone1.png\" width=\"20\"><\/a><\/td>\n<td width=\"75%\"><a href=\"http:\/\/www.ifbaiano.edu.br\/unidades\/lapa\/files\/2014\/04\/PARECER-05-DE-27-DE-ABRIL-DE-2018.pdf\" target=\"_blank\" rel=\"noopener noreferrer\"><b>Publica\u00e7\u00e3o n\u00ba 05<\/b><\/a><\/td>\n<td width=\"20%\">27\/04\/2018<\/td>\n<\/tr>\n<tr>\n<td width=\"5%\"><a href=\"http:\/\/www.ifbaiano.edu.br\/unidades\/lapa\/files\/2014\/04\/PARECER_04_DE_09_ABRIL_2018_2.pdf\"><img decoding=\"async\" src=\"http:\/\/www.ifbaiano.edu.br\/unidades\/lapa\/files\/2016\/07\/icone1.png\" width=\"20\"><\/a><\/td>\n<td width=\"75%\"><a href=\"http:\/\/www.ifbaiano.edu.br\/unidades\/lapa\/files\/2014\/04\/PARECER_04_DE_09_ABRIL_2018_2.pdf\" target=\"_blank\" rel=\"noopener noreferrer\"><b>Publica\u00e7\u00e3o n\u00ba 04<\/b><\/a><\/td>\n<td width=\"20%\">09\/04\/2018<\/td>\n<\/tr>\n<tr>\n<td width=\"5%\"><a href=\"http:\/\/www.ifbaiano.edu.br\/unidades\/lapa\/files\/2014\/04\/PARECER_03_09_03_2018.pdf\"><img decoding=\"async\" src=\"http:\/\/www.ifbaiano.edu.br\/unidades\/lapa\/files\/2016\/07\/icone1.png\" width=\"20\"><\/a><\/td>\n<td width=\"75%\"><a href=\"http:\/\/www.ifbaiano.edu.br\/unidades\/lapa\/files\/2014\/04\/PARECER_03_09_03_2018.pdf\" target=\"_blank\" rel=\"noopener noreferrer\"><b>Publica\u00e7\u00e3o n\u00ba 03<\/b><\/a><\/td>\n<td width=\"20%\">09\/03\/2018<\/td>\n<\/tr>\n<tr>\n<td width=\"5%\"><a href=\"http:\/\/www.ifbaiano.edu.br\/unidades\/lapa\/files\/2014\/04\/PARECER-02-DE-MAR\u00c7O-DE-2018.pdf\"><img decoding=\"async\" src=\"http:\/\/www.ifbaiano.edu.br\/unidades\/lapa\/files\/2016\/07\/icone1.png\" width=\"20\"><\/a><\/td>\n<td width=\"75%\"><a href=\"http:\/\/www.ifbaiano.edu.br\/unidades\/lapa\/files\/2014\/04\/PARECER-02-DE-MAR\u00c7O-DE-2018.pdf\" target=\"_blank\" rel=\"noopener noreferrer\"><b>Publica\u00e7\u00e3o n\u00ba 02<\/b><\/a><\/td>\n<td width=\"20%\">02\/03\/2018<\/td>\n<\/tr>\n<tr>\n<td width=\"5%\"><a href=\"http:\/\/www.ifbaiano.edu.br\/unidades\/lapa\/files\/2014\/04\/PARECER_01_DE_20_DE_FEVEREIRO_DE_2018.pdf\"><img decoding=\"async\" src=\"http:\/\/www.ifbaiano.edu.br\/unidades\/lapa\/files\/2016\/07\/icone1.png\" width=\"20\"><\/a><\/td>\n<td width=\"75%\"><a href=\"http:\/\/www.ifbaiano.edu.br\/unidades\/lapa\/files\/2014\/04\/PARECER_01_DE_20_DE_FEVEREIRO_DE_2018.pdf\" target=\"_blank\" rel=\"noopener noreferrer\"><b>Publica\u00e7\u00e3o n\u00ba 01<\/b><\/a><\/td>\n<td width=\"20%\">21\/02\/2018<\/td>\n<\/tr>\n<\/tbody>\n<\/table>\n<hr>\n<div id=\"ProreitoriaTopoTitulo\">Engenharia Agron\u00f4mica \u2013 2018<\/div>\n<table style=\"width: 100%;border-color: white\" border=\"0\" rules=\"rows\" bgcolor=\"#EEEEEE\">\n<tbody>\n<tr>\n<td>&nbsp;<\/td>\n<td><b>Descri\u00e7\u00e3o<\/b><\/td>\n<td><b>Data publica\u00e7\u00e3o<\/b><\/td>\n<\/tr>\n<tr>\n<td width=\"5%\"><a href=\"http:\/\/www.ifbaiano.edu.br\/unidades\/lapa\/files\/2014\/04\/PARECER_N_06_AGRONOMIA_2018.pdf\"><img decoding=\"async\" src=\"http:\/\/www.ifbaiano.edu.br\/unidades\/lapa\/files\/2016\/07\/icone1.png\" width=\"20\"><\/a><\/td>\n<td width=\"75%\"><a href=\"http:\/\/www.ifbaiano.edu.br\/unidades\/lapa\/files\/2014\/04\/PARECER_N_06_AGRONOMIA_2018.pdf\" target=\"_blank\" rel=\"noopener noreferrer\"><b>Publica\u00e7\u00e3o n\u00ba 06<\/b><\/a><\/td>\n<td width=\"20%\">23\/03\/2018<\/td>\n<\/tr>\n<tr>\n<td width=\"5%\"><a href=\"http:\/\/www.ifbaiano.edu.br\/unidades\/lapa\/files\/2014\/04\/PARECER_N_05_AGRONOMIA_2018.pdf\"><img decoding=\"async\" src=\"http:\/\/www.ifbaiano.edu.br\/unidades\/lapa\/files\/2016\/07\/icone1.png\" width=\"20\"><\/a><\/td>\n<td width=\"75%\"><a href=\"http:\/\/www.ifbaiano.edu.br\/unidades\/lapa\/files\/2014\/04\/PARECER_N_05_AGRONOMIA_2018.pdf\" target=\"_blank\" rel=\"noopener noreferrer\"><b>Publica\u00e7\u00e3o n\u00ba 05<\/b><\/a><\/td>\n<td width=\"20%\">23\/03\/2018<\/td>\n<\/tr>\n<tr>\n<td width=\"5%\"><a href=\"http:\/\/www.ifbaiano.edu.br\/unidades\/lapa\/files\/2014\/04\/PARECER_N_04_AGRONOMIA_2018.pdf\"><img decoding=\"async\" src=\"http:\/\/www.ifbaiano.edu.br\/unidades\/lapa\/files\/2016\/07\/icone1.png\" width=\"20\"><\/a><\/td>\n<td width=\"75%\"><a href=\"http:\/\/www.ifbaiano.edu.br\/unidades\/lapa\/files\/2014\/04\/PARECER_N_04_AGRONOMIA_2018.pdf\" target=\"_blank\" rel=\"noopener noreferrer\"><b>Publica\u00e7\u00e3o n\u00ba 04<\/b><\/a><\/td>\n<td width=\"20%\">20\/03\/2018<\/td>\n<\/tr>\n<tr>\n<td width=\"5%\"><a href=\"http:\/\/www.ifbaiano.edu.br\/unidades\/lapa\/files\/2014\/04\/PARECER_N_03_AGRONOMIA_2018.pdf\"><img decoding=\"async\" src=\"http:\/\/www.ifbaiano.edu.br\/unidades\/lapa\/files\/2016\/07\/icone1.png\" width=\"20\"><\/a><\/td>\n<td width=\"75%\"><a href=\"http:\/\/www.ifbaiano.edu.br\/unidades\/lapa\/files\/2014\/04\/PARECER_N_03_AGRONOMIA_2018.pdf\" target=\"_blank\" rel=\"noopener noreferrer\"><b>Publica\u00e7\u00e3o n\u00ba 03<\/b><\/a><\/td>\n<td width=\"20%\">21\/02\/2018<\/td>\n<\/tr>\n<tr>\n<td width=\"5%\"><a href=\"http:\/\/www.ifbaiano.edu.br\/unidades\/lapa\/files\/2014\/04\/PARECER_N_02_AGRONOMIA_2018.pdf\"><img decoding=\"async\" src=\"http:\/\/www.ifbaiano.edu.br\/unidades\/lapa\/files\/2016\/07\/icone1.png\" width=\"20\"><\/a><\/td>\n<td width=\"75%\"><a href=\"http:\/\/www.ifbaiano.edu.br\/unidades\/lapa\/files\/2014\/04\/PARECER_N_02_AGRONOMIA_2018.pdf\" target=\"_blank\" rel=\"noopener noreferrer\"><b>Publica\u00e7\u00e3o n\u00ba 02<\/b><\/a><\/td>\n<td width=\"20%\">21\/02\/2018<\/td>\n<\/tr>\n<tr>\n<td width=\"5%\"><a href=\"http:\/\/www.ifbaiano.edu.br\/unidades\/lapa\/files\/2014\/04\/PARECER_N_01_AGRONOMIA_2018.pdf\"><img decoding=\"async\" src=\"http:\/\/www.ifbaiano.edu.br\/unidades\/lapa\/files\/2016\/07\/icone1.png\" width=\"20\"><\/a><\/td>\n<td width=\"75%\"><a href=\"http:\/\/www.ifbaiano.edu.br\/unidades\/lapa\/files\/2014\/04\/PARECER_N_01_AGRONOMIA_2018.pdf\" target=\"_blank\" rel=\"noopener noreferrer\"><b>Publica\u00e7\u00e3o n\u00ba 01<\/b><\/a><\/td>\n<td width=\"20%\">21\/02\/2018<\/td>\n<\/tr>\n<\/tbody>\n<\/table>\n<hr>\n<div id=\"ProreitoriaTopoTitulo\">Agricultura Modalidade Subsequente \u2013 2018<\/div>\n<table style=\"width: 100%;border-color: white\" border=\"0\" rules=\"rows\" bgcolor=\"#EEEEEE\">\n<tbody>\n<tr>\n<td>&nbsp;<\/td>\n<td><b>Descri\u00e7\u00e3o<\/b><\/td>\n<td><b>Data publica\u00e7\u00e3o<\/b><\/td>\n<\/tr>\n<tr>\n<td width=\"5%\"><a href=\"http:\/\/www.ifbaiano.edu.br\/unidades\/lapa\/files\/2014\/04\/PARECER_02_23-05-2018.pdf\"><img decoding=\"async\" src=\"http:\/\/www.ifbaiano.edu.br\/unidades\/lapa\/files\/2016\/07\/icone1.png\" width=\"20\"><\/a><\/td>\n<td width=\"75%\"><a href=\"http:\/\/www.ifbaiano.edu.br\/unidades\/lapa\/files\/2014\/04\/PARECER_02_23-05-2018.pdf\" target=\"_blank\" rel=\"noopener noreferrer\"><b>Publica\u00e7\u00e3o n\u00ba 02<\/b><\/a><\/td>\n<td width=\"20%\">24\/05\/2018<\/td>\n<\/tr>\n<tr>\n<td width=\"5%\"><a href=\"http:\/\/www.ifbaiano.edu.br\/unidades\/lapa\/files\/2014\/04\/PARECER_01_11-04-2018.pdf\"><img decoding=\"async\" src=\"http:\/\/www.ifbaiano.edu.br\/unidades\/lapa\/files\/2016\/07\/icone1.png\" width=\"20\"><\/a><\/td>\n<td width=\"75%\"><a href=\"http:\/\/www.ifbaiano.edu.br\/unidades\/lapa\/files\/2014\/04\/PARECER_01_11-04-2018.pdf\" target=\"_blank\" rel=\"noopener noreferrer\"><b>Publica\u00e7\u00e3o n\u00ba 01<\/b><\/a><\/td>\n<td width=\"20%\">11\/04\/2018<\/td>\n<\/tr>\n<\/tbody>\n<\/table>\n<hr>\n","protected":false},"excerpt":{"rendered":"<p>Especializa\u00e7\u00e3o em Educa\u00e7\u00e3o Matem\u00e1tica \u2013 2018 &nbsp; Descri\u00e7\u00e3o Data publica\u00e7\u00e3o Publica\u00e7\u00e3o n\u00ba 01 21\/09\/2018 Especializa\u00e7\u00e3o em Educa\u00e7\u00e3o do Campo \u2013 2018 &nbsp; Descri\u00e7\u00e3o Data publica\u00e7\u00e3o Publica\u00e7\u00e3o n\u00ba 02 22\/03\/2018 Publica\u00e7\u00e3o n\u00ba 01 22\/02\/2018 Diretoria Acad\u00eamica \u2013 2018 &nbsp; Descri\u00e7\u00e3o Data publica\u00e7\u00e3o Publica\u00e7\u00e3o n\u00ba 17 21\/12\/2018 Publica\u00e7\u00e3o n\u00ba 16 18\/12\/2018 Publica\u00e7\u00e3o n\u00ba 15 30\/11\/2018 Publica\u00e7\u00e3o n\u00ba [&hellip;]<\/p>\n","protected":false},"author":100,"featured_media":0,"parent":0,"menu_order":0,"comment_status":"closed","ping_status":"closed","template":"","meta":[],"_links":{"self":[{"href":"https:\/\/www.ifbaiano.edu.br\/unidades\/lapa\/wp-json\/wp\/v2\/pages\/15266"}],"collection":[{"href":"https:\/\/www.ifbaiano.edu.br\/unidades\/lapa\/wp-json\/wp\/v2\/pages"}],"about":[{"href":"https:\/\/www.ifbaiano.edu.br\/unidades\/lapa\/wp-json\/wp\/v2\/types\/page"}],"author":[{"embeddable":true,"href":"https:\/\/www.ifbaiano.edu.br\/unidades\/lapa\/wp-json\/wp\/v2\/users\/100"}],"replies":[{"embeddable":true,"href":"https:\/\/www.ifbaiano.edu.br\/unidades\/lapa\/wp-json\/wp\/v2\/comments?post=15266"}],"version-history":[{"count":5,"href":"https:\/\/www.ifbaiano.edu.br\/unidades\/lapa\/wp-json\/wp\/v2\/pages\/15266\/revisions"}],"predecessor-version":[{"id":15287,"href":"https:\/\/www.ifbaiano.edu.br\/unidades\/lapa\/wp-json\/wp\/v2\/pages\/15266\/revisions\/15287"}],"wp:attachment":[{"href":"https:\/\/www.ifbaiano.edu.br\/unidades\/lapa\/wp-json\/wp\/v2\/media?parent=15266"}],"curies":[{"name":"wp","href":"https:\/\/api.w.org\/{rel}","templated":true}]}}