{"id":15283,"date":"2019-12-09T10:31:36","date_gmt":"2019-12-09T13:31:36","guid":{"rendered":"http:\/\/www.ifbaiano.edu.br\/unidades\/lapa\/?page_id=15283"},"modified":"2019-12-11T09:36:54","modified_gmt":"2019-12-11T12:36:54","slug":"requerimentos-discentes-2019","status":"publish","type":"page","link":"https:\/\/www.ifbaiano.edu.br\/unidades\/lapa\/requerimentos-discentes-2019\/","title":{"rendered":"Requerimentos Discentes 2019"},"content":{"rendered":"\n<div id=\"ProreitoriaTopoTitulo\">Especializa\u00e7\u00e3o em Educa\u00e7\u00e3o do Campo \u2013 2019<\/div>\n<table style=\"width: 100%;border-color: white\" border=\"0\" rules=\"rows\" bgcolor=\"#EEEEEE\">\n<tbody>\n<tr>\n<td>&nbsp;<\/td>\n<td><b>Descri\u00e7\u00e3o<\/b><\/td>\n<td><b>Data publica\u00e7\u00e3o<\/b><\/td>\n<\/tr>\n<tr>\n<td width=\"5%\"><a href=\"http:\/\/www.ifbaiano.edu.br\/unidades\/lapa\/files\/2019\/12\/REQUERIMENTO_-_EDUCACAO_DO_CAMPO-DEZEMBRO.pdf\"><img decoding=\"async\" src=\"http:\/\/www.ifbaiano.edu.br\/unidades\/lapa\/files\/2016\/07\/icone1.png\" width=\"20\"><\/a><\/td>\n<td width=\"75%\"><a href=\"http:\/\/www.ifbaiano.edu.br\/unidades\/lapa\/files\/2019\/12\/REQUERIMENTO_-_EDUCACAO_DO_CAMPO-DEZEMBRO.pdf\" target=\"_blank\" rel=\"noopener noreferrer\"><b>Publica\u00e7\u00e3o n\u00ba 05<\/b><\/a><\/td>\n<td width=\"20%\">09\/12\/2019<\/td>\n<\/tr>\n<tr>\n<td width=\"5%\"><a href=\"http:\/\/www.ifbaiano.edu.br\/unidades\/lapa\/files\/2019\/12\/REQUERIMENTO_-_EDUCACAO_DO_CAMPO_-_NOVEMBRO.pdf\"><img decoding=\"async\" src=\"http:\/\/www.ifbaiano.edu.br\/unidades\/lapa\/files\/2016\/07\/icone1.png\" width=\"20\"><\/a><\/td>\n<td width=\"75%\"><a href=\"http:\/\/www.ifbaiano.edu.br\/unidades\/lapa\/files\/2019\/12\/REQUERIMENTO_-_EDUCACAO_DO_CAMPO_-_NOVEMBRO.pdf\" target=\"_blank\" rel=\"noopener noreferrer\"><b>Publica\u00e7\u00e3o n\u00ba 04<\/b><\/a><\/td>\n<td width=\"20%\">06\/12\/2019<\/td>\n<\/tr>\n\n<tr>\n<td width=\"5%\"><a href=\"http:\/\/www.ifbaiano.edu.br\/unidades\/lapa\/files\/2019\/11\/REQUERIMENTO-EDUCACAO_CAMPO-OUTUBRO.pdf\"><img decoding=\"async\" src=\"http:\/\/www.ifbaiano.edu.br\/unidades\/lapa\/files\/2016\/07\/icone1.png\" width=\"20\"><\/a><\/td>\n<td width=\"75%\"><a href=\"http:\/\/www.ifbaiano.edu.br\/unidades\/lapa\/files\/2019\/11\/REQUERIMENTO-EDUCACAO_CAMPO-OUTUBRO.pdf\" target=\"_blank\" rel=\"noopener noreferrer\"><b>Publica\u00e7\u00e3o n\u00ba 03<\/b><\/a><\/td>\n<td width=\"20%\">18\/10\/2019<\/td>\n<\/tr>\n<tr>\n<td width=\"5%\"><a href=\"http:\/\/www.ifbaiano.edu.br\/unidades\/lapa\/files\/2019\/10\/REQUERIMENTO-EDUCACAO_DO_CAMPO_JULHO-AGOSTO.pdf\"><img decoding=\"async\" src=\"http:\/\/www.ifbaiano.edu.br\/unidades\/lapa\/files\/2016\/07\/icone1.png\" width=\"20\"><\/a><\/td>\n<td width=\"75%\"><a href=\"http:\/\/www.ifbaiano.edu.br\/unidades\/lapa\/files\/2019\/10\/REQUERIMENTO-EDUCACAO_DO_CAMPO_JULHO-AGOSTO.pdf\" target=\"_blank\" rel=\"noopener noreferrer\"><b>Publica\u00e7\u00e3o n\u00ba 02<\/b><\/a><\/td>\n<td width=\"20%\">31\/10\/2019<\/td>\n<\/tr>\n<tr>\n<td width=\"5%\"><a href=\"http:\/\/www.ifbaiano.edu.br\/unidades\/lapa\/files\/2019\/10\/REQUERIMENTO-EDUCA\u00c7\u00c3O-DO-CAMPO-SETEMBRO.pdf\"><img decoding=\"async\" src=\"http:\/\/www.ifbaiano.edu.br\/unidades\/lapa\/files\/2016\/07\/icone1.png\" width=\"20\"><\/a><\/td>\n<td width=\"75%\"><a href=\"http:\/\/www.ifbaiano.edu.br\/unidades\/lapa\/files\/2019\/10\/REQUERIMENTO-EDUCA\u00c7\u00c3O-DO-CAMPO-SETEMBRO.pdf\" target=\"_blank\" rel=\"noopener noreferrer\"><b>Publica\u00e7\u00e3o n\u00ba 01<\/b><\/a><\/td>\n<td width=\"20%\">12\/09\/2019<\/td>\n<\/tr>\n<\/tbody>\n<\/table>\n<hr>\n<div id=\"ProreitoriaTopoTitulo\">Especializa\u00e7\u00e3o em Educa\u00e7\u00e3o Matem\u00e1tica \u2013 2019<\/div>\n<table style=\"width: 100%;border-color: white\" border=\"0\" rules=\"rows\" bgcolor=\"#EEEEEE\">\n<tbody>\n<tr>\n<td>&nbsp;<\/td>\n<td><b>Descri\u00e7\u00e3o<\/b><\/td>\n<td><b>Data publica\u00e7\u00e3o<\/b><\/td>\n<\/tr>\n<tr>\n<td width=\"5%\"><a href=\"http:\/\/www.ifbaiano.edu.br\/unidades\/lapa\/files\/2019\/12\/PARECER_02-2019.pdf\"><img decoding=\"async\" src=\"http:\/\/www.ifbaiano.edu.br\/unidades\/lapa\/files\/2016\/07\/icone1.png\" width=\"20\"><\/a><\/td>\n<td width=\"75%\"><a href=\"http:\/\/www.ifbaiano.edu.br\/unidades\/lapa\/files\/2019\/12\/PARECER_02-2019.pdf\" target=\"_blank\" rel=\"noopener noreferrer\"><b>Publica\u00e7\u00e3o n\u00ba 02<\/b><\/a><\/td>\n<td width=\"20%\">03\/12\/2019<\/td>\n<\/tr>\n\n<tr>\n<td width=\"5%\"><a href=\"http:\/\/www.ifbaiano.edu.br\/unidades\/lapa\/files\/2019\/06\/PARECER_01-2019.pdf\"><img decoding=\"async\" src=\"http:\/\/www.ifbaiano.edu.br\/unidades\/lapa\/files\/2016\/07\/icone1.png\" width=\"20\"><\/a><\/td>\n<td width=\"75%\"><a href=\"http:\/\/www.ifbaiano.edu.br\/unidades\/lapa\/files\/2019\/06\/PARECER_01-2019.pdf\" target=\"_blank\" rel=\"noopener noreferrer\"><b>Publica\u00e7\u00e3o n\u00ba 01<\/b><\/a><\/td>\n<td width=\"20%\">04\/06\/2019<\/td>\n<\/tr>\n<\/tbody>\n<\/table>\n<hr>\n<div id=\"ProreitoriaTopoTitulo\">Diretoria Acad\u00eamica \u2013 2019<\/div>\n<table style=\"width: 100%;border-color: white\" border=\"0\" rules=\"rows\" bgcolor=\"#EEEEEE\">\n<tbody>\n<tr>\n<td>&nbsp;<\/td>\n<td><b>Descri\u00e7\u00e3o<\/b><\/td>\n<td><b>Data publica\u00e7\u00e3o<\/b><\/td>\n<\/tr>\n<tr>\n<td width=\"5%\"><a href=\"http:\/\/www.ifbaiano.edu.br\/unidades\/lapa\/files\/2019\/12\/PARECER_14-2019.pdf\"><img decoding=\"async\" src=\"http:\/\/www.ifbaiano.edu.br\/unidades\/lapa\/files\/2016\/07\/icone1.png\" width=\"20\"><\/a><\/td>\n<td width=\"75%\"><a href=\"http:\/\/www.ifbaiano.edu.br\/unidades\/lapa\/files\/2019\/12\/PARECER_14-2019.pdf\" target=\"_blank\" rel=\"noopener noreferrer\"><b>Publica\u00e7\u00e3o n\u00ba 14<\/b><\/a><\/td>\n<td width=\"20%\">11\/12\/2019<\/td>\n<\/tr>\n<tr>\n<td width=\"5%\"><a href=\"http:\/\/www.ifbaiano.edu.br\/unidades\/lapa\/files\/2019\/11\/PARECER_13-2019.pdf\"><img decoding=\"async\" src=\"http:\/\/www.ifbaiano.edu.br\/unidades\/lapa\/files\/2016\/07\/icone1.png\" width=\"20\"><\/a><\/td>\n<td width=\"75%\"><a href=\"http:\/\/www.ifbaiano.edu.br\/unidades\/lapa\/files\/2019\/11\/PARECER_13-2019.pdf\" target=\"_blank\" rel=\"noopener noreferrer\"><b>Publica\u00e7\u00e3o n\u00ba 13<\/b><\/a><\/td>\n<td width=\"20%\">26\/11\/2019<\/td>\n<\/tr>\n<tr>\n<td width=\"5%\"><a href=\"http:\/\/www.ifbaiano.edu.br\/unidades\/lapa\/files\/2019\/11\/PARECER_12-2019.pdf\"><img decoding=\"async\" src=\"http:\/\/www.ifbaiano.edu.br\/unidades\/lapa\/files\/2016\/07\/icone1.png\" width=\"20\"><\/a><\/td>\n<td width=\"75%\"><a href=\"http:\/\/www.ifbaiano.edu.br\/unidades\/lapa\/files\/2019\/11\/PARECER_12-2019.pdf\" target=\"_blank\" rel=\"noopener noreferrer\"><b>Publica\u00e7\u00e3o n\u00ba 12<\/b><\/a><\/td>\n<td width=\"20%\">25\/11\/2019<\/td>\n<\/tr>\n<tr>\n<td width=\"5%\"><a href=\"http:\/\/www.ifbaiano.edu.br\/unidades\/lapa\/files\/2019\/10\/PARECER_11-2019.pdf\"><img decoding=\"async\" src=\"http:\/\/www.ifbaiano.edu.br\/unidades\/lapa\/files\/2016\/07\/icone1.png\" width=\"20\"><\/a><\/td>\n<td width=\"75%\"><a href=\"http:\/\/www.ifbaiano.edu.br\/unidades\/lapa\/files\/2019\/10\/PARECER_11-2019.pdf\" target=\"_blank\" rel=\"noopener noreferrer\"><b>Publica\u00e7\u00e3o n\u00ba 11<\/b><\/a><\/td>\n<td width=\"20%\">30\/10\/2019<\/td>\n<\/tr>\n<tr>\n<td width=\"5%\"><a href=\"http:\/\/www.ifbaiano.edu.br\/unidades\/lapa\/files\/2019\/10\/Retificacao_ao_parecer_10-2019.pdf\"><img decoding=\"async\" src=\"http:\/\/www.ifbaiano.edu.br\/unidades\/lapa\/files\/2016\/07\/icone1.png\" width=\"20\"><\/a><\/td>\n<td width=\"75%\"><a href=\"http:\/\/www.ifbaiano.edu.br\/unidades\/lapa\/files\/2019\/10\/Retificacao_ao_parecer_10-2019.pdf\" target=\"_blank\" rel=\"noopener noreferrer\"><b>Retifica\u00e7\u00e3o Publica\u00e7\u00e3o n\u00ba 10<\/b><\/a><\/td>\n<td width=\"20%\">04\/10\/2019<\/td>\n<\/tr>\n<tr>\n<td width=\"5%\"><a href=\"http:\/\/www.ifbaiano.edu.br\/unidades\/lapa\/files\/2019\/10\/PARECER_10-2019.pdf\"><img decoding=\"async\" src=\"http:\/\/www.ifbaiano.edu.br\/unidades\/lapa\/files\/2016\/07\/icone1.png\" width=\"20\"><\/a><\/td>\n<td width=\"75%\"><a href=\"http:\/\/www.ifbaiano.edu.br\/unidades\/lapa\/files\/2019\/10\/PARECER_10-2019.pdf\" target=\"_blank\" rel=\"noopener noreferrer\"><b>Publica\u00e7\u00e3o n\u00ba 10<\/b><\/a><\/td>\n<td width=\"20%\">03\/10\/2019<\/td>\n<\/tr>\n<tr>\n<td width=\"5%\"><a href=\"http:\/\/www.ifbaiano.edu.br\/unidades\/lapa\/files\/2019\/09\/PARECER-09-DE-06-DE-SETEMBRO-DE-2019.pdf\"><img decoding=\"async\" src=\"http:\/\/www.ifbaiano.edu.br\/unidades\/lapa\/files\/2016\/07\/icone1.png\" width=\"20\"><\/a><\/td>\n<td width=\"75%\"><a href=\"http:\/\/www.ifbaiano.edu.br\/unidades\/lapa\/files\/2019\/09\/PARECER-09-DE-06-DE-SETEMBRO-DE-2019.pdf\" target=\"_blank\" rel=\"noopener noreferrer\"><b>Publica\u00e7\u00e3o n\u00ba 09<\/b><\/a><\/td>\n<td width=\"20%\">06\/09\/2019<\/td>\n<\/tr>\n<tr>\n<td width=\"5%\"><a href=\"http:\/\/www.ifbaiano.edu.br\/unidades\/lapa\/files\/2019\/08\/PARECER-08-DE-16-DE-AGOSTO-DE-2019.pdf\"><img decoding=\"async\" src=\"http:\/\/www.ifbaiano.edu.br\/unidades\/lapa\/files\/2016\/07\/icone1.png\" width=\"20\"><\/a><\/td>\n<td width=\"75%\"><a href=\"http:\/\/www.ifbaiano.edu.br\/unidades\/lapa\/files\/2019\/08\/PARECER-08-DE-16-DE-AGOSTO-DE-2019.pdf\" target=\"_blank\" rel=\"noopener noreferrer\"><b>Publica\u00e7\u00e3o n\u00ba 08<\/b><\/a><\/td>\n<td width=\"20%\">16\/08\/2019<\/td>\n<\/tr>\n<tr>\n<td width=\"5%\"><a href=\"http:\/\/www.ifbaiano.edu.br\/unidades\/lapa\/files\/2019\/08\/PARECER_07-2019.pdf\"><img decoding=\"async\" src=\"http:\/\/www.ifbaiano.edu.br\/unidades\/lapa\/files\/2016\/07\/icone1.png\" width=\"20\"><\/a><\/td>\n<td width=\"75%\"><a href=\"http:\/\/www.ifbaiano.edu.br\/unidades\/lapa\/files\/2019\/08\/PARECER_07-2019.pdf\" target=\"_blank\" rel=\"noopener noreferrer\"><b>Publica\u00e7\u00e3o n\u00ba 07<\/b><\/a><\/td>\n<td width=\"20%\">01\/08\/2019<\/td>\n<\/tr>\n<tr>\n<td width=\"5%\"><a href=\"http:\/\/www.ifbaiano.edu.br\/unidades\/lapa\/files\/2019\/06\/PARECER_06-2019.pdf\"><img decoding=\"async\" src=\"http:\/\/www.ifbaiano.edu.br\/unidades\/lapa\/files\/2016\/07\/icone1.png\" width=\"20\"><\/a><\/td>\n<td width=\"75%\"><a href=\"http:\/\/www.ifbaiano.edu.br\/unidades\/lapa\/files\/2019\/06\/PARECER_06-2019.pdf\" target=\"_blank\" rel=\"noopener noreferrer\"><b>Publica\u00e7\u00e3o n\u00ba 06<\/b><\/a><\/td>\n<td width=\"20%\">07\/06\/2019<\/td>\n<\/tr>\n<tr>\n<td width=\"5%\"><a href=\"http:\/\/www.ifbaiano.edu.br\/unidades\/lapa\/files\/2019\/05\/PARECER_05-2019.pdf\"><img decoding=\"async\" src=\"http:\/\/www.ifbaiano.edu.br\/unidades\/lapa\/files\/2016\/07\/icone1.png\" width=\"20\"><\/a><\/td>\n<td width=\"75%\"><a href=\"http:\/\/www.ifbaiano.edu.br\/unidades\/lapa\/files\/2019\/05\/PARECER_05-2019.pdf\" target=\"_blank\" rel=\"noopener noreferrer\"><b>Publica\u00e7\u00e3o n\u00ba 05<\/b><\/a><\/td>\n<td width=\"20%\">23\/05\/2019<\/td>\n<\/tr>\n<tr>\n<td width=\"5%\"><a href=\"http:\/\/www.ifbaiano.edu.br\/unidades\/lapa\/files\/2019\/05\/PARECER_04-2019.pdf\"><img decoding=\"async\" src=\"http:\/\/www.ifbaiano.edu.br\/unidades\/lapa\/files\/2016\/07\/icone1.png\" width=\"20\"><\/a><\/td>\n<td width=\"75%\"><a href=\"http:\/\/www.ifbaiano.edu.br\/unidades\/lapa\/files\/2019\/05\/PARECER_04-2019.pdf\" target=\"_blank\" rel=\"noopener noreferrer\"><b>Publica\u00e7\u00e3o n\u00ba 04<\/b><\/a><\/td>\n<td width=\"20%\">13\/05\/2019<\/td>\n<\/tr>\n<tr>\n<td width=\"5%\"><a href=\"http:\/\/www.ifbaiano.edu.br\/unidades\/lapa\/files\/2019\/04\/PARECER_03-2019.pdf\"><img decoding=\"async\" src=\"http:\/\/www.ifbaiano.edu.br\/unidades\/lapa\/files\/2016\/07\/icone1.png\" width=\"20\"><\/a><\/td>\n<td width=\"75%\"><a href=\"http:\/\/www.ifbaiano.edu.br\/unidades\/lapa\/files\/2019\/04\/PARECER_03-2019.pdf\" target=\"_blank\" rel=\"noopener noreferrer\"><b>Publica\u00e7\u00e3o n\u00ba 03<\/b><\/a><\/td>\n<td width=\"20%\">30\/04\/2019<\/td>\n<\/tr>\n<tr>\n<td width=\"5%\"><a href=\"http:\/\/www.ifbaiano.edu.br\/unidades\/lapa\/files\/2019\/04\/PARECER_02-2019-1.pdf\"><img decoding=\"async\" src=\"http:\/\/www.ifbaiano.edu.br\/unidades\/lapa\/files\/2016\/07\/icone1.png\" width=\"20\"><\/a><\/td>\n<td width=\"75%\"><a href=\"http:\/\/www.ifbaiano.edu.br\/unidades\/lapa\/files\/2019\/04\/PARECER_02-2019-1.pdf\" target=\"_blank\" rel=\"noopener noreferrer\"><b>Publica\u00e7\u00e3o n\u00ba 02<\/b><\/a><\/td>\n<td width=\"20%\">29\/03\/2019<\/td>\n<\/tr>\n<tr>\n<td width=\"5%\"><a href=\"http:\/\/www.ifbaiano.edu.br\/unidades\/lapa\/files\/2014\/04\/PARECER_01_DE_28_DE_MARCO_DE_2019.pdf\"><img decoding=\"async\" src=\"http:\/\/www.ifbaiano.edu.br\/unidades\/lapa\/files\/2016\/07\/icone1.png\" width=\"20\"><\/a><\/td>\n<td width=\"75%\"><a href=\"http:\/\/www.ifbaiano.edu.br\/unidades\/lapa\/files\/2014\/04\/PARECER_01_DE_28_DE_MARCO_DE_2019.pdf\" target=\"_blank\" rel=\"noopener noreferrer\"><b>Publica\u00e7\u00e3o n\u00ba 01<\/b><\/a><\/td>\n<td width=\"20%\">28\/03\/2019<\/td>\n<\/tr>\n<\/tbody>\n<\/table>\n<hr>\n","protected":false},"excerpt":{"rendered":"<p>Especializa\u00e7\u00e3o em Educa\u00e7\u00e3o do Campo \u2013 2019 &nbsp; Descri\u00e7\u00e3o Data publica\u00e7\u00e3o Publica\u00e7\u00e3o n\u00ba 05 09\/12\/2019 Publica\u00e7\u00e3o n\u00ba 04 06\/12\/2019 Publica\u00e7\u00e3o n\u00ba 03 18\/10\/2019 Publica\u00e7\u00e3o n\u00ba 02 31\/10\/2019 Publica\u00e7\u00e3o n\u00ba 01 12\/09\/2019 Especializa\u00e7\u00e3o em Educa\u00e7\u00e3o Matem\u00e1tica \u2013 2019 &nbsp; Descri\u00e7\u00e3o Data publica\u00e7\u00e3o Publica\u00e7\u00e3o n\u00ba 02 03\/12\/2019 Publica\u00e7\u00e3o n\u00ba 01 04\/06\/2019 Diretoria Acad\u00eamica \u2013 2019 &nbsp; Descri\u00e7\u00e3o [&hellip;]<\/p>\n","protected":false},"author":100,"featured_media":0,"parent":0,"menu_order":0,"comment_status":"closed","ping_status":"closed","template":"","meta":[],"_links":{"self":[{"href":"https:\/\/www.ifbaiano.edu.br\/unidades\/lapa\/wp-json\/wp\/v2\/pages\/15283"}],"collection":[{"href":"https:\/\/www.ifbaiano.edu.br\/unidades\/lapa\/wp-json\/wp\/v2\/pages"}],"about":[{"href":"https:\/\/www.ifbaiano.edu.br\/unidades\/lapa\/wp-json\/wp\/v2\/types\/page"}],"author":[{"embeddable":true,"href":"https:\/\/www.ifbaiano.edu.br\/unidades\/lapa\/wp-json\/wp\/v2\/users\/100"}],"replies":[{"embeddable":true,"href":"https:\/\/www.ifbaiano.edu.br\/unidades\/lapa\/wp-json\/wp\/v2\/comments?post=15283"}],"version-history":[{"count":7,"href":"https:\/\/www.ifbaiano.edu.br\/unidades\/lapa\/wp-json\/wp\/v2\/pages\/15283\/revisions"}],"predecessor-version":[{"id":18210,"href":"https:\/\/www.ifbaiano.edu.br\/unidades\/lapa\/wp-json\/wp\/v2\/pages\/15283\/revisions\/18210"}],"wp:attachment":[{"href":"https:\/\/www.ifbaiano.edu.br\/unidades\/lapa\/wp-json\/wp\/v2\/media?parent=15283"}],"curies":[{"name":"wp","href":"https:\/\/api.w.org\/{rel}","templated":true}]}}