{"id":15439,"date":"2020-01-30T12:56:45","date_gmt":"2020-01-30T15:56:45","guid":{"rendered":"http:\/\/www.ifbaiano.edu.br\/unidades\/lapa\/?page_id=15439"},"modified":"2025-05-22T11:50:35","modified_gmt":"2025-05-22T14:50:35","slug":"informes-dap","status":"publish","type":"page","link":"https:\/\/www.ifbaiano.edu.br\/unidades\/lapa\/informes-dap\/","title":{"rendered":"Informes DAP"},"content":{"rendered":"\n<p><\/p><p style=\"text-transform:uppercase\"><strong>Publica\u00e7\u00e3o dos Relat\u00f3rios do Plano Anual de Contrata\u00e7\u00f5es &#8211; PAC <\/strong><\/p><p><\/p>\n\n\n\n<p><\/p><p align=\"justify\">Com base nas a\u00e7\u00f5es de planejamento do PCA \u2013 Plano de Contrata\u00e7\u00f5es Anual , elencados atrav\u00e9s da IN \u2013 Instru\u00e7\u00e3o Normativa n\u00ba 01\/2019 disponibilizamos abaixo relat\u00f3rio com as poss\u00edveis aquisi\u00e7\u00f5es de cada exerc\u00edcio no IF Baiano \u2013 Campus Bom Jesus da Lapa, sejam elas: contrata\u00e7\u00f5es de bens, servi\u00e7os, obras e solu\u00e7\u00f5es de tecnologia da informa\u00e7\u00e3o e comunica\u00e7\u00f5es.<\/p><p><\/p>\n\n\n\n<div class=\"wp-block-file\" style=\"text-transform:uppercase\"><a href=\"https:\/\/pncp.gov.br\/app\/pca?pagina=1\" target=\"_blank\" rel=\"noopener noreferrer\">Planos de Contrata\u00e7\u00f5es Anuais<\/a><\/div>\n\n\n\n<p><\/p><p align=\"justify\">Obs.: Os Itens e quantidades nas planilhas em anexo \u00e9 uma estimativa da Unidade, devendo passar por processos licitat\u00f3rios e em alguns casos, reavaliados suas aquisi\u00e7\u00f5es de acordo com a disponibilidade or\u00e7ament\u00e1ria no exerc\u00edcio corrente.<\/p><p><\/p>\n\n\n\n<p>Respons\u00e1veis pelos dados:<\/p>\n\n\n\n<p>Dire\u00e7\u00e3o Geral<\/p>\n\n\n\n<p>Departamento de Administra\u00e7\u00e3o e Planejamento<\/p>\n\n\n\n<p>Departamento Acad\u00eamico<\/p>\n\n\n\n<p><p align=\"justify\"><strong>Passo a passo para localiza\u00e7\u00e3o das informa\u00e7\u00f5es sobre IF Baiano no Portal da Transpar\u00eancia<\/strong><\/p><\/p>\n\n\n\n<ol>\n<li>Acesse o site Porta da Transpar\u00eancia.<\/li>\n<li>Na parte superior direita da p\u00e1gina, encontra-se o quadro de busca. Digite IF Baiano e clique no s\u00edmbolo de busca representado por uma lupa.<\/li>\n<li>Clique no link Painel do \u00d3rg\u00e3o Inst. Fed. de Educ., Cienc. e Tec. Baiano.<\/li>\n<\/ol>\n\n\n\n<p align=\"justify\">Para acessar direto as informa\u00e7\u00f5es do Instituto dispon\u00edveis no Portal da Transpar\u00eancia, basta clicar <strong><a href=\"http:\/\/www.portaltransparencia.gov.br\/orgaos\/26404-inst-fed-de-educ--cienc-e-tec-baiano\" target=\"_blank\" rel=\"noopener noreferrer\">aqui<\/a><\/strong>.<\/p>\n","protected":false},"excerpt":{"rendered":"<p>Publica\u00e7\u00e3o dos Relat\u00f3rios do Plano Anual de Contrata\u00e7\u00f5es &#8211; PAC Com base nas a\u00e7\u00f5es de planejamento do PCA \u2013 Plano de Contrata\u00e7\u00f5es Anual , elencados atrav\u00e9s da IN \u2013 Instru\u00e7\u00e3o Normativa n\u00ba 01\/2019 disponibilizamos abaixo relat\u00f3rio com as poss\u00edveis aquisi\u00e7\u00f5es de cada exerc\u00edcio no IF Baiano \u2013 Campus Bom Jesus da Lapa, sejam elas: contrata\u00e7\u00f5es [&hellip;]<\/p>\n","protected":false},"author":100,"featured_media":0,"parent":0,"menu_order":0,"comment_status":"closed","ping_status":"closed","template":"","meta":[],"_links":{"self":[{"href":"https:\/\/www.ifbaiano.edu.br\/unidades\/lapa\/wp-json\/wp\/v2\/pages\/15439"}],"collection":[{"href":"https:\/\/www.ifbaiano.edu.br\/unidades\/lapa\/wp-json\/wp\/v2\/pages"}],"about":[{"href":"https:\/\/www.ifbaiano.edu.br\/unidades\/lapa\/wp-json\/wp\/v2\/types\/page"}],"author":[{"embeddable":true,"href":"https:\/\/www.ifbaiano.edu.br\/unidades\/lapa\/wp-json\/wp\/v2\/users\/100"}],"replies":[{"embeddable":true,"href":"https:\/\/www.ifbaiano.edu.br\/unidades\/lapa\/wp-json\/wp\/v2\/comments?post=15439"}],"version-history":[{"count":20,"href":"https:\/\/www.ifbaiano.edu.br\/unidades\/lapa\/wp-json\/wp\/v2\/pages\/15439\/revisions"}],"predecessor-version":[{"id":29465,"href":"https:\/\/www.ifbaiano.edu.br\/unidades\/lapa\/wp-json\/wp\/v2\/pages\/15439\/revisions\/29465"}],"wp:attachment":[{"href":"https:\/\/www.ifbaiano.edu.br\/unidades\/lapa\/wp-json\/wp\/v2\/media?parent=15439"}],"curies":[{"name":"wp","href":"https:\/\/api.w.org\/{rel}","templated":true}]}}