{"id":16780,"date":"2020-08-11T13:58:07","date_gmt":"2020-08-11T16:58:07","guid":{"rendered":"https:\/\/www.ifbaiano.edu.br\/unidades\/lapa\/?page_id=16780"},"modified":"2023-04-04T13:41:59","modified_gmt":"2023-04-04T16:41:59","slug":"atas-de-reunioes-cpa","status":"publish","type":"page","link":"https:\/\/www.ifbaiano.edu.br\/unidades\/lapa\/atas-de-reunioes-cpa\/","title":{"rendered":"Atas de Reuni\u00f5es &#8211; CPA"},"content":{"rendered":"\n<div class=\"wp-block-file\"><a href=\"https:\/\/www.ifbaiano.edu.br\/unidades\/lapa\/files\/2020\/08\/Apresenta\u00e7\u00e3o-Resultados-da-CPA_Reuni\u00e3o-14-08.pdf\">Apresenta\u00e7\u00e3o Resultados da CPA Reuni\u00e3o 14\/08\/2020<br><\/a><\/div>\n\n<div class=\"wp-block-file\"><a href=\"https:\/\/www.ifbaiano.edu.br\/unidades\/lapa\/files\/2020\/08\/ATA-20_2020-BJL-DDE_BJL-DG_RET_IFBAIANO.pdf\">ATA CPA &#8211; 14\/08\/2020 <\/a><\/div>\n\n\n\n<div class=\"wp-block-file\"><a href=\"https:\/\/www.ifbaiano.edu.br\/unidades\/lapa\/files\/2023\/04\/ATA-CPA-08-07-2022.pdf\">ATA CPA &#8211; 08\/07\/2022 <\/a><\/div>\n\n\n\n<p><\/p>\n","protected":false},"excerpt":{"rendered":"<p>Apresenta\u00e7\u00e3o Resultados da CPA Reuni\u00e3o 14\/08\/2020 ATA CPA &#8211; 14\/08\/2020 ATA CPA &#8211; 08\/07\/2022<\/p>\n","protected":false},"author":100,"featured_media":0,"parent":0,"menu_order":0,"comment_status":"closed","ping_status":"closed","template":"","meta":[],"_links":{"self":[{"href":"https:\/\/www.ifbaiano.edu.br\/unidades\/lapa\/wp-json\/wp\/v2\/pages\/16780"}],"collection":[{"href":"https:\/\/www.ifbaiano.edu.br\/unidades\/lapa\/wp-json\/wp\/v2\/pages"}],"about":[{"href":"https:\/\/www.ifbaiano.edu.br\/unidades\/lapa\/wp-json\/wp\/v2\/types\/page"}],"author":[{"embeddable":true,"href":"https:\/\/www.ifbaiano.edu.br\/unidades\/lapa\/wp-json\/wp\/v2\/users\/100"}],"replies":[{"embeddable":true,"href":"https:\/\/www.ifbaiano.edu.br\/unidades\/lapa\/wp-json\/wp\/v2\/comments?post=16780"}],"version-history":[{"count":5,"href":"https:\/\/www.ifbaiano.edu.br\/unidades\/lapa\/wp-json\/wp\/v2\/pages\/16780\/revisions"}],"predecessor-version":[{"id":25090,"href":"https:\/\/www.ifbaiano.edu.br\/unidades\/lapa\/wp-json\/wp\/v2\/pages\/16780\/revisions\/25090"}],"wp:attachment":[{"href":"https:\/\/www.ifbaiano.edu.br\/unidades\/lapa\/wp-json\/wp\/v2\/media?parent=16780"}],"curies":[{"name":"wp","href":"https:\/\/api.w.org\/{rel}","templated":true}]}}