{"id":17122,"date":"2020-09-16T16:43:13","date_gmt":"2020-09-16T19:43:13","guid":{"rendered":"https:\/\/www.ifbaiano.edu.br\/unidades\/lapa\/?page_id=17122"},"modified":"2023-08-03T11:07:28","modified_gmt":"2023-08-03T14:07:28","slug":"boletim-dadm","status":"publish","type":"page","link":"https:\/\/www.ifbaiano.edu.br\/unidades\/lapa\/boletim-dadm\/","title":{"rendered":"Boletim DADM"},"content":{"rendered":"\n<p style=\"text-align: justify\">O Boletim de Servi\u00e7o da Diretoria Administrativa do Campus Bom Jesus da Lapa \u00e9 um instrumento destinado a dar publicidade aos servi\u00e7os, procedimentos formais e a\u00e7\u00f5es realizadas pelo Departamento. Cont\u00e9m informa\u00e7\u00f5es exigidas na Lei  de acesso \u00e0 informa\u00e7\u00e3o n\u00ba 12.527, de 18 de novembro de 2011 e na IN n\u00ba 2, de 6 de dezembro de 2016. Produzido pelos membros da Diretoria Administrativa o material \u00e9 divulgado no portal do Campus, em formato PDF. Seu conte\u00fado est\u00e1 organizado por Coordena\u00e7\u00e3o e os setores a ela subordinados.<\/p>\n\n\n\n<div id=\"ProreitoriaTopoTitulo\">Boletins DADM &#8211; 2023<\/div>\n\n\n\n<table bgcolor=\"#EEEEEE\">\n<tbody>\n<tr>\n\n\n<td style=\"text-align: center\" width=\"10%\">\n<figure><a href=\"https:\/\/www.ifbaiano.edu.br\/unidades\/lapa\/files\/2023\/04\/BS-DADM-LAPA-JANEIRO.pdf\" target=\"blank\" rel=\"noopener noreferrer\"><img decoding=\"async\" class=\"aligncenter\" src=\"http:\/\/www.ifbaiano.edu.br\/unidades\/lapa\/files\/2014\/02\/horario.png\" height=\"64\"><\/a>\n<figcaption><strong>Janeiro<\/strong><\/figcaption>\n<\/figure>\n<\/td>\n\n<td style=\"text-align: center\" width=\"10%\">\n<figure><a href=\"https:\/\/www.ifbaiano.edu.br\/unidades\/lapa\/files\/2023\/04\/BS-DADM-LAPA-FEVEREIRO.pdf\" target=\"blank\" rel=\"noopener noreferrer\"><img decoding=\"async\" class=\"aligncenter\" src=\"http:\/\/www.ifbaiano.edu.br\/unidades\/lapa\/files\/2014\/02\/horario.png\" height=\"64\"><\/a>\n<figcaption><strong>Fevereiro<\/strong><\/figcaption>\n<\/figure>\n<\/td>\n\n<td style=\"text-align: center\" width=\"10%\">\n<figure><a href=\"https:\/\/www.ifbaiano.edu.br\/unidades\/lapa\/files\/2023\/06\/BS-DADM-LAPA-MARCO.pdf\" target=\"blank\" rel=\"noopener noreferrer\"><img decoding=\"async\" class=\"aligncenter\" src=\"http:\/\/www.ifbaiano.edu.br\/unidades\/lapa\/files\/2014\/02\/horario.png\" height=\"64\"><\/a>\n<figcaption><strong>Mar\u00e7o<\/strong><\/figcaption>\n<\/figure>\n<\/td>\n\n<td style=\"text-align: center\" width=\"10%\">\n<figure><a href=\"https:\/\/www.ifbaiano.edu.br\/unidades\/lapa\/files\/2023\/07\/BS-DADM-LAPA-ABRIL.pdf\" target=\"blank\" rel=\"noopener noreferrer\"><img decoding=\"async\" class=\"aligncenter\" src=\"http:\/\/www.ifbaiano.edu.br\/unidades\/lapa\/files\/2014\/02\/horario.png\" height=\"64\"><\/a>\n<figcaption><strong>Abril<\/strong><\/figcaption>\n<\/figure>\n<\/td>\n\n<td style=\"text-align: center\" width=\"10%\">\n<figure><a href=\"https:\/\/www.ifbaiano.edu.br\/unidades\/lapa\/files\/2023\/07\/BS-DADM-LAPA-MAIO.pdf\" target=\"blank\" rel=\"noopener noreferrer\"><img decoding=\"async\" class=\"aligncenter\" src=\"http:\/\/www.ifbaiano.edu.br\/unidades\/lapa\/files\/2014\/02\/horario.png\" height=\"64\"><\/a>\n<figcaption><strong>Maio<\/strong><\/figcaption>\n<\/figure>\n<\/td>\n\n<\/tr>\n<\/tbody>\n<\/table>\n\n\n\n<div id=\"ProreitoriaTopoTitulo\">Boletins DADM &#8211; 2022<\/div>\n\n\n\n<table bgcolor=\"#EEEEEE\">\n<tbody>\n<tr>\n\n<td style=\"text-align: center\" width=\"10%\">\n<figure><a href=\"https:\/\/www.ifbaiano.edu.br\/unidades\/lapa\/files\/2022\/05\/BS-DADM-LAPA-JANEIRO.pdf\" target=\"blank\" rel=\"noopener noreferrer\"><img decoding=\"async\" class=\"aligncenter\" src=\"http:\/\/www.ifbaiano.edu.br\/unidades\/lapa\/files\/2014\/02\/horario.png\" height=\"64\"><\/a>\n<figcaption><strong>Janeiro<\/strong><\/figcaption>\n<\/figure>\n<\/td>\n\n<td style=\"text-align: center\" width=\"10%\">\n<figure>\n\n<\/figure>\n<\/td>\n\n<td style=\"text-align: center\" width=\"10%\">\n<figure>\n\n<\/figure>\n<\/td>\n\n<td style=\"text-align: center\" width=\"10%\">\n<figure>\n\n<\/figure>\n<\/td>\n\n<td style=\"text-align: center\" width=\"10%\">\n<figure>\n\n<\/figure>\n<\/td>\n\n<td style=\"text-align: center\" width=\"10%\">\n<figure>\n\n<\/figure>\n<\/td>\n\n<\/tr>\n<tr>\n\n<\/tr>\n<\/tbody>\n<\/table>\n\n\n\n<div id=\"ProreitoriaTopoTitulo\">Boletins DADM &#8211; 2021<\/div>\n\n\n\n<table bgcolor=\"#EEEEEE\">\n<tbody>\n<tr>\n<td style=\"text-align: center\" width=\"10%\">\n<figure><a href=\"https:\/\/www.ifbaiano.edu.br\/unidades\/lapa\/files\/2021\/03\/BS-DADM-LAPA-JANEIRO-2021.pdf\" target=\"blank\" rel=\"noopener noreferrer\"><img decoding=\"async\" class=\"aligncenter\" src=\"http:\/\/www.ifbaiano.edu.br\/unidades\/lapa\/files\/2014\/02\/horario.png\" height=\"64\"><\/a>\n<figcaption><strong>Janeiro<\/strong><\/figcaption>\n<\/figure>\n<\/td>\n\n<td style=\"text-align: center\" width=\"10%\">\n<figure><a href=\"https:\/\/www.ifbaiano.edu.br\/unidades\/lapa\/files\/2021\/03\/BS-DADM-LAPA-FEVEREIRO-2021.pdf\" target=\"blank\" rel=\"noopener noreferrer\"><img decoding=\"async\" class=\"aligncenter\" src=\"http:\/\/www.ifbaiano.edu.br\/unidades\/lapa\/files\/2014\/02\/horario.png\" height=\"64\"><\/a>\n<figcaption><strong>Fevereiro<\/strong><\/figcaption>\n<\/figure>\n<\/td>\n\n<td style=\"text-align: center\" width=\"10%\">\n<figure><a href=\"https:\/\/www.ifbaiano.edu.br\/unidades\/lapa\/files\/2021\/04\/BS-DADM-LAPA-MARCO.pdf\" target=\"blank\" rel=\"noopener noreferrer\"><img decoding=\"async\" class=\"aligncenter\" src=\"http:\/\/www.ifbaiano.edu.br\/unidades\/lapa\/files\/2014\/02\/horario.png\" height=\"64\"><\/a>\n<figcaption><strong>Mar\u00e7o<\/strong><\/figcaption>\n<\/figure>\n<\/td>\n\n<td style=\"text-align: center\" width=\"10%\">\n<figure><a href=\"https:\/\/www.ifbaiano.edu.br\/unidades\/lapa\/files\/2021\/05\/BS-DADM-LAPA-ABRIL.pdf\" target=\"blank\" rel=\"noopener noreferrer\"><img decoding=\"async\" class=\"aligncenter\" src=\"http:\/\/www.ifbaiano.edu.br\/unidades\/lapa\/files\/2014\/02\/horario.png\" height=\"64\"><\/a>\n<figcaption><strong>Abril<\/strong><\/figcaption>\n<\/figure>\n<\/td>\n\n<td style=\"text-align: center\" width=\"10%\">\n<figure><a href=\"https:\/\/www.ifbaiano.edu.br\/unidades\/lapa\/files\/2021\/06\/BS-DADM-LAPA-MAIO-2021.pdf\" target=\"blank\" rel=\"noopener noreferrer\"><img decoding=\"async\" class=\"aligncenter\" src=\"http:\/\/www.ifbaiano.edu.br\/unidades\/lapa\/files\/2014\/02\/horario.png\" height=\"64\"><\/a>\n<figcaption><strong>Maio<\/strong><\/figcaption>\n<\/figure>\n<\/td>\n\n<td style=\"text-align: center\" width=\"10%\">\n<figure><a href=\"https:\/\/www.ifbaiano.edu.br\/unidades\/lapa\/files\/2021\/07\/BS-DADM-LAPA-JUNHO-2021-1.pdf\" target=\"blank\" rel=\"noopener noreferrer\"><img decoding=\"async\" class=\"aligncenter\" src=\"http:\/\/www.ifbaiano.edu.br\/unidades\/lapa\/files\/2014\/02\/horario.png\" height=\"64\"><\/a>\n<figcaption><strong>Junho<\/strong><\/figcaption>\n<\/figure>\n<\/td>\n<\/tr>\n<tr>\n<td style=\"text-align: center\" width=\"10%\">\n<figure><a href=\"https:\/\/www.ifbaiano.edu.br\/unidades\/lapa\/files\/2021\/08\/BS-DADM-LAPA-JULHO.pdf\" target=\"blank\" rel=\"noopener noreferrer\"><img decoding=\"async\" class=\"aligncenter\" src=\"http:\/\/www.ifbaiano.edu.br\/unidades\/lapa\/files\/2014\/02\/horario.png\" height=\"64\"><\/a>\n<figcaption><strong>Julho<\/strong><\/figcaption>\n<\/figure>\n<\/td>\n\n<td style=\"text-align: center\" width=\"10%\">\n<figure><a href=\"https:\/\/www.ifbaiano.edu.br\/unidades\/lapa\/files\/2021\/10\/BS-DADM-LAPA-AGOSTO-2021.pdf\" target=\"blank\" rel=\"noopener noreferrer\"><img decoding=\"async\" class=\"aligncenter\" src=\"http:\/\/www.ifbaiano.edu.br\/unidades\/lapa\/files\/2014\/02\/horario.png\" height=\"64\"><\/a>\n<figcaption><strong>Agosto<\/strong><\/figcaption>\n<\/figure>\n<\/td>\n\n<td style=\"text-align: center\" width=\"10%\">\n<figure><a href=\"https:\/\/www.ifbaiano.edu.br\/unidades\/lapa\/files\/2021\/10\/BS-DADM-LAPA-SETEMBRO-2021.pdf\" target=\"blank\" rel=\"noopener noreferrer\"><img decoding=\"async\" class=\"aligncenter\" src=\"http:\/\/www.ifbaiano.edu.br\/unidades\/lapa\/files\/2014\/02\/horario.png\" height=\"64\"><\/a>\n<figcaption><strong>Setembro<\/strong><\/figcaption>\n<\/figure>\n<\/td>\n\n<td style=\"text-align: center\" width=\"10%\">\n<figure><a href=\"https:\/\/www.ifbaiano.edu.br\/unidades\/lapa\/files\/2022\/01\/BS-DADM-LAPA-OUTUBRO-2021.pdf\" target=\"blank\" rel=\"noopener noreferrer\"><img decoding=\"async\" class=\"aligncenter\" src=\"http:\/\/www.ifbaiano.edu.br\/unidades\/lapa\/files\/2014\/02\/horario.png\" height=\"64\"><\/a>\n<figcaption><strong>Outubro<\/strong><\/figcaption>\n<\/figure>\n<\/td>\n\n<td style=\"text-align: center\" width=\"10%\">\n<figure><a href=\"https:\/\/www.ifbaiano.edu.br\/unidades\/lapa\/files\/2022\/02\/BS-DADM-LAPA-NOVEMBRO-2021.pdf\" target=\"blank\" rel=\"noopener noreferrer\"><img decoding=\"async\" class=\"aligncenter\" src=\"http:\/\/www.ifbaiano.edu.br\/unidades\/lapa\/files\/2014\/02\/horario.png\" height=\"64\"><\/a>\n<figcaption><strong>Novembro<\/strong><\/figcaption>\n<\/figure>\n<\/td>\n\n\n<td style=\"text-align: center\" width=\"10%\">\n<figure><a href=\"https:\/\/www.ifbaiano.edu.br\/unidades\/lapa\/files\/2022\/04\/BS-DADM-LAPA-DEZEMBRO.pdf\" target=\"blank\" rel=\"noopener noreferrer\"><img decoding=\"async\" class=\"aligncenter\" src=\"http:\/\/www.ifbaiano.edu.br\/unidades\/lapa\/files\/2014\/02\/horario.png\" height=\"64\"><\/a>\n<figcaption><strong>Dezembro<\/strong><\/figcaption>\n<\/figure>\n<\/td>\n<\/tr>\n<\/tbody>\n<\/table>\n\n\n\n<hr class=\"wp-block-separator has-css-opacity\" \/>\n\n\n\n<div id=\"ProreitoriaTopoTitulo\">Boletins DADM &#8211; 2020<\/div>\n<table bgcolor=\"#EEEEEE\">\n<tbody>\n<tr>\n<td><\/td><td><\/td><td><\/td><td><\/td><td><\/td>\n<td style=\"text-align: center\" width=\"10%\">\n<figure><a href=\"https:\/\/www.ifbaiano.edu.br\/unidades\/lapa\/files\/2020\/11\/BS-DADM-LAPA-JUNHO-2020.pdf\" target=\"blank\" rel=\"noopener noreferrer\"><img decoding=\"async\" class=\"aligncenter\" src=\"http:\/\/www.ifbaiano.edu.br\/unidades\/lapa\/files\/2014\/02\/horario.png\" height=\"64\"><\/a>\n<figcaption><strong>Junho<\/strong><\/figcaption>\n<\/figure>\n<\/td>\n<\/tr>\n<tr>\n<td style=\"text-align: center\" width=\"10%\">\n<figure><a href=\"https:\/\/www.ifbaiano.edu.br\/unidades\/lapa\/files\/2020\/10\/BS-DADM-LAPA-JULHO-2020.pdf\" target=\"blank\" rel=\"noopener noreferrer\"><img decoding=\"async\" class=\"aligncenter\" src=\"http:\/\/www.ifbaiano.edu.br\/unidades\/lapa\/files\/2014\/02\/horario.png\" height=\"64\"><\/a>\n<figcaption><strong>Julho<\/strong><\/figcaption>\n<\/figure>\n<\/td>\n\n<td style=\"text-align: center\" width=\"10%\">\n<figure><a href=\"https:\/\/www.ifbaiano.edu.br\/unidades\/lapa\/files\/2020\/09\/BS-DADM-LAPA-AGOSTO-2020.pdf\" target=\"blank\" rel=\"noopener noreferrer\"><img decoding=\"async\" class=\"aligncenter\" src=\"http:\/\/www.ifbaiano.edu.br\/unidades\/lapa\/files\/2014\/02\/horario.png\" height=\"64\"><\/a>\n<figcaption><strong>Agosto<\/strong><\/figcaption>\n<\/figure>\n<\/td>\n\n<td style=\"text-align: center\" width=\"10%\">\n<figure><a href=\"https:\/\/www.ifbaiano.edu.br\/unidades\/lapa\/files\/2020\/10\/BS_DADM_LAPA-SETEMBRO.pdf\" target=\"blank\" rel=\"noopener noreferrer\"><img decoding=\"async\" class=\"aligncenter\" src=\"http:\/\/www.ifbaiano.edu.br\/unidades\/lapa\/files\/2014\/02\/horario.png\" height=\"64\"><\/a>\n<figcaption><strong>Setembro<\/strong><\/figcaption>\n<\/figure>\n<\/td>\n\n<td style=\"text-align: center\" width=\"10%\">\n<figure><a href=\"https:\/\/www.ifbaiano.edu.br\/unidades\/lapa\/files\/2020\/11\/BS-DADM-LAPA-OUTUBRO-2020.pdf\" target=\"blank\" rel=\"noopener noreferrer\"><img decoding=\"async\" class=\"aligncenter\" src=\"http:\/\/www.ifbaiano.edu.br\/unidades\/lapa\/files\/2014\/02\/horario.png\" height=\"64\"><\/a>\n<figcaption><strong>Outubro<\/strong><\/figcaption>\n<\/figure>\n<\/td>\n\n<td style=\"text-align: center\" width=\"10%\">\n<figure><a href=\"https:\/\/www.ifbaiano.edu.br\/unidades\/lapa\/files\/2021\/01\/BS-DADM-LAPA-NOVEMBRO.pdf\" target=\"blank\" rel=\"noopener noreferrer\"><img decoding=\"async\" class=\"aligncenter\" src=\"http:\/\/www.ifbaiano.edu.br\/unidades\/lapa\/files\/2014\/02\/horario.png\" height=\"64\"><\/a>\n<figcaption><strong>Novembro<\/strong><\/figcaption>\n<\/figure>\n<\/td>\n\n<td style=\"text-align: center\" width=\"10%\">\n<figure><a href=\"https:\/\/www.ifbaiano.edu.br\/unidades\/lapa\/files\/2021\/01\/BS-DADM-LAPA-DEZEMBRO.pdf\" target=\"blank\" rel=\"noopener noreferrer\"><img decoding=\"async\" class=\"aligncenter\" src=\"http:\/\/www.ifbaiano.edu.br\/unidades\/lapa\/files\/2014\/02\/horario.png\" height=\"64\"><\/a>\n<figcaption><strong>Dezembro<\/strong><\/figcaption>\n<\/figure>\n<\/td>\n<\/tr>\n<\/tbody>\n<\/table>\n","protected":false},"excerpt":{"rendered":"<p>O Boletim de Servi\u00e7o da Diretoria Administrativa do Campus Bom Jesus da Lapa \u00e9 um instrumento destinado a dar publicidade aos servi\u00e7os, procedimentos formais e a\u00e7\u00f5es realizadas pelo Departamento. Cont\u00e9m informa\u00e7\u00f5es exigidas na Lei de acesso \u00e0 informa\u00e7\u00e3o n\u00ba 12.527, de 18 de novembro de 2011 e na IN n\u00ba 2, de 6 de dezembro [&hellip;]<\/p>\n","protected":false},"author":58,"featured_media":0,"parent":0,"menu_order":0,"comment_status":"closed","ping_status":"closed","template":"","meta":[],"_links":{"self":[{"href":"https:\/\/www.ifbaiano.edu.br\/unidades\/lapa\/wp-json\/wp\/v2\/pages\/17122"}],"collection":[{"href":"https:\/\/www.ifbaiano.edu.br\/unidades\/lapa\/wp-json\/wp\/v2\/pages"}],"about":[{"href":"https:\/\/www.ifbaiano.edu.br\/unidades\/lapa\/wp-json\/wp\/v2\/types\/page"}],"author":[{"embeddable":true,"href":"https:\/\/www.ifbaiano.edu.br\/unidades\/lapa\/wp-json\/wp\/v2\/users\/58"}],"replies":[{"embeddable":true,"href":"https:\/\/www.ifbaiano.edu.br\/unidades\/lapa\/wp-json\/wp\/v2\/comments?post=17122"}],"version-history":[{"count":45,"href":"https:\/\/www.ifbaiano.edu.br\/unidades\/lapa\/wp-json\/wp\/v2\/pages\/17122\/revisions"}],"predecessor-version":[{"id":26030,"href":"https:\/\/www.ifbaiano.edu.br\/unidades\/lapa\/wp-json\/wp\/v2\/pages\/17122\/revisions\/26030"}],"wp:attachment":[{"href":"https:\/\/www.ifbaiano.edu.br\/unidades\/lapa\/wp-json\/wp\/v2\/media?parent=17122"}],"curies":[{"name":"wp","href":"https:\/\/api.w.org\/{rel}","templated":true}]}}