{"id":17128,"date":"2020-09-16T16:49:18","date_gmt":"2020-09-16T19:49:18","guid":{"rendered":"https:\/\/www.ifbaiano.edu.br\/unidades\/lapa\/?page_id=17128"},"modified":"2024-05-08T08:31:27","modified_gmt":"2024-05-08T11:31:27","slug":"contabilidade","status":"publish","type":"page","link":"https:\/\/www.ifbaiano.edu.br\/unidades\/lapa\/contabilidade\/","title":{"rendered":"Coordena\u00e7\u00e3o Financeira e Cont\u00e1bil"},"content":{"rendered":"\n<p><strong>RESPONS\u00c1VEIS PELA CONTABILIDADE<\/strong><\/p>\n\n\n\n<p>Mileide de Souza Carvalho<\/p>\n\n\n\n<p>Manfla Macedo Franca Faria<\/p>\n\n\n\n<p>email:&nbsp;cfc@lapa.ifbaiano.edu.br<br><\/p>\n\n\n\n<p><strong>ATRIBUI\u00c7\u00d5ES GERAIS:<\/strong><br><\/p>\n\n\n\n<ol>\n<li>Produzir opera\u00e7\u00f5es de contabilidade anal\u00edtica dos atos e fatos da gest\u00e3o or\u00e7ament\u00e1ria, financeira e patrimonial;<\/li>\n\n\n\n<li>Extrair mensalmente, relat\u00f3rio em n\u00edvel de conta corrente com posi\u00e7\u00f5es or\u00e7ament\u00e1rias, financeiras e patrimoniais e proceder a sua an\u00e1lise;<\/li>\n\n\n\n<li>Proceder \u00e0 an\u00e1lise mensal dos balancetes or\u00e7ament\u00e1rios, financeiros, patrimoniais e das varia\u00e7\u00f5es patrimoniais;<\/li>\n\n\n\n<li>Proceder \u00e0 an\u00e1lise dos documentos emitidos para suporte \u00e0 realiza\u00e7\u00e3o da conformidade cont\u00e1bil mensal;<\/li>\n\n\n\n<li>Acompanhar a atualiza\u00e7\u00e3o da legisla\u00e7\u00e3o tribut\u00e1ria federal, estadual e municipal para orienta\u00e7\u00e3o ao setor financeiro;<\/li>\n\n\n\n<li>Promover a atualiza\u00e7\u00e3o, acompanhamento e aplica\u00e7\u00e3o das mudan\u00e7as impostas pela Coordena\u00e7\u00e3o de Contabilidade da Reitoria;<\/li>\n\n\n\n<li>Acompanhar as normas de execu\u00e7\u00e3o do encerramento e abertura do exerc\u00edcio;<\/li>\n\n\n\n<li>Proceder, mensalmente, \u00e0 concilia\u00e7\u00e3o do almoxarifado e patrim\u00f4nio, verificando a apropria\u00e7\u00e3o correta dentro da classifica\u00e7\u00e3o cont\u00e1bil;<\/li>\n\n\n\n<li>Proceder \u00e0 an\u00e1lise e concilia\u00e7\u00e3o dos tributos e contribui\u00e7\u00f5es retidos dos fornecedores e recolhidos aos cofres p\u00fablicos;<\/li>\n\n\n\n<li>Proceder aos ajustes e regulariza\u00e7\u00f5es necess\u00e1rios para a boa escritura\u00e7\u00e3o cont\u00e1bil;<\/li>\n\n\n\n<li>Registrar mensalmente a conformidade cont\u00e1bil ap\u00f3s proceder \u00e0 an\u00e1lise dos lan\u00e7amentos, ajustes e regulariza\u00e7\u00f5es efetuadas;<\/li>\n\n\n\n<li>Parametrizar e homologar os c\u00f3digos de recolhimento das Guias de Recolhimento da Uni\u00e3o (GRU);<\/li>\n\n\n\n<li>Prestar informa\u00e7\u00f5es anuais, quanto \u00e0s reten\u00e7\u00f5es do imposto de renda de pessoas f\u00edsicas e reten\u00e7\u00f5es de pessoas jur\u00eddicas;<\/li>\n\n\n\n<li>Acompanhamento e atualiza\u00e7\u00e3o da regularidade fiscal e previdenci\u00e1ria do Campus;<\/li>\n\n\n\n<li>Assessorar as Diretorias do Campus na elabora\u00e7\u00e3o da presta\u00e7\u00e3o de contas mensal, anual e de conv\u00eanios<\/li>\n\n\n\n<li>Executar outras fun\u00e7\u00f5es que, por sua natureza, lhe sejam afins ou lhe tenham sido atribu\u00eddas.&nbsp;<br><br><\/li>\n<\/ol>\n\n\n\n<p> <strong>PARA ACESSO \u00c0S DEMONSTRA\u00c7\u00d5ES CONT\u00c1BEIS:<\/strong><br>Acesse&nbsp;<a rel=\"noreferrer noopener\" href=\"https:\/\/ifbaiano.edu.br\/portal\/acesso-a-informacao\/receitas-e-despesas\/\" target=\"_blank\">https:\/\/ifbaiano.edu.br\/portal\/acesso-a-informacao\/receitas-e-despesas\/ (abre nova aba)<\/a> <\/p>\n\n\n\n<p><a href=\"https:\/\/www.ifbaiano.edu.br\/unidades\/lapa\/boletim-dadm\/\" target=\"_blank\" rel=\"noopener noreferrer\">Boletim da Diretoria Administrativa (link para p\u00e1gina interna, abre em outra aba)<\/a><\/p>\n","protected":false},"excerpt":{"rendered":"<p>RESPONS\u00c1VEIS PELA CONTABILIDADE Mileide de Souza Carvalho Manfla Macedo Franca Faria email:&nbsp;cfc@lapa.ifbaiano.edu.br ATRIBUI\u00c7\u00d5ES GERAIS: PARA ACESSO \u00c0S DEMONSTRA\u00c7\u00d5ES CONT\u00c1BEIS:Acesse&nbsp;https:\/\/ifbaiano.edu.br\/portal\/acesso-a-informacao\/receitas-e-despesas\/ (abre nova aba) Boletim da Diretoria Administrativa (link para p\u00e1gina interna, abre em outra aba)<\/p>\n","protected":false},"author":58,"featured_media":0,"parent":0,"menu_order":0,"comment_status":"closed","ping_status":"closed","template":"","meta":[],"_links":{"self":[{"href":"https:\/\/www.ifbaiano.edu.br\/unidades\/lapa\/wp-json\/wp\/v2\/pages\/17128"}],"collection":[{"href":"https:\/\/www.ifbaiano.edu.br\/unidades\/lapa\/wp-json\/wp\/v2\/pages"}],"about":[{"href":"https:\/\/www.ifbaiano.edu.br\/unidades\/lapa\/wp-json\/wp\/v2\/types\/page"}],"author":[{"embeddable":true,"href":"https:\/\/www.ifbaiano.edu.br\/unidades\/lapa\/wp-json\/wp\/v2\/users\/58"}],"replies":[{"embeddable":true,"href":"https:\/\/www.ifbaiano.edu.br\/unidades\/lapa\/wp-json\/wp\/v2\/comments?post=17128"}],"version-history":[{"count":15,"href":"https:\/\/www.ifbaiano.edu.br\/unidades\/lapa\/wp-json\/wp\/v2\/pages\/17128\/revisions"}],"predecessor-version":[{"id":28055,"href":"https:\/\/www.ifbaiano.edu.br\/unidades\/lapa\/wp-json\/wp\/v2\/pages\/17128\/revisions\/28055"}],"wp:attachment":[{"href":"https:\/\/www.ifbaiano.edu.br\/unidades\/lapa\/wp-json\/wp\/v2\/media?parent=17128"}],"curies":[{"name":"wp","href":"https:\/\/api.w.org\/{rel}","templated":true}]}}