{"id":17191,"date":"2020-09-25T13:58:52","date_gmt":"2020-09-25T16:58:52","guid":{"rendered":"https:\/\/www.ifbaiano.edu.br\/unidades\/lapa\/?page_id=17191"},"modified":"2024-08-13T12:01:32","modified_gmt":"2024-08-13T15:01:32","slug":"producoes-tecnicas-de-extensao","status":"publish","type":"page","link":"https:\/\/www.ifbaiano.edu.br\/unidades\/lapa\/producoes-tecnicas-de-extensao\/","title":{"rendered":"Produ\u00e7\u00f5es T\u00e9cnicas de Extens\u00e3o"},"content":{"rendered":"\n<p class=\"has-medium-font-size\"><strong>Cartilhas T\u00e9cnicas de Extens\u00e3o<\/strong><\/p>\n\n\n\n<div class=\"wp-block-file\"><a id=\"wp-block-file--media-3c3ea9de-2e03-4ee3-afc1-abcb460c9831\" href=\"https:\/\/www.ifbaiano.edu.br\/unidades\/lapa\/files\/2020\/09\/Cartilha-extens\u00e3o-N\u00daMERO-2-FINAL.pdf\">Vol. 1 &#8211; n\u00ba 02 (2020)<\/a><a href=\"https:\/\/www.ifbaiano.edu.br\/unidades\/lapa\/files\/2020\/09\/Cartilha-extens\u00e3o-N\u00daMERO-2-FINAL.pdf\" class=\"wp-block-file__button wp-element-button\" download aria-describedby=\"wp-block-file--media-3c3ea9de-2e03-4ee3-afc1-abcb460c9831\">Baixar<\/a><\/div>\n\n\n\n<div class=\"wp-block-file\"><a id=\"wp-block-file--media-47bffc20-2fe9-42a1-97a3-43fd3eb99039\" href=\"https:\/\/www.ifbaiano.edu.br\/unidades\/lapa\/files\/2020\/09\/Cartilha-extens\u00e3o-N\u00daMERO-1-FINAL-1.pdf\">Vol. 1 &#8211; n\u00ba 01 (2020)<\/a><a href=\"https:\/\/www.ifbaiano.edu.br\/unidades\/lapa\/files\/2020\/09\/Cartilha-extens\u00e3o-N\u00daMERO-1-FINAL-1.pdf\" class=\"wp-block-file__button wp-element-button\" download aria-describedby=\"wp-block-file--media-47bffc20-2fe9-42a1-97a3-43fd3eb99039\">Baixar<\/a><\/div>\n\n\n\n<div class=\"wp-block-file\"><a id=\"wp-block-file--media-47bffc20-2fe9-42a1-97a3-43fd3eb99039\" href=\"https:\/\/www.ifbaiano.edu.br\/unidades\/lapa\/files\/2024\/08\/Cartilha-Pambu_12_07.pdf\">Vol. 2 &#8211; n\u00ba 01 (2024)<\/a><a href=\"https:\/\/www.ifbaiano.edu.br\/unidades\/lapa\/files\/2024\/08\/Cartilha-Pambu_12_07.pdf\" class=\"wp-block-file__button wp-element-button\" download aria-describedby=\"wp-block-file--media-47bffc20-2fe9-42a1-97a3-43fd3eb99039\">Baixar<\/a><\/div>\n\n\n\n<p class=\"has-medium-font-size\"><strong>Outras Produ\u00e7\u00f5es<\/strong><\/p>\n\n\n\n<p><hr><\/p>\n\n\n\n<div class=\"wp-block-file\"><a id=\"wp-block-file--media-b926f285-e6a0-4883-b1e1-4039317586c5\" href=\"https:\/\/www.ifbaiano.edu.br\/unidades\/lapa\/files\/2021\/08\/CORDEL-NR-31-Desmbolando_no_verso_a_sst_rural.pdf\">Cordel da NR-31: Desembolando no verso a Seguran\u00e7a do Trabalho Rural (2021)<\/a><a href=\"https:\/\/www.ifbaiano.edu.br\/unidades\/lapa\/files\/2021\/08\/CORDEL-NR-31-Desmbolando_no_verso_a_sst_rural.pdf\" class=\"wp-block-file__button wp-element-button\" download aria-describedby=\"wp-block-file--media-b926f285-e6a0-4883-b1e1-4039317586c5\">Baixar<\/a><\/div>\n\n\n\n<div class=\"wp-block-file\"><strong>E-book: <\/strong><a href=\"https:\/\/www.ifbaiano.edu.br\/unidades\/lapa\/files\/2021\/12\/tecnologias-aplicadas-em-analises-de-sementes-e-topicos-sobre-a-cultura-do-Girassol.pdf\">Tecnologias aplicadas em an\u00e1lises de sementes e t\u00f3picos sobre a cultura do Girassol<\/a><a href=\"https:\/\/www.ifbaiano.edu.br\/unidades\/lapa\/files\/2021\/12\/tecnologias-aplicadas-em-analises-de-sementes-e-topicos-sobre-a-cultura-do-Girassol.pdf\" class=\"wp-block-file__button\" download>Baixar<\/a><\/div>\n\n\n\n<div class=\"wp-block-file\"><strong>E-book: <\/strong><a href=\"https:\/\/www.ifbaiano.edu.br\/unidades\/lapa\/files\/2021\/12\/livro-poesia-sem-fronteiras.pdf\">Poesia sem fronteiras: uma experi\u00eancia liter\u00e1ria conectando o IF Baiano \u00e0 comunidade<\/a><a href=\"https:\/\/www.ifbaiano.edu.br\/unidades\/lapa\/files\/2021\/12\/livro-poesia-sem-fronteiras.pdf\" class=\"wp-block-file__button\">Baixar<\/a><\/div>\n\n\n\n<hr>\n\n\n\n<p class=\"has-medium-font-size\"><strong>Revista Velho Chico<\/strong><\/p>\n<hr>\n\n\n\n<p><strong><a href=\"http:\/\/tvc.lapa.ifbaiano.edu.br\/ojs\/index.php\/rvc\/issue\/view\/2\/4\" rel=\"noreferrer noopener\">Volume 1, n. 1 &#8211; Abril de 2021<\/a><\/strong><\/p>\n<p><strong><a href=\"http:\/\/tvc.lapa.ifbaiano.edu.br\/ojs\/index.php\/rvc\/issue\/view\/3\/5\" rel=\"noreferrer noopener\">Volume 1, n. 2 &#8211; Outubro de 2021<\/a><\/strong><\/p>\n<hr>\n\n\n\n<p class=\"has-medium-font-size\"><strong>Anais do Simp\u00f3sio de Ensino, Pesquisa e Extens\u00e3o do Campus Bom Jesus da Lapa<\/strong><\/p>\n<hr>\n<p><a href=\"https:\/\/eventos.lapa.ifbaiano.edu.br\/anais-siepex\/wp-content\/uploads\/sites\/3\/2021\/12\/anais-i-siepex-issn.pdf\" rel=\"noreferrer noopener\"><strong>Volume 1, n. 1 &#8211; <\/strong>Dezembro de 2020 <\/a><\/p>\n<p><a target=\"_blank\" href=\"https:\/\/eventos.lapa.ifbaiano.edu.br\/anais-siepex\/wp-content\/uploads\/sites\/3\/2021\/12\/anais-ii-siepex-issn.pdf\" rel=\"noreferrer noopener\"><strong>Volume 2, n. 1 &#8211;&nbsp;<\/strong>Dezembro de 2021<\/a><\/p>\n<hr>\n","protected":false},"excerpt":{"rendered":"<p>Cartilhas T\u00e9cnicas de Extens\u00e3o Vol. 2 &#8211; n\u00ba 01 (2024)Baixar Outras Produ\u00e7\u00f5es E-book: Poesia sem fronteiras: uma experi\u00eancia liter\u00e1ria conectando o IF Baiano \u00e0 comunidadeBaixar Revista Velho Chico Volume 1, n. 1 &#8211; Abril de 2021 Volume 1, n. 2 &#8211; Outubro de 2021 Anais do Simp\u00f3sio de Ensino, Pesquisa e Extens\u00e3o do Campus Bom [&hellip;]<\/p>\n","protected":false},"author":58,"featured_media":0,"parent":0,"menu_order":0,"comment_status":"closed","ping_status":"closed","template":"","meta":[],"_links":{"self":[{"href":"https:\/\/www.ifbaiano.edu.br\/unidades\/lapa\/wp-json\/wp\/v2\/pages\/17191"}],"collection":[{"href":"https:\/\/www.ifbaiano.edu.br\/unidades\/lapa\/wp-json\/wp\/v2\/pages"}],"about":[{"href":"https:\/\/www.ifbaiano.edu.br\/unidades\/lapa\/wp-json\/wp\/v2\/types\/page"}],"author":[{"embeddable":true,"href":"https:\/\/www.ifbaiano.edu.br\/unidades\/lapa\/wp-json\/wp\/v2\/users\/58"}],"replies":[{"embeddable":true,"href":"https:\/\/www.ifbaiano.edu.br\/unidades\/lapa\/wp-json\/wp\/v2\/comments?post=17191"}],"version-history":[{"count":28,"href":"https:\/\/www.ifbaiano.edu.br\/unidades\/lapa\/wp-json\/wp\/v2\/pages\/17191\/revisions"}],"predecessor-version":[{"id":28444,"href":"https:\/\/www.ifbaiano.edu.br\/unidades\/lapa\/wp-json\/wp\/v2\/pages\/17191\/revisions\/28444"}],"wp:attachment":[{"href":"https:\/\/www.ifbaiano.edu.br\/unidades\/lapa\/wp-json\/wp\/v2\/media?parent=17191"}],"curies":[{"name":"wp","href":"https:\/\/api.w.org\/{rel}","templated":true}]}}