{"id":18209,"date":"2020-11-25T07:55:30","date_gmt":"2020-11-25T10:55:30","guid":{"rendered":"https:\/\/www.ifbaiano.edu.br\/unidades\/lapa\/?page_id=18209"},"modified":"2020-11-25T07:55:31","modified_gmt":"2020-11-25T10:55:31","slug":"requerimentos-discentes-2020","status":"publish","type":"page","link":"https:\/\/www.ifbaiano.edu.br\/unidades\/lapa\/requerimentos-discentes-2020\/","title":{"rendered":"Requerimentos Discentes 2020"},"content":{"rendered":"\n<div id=\"ProreitoriaTopoTitulo\">Especializa\u00e7\u00e3o em Educa\u00e7\u00e3o Matem\u00e1tica \u2013 2020<\/div>\n<table style=\"width: 100%;border-color: white\" border=\"0\" rules=\"rows\" bgcolor=\"#EEEEEE\">\n<tbody>\n<tr>\n<td><\/td>\n<td><b>Descri\u00e7\u00e3o<\/b><\/td>\n<td><b>Data publica\u00e7\u00e3o<\/b><\/td>\n<\/tr>\n<tr>\n<td width=\"5%\"><a href=\"https:\/\/www.ifbaiano.edu.br\/unidades\/lapa\/files\/2020\/11\/Parecer-1-educacao-matematica.pdf\"><img decoding=\"async\" src=\"http:\/\/www.ifbaiano.edu.br\/unidades\/lapa\/files\/2016\/07\/icone1.png\" width=\"20\"><\/a><\/td>\n<td width=\"75%\"><a href=\"https:\/\/www.ifbaiano.edu.br\/unidades\/lapa\/files\/2020\/11\/Parecer-1-educacao-matematica.pdf\" target=\"_blank\" rel=\"noopener noreferrer\"><b>Publica\u00e7\u00e3o n\u00ba 01<\/b><\/a><\/td>\n<td width=\"20%\">24\/11\/2019<\/td>\n<\/tr>\n<\/tbody>\n<\/table>\n","protected":false},"excerpt":{"rendered":"<p>Especializa\u00e7\u00e3o em Educa\u00e7\u00e3o Matem\u00e1tica \u2013 2020 Descri\u00e7\u00e3o Data publica\u00e7\u00e3o Publica\u00e7\u00e3o n\u00ba 01 24\/11\/2019<\/p>\n","protected":false},"author":100,"featured_media":0,"parent":0,"menu_order":0,"comment_status":"closed","ping_status":"closed","template":"","meta":[],"_links":{"self":[{"href":"https:\/\/www.ifbaiano.edu.br\/unidades\/lapa\/wp-json\/wp\/v2\/pages\/18209"}],"collection":[{"href":"https:\/\/www.ifbaiano.edu.br\/unidades\/lapa\/wp-json\/wp\/v2\/pages"}],"about":[{"href":"https:\/\/www.ifbaiano.edu.br\/unidades\/lapa\/wp-json\/wp\/v2\/types\/page"}],"author":[{"embeddable":true,"href":"https:\/\/www.ifbaiano.edu.br\/unidades\/lapa\/wp-json\/wp\/v2\/users\/100"}],"replies":[{"embeddable":true,"href":"https:\/\/www.ifbaiano.edu.br\/unidades\/lapa\/wp-json\/wp\/v2\/comments?post=18209"}],"version-history":[{"count":2,"href":"https:\/\/www.ifbaiano.edu.br\/unidades\/lapa\/wp-json\/wp\/v2\/pages\/18209\/revisions"}],"predecessor-version":[{"id":18213,"href":"https:\/\/www.ifbaiano.edu.br\/unidades\/lapa\/wp-json\/wp\/v2\/pages\/18209\/revisions\/18213"}],"wp:attachment":[{"href":"https:\/\/www.ifbaiano.edu.br\/unidades\/lapa\/wp-json\/wp\/v2\/media?parent=18209"}],"curies":[{"name":"wp","href":"https:\/\/api.w.org\/{rel}","templated":true}]}}