{"id":19526,"date":"2021-03-10T17:10:24","date_gmt":"2021-03-10T20:10:24","guid":{"rendered":"https:\/\/www.ifbaiano.edu.br\/unidades\/lapa\/?page_id=19526"},"modified":"2021-12-29T08:23:07","modified_gmt":"2021-12-29T11:23:07","slug":"editais-2021","status":"publish","type":"page","link":"https:\/\/www.ifbaiano.edu.br\/unidades\/lapa\/editais-2021\/","title":{"rendered":"Editais e Sele\u00e7\u00f5es 2021"},"content":{"rendered":"\n<table style=\"width: 100%;border-color: white\" rules=\"rows\" border=\"0\" bgcolor=\"#EEEEEE\">\n<thead>\n<tr bgcolor=\"#D0FFD0\">\n<th style=\"text-align: center;height: 30px\" colspan=\"3\"><span style=\"color: green\"><b>Editais 2021<\/b><\/span><\/th>\n<\/tr>\n<tr>\n<th>Edital<\/th>\n<th>Conte\u00fado<\/th>\n<th>Publica\u00e7\u00e3o<\/th>\n<\/tr>\n<\/thead>\n<tbody>\n<tr>\n<td>\n<p style=\"text-align: justify\"><b><a href=\"https:\/\/www.ifbaiano.edu.br\/unidades\/lapa\/edital-13-2021-auxilio-inclusao-digital\/\">15\/2021<\/a><\/b><\/p>\n<\/td>\n<td style=\"text-align: justify\">Edital de Retifica\u00e7\u00e3o n\u00ba 15\/2021. Retifica o Edital 13\/2021 &#8211; Processo seletivo de estudantes para o Aux\u00edlio Inclus\u00e3o Digital.<\/td>\n<td>17\/11\/2021<\/td>\n<\/tr>\n<tr>\n<td>\n<p style=\"text-align: justify\"><b><a href=\"https:\/\/www.ifbaiano.edu.br\/unidades\/lapa\/edital-12-2021-paise\/\">14\/2021<\/a><\/b><\/p>\n<\/td>\n<td style=\"text-align: justify\">Edital de Retifica\u00e7\u00e3o n\u00ba 14\/2021. Retifica o Edital 12\/2021 &#8211; Sele\u00e7\u00e3o de estudantes em vulnerabilidade socioecon\u00f4mica com a finalidade de participa\u00e7\u00e3o nas a\u00e7\u00f5es de Assist\u00eancia Estudantil por meio do PAISE<\/td>\n<td>17\/11\/2021<\/td>\n<\/tr>\n<tr>\n<td>\n<p style=\"text-align: justify\"><b><a href=\"https:\/\/www.ifbaiano.edu.br\/unidades\/lapa\/edital-13-2021-auxilio-inclusao-digital\/\">13\/2021<\/a><\/b><\/p>\n<\/td>\n<td style=\"text-align: justify\">Sele\u00e7\u00e3o de estudantes para o Aux\u00edlio Inclus\u00e3o Digital<\/td>\n<td>15\/10\/2021<\/td>\n<\/tr>\n<tr>\n<td>\n<p style=\"text-align: justify\"><b><a href=\"https:\/\/www.ifbaiano.edu.br\/unidades\/lapa\/edital-12-2021-paise\/\">12\/2021<\/a><\/b><\/p>\n<\/td>\n<td style=\"text-align: justify\">Sele\u00e7\u00e3o de estudantes em vulnerabilidade socioecon\u00f4mica para o PAISE<\/td>\n<td>14\/10\/2021<\/td>\n<\/tr>\n<tr>\n<td>\n<p style=\"text-align: justify\"><b><a href=\"https:\/\/www.ifbaiano.edu.br\/unidades\/lapa\/edital-11-2021\/\">11\/2021<\/a><\/b><\/p>\n<\/td>\n<td style=\"text-align: justify\">Retifica o Edital N\u00ba 09, de 3 de Setembro de 2021 \u2013 Processo Seletivo de Monitores de Ensino dos Cursos T\u00e9cnicos de N\u00edvel M\u00e9dio<\/td>\n<td>09\/09\/2021<\/td>\n<\/tr>\n<tr>\n<td>\n<p style=\"text-align: justify\"><b><a href=\"https:\/\/www.ifbaiano.edu.br\/unidades\/lapa\/ul3h\" rel=\"noopener noreferrer\">10\/2021<\/a><\/b><\/p>\n<\/td>\n<td style=\"text-align: justify\">Edital de vagas remanescentes para cursos T\u00e9cnico ao Ensino M\u00e9dio \u2013 modalidade Subsequente (EaD e presencial)<\/td>\n<td>08\/09\/2021<\/td>\n<\/tr>\n<tr>\n<td>\n<p style=\"text-align: justify\"><b><a href=\"https:\/\/www.ifbaiano.edu.br\/unidades\/lapa\/ht5d\" rel=\"noopener noreferrer\">09\/2021<\/a><\/b><\/p>\n<\/td>\n<td style=\"text-align: justify\">Processo Seletivo de Monitores de Ensino dos Cursos T\u00e9cnicos de N\u00edvel M\u00e9dio<\/td>\n<td>03\/09\/2021<\/td>\n<\/tr>\n<tr>\n<td>\n<p style=\"text-align: justify\"><b><a href=\"https:\/\/www.ifbaiano.edu.br\/unidades\/lapa\/edital-8-2021\/\" rel=\"noopener noreferrer\">08\/2021<\/a><\/b><\/p>\n<\/td>\n<td style=\"text-align: justify\">Processo Seletivo de Monitores de cursos de Gradua\u00e7\u00e3o<\/td>\n<td>26\/08\/2021<\/td>\n<\/tr>\n\n<tr>\n<td>\n<p style=\"text-align: justify\"><b><a href=\"https:\/\/www.ifbaiano.edu.br\/unidades\/lapa\/edital-07-2021_vagas_remanescentes\/\" rel=\"noopener noreferrer\">07\/2021<\/a><\/b><\/p>\n<\/td>\n<td style=\"text-align: justify\">Processo Seletivo de vagas Remanescentes para ingresso de Estudantes nos cursos da Educa\u00e7\u00e3o Profissional T\u00e9cnica de N\u00edvel M\u00e9dio, na forma Integrada ao Ensino M\u00e9dio &#8211; Modalidade Presencial<\/td>\n<td>25\/08\/2021<\/td>\n<\/tr>\n\n<tr>\n<td>\n<p style=\"text-align: justify\"><b><a href=\"https:\/\/www.ifbaiano.edu.br\/unidades\/lapa\/7ocm\" rel=\"noopener noreferrer\">06\/2021<\/a><\/b><\/p>\n<\/td>\n<td style=\"text-align: justify\">Retifica o Edital 04\/2021, retificado pelo edital 05\/2021 &#8211; Processo Seletivo Simplificado de Bolsistas T\u00e9cnicos de N\u00edvel M\u00e9dio e Superior para Atua\u00e7\u00e3o no Projeto de Extens\u00e3o Agroifnordeste<\/td>\n<td>24\/08\/2021<\/td>\n<\/tr>\n\n\n\n<tr>\n<td>\n<p style=\"text-align: justify\"><b><a href=\"https:\/\/www.ifbaiano.edu.br\/unidades\/lapa\/7ocm\" rel=\"noopener noreferrer\">05\/2021<\/a><\/b><\/p>\n<\/td>\n<td style=\"text-align: justify\">Retifica\u00e7\u00e3o do Edital 04\/2021 &#8211; Processo Seletivo Simplificado de Bolsistas T\u00e9cnicos de N\u00edvel M\u00e9dio e Superior para Atua\u00e7\u00e3o no Projeto de Extens\u00e3o Agroifnordeste<\/td>\n<td>10\/08\/2021<\/td>\n<\/tr>\n<tr>\n<td>\n<p style=\"text-align: justify\"><b><a href=\"https:\/\/www.ifbaiano.edu.br\/unidades\/lapa\/7ocm\" rel=\"noopener noreferrer\">04\/2021<\/a><\/b><\/p>\n<\/td>\n<td style=\"text-align: justify\">Processo Seletivo Simplificado de Bolsistas T\u00e9cnicos de N\u00edvel M\u00e9dio e Superior para Atua\u00e7\u00e3o no Projeto de Extens\u00e3o Agroifnordeste<\/td>\n<td>02\/08\/2021<\/td>\n<\/tr>\n<tr>\n<td>\n<p style=\"text-align: justify\"><b><a href=\"https:\/\/www.ifbaiano.edu.br\/unidades\/lapa\/led4\" rel=\"noopener noreferrer\">03\/2021<\/a><\/b><\/p>\n<\/td>\n<td style=\"text-align: justify\">Chamada Interna para realiza\u00e7\u00e3o da avalia\u00e7\u00e3o interna de estudantes matriculados no \u00faltimo per\u00edodo regular dos Cursos da Educa\u00e7\u00e3o Profissional T\u00e9cnica Integrada ao Ensino M\u00e9dio do IF Baiano, requisitantes da Certifica\u00e7\u00e3o do Ensino M\u00e9dio<\/td>\n<td>27\/05\/2021<\/td>\n<\/tr>\n<tr>\n<td>\n<p style=\"text-align: justify\"><b><a href=\"https:\/\/www.ifbaiano.edu.br\/unidades\/lapa\/osc4\" rel=\"noopener noreferrer\">02\/2021<\/a><\/b><\/p>\n<\/td>\n<td style=\"text-align: justify\">Processo Seletivo para Monitores Volunt\u00e1rios do Curso de Gradua\u00e7\u00e3o em Engenharia Agron\u00f4mica<\/td>\n<td>25\/05\/2021<\/td>\n<\/tr>\n<tr>\n<td>\n<p style=\"text-align: justify\"><b><a href=\"https:\/\/www.ifbaiano.edu.br\/unidades\/lapa\/files\/2021\/03\/Edital-retificacao-01-2021-Retifica-Edital-18-2020.pdf\" target=\"_blank\" rel=\"noopener noreferrer\">01\/2021<\/a><\/b><\/p>\n<\/td>\n<td style=\"text-align: justify\">Retifica o Edital 18\/2020.<\/td>\n<td>10\/03\/2021<\/td>\n<\/tr>\n<\/tbody>\n<\/table>\n\n\n\n<p><\/p>\n","protected":false},"excerpt":{"rendered":"<p>Editais 2021 Edital Conte\u00fado Publica\u00e7\u00e3o 15\/2021 Edital de Retifica\u00e7\u00e3o n\u00ba 15\/2021. Retifica o Edital 13\/2021 &#8211; Processo seletivo de estudantes para o Aux\u00edlio Inclus\u00e3o Digital. 17\/11\/2021 14\/2021 Edital de Retifica\u00e7\u00e3o n\u00ba 14\/2021. Retifica o Edital 12\/2021 &#8211; Sele\u00e7\u00e3o de estudantes em vulnerabilidade socioecon\u00f4mica com a finalidade de participa\u00e7\u00e3o nas a\u00e7\u00f5es de Assist\u00eancia Estudantil por meio [&hellip;]<\/p>\n","protected":false},"author":100,"featured_media":0,"parent":0,"menu_order":0,"comment_status":"closed","ping_status":"closed","template":"","meta":[],"_links":{"self":[{"href":"https:\/\/www.ifbaiano.edu.br\/unidades\/lapa\/wp-json\/wp\/v2\/pages\/19526"}],"collection":[{"href":"https:\/\/www.ifbaiano.edu.br\/unidades\/lapa\/wp-json\/wp\/v2\/pages"}],"about":[{"href":"https:\/\/www.ifbaiano.edu.br\/unidades\/lapa\/wp-json\/wp\/v2\/types\/page"}],"author":[{"embeddable":true,"href":"https:\/\/www.ifbaiano.edu.br\/unidades\/lapa\/wp-json\/wp\/v2\/users\/100"}],"replies":[{"embeddable":true,"href":"https:\/\/www.ifbaiano.edu.br\/unidades\/lapa\/wp-json\/wp\/v2\/comments?post=19526"}],"version-history":[{"count":35,"href":"https:\/\/www.ifbaiano.edu.br\/unidades\/lapa\/wp-json\/wp\/v2\/pages\/19526\/revisions"}],"predecessor-version":[{"id":22197,"href":"https:\/\/www.ifbaiano.edu.br\/unidades\/lapa\/wp-json\/wp\/v2\/pages\/19526\/revisions\/22197"}],"wp:attachment":[{"href":"https:\/\/www.ifbaiano.edu.br\/unidades\/lapa\/wp-json\/wp\/v2\/media?parent=19526"}],"curies":[{"name":"wp","href":"https:\/\/api.w.org\/{rel}","templated":true}]}}