{"id":19903,"date":"2021-04-29T14:01:36","date_gmt":"2021-04-29T17:01:36","guid":{"rendered":"https:\/\/www.ifbaiano.edu.br\/unidades\/lapa\/?page_id=19903"},"modified":"2021-04-29T15:51:24","modified_gmt":"2021-04-29T18:51:24","slug":"calendario-academico-2014","status":"publish","type":"page","link":"https:\/\/www.ifbaiano.edu.br\/unidades\/lapa\/calendario-academico-2014\/","title":{"rendered":"Calend\u00e1rio Acad\u00eamico 2014"},"content":{"rendered":"\n<h2 class=\"has-text-align-center\" style=\"text-transform:uppercase;background-color:#D0FFD0;color:green\">Calend\u00e1rios 2014.1<\/h2>\n\n\n\n<div class=\"wp-block-columns is-layout-flex wp-container-3\">\n<div class=\"wp-block-column is-layout-flow\">\n<figure align=\"center\">\n<a href=\"https:\/\/www.ifbaiano.edu.br\/unidades\/lapa\/files\/2012\/09\/calendario1.pdf\" target=\"_blank\" rel=\"noopener\">\n<img decoding=\"async\" loading=\"lazy\" width=\"256\" height=\"256\" src=\"https:\/\/www.ifbaiano.edu.br\/unidades\/lapa\/files\/2014\/02\/horario.png\" alt=\"Calend\u00e1rio Acad\u00eamico - Curso T\u00e9cnico em Agricultura - Subsequente - 2014.1\" data-id=\"8968\" data-full-url=\"https:\/\/www.ifbaiano.edu.br\/unidades\/lapa\/files\/2014\/02\/horario.png\" data-link=\"https:\/\/www.ifbaiano.edu.br\/unidades\/lapa\/horarios-de-aulas\/horario\/\" class=\"wp-image-8968\">\n<figcaption class=\"blocks-gallery-item__caption\">Subsequente Agricultura<\/figcaption><\/a><\/figure>\n<\/div>\n\n\n\n<div class=\"wp-block-column is-layout-flow\">\n<figure align=\"center\">\n<a href=\"https:\/\/www.ifbaiano.edu.br\/unidades\/lapa\/files\/2012\/09\/calendario1informatica.pdf\" target=\"_blank\" rel=\"noopener\">\n<img decoding=\"async\" loading=\"lazy\" width=\"256\" height=\"256\" src=\"https:\/\/www.ifbaiano.edu.br\/unidades\/lapa\/files\/2014\/02\/horario.png\" alt=\"Calend\u00e1rio Acad\u00eamico - Curso T\u00e9cnico em Inform\u00e1tica - Subsequente - 2014.1\" data-id=\"8968\" data-full-url=\"https:\/\/www.ifbaiano.edu.br\/unidades\/lapa\/files\/2014\/02\/horario.png\" data-link=\"https:\/\/www.ifbaiano.edu.br\/unidades\/lapa\/horarios-de-aulas\/horario\/\" class=\"wp-image-8968\">\n<figcaption class=\"blocks-gallery-item__caption\">Subsequente Inform\u00e1tica<\/figcaption><\/a><\/figure>\n<\/div>\n<\/div>\n\n\n\n<h2 class=\"has-text-align-center\" style=\"text-transform:uppercase;background-color:#D0FFD0;color:green\">Calend\u00e1rios 2014.2<\/h2>\n\n\n\n<div class=\"wp-block-columns is-layout-flex wp-container-6\">\n<div class=\"wp-block-column is-layout-flow\">\n<figure align=\"center\">\n<a href=\"https:\/\/www.ifbaiano.edu.br\/unidades\/lapa\/files\/2012\/09\/agricultura2.pdf\" target=\"_blank\" rel=\"noopener\">\n<img decoding=\"async\" loading=\"lazy\" width=\"256\" height=\"256\" src=\"https:\/\/www.ifbaiano.edu.br\/unidades\/lapa\/files\/2014\/02\/horario.png\" alt=\"Calend\u00e1rio Acad\u00eamico - Curso T\u00e9cnico em Agricultura - Subsequente - 2014.2\" data-id=\"8968\" data-full-url=\"https:\/\/www.ifbaiano.edu.br\/unidades\/lapa\/files\/2014\/02\/horario.png\" data-link=\"https:\/\/www.ifbaiano.edu.br\/unidades\/lapa\/horarios-de-aulas\/horario\/\" class=\"wp-image-8968\">\n<figcaption class=\"blocks-gallery-item__caption\">Subsequente Agricultura<\/figcaption><\/a><\/figure>\n<\/div>\n\n\n\n<div class=\"wp-block-column is-layout-flow\">\n<figure align=\"center\">\n<a href=\"https:\/\/www.ifbaiano.edu.br\/unidades\/lapa\/files\/2012\/09\/informaticaoficial.pdf\" target=\"_blank\" rel=\"noopener\">\n<img decoding=\"async\" loading=\"lazy\" width=\"256\" height=\"256\" src=\"https:\/\/www.ifbaiano.edu.br\/unidades\/lapa\/files\/2014\/02\/horario.png\" alt=\"Calend\u00e1rio Acad\u00eamico - Curso T\u00e9cnico em Inform\u00e1tica - Subsequente - 2014.2\" data-id=\"8968\" data-full-url=\"https:\/\/www.ifbaiano.edu.br\/unidades\/lapa\/files\/2014\/02\/horario.png\" data-link=\"https:\/\/www.ifbaiano.edu.br\/unidades\/lapa\/horarios-de-aulas\/horario\/\" class=\"wp-image-8968\">\n<figcaption class=\"blocks-gallery-item__caption\">Subsequente Inform\u00e1tica<\/figcaption><\/a><\/figure>\n<\/div>\n<\/div>\n","protected":false},"excerpt":{"rendered":"<p>Calend\u00e1rios 2014.1 Subsequente Agricultura Subsequente Inform\u00e1tica Calend\u00e1rios 2014.2 Subsequente Agricultura Subsequente Inform\u00e1tica<\/p>\n","protected":false},"author":100,"featured_media":0,"parent":0,"menu_order":0,"comment_status":"closed","ping_status":"closed","template":"","meta":[],"_links":{"self":[{"href":"https:\/\/www.ifbaiano.edu.br\/unidades\/lapa\/wp-json\/wp\/v2\/pages\/19903"}],"collection":[{"href":"https:\/\/www.ifbaiano.edu.br\/unidades\/lapa\/wp-json\/wp\/v2\/pages"}],"about":[{"href":"https:\/\/www.ifbaiano.edu.br\/unidades\/lapa\/wp-json\/wp\/v2\/types\/page"}],"author":[{"embeddable":true,"href":"https:\/\/www.ifbaiano.edu.br\/unidades\/lapa\/wp-json\/wp\/v2\/users\/100"}],"replies":[{"embeddable":true,"href":"https:\/\/www.ifbaiano.edu.br\/unidades\/lapa\/wp-json\/wp\/v2\/comments?post=19903"}],"version-history":[{"count":7,"href":"https:\/\/www.ifbaiano.edu.br\/unidades\/lapa\/wp-json\/wp\/v2\/pages\/19903\/revisions"}],"predecessor-version":[{"id":19932,"href":"https:\/\/www.ifbaiano.edu.br\/unidades\/lapa\/wp-json\/wp\/v2\/pages\/19903\/revisions\/19932"}],"wp:attachment":[{"href":"https:\/\/www.ifbaiano.edu.br\/unidades\/lapa\/wp-json\/wp\/v2\/media?parent=19903"}],"curies":[{"name":"wp","href":"https:\/\/api.w.org\/{rel}","templated":true}]}}