{"id":20714,"date":"2021-08-25T22:11:43","date_gmt":"2021-08-26T01:11:43","guid":{"rendered":"https:\/\/www.ifbaiano.edu.br\/unidades\/lapa\/?page_id=20714"},"modified":"2021-09-08T21:03:31","modified_gmt":"2021-09-09T00:03:31","slug":"edital-07-2021_vagas_remanescentes","status":"publish","type":"page","link":"https:\/\/www.ifbaiano.edu.br\/unidades\/lapa\/edital-07-2021_vagas_remanescentes\/","title":{"rendered":"PROCESSO SELETIVO DE VAGAS REMANESCENTES PARA INGRESSO DE ESTUDANTES NOS CURSOS DA EDUCA\u00c7\u00c3O PROFISSIONAL T\u00c9CNICA DE N\u00cdVEL M\u00c9DIO, NA FORMA INTEGRADA AO ENSINO M\u00c9DIO &#8211; MODALIDADE PRESENCIAL"},"content":{"rendered":"\n<div class=\"wp-block-columns is-layout-flex wp-container-4\">\n<div class=\"wp-block-column is-layout-flow\" style=\"flex-basis:66.66%\">\n<h2 id=\"ProreitoriaMeioDireitaTitulo\" style=\"color:#00510f;text-transform:uppercase;border-top: 3px solid #00510F\" class=\"has-inline-color\">Apresenta\u00e7\u00e3o<\/h2>\n<p align=\"justify\"><strong style=\"text-transform:uppercase\">O O DIRETOR-GERAL DO INSTITUTO FEDERAL DE EDUCA\u00c7\u00c3O, CI\u00caNCIA E TECNOLOGIA BAIANO \u2013 CAMPUS BOM JESUS DA LAPA,<\/strong> no uso de suas atribui\u00e7\u00f5es legais conferidas pela Portaria n\u00ba 1158\/2020 \u2013 RET-GAB\/RET\/IFBAIANO, de 04\/11\/2020, publicada no Boletim de Servi\u00e7o Interno n\u00ba 11, de 30\/11\/2020, p\u00e1gina 298, e de acordo com as disposi\u00e7\u00f5es contidas do Regimento Geral do IF Baiano e na Portaria n\u00ba 2.564\/2018 \u2013 RET-GAB\/IFBAIANO, de 26\/09\/2018, e suas altera\u00e7\u00f5es, torna p\u00fablico o presente edital com as normas para abertura de inscri\u00e7\u00f5es para vagas remanescentes oriundas do processo de ingresso de estudantes em 2021, nos cursos da Educa\u00e7\u00e3o Profissional T\u00e9cnica de N\u00edvel M\u00e9dio, na forma Integrada ao Ensino M\u00e9dio &#8211; na modalidade presencial, para o Campus Bom Jesus da Lapa, por meio de Manifesta\u00e7\u00e3o de Interesse na Vaga, atrav\u00e9s de Edital de fluxo cont\u00ednuo.<\/p>\n<p align=\"justify\">A sele\u00e7\u00e3o ser\u00e1 realizada <strong>EXCLUSIVAMENTE<\/strong> de forma eletr\u00f4nica, mediante manifesta\u00e7\u00e3o on-line de interesse na vaga, e ocorrer\u00e1 entre os dias 27\/08\/2021 at\u00e9 as 12:00 hs do dia 30 de agosto de 2021. Para candidatar-se, \u00e9 necess\u00e1rio ler na \u00edntegra o edital e enviar para o endere\u00e7o de e-mail integrado.lapa@alunos.ifbaiano.edu.br as documenta\u00e7\u00f5es exigidas. A publica\u00e7\u00e3o preliminar dos Aptos para Matr\u00edcula e Suplentes est\u00e1 prevista para o dia 30\/08\/2021 e a matr\u00edcula ser\u00e1 no dia 02\/09\/2021. As aulas iniciam no dia 06\/09\/2021.<\/p>\n<p align=\"justify\">Ser\u00e3o ofertadas 5 vagas para o curso T\u00e9cnico em Agroecologia e 10 vagas para o curso T\u00e9cnico em Agricultura.<\/p>\n<\/div>\n\n\n\n<div class=\"wp-block-column is-layout-flow\"><\/div>\n\n\n\n<div class=\"wp-block-column is-layout-flow\" style=\"flex-basis:33.33%\">\n<h2 id=\"ProreitoriaMeioDireitaTitulo\" style=\"color:#00510f;text-transform:uppercase;border-top: 3px solid #00510F\" class=\"has-inline-color\">Inscri\u00e7\u00f5es<\/h2><p align=\"justify\"><strong>Per\u00edodo:<\/strong> De 27 de agosto 2021 at\u00e9 \u00e0s 12:00 hs de 30 de agosto de 2021<\/p>\n<\/div>\n<\/div>\n\n\n\n<div class=\"wp-block-columns is-layout-flex wp-container-7\">\n<div class=\"wp-block-column is-layout-flow\" style=\"flex-basis:66.66%\">\n<h2 id=\"ProreitoriaMeioDireitaTitulo\" style=\"color:#00510f;text-transform:uppercase;border-top: 3px solid #00510F\" class=\"has-inline-color\">Editais e Documentos<\/h2>\n\n<p align=\"justify\"><a href=\"https:\/\/www.ifbaiano.edu.br\/unidades\/lapa\/files\/2021\/09\/Aptos-Matricula-Suplentes-pos-recurso-Edital-07-2021.pdf\" target=\"_blank\" rel=\"noopener noreferrer\">Resultado Final (Documento pdf, abre em nova aba)<\/a><\/p>\n\n<p align=\"justify\"><a href=\"https:\/\/www.ifbaiano.edu.br\/unidades\/lapa\/files\/2021\/09\/Analise-Recurso-Edital-07-2021.pdf\" target=\"_blank\" rel=\"noopener noreferrer\">Resultado de An\u00e1lise dos Recurso (Documento pdf, abre em nova aba)<\/a><\/p>\n\n<p align=\"justify\"><a href=\"https:\/\/www.ifbaiano.edu.br\/unidades\/lapa\/files\/2021\/09\/Aptos-Matricula-Suplentes-Edital-07-2021.pdf\" target=\"_blank\" rel=\"noopener noreferrer\">Publica\u00e7\u00e3o dos Aptos para Matricula e Suplentes, publicado em 02 de setembro de 2021 (Documento pdf, abre em nova aba)<\/a><\/p>\n\n<p align=\"justify\"><a href=\"https:\/\/www.ifbaiano.edu.br\/unidades\/lapa\/files\/2021\/08\/Publicacao-dos-Aptos-para-Matricula-e-Suplentes-Edital-07-2021-Vagas-Remanescentes-Cursos-Integrados.pdf\" target=\"_blank\" rel=\"noopener\">Publica\u00e7\u00e3o dos Aptos para Matr\u00edcula e Suplentes, publicada em 30 de Agosto de 2021 (Documento pdf, abre em nova aba)<\/a><\/p>\n\n<p align=\"justify\"><a href=\"https:\/\/www.ifbaiano.edu.br\/unidades\/lapa\/files\/2021\/08\/Edital-07-2021-Vagas-Remanescentes-Cursos-Integrados.pdf\" target=\"_blank\" rel=\"noopener noreferrer\">Edital 07\/2021 &#8211; Vagas Remanescentes (Documento pdf, abre em nova aba)<\/a><\/p>\n\n<p align=\"justify\"><a href=\"https:\/\/www.ifbaiano.edu.br\/unidades\/lapa\/files\/2021\/08\/Anexo-I-Edital-07-2021-Vagas-Remanescentes-Cursos-Integrados.pdf\" target=\"_blank\" rel=\"noopener noreferrer\">Anexo I &#8211; Edital 07\/2021 (Documento pdf, abre em nova aba)<\/a><\/p>\n\n<p align=\"justify\"><a href=\"https:\/\/www.ifbaiano.edu.br\/unidades\/lapa\/files\/2021\/08\/Anexo-II-Edital-07-2021-Vagas-Remanescentes-Cursos-Integrados-1.pdf\" target=\"_blank\" rel=\"noopener noreferrer\">Anexo II &#8211; Edital 07\/2021 (Documento pdf, abre em nova aba)<\/a><\/p>\n\n<p align=\"justify\"><a href=\"https:\/\/www.ifbaiano.edu.br\/unidades\/lapa\/files\/2021\/08\/Anexo-III-Edital-07-2021-Vagas-Remanescentes-Cursos-Integrados.pdf\" target=\"_blank\" rel=\"noopener noreferrer\">Anexo III &#8211; Edital 07\/2021 (Documento pdf, abre em nova aba)<\/a><\/p>\n\n\n\n<p><\/p>\n<\/div>\n\n\n\n<div class=\"wp-block-column is-layout-flow\" style=\"flex-basis:33.33%\">\n<h2 id=\"ProreitoriaMeioDireitaTitulo\" style=\"color:#00510f;text-transform:uppercase;border-top: 3px solid #00510F\" class=\"has-inline-color\">Contato<\/h2><p align=\"justify\">integrado.lapa@alunos.ifbaiano.edu.br<\/p>\n\n\n\n<p><\/p>\n<\/div>\n<\/div>\n\n\n\n<p><\/p>\n","protected":false},"excerpt":{"rendered":"<p>Apresenta\u00e7\u00e3o O O DIRETOR-GERAL DO INSTITUTO FEDERAL DE EDUCA\u00c7\u00c3O, CI\u00caNCIA E TECNOLOGIA BAIANO \u2013 CAMPUS BOM JESUS DA LAPA, no uso de suas atribui\u00e7\u00f5es legais conferidas pela Portaria n\u00ba 1158\/2020 \u2013 RET-GAB\/RET\/IFBAIANO, de 04\/11\/2020, publicada no Boletim de Servi\u00e7o Interno n\u00ba 11, de 30\/11\/2020, p\u00e1gina 298, e de acordo com as disposi\u00e7\u00f5es contidas do Regimento [&hellip;]<\/p>\n","protected":false},"author":58,"featured_media":0,"parent":0,"menu_order":0,"comment_status":"closed","ping_status":"closed","template":"","meta":[],"_links":{"self":[{"href":"https:\/\/www.ifbaiano.edu.br\/unidades\/lapa\/wp-json\/wp\/v2\/pages\/20714"}],"collection":[{"href":"https:\/\/www.ifbaiano.edu.br\/unidades\/lapa\/wp-json\/wp\/v2\/pages"}],"about":[{"href":"https:\/\/www.ifbaiano.edu.br\/unidades\/lapa\/wp-json\/wp\/v2\/types\/page"}],"author":[{"embeddable":true,"href":"https:\/\/www.ifbaiano.edu.br\/unidades\/lapa\/wp-json\/wp\/v2\/users\/58"}],"replies":[{"embeddable":true,"href":"https:\/\/www.ifbaiano.edu.br\/unidades\/lapa\/wp-json\/wp\/v2\/comments?post=20714"}],"version-history":[{"count":26,"href":"https:\/\/www.ifbaiano.edu.br\/unidades\/lapa\/wp-json\/wp\/v2\/pages\/20714\/revisions"}],"predecessor-version":[{"id":21010,"href":"https:\/\/www.ifbaiano.edu.br\/unidades\/lapa\/wp-json\/wp\/v2\/pages\/20714\/revisions\/21010"}],"wp:attachment":[{"href":"https:\/\/www.ifbaiano.edu.br\/unidades\/lapa\/wp-json\/wp\/v2\/media?parent=20714"}],"curies":[{"name":"wp","href":"https:\/\/api.w.org\/{rel}","templated":true}]}}