{"id":20853,"date":"2021-09-03T15:21:20","date_gmt":"2021-09-03T18:21:20","guid":{"rendered":"https:\/\/www.ifbaiano.edu.br\/unidades\/lapa\/?page_id=20853"},"modified":"2021-09-30T18:30:38","modified_gmt":"2021-09-30T21:30:38","slug":"edital-09-2021","status":"publish","type":"page","link":"https:\/\/www.ifbaiano.edu.br\/unidades\/lapa\/edital-09-2021\/","title":{"rendered":"Processo Seletivo de Monitores de Ensino dos Cursos T\u00e9cnicos de N\u00edvel M\u00e9dio 2021"},"content":{"rendered":"\n<div class=\"wp-block-columns is-layout-flex wp-container-3\">\n<div class=\"wp-block-column is-layout-flow\" style=\"flex-basis:66.66%\">\n<h2 id=\"ProreitoriaMeioDireitaTitulo\" style=\"color:#00510f;text-transform:uppercase;border-top: 3px solid #00510F\" class=\"has-inline-color\">Apresenta\u00e7\u00e3o<\/h2>\n<p align=\"justify\"><strong style=\"text-transform:uppercase\">O Diretor-Geral do Instituto Federal de Educa\u00e7\u00e3o, Ci\u00eancia e Tecnologia Baiano \u2013 <em>Campus<\/em> Bom Jesus Da Lapa<\/strong>, nomeado pela Portaria n\u00ba 446 de 19\/03\/2018, publicada no D.O.U. de 20\/03\/2018, Se\u00e7\u00e3o 2, p\u00e1gina 54, e de acordo com as disposi\u00e7\u00f5es con&gt;das na Lei n\u00ba 11.892, de 29\/12\/2008 e na Portaria n\u00ba 2.564\/2018 \u2013 RETGAB\/IFBAIANO, de 26\/09\/2018, e suas altera\u00e7\u00f5es; de acordo com as disposi\u00e7\u00f5es legais em vigor, torna p\u00fablico o presente Edital que estabelece as normas para sele\u00e7\u00e3o de monitores de ensino para os cursos da Educa\u00e7\u00e3o Profissional T\u00e9cnica de N\u00edvel M\u00e9dio para o ano le&gt;vo 2021, em conformidade com a Resolu\u00e7\u00e3o Consup n.\u00ba 08, de 30 de mar\u00e7o 2016\/CONSUP\/IF Baiano e Resolu\u00e7\u00e3o Consup n\u00ba 90, de 28 de outubro de 2020.<\/p>\n<\/div>\n\n\n\n<div class=\"wp-block-column is-layout-flow\" style=\"flex-basis:33.33%\">\n<h2 id=\"ProreitoriaMeioDireitaTitulo\" style=\"color:#00510f;text-transform:uppercase;border-top: 3px solid #00510F\" class=\"has-inline-color\">Inscri\u00e7\u00f5es<\/h2><p align=\"justify\"><strong>Per\u00edodo:<\/strong> De 08 a 13 de setembro de 2021<\/p>\n<\/div>\n<\/div>\n\n\n\n<div class=\"wp-block-columns is-layout-flex wp-container-6\">\n<div class=\"wp-block-column is-layout-flow\" style=\"flex-basis:66.66%\">\n<h2 id=\"ProreitoriaMeioDireitaTitulo\" style=\"color:#00510f;text-transform:uppercase;border-top: 3px solid #00510F\" class=\"has-inline-color\">Editais e Documentos<\/h2>\n\n<p align=\"justify\"><a href=\"https:\/\/www.ifbaiano.edu.br\/unidades\/lapa\/files\/2021\/09\/RESULTADO-FINAL-RETIFICADO-EM-30-09-21-EDITAL-09-2021.pdf\" target=\"_blank\" rel=\"noopener noreferrer\">Resultado Final &#8211; Retificado (Documento pdf, abre em nova aba)<\/a><\/p>\n\n<p align=\"justify\"><a href=\"https:\/\/www.ifbaiano.edu.br\/unidades\/lapa\/files\/2021\/09\/resultado-final-edital-9-2021.pdf\" target=\"_blank\" rel=\"noopener noreferrer\">Resultado Final (Documento pdf, abre em nova aba)<\/a><\/p>\n\n<p align=\"justify\"><a href=\"https:\/\/www.ifbaiano.edu.br\/unidades\/lapa\/files\/2021\/09\/resultado-preliminar-edital-09-2021.pdf\" target=\"_blank\" rel=\"noopener noreferrer\">Resultado Preliminar (Documento pdf, abre em nova aba)<\/a><\/p>\n\n<p align=\"justify\"><a href=\"https:\/\/www.ifbaiano.edu.br\/unidades\/lapa\/files\/2021\/09\/edital-11-2021.pdf\" target=\"_blank\" rel=\"noopener noreferrer\">Edital de Retifica\u00e7\u00e3o 11\/2021 (Documento pdf, abre em nova aba)<\/a><\/p>\n\n<p align=\"justify\"><a href=\"https:\/\/www.ifbaiano.edu.br\/unidades\/lapa\/files\/2021\/09\/Edital-09-2021.pdf\" target=\"_blank\" rel=\"noopener noreferrer\">Edital 09\/2021 (Documento pdf, abre em nova aba)<\/a><\/p>\n\n<p align=\"justify\"><a href=\"https:\/\/www.ifbaiano.edu.br\/unidades\/lapa\/files\/2021\/09\/Anexo_I-LISTA-FREQUENCIA-Edital-09-2021.pdf\" target=\"_blank\" rel=\"noopener noreferrer\">Anexo I (Documento pdf, abre em nova aba)<\/a><\/p>\n<p align=\"justify\"><a href=\"https:\/\/www.ifbaiano.edu.br\/unidades\/lapa\/files\/2021\/09\/Anexo_II-RELATORIO-FINAL-MONITORIA-Edital-09-2021.pdf\" target=\"_blank\" rel=\"noopener noreferrer\">Anexo II (Documento pdf, abre em nova aba)<\/a><\/p>\n<p align=\"justify\"><a href=\"https:\/\/www.ifbaiano.edu.br\/unidades\/lapa\/files\/2021\/09\/Anexo_III-BAREMA-ANALISE-PROCESSO-SELETIVO-Edital-09-2021.pdf\" target=\"_blank\" rel=\"noopener noreferrer\">Anexo III (Documento pdf, abre em nova aba)<\/a><\/p>\n<p align=\"justify\"><a href=\"https:\/\/www.ifbaiano.edu.br\/unidades\/lapa\/files\/2021\/09\/Anexo-IV-FICHA-CADASTRAMENTO-MONITORA-Edital-09-2021.pdf\" target=\"_blank\" rel=\"noopener noreferrer\">Anexo IV (Documento pdf, abre em nova aba)<\/a><\/p>\n<p align=\"justify\"><a href=\"https:\/\/www.ifbaiano.edu.br\/unidades\/lapa\/files\/2021\/09\/Anexo-V-TERMO-COMPROMISSO-MONITORA-Edital-09-2021.pdf\" target=\"_blank\" rel=\"noopener noreferrer\">Anexo V (Documento pdf, abre em nova aba)<\/a><\/p>\n\n<p align=\"justify\"><a href=\"https:\/\/www.ifbaiano.edu.br\/unidades\/lapa\/files\/2021\/09\/Anexo-VI-FORMULARIO-INTERPOSICAO-RECURSOS-Edital-09-2021.pdf\" target=\"_blank\" rel=\"noopener noreferrer\">Anexo VI (Documento pdf, abre em nova aba)<\/a><\/p>\n<\/div>\n\n\n\n<div class=\"wp-block-column is-layout-flow\" style=\"flex-basis:33.33%\">\n<h2 id=\"ProreitoriaMeioDireitaTitulo\" style=\"color:#00510f;text-transform:uppercase;border-top: 3px solid #00510F\" class=\"has-inline-color\">Contato<\/h2><p align=\"justify\">selecao.monitoria@lapa.ifbaiano.edu.br<\/p>\n<\/div>\n<\/div>\n","protected":false},"excerpt":{"rendered":"<p>Apresenta\u00e7\u00e3o O Diretor-Geral do Instituto Federal de Educa\u00e7\u00e3o, Ci\u00eancia e Tecnologia Baiano \u2013 Campus Bom Jesus Da Lapa, nomeado pela Portaria n\u00ba 446 de 19\/03\/2018, publicada no D.O.U. de 20\/03\/2018, Se\u00e7\u00e3o 2, p\u00e1gina 54, e de acordo com as disposi\u00e7\u00f5es con&gt;das na Lei n\u00ba 11.892, de 29\/12\/2008 e na Portaria n\u00ba 2.564\/2018 \u2013 RETGAB\/IFBAIANO, de [&hellip;]<\/p>\n","protected":false},"author":100,"featured_media":0,"parent":0,"menu_order":0,"comment_status":"closed","ping_status":"closed","template":"","meta":[],"_links":{"self":[{"href":"https:\/\/www.ifbaiano.edu.br\/unidades\/lapa\/wp-json\/wp\/v2\/pages\/20853"}],"collection":[{"href":"https:\/\/www.ifbaiano.edu.br\/unidades\/lapa\/wp-json\/wp\/v2\/pages"}],"about":[{"href":"https:\/\/www.ifbaiano.edu.br\/unidades\/lapa\/wp-json\/wp\/v2\/types\/page"}],"author":[{"embeddable":true,"href":"https:\/\/www.ifbaiano.edu.br\/unidades\/lapa\/wp-json\/wp\/v2\/users\/100"}],"replies":[{"embeddable":true,"href":"https:\/\/www.ifbaiano.edu.br\/unidades\/lapa\/wp-json\/wp\/v2\/comments?post=20853"}],"version-history":[{"count":16,"href":"https:\/\/www.ifbaiano.edu.br\/unidades\/lapa\/wp-json\/wp\/v2\/pages\/20853\/revisions"}],"predecessor-version":[{"id":21272,"href":"https:\/\/www.ifbaiano.edu.br\/unidades\/lapa\/wp-json\/wp\/v2\/pages\/20853\/revisions\/21272"}],"wp:attachment":[{"href":"https:\/\/www.ifbaiano.edu.br\/unidades\/lapa\/wp-json\/wp\/v2\/media?parent=20853"}],"curies":[{"name":"wp","href":"https:\/\/api.w.org\/{rel}","templated":true}]}}