{"id":2097,"date":"2014-03-10T18:24:21","date_gmt":"2014-03-10T20:24:21","guid":{"rendered":"http:\/\/www.ifbaiano.edu.br\/unidades\/lapa\/?page_id=2097"},"modified":"2022-01-10T13:37:28","modified_gmt":"2022-01-10T16:37:28","slug":"auxilios-distribuidos","status":"publish","type":"page","link":"https:\/\/www.ifbaiano.edu.br\/unidades\/lapa\/auxilios-distribuidos\/","title":{"rendered":"Aux\u00edlios distribu\u00eddos"},"content":{"rendered":"<p><a href=\"http:\/\/www.ifbaiano.edu.br\/unidades\/lapa\/files\/2014\/03\/auxilios.pdf\" target=\"_blank\" rel=\"noopener noreferrer\">Aux\u00edlios distribu\u00eddos 2013 (documento pdf, abre em nova aba)<\/a><\/p>\n<p><a href=\"http:\/\/www.ifbaiano.edu.br\/unidades\/lapa\/files\/2014\/03\/2014.png\" target=\"_blank\" rel=\"noopener noreferrer\">Aux\u00edlios distribu\u00eddos 2014 (documento png, abre em nova aba)<\/a><\/p>\n<p><a href=\"http:\/\/www.ifbaiano.edu.br\/unidades\/lapa\/files\/2014\/03\/2015.png\" target=\"_blank\" rel=\"noopener noreferrer\">Aux\u00edlios Distribu\u00eddos 2015 (documento png, abre em nova aba)<\/a><\/p>\n<p><a href=\"http:\/\/www.ifbaiano.edu.br\/unidades\/lapa\/files\/2014\/03\/Auxilios-Distribuidos-2016.pdf\" target=\"_blank\" rel=\"noopener noreferrer\">Aux\u00edlios Distribu\u00eddos 2016 (documento pdf, abre em nova aba)<\/a><\/p>\n<p><a href=\"http:\/\/www.ifbaiano.edu.br\/unidades\/lapa\/files\/2014\/03\/Auxilios-Distribuidos-2017.pdf\" target=\"_blank\" rel=\"noopener noreferrer\">Aux\u00edlios Distribu\u00eddos 2017 (documento pdf, abre em nova aba)<\/a><\/p>\n<p><a href=\"http:\/\/www.ifbaiano.edu.br\/unidades\/lapa\/files\/2014\/03\/Auxilios-Distribuidos-2018.pdf\" target=\"_blank\" rel=\"noopener noreferrer\">Aux\u00edlios Distribu\u00eddos 2018 (documento pdf, abre em nova aba)<\/a><\/p>\n<p><a href=\"https:\/\/www.ifbaiano.edu.br\/unidades\/lapa\/files\/2020\/02\/Auxilios_implementados_no_Campus_BJL_2019.pdf\" target=\"_blank\" rel=\"noopener noreferrer\">Aux\u00edlios Distribu\u00eddos 2019 (documento pdf, abre em nova aba)<\/a><\/p>\n<p><a href=\"https:\/\/www.ifbaiano.edu.br\/unidades\/lapa\/files\/2022\/01\/Auxilios_2021.pdf\" target=\"_blank\" rel=\"noopener noreferrer\">Aux\u00edlios Distribu\u00eddos 2021 (documento pdf, abre em nova aba)<\/a><\/p>\n","protected":false},"excerpt":{"rendered":"<p>Aux\u00edlios distribu\u00eddos 2013 (documento pdf, abre em nova aba) Aux\u00edlios distribu\u00eddos 2014 (documento png, abre em nova aba) Aux\u00edlios Distribu\u00eddos 2015 (documento png, abre em nova aba) Aux\u00edlios Distribu\u00eddos 2016 (documento pdf, abre em nova aba) Aux\u00edlios Distribu\u00eddos 2017 (documento pdf, abre em nova aba) Aux\u00edlios Distribu\u00eddos 2018 (documento pdf, abre em nova aba) Aux\u00edlios [&hellip;]<\/p>\n","protected":false},"author":41,"featured_media":0,"parent":0,"menu_order":0,"comment_status":"open","ping_status":"open","template":"","meta":[],"_links":{"self":[{"href":"https:\/\/www.ifbaiano.edu.br\/unidades\/lapa\/wp-json\/wp\/v2\/pages\/2097"}],"collection":[{"href":"https:\/\/www.ifbaiano.edu.br\/unidades\/lapa\/wp-json\/wp\/v2\/pages"}],"about":[{"href":"https:\/\/www.ifbaiano.edu.br\/unidades\/lapa\/wp-json\/wp\/v2\/types\/page"}],"author":[{"embeddable":true,"href":"https:\/\/www.ifbaiano.edu.br\/unidades\/lapa\/wp-json\/wp\/v2\/users\/41"}],"replies":[{"embeddable":true,"href":"https:\/\/www.ifbaiano.edu.br\/unidades\/lapa\/wp-json\/wp\/v2\/comments?post=2097"}],"version-history":[{"count":21,"href":"https:\/\/www.ifbaiano.edu.br\/unidades\/lapa\/wp-json\/wp\/v2\/pages\/2097\/revisions"}],"predecessor-version":[{"id":22284,"href":"https:\/\/www.ifbaiano.edu.br\/unidades\/lapa\/wp-json\/wp\/v2\/pages\/2097\/revisions\/22284"}],"wp:attachment":[{"href":"https:\/\/www.ifbaiano.edu.br\/unidades\/lapa\/wp-json\/wp\/v2\/media?parent=2097"}],"curies":[{"name":"wp","href":"https:\/\/api.w.org\/{rel}","templated":true}]}}