{"id":21007,"date":"2021-09-08T21:13:04","date_gmt":"2021-09-09T00:13:04","guid":{"rendered":"https:\/\/www.ifbaiano.edu.br\/unidades\/lapa\/?page_id=21007"},"modified":"2021-09-17T14:42:19","modified_gmt":"2021-09-17T17:42:19","slug":"edital-10-2021","status":"publish","type":"page","link":"https:\/\/www.ifbaiano.edu.br\/unidades\/lapa\/edital-10-2021\/","title":{"rendered":"Edital de vagas remanescentes para cursos T\u00e9cnico ao Ensino M\u00e9dio \u2013 modalidade Subsequente (EaD e presencial)"},"content":{"rendered":"\n<div class=\"wp-block-columns is-layout-flex wp-container-3\">\n<div class=\"wp-block-column is-layout-flow\" style=\"flex-basis:66.66%\">\n<h2 id=\"ProreitoriaMeioDireitaTitulo\" style=\"color:#00510f;text-transform:uppercase;border-top: 3px solid #00510F\" class=\"has-inline-color\">Apresenta\u00e7\u00e3o<\/h2>\n<p align=\"justify\"><strong style=\"text-transform:uppercase\">O Diretor-Geral do Instituto Federal de Educa\u00e7\u00e3o, Ci\u00eancia e Tecnologia Baiano \u2013 Campus Bom Jesus da Lapa<\/strong>, no uso de suas atribui\u00e7\u00f5es legais conferidas pela Portaria n\u00ba 446, de 19\/03\/2018, publicada no D.O.U. de 20\/03\/2018, Se\u00e7\u00e3o 2, p\u00e1gina 22, de acordo com as disposi\u00e7\u00f5es contidas do Regimento Geral do IF Baiano e na Portaria n\u00ba 2.564\/2018 \u2013 RET-GAB\/IFBAIANO, de 26\/09\/2018, e suas altera\u00e7\u00f5es, torna p\u00fablica a abertura de inscri\u00e7\u00f5es para vagas remanescentes oriundas do processo de ingresso de estudantes em 2021, nos cursos da Educa\u00e7\u00e3o Profissional T\u00e9cnica de N\u00edvel M\u00e9dio, na forma <strong>Subsequente, na modalidade presencial e EaD<\/strong>, para o Campus Bom Jesus da Lapa, por meio de Manifesta\u00e7\u00e3o de Interesse na Vaga, atrav\u00e9s de Edital de <strong>fluxo cont\u00ednuo<\/strong>.<\/p>\n<\/div>\n\n\n\n<div class=\"wp-block-column is-layout-flow\" style=\"flex-basis:33.33%\">\n<h2 id=\"ProreitoriaMeioDireitaTitulo\" style=\"color:#00510f;text-transform:uppercase;border-top: 3px solid #00510F\" class=\"has-inline-color\">Inscri\u00e7\u00f5es<\/h2>\n<p align=\"justify\"><strong>Per\u00edodo:<\/strong> De 10\/09\/2021, com prazo de conclus\u00e3o at\u00e9 as 12:00 do dia 13\/09\/2021<\/p>\n<\/div>\n<\/div>\n\n\n\n<div class=\"wp-block-columns is-layout-flex wp-container-6\">\n<div class=\"wp-block-column is-layout-flow\" style=\"flex-basis:66.66%\">\n<h2 id=\"ProreitoriaMeioDireitaTitulo\" style=\"color:#00510f;text-transform:uppercase;border-top: 3px solid #00510F\" class=\"has-inline-color\">Editais e Documentos<\/h2>\n<p align=\"justify\"><a href=\"https:\/\/www.ifbaiano.edu.br\/unidades\/lapa\/files\/2021\/09\/resultado-final-edital-10-2021.pdf\" target=\"_blank\" rel=\"noopener noreferrer\">Resultado Final (Documento pdf, abre em nova aba)<\/a><\/p>\n\n<p align=\"justify\"><a href=\"https:\/\/www.ifbaiano.edu.br\/unidades\/lapa\/files\/2021\/09\/atos-matricula-suplente-edital-10-2021.pdf\" target=\"_blank\" rel=\"noopener noreferrer\">Publica\u00e7\u00e3o dos Aptos para Matr\u00edcula e Suplentes (Documento pdf, abre em nova aba)<\/a><\/p>\n<p align=\"justify\"><a href=\"https:\/\/www.ifbaiano.edu.br\/unidades\/lapa\/files\/2021\/09\/edital-10-2021.pdf\" target=\"_blank\" rel=\"noopener noreferrer\">Edital 10\/2021 &#8211; Vagas Remanescentes &#8211; Cursos Subsequentes (Documento pdf, abre em nova aba)<\/a><\/p>\n\n<p align=\"justify\"><a href=\"https:\/\/www.ifbaiano.edu.br\/unidades\/lapa\/files\/2021\/09\/Anexo-I-QUADRO-VAGAS-REMANESCENTES-EDITAL-10-2021.pdf\" target=\"_blank\" rel=\"noopener noreferrer\">Anexo I &#8211; Quadro de Vagas Remanescentes (Documento pdf, abre em nova aba)<\/a><\/p>\n<p align=\"justify\"><a href=\"https:\/\/www.ifbaiano.edu.br\/unidades\/lapa\/files\/2021\/09\/Anexo-II-FICHA-INSCRICAO-EDITAL-10-2021.pdf\" target=\"_blank\" rel=\"noopener noreferrer\">Anexo II &#8211; Ficha de Inscri\u00e7\u00e3o (Documento pdf, abre em nova aba)<\/a><\/p>\n<p align=\"justify\"><a href=\"https:\/\/www.ifbaiano.edu.br\/unidades\/lapa\/files\/2021\/09\/Anexo-III-FORMULARIO-INTERPOSICAO-RECURSOS-EDITAL-10-2021.pdf\" target=\"_blank\" rel=\"noopener noreferrer\">Anexo III &#8211; Formul\u00e1rio para Interposi\u00e7\u00e3o de Recursos (Documento pdf, abre em nova aba)<\/a><\/p>\n<\/div>\n\n\n\n<div class=\"wp-block-column is-layout-flow\" style=\"flex-basis:33.33%\">\n<h2 id=\"ProreitoriaMeioDireitaTitulo\" style=\"color:#00510f;text-transform:uppercase;border-top: 3px solid #00510F\" class=\"has-inline-color\">Contato<\/h2>\n<p align=\"justify\">subsequente.lapa@alunos.ifbaiano.edu.br<\/p>\n<\/div>\n<\/div>\n","protected":false},"excerpt":{"rendered":"<p>Apresenta\u00e7\u00e3o O Diretor-Geral do Instituto Federal de Educa\u00e7\u00e3o, Ci\u00eancia e Tecnologia Baiano \u2013 Campus Bom Jesus da Lapa, no uso de suas atribui\u00e7\u00f5es legais conferidas pela Portaria n\u00ba 446, de 19\/03\/2018, publicada no D.O.U. de 20\/03\/2018, Se\u00e7\u00e3o 2, p\u00e1gina 22, de acordo com as disposi\u00e7\u00f5es contidas do Regimento Geral do IF Baiano e na Portaria [&hellip;]<\/p>\n","protected":false},"author":100,"featured_media":0,"parent":0,"menu_order":0,"comment_status":"closed","ping_status":"closed","template":"","meta":[],"_links":{"self":[{"href":"https:\/\/www.ifbaiano.edu.br\/unidades\/lapa\/wp-json\/wp\/v2\/pages\/21007"}],"collection":[{"href":"https:\/\/www.ifbaiano.edu.br\/unidades\/lapa\/wp-json\/wp\/v2\/pages"}],"about":[{"href":"https:\/\/www.ifbaiano.edu.br\/unidades\/lapa\/wp-json\/wp\/v2\/types\/page"}],"author":[{"embeddable":true,"href":"https:\/\/www.ifbaiano.edu.br\/unidades\/lapa\/wp-json\/wp\/v2\/users\/100"}],"replies":[{"embeddable":true,"href":"https:\/\/www.ifbaiano.edu.br\/unidades\/lapa\/wp-json\/wp\/v2\/comments?post=21007"}],"version-history":[{"count":11,"href":"https:\/\/www.ifbaiano.edu.br\/unidades\/lapa\/wp-json\/wp\/v2\/pages\/21007\/revisions"}],"predecessor-version":[{"id":21378,"href":"https:\/\/www.ifbaiano.edu.br\/unidades\/lapa\/wp-json\/wp\/v2\/pages\/21007\/revisions\/21378"}],"wp:attachment":[{"href":"https:\/\/www.ifbaiano.edu.br\/unidades\/lapa\/wp-json\/wp\/v2\/media?parent=21007"}],"curies":[{"name":"wp","href":"https:\/\/api.w.org\/{rel}","templated":true}]}}