{"id":21360,"date":"2021-10-15T13:42:43","date_gmt":"2021-10-15T16:42:43","guid":{"rendered":"https:\/\/www.ifbaiano.edu.br\/unidades\/lapa\/?page_id=21360"},"modified":"2022-08-22T14:59:33","modified_gmt":"2022-08-22T17:59:33","slug":"edital-12-2021-paise","status":"publish","type":"page","link":"https:\/\/www.ifbaiano.edu.br\/unidades\/lapa\/edital-12-2021-paise\/","title":{"rendered":"Edital de Sele\u00e7\u00e3o de estudantes em vulnerabilidade socioecon\u00f4mica para o PAISE"},"content":{"rendered":"\n<div class=\"wp-block-columns is-layout-flex wp-container-3\">\n<div class=\"wp-block-column is-layout-flow\" style=\"flex-basis:66.66%\">\n<h2 id=\"ProreitoriaMeioDireitaTitulo\" style=\"color:#00510f;text-transform:uppercase;border-top: 3px solid #00510F\" class=\"has-inline-color\">Apresenta\u00e7\u00e3o<\/h2>\n\n<p align=\"justify\"><strong style=\"text-transform:uppercase\">O Diretor-Geral do Instituto Federal de Educa\u00e7\u00e3o, Ci\u00eancia e Tecnologia Baiano (IF Baiano) \u2013 <em>Campus<\/em> Bom Jesus Da Lapa<\/strong>, nomeado pela Portaria n\u00ba 446 de 19\/03\/2018, publicada no D.O.U. de 20\/03\/2018, Se\u00e7\u00e3o 2, p\u00e1gina 54, e de acordo com as disposi\u00e7\u00f5es contidas na Lei n\u00ba 11.892, de 29\/12\/2008 e na Portaria n\u00ba 2.564\/2018 \u2013 RET-GAB\/IFBAIANO, de 26\/09\/2018, e suas altera\u00e7\u00f5es; considerando o Decreto n\u00b0 7.234\/2010 e a Resolu\u00e7\u00e3o n\u00ba 01, de 29 de janeiro de 2019, que institui a Pol\u00edtica de Assist\u00eancia Estudantil no \u00e2mbito do IF Baiano; considerando ainda o Edital n\u00ba 143, de 08 de outubro de 2021, emitido pela Reitoria deste Instituto, torna p\u00fablico o presente Edital que estabelece as normas e crit\u00e9rios para sele\u00e7\u00e3o de estudantes em vulnerabilidade socioecon\u00f4mica, de cursos presenciais e \u00e0 dist\u00e2ncia, com a finalidade de participa\u00e7\u00e3o na Pol\u00edtica de Assist\u00eancia Estudantil do IF Baiano, por meio do Programa de Assist\u00eancia e Inclus\u00e3o Social do Estudante (PAISE), no \u00e2mbito do Campus Bom Jesus da Lapa.<\/p>\n<\/div>\n\n\n\n<div class=\"wp-block-column is-layout-flow\" style=\"flex-basis:33.33%\">\n<h2 id=\"ProreitoriaMeioDireitaTitulo\" style=\"color:#00510f;text-transform:uppercase;border-top: 3px solid #00510F\" class=\"has-inline-color\">Inscri\u00e7\u00f5es<\/h2>\n<p align=\"justify\"><strong>Per\u00edodo:<\/strong> De  23\/10\/2021 a 05\/11\/2021<\/p>\n<\/div>\n<\/div>\n\n\n\n<div class=\"wp-block-columns is-layout-flex wp-container-6\">\n<div class=\"wp-block-column is-layout-flow\" style=\"flex-basis:66.66%\">\n<h2 id=\"ProreitoriaMeioDireitaTitulo\" style=\"color:#00510f;text-transform:uppercase;border-top: 3px solid #00510F\" class=\"has-inline-color\">Editais e Documentos<\/h2>\n\n<p align=\"justify\"><a href=\"https:\/\/www.ifbaiano.edu.br\/unidades\/lapa\/files\/2022\/03\/8.-Convocacao-2-da-Lista-de-Espera-Auxilio-Permanencia.pdf\" target=\"_blank\" rel=\"noopener noreferrer\">Convoca\u00e7\u00e3o 02 da Lista de Espera &#8211; Aux\u00edlio Perman\u00eancia &#8211; Publicado em 25\/03\/2022 (Documento pdf, abre em nova aba)<\/a><\/p>\n\n<p align=\"justify\"><a href=\"https:\/\/www.ifbaiano.edu.br\/unidades\/lapa\/files\/2021\/11\/convocacao-1-lista-espera-auxilio-permanencia.pdf\" target=\"_blank\" rel=\"noopener noreferrer\">Convoca\u00e7\u00e3o 01 da Lista de Espera &#8211; Aux\u00edlio Perman\u00eancia (Documento pdf, abre em nova aba)<\/a><\/p>\n\n<p align=\"justify\"><a href=\"https:\/\/www.ifbaiano.edu.br\/unidades\/lapa\/files\/2021\/11\/errata-01-relacao-final-cadastro-reserva-apos-recursos-aux-permanencia.pdf\" target=\"_blank\" rel=\"noopener noreferrer\">Errata 01 da Rela\u00e7\u00e3o final  do Cadastro de Reserva (ap\u00f3s recursos) &#8211; Aux\u00edlio Perman\u00eancia (Documento pdf, abre em nova aba)<\/a><\/p>\n\n<p align=\"justify\"><a href=\"https:\/\/www.ifbaiano.edu.br\/unidades\/lapa\/files\/2021\/11\/relacao-final-cadastro-reserva-apos-recursos-Aux-Permanencia.pdf\" target=\"_blank\" rel=\"noopener noreferrer\">Rela\u00e7\u00e3o final &#8211; Cadastro de Reserva (ap\u00f3s recursos) &#8211; Aux\u00edlio Perman\u00eancia (Documento pdf, abre em nova aba)<\/a><\/p>\n\n<p align=\"justify\"><a href=\"https:\/\/www.ifbaiano.edu.br\/unidades\/lapa\/files\/2021\/11\/resultado-final-lista-selecionados-PAISE-2021.pdf\" target=\"_blank\" rel=\"noopener noreferrer\">Resultado Final &#8211; Lista dos selecionados &#8211; PAISE 2021 (Documento pdf, abre em nova aba)<\/a><\/p>\n\n<p align=\"justify\"><a href=\"https:\/\/www.ifbaiano.edu.br\/unidades\/lapa\/files\/2021\/11\/retificacao-relacao-inscricoes-nao-homologadas-apos-recurso-Aux-permanencia.pdf\" target=\"_blank\" rel=\"noopener noreferrer\">Retifica\u00e7\u00e3o da rela\u00e7\u00e3o de inscri\u00e7\u00f5es n\u00e3o homologadas ap\u00f3s recurso &#8211; Aux. Perman\u00eancia (Documento pdf, abre em nova aba)<\/a><\/p>\n\n<p align=\"justify\"><a href=\"https:\/\/www.ifbaiano.edu.br\/unidades\/lapa\/files\/2021\/11\/parecer-recursos-resultado-preliminar-edital-12-2021.pdf\" target=\"_blank\" rel=\"noopener noreferrer\">Parecer dos Recursos ao Resultado Preliminar &#8211; Aux\u00edlio Perman\u00eancia (Documento pdf, abre em nova aba)<\/a><\/p>\n\n<p align=\"justify\"><a href=\"https:\/\/www.ifbaiano.edu.br\/unidades\/lapa\/files\/2021\/11\/relacao-discentes-cadastro-reserva-aux-permanencia.pdf\" target=\"_blank\" rel=\"noopener noreferrer\">Rela\u00e7\u00e3o dos discentes em Cadastro Reserva &#8211; Aux\u00edlio Perman\u00eancia (Documento pdf, abre em nova aba)<\/a><\/p>\n\n<p align=\"justify\"><a href=\"https:\/\/www.ifbaiano.edu.br\/unidades\/lapa\/files\/2021\/11\/lista-pre-selecionados.pdf\" target=\"_blank\" rel=\"noopener noreferrer\">Lista de pr\u00e9-selecionados (Documento pdf, abre em nova aba)<\/a><\/p>\n\n<p align=\"justify\"><a href=\"https:\/\/www.ifbaiano.edu.br\/unidades\/lapa\/files\/2021\/11\/inscricoes-nao-homologadas-PAISE.pdf\" target=\"_blank\" rel=\"noopener noreferrer\">Inscri\u00e7\u00f5es n\u00e3o homologadas (Documento pdf, abre em nova aba)<\/a><\/p>\n\n<p align=\"justify\"><a href=\"https:\/\/www.ifbaiano.edu.br\/unidades\/lapa\/files\/2021\/11\/edital-retificacao-14-2021.pdf\" target=\"_blank\" rel=\"noopener noreferrer\">Edital de Retifica\u00e7\u00e3o 14\/2021 (Documento pdf, abre em nova aba)<\/a><\/p>\n\n<p align=\"justify\"><a href=\"https:\/\/www.ifbaiano.edu.br\/unidades\/lapa\/files\/2021\/10\/Edital-12-2021.pdf\" target=\"_blank\" rel=\"noopener noreferrer\">Edital 12\/2021 (Documento pdf, abre em nova aba)<\/a><\/p>\n<\/div>\n\n\n\n<div class=\"wp-block-column is-layout-flow\" style=\"flex-basis:33.33%\">\n<h2 id=\"ProreitoriaMeioDireitaTitulo\" style=\"color:#00510f;text-transform:uppercase;border-top: 3px solid #00510F\" class=\"has-inline-color\">Contato<\/h2>\n<p align=\"justify\">clae@lapa.ifbaiano.edu.br<\/p>\n<\/div>\n<\/div>\n","protected":false},"excerpt":{"rendered":"<p>Apresenta\u00e7\u00e3o O Diretor-Geral do Instituto Federal de Educa\u00e7\u00e3o, Ci\u00eancia e Tecnologia Baiano (IF Baiano) \u2013 Campus Bom Jesus Da Lapa, nomeado pela Portaria n\u00ba 446 de 19\/03\/2018, publicada no D.O.U. de 20\/03\/2018, Se\u00e7\u00e3o 2, p\u00e1gina 54, e de acordo com as disposi\u00e7\u00f5es contidas na Lei n\u00ba 11.892, de 29\/12\/2008 e na Portaria n\u00ba 2.564\/2018 \u2013 [&hellip;]<\/p>\n","protected":false},"author":100,"featured_media":0,"parent":0,"menu_order":0,"comment_status":"closed","ping_status":"closed","template":"","meta":[],"_links":{"self":[{"href":"https:\/\/www.ifbaiano.edu.br\/unidades\/lapa\/wp-json\/wp\/v2\/pages\/21360"}],"collection":[{"href":"https:\/\/www.ifbaiano.edu.br\/unidades\/lapa\/wp-json\/wp\/v2\/pages"}],"about":[{"href":"https:\/\/www.ifbaiano.edu.br\/unidades\/lapa\/wp-json\/wp\/v2\/types\/page"}],"author":[{"embeddable":true,"href":"https:\/\/www.ifbaiano.edu.br\/unidades\/lapa\/wp-json\/wp\/v2\/users\/100"}],"replies":[{"embeddable":true,"href":"https:\/\/www.ifbaiano.edu.br\/unidades\/lapa\/wp-json\/wp\/v2\/comments?post=21360"}],"version-history":[{"count":16,"href":"https:\/\/www.ifbaiano.edu.br\/unidades\/lapa\/wp-json\/wp\/v2\/pages\/21360\/revisions"}],"predecessor-version":[{"id":23514,"href":"https:\/\/www.ifbaiano.edu.br\/unidades\/lapa\/wp-json\/wp\/v2\/pages\/21360\/revisions\/23514"}],"wp:attachment":[{"href":"https:\/\/www.ifbaiano.edu.br\/unidades\/lapa\/wp-json\/wp\/v2\/media?parent=21360"}],"curies":[{"name":"wp","href":"https:\/\/api.w.org\/{rel}","templated":true}]}}