{"id":21416,"date":"2021-10-15T20:14:05","date_gmt":"2021-10-15T23:14:05","guid":{"rendered":"https:\/\/www.ifbaiano.edu.br\/unidades\/lapa\/?page_id=21416"},"modified":"2022-06-13T19:56:28","modified_gmt":"2022-06-13T22:56:28","slug":"edital-13-2021-auxilio-inclusao-digital","status":"publish","type":"page","link":"https:\/\/www.ifbaiano.edu.br\/unidades\/lapa\/edital-13-2021-auxilio-inclusao-digital\/","title":{"rendered":"Sele\u00e7\u00e3o de estudantes para o Aux\u00edlio Inclus\u00e3o Digital"},"content":{"rendered":"\n<div class=\"wp-block-columns is-layout-flex wp-container-3\">\n<div class=\"wp-block-column is-layout-flow\" style=\"flex-basis:66.66%\">\n<h2 id=\"ProreitoriaMeioDireitaTitulo\" style=\"color:#00510f;text-transform:uppercase;border-top: 3px solid #00510F\" class=\"has-inline-color\">Apresenta\u00e7\u00e3o<\/h2>\n<p><strong style=\"text-transform:uppercase\">O Diretor-Geral do Instituto Federal de Educa\u00e7\u00e3o, Ci\u00eancia e Tecnologia Baiano (IF Baiano)&nbsp;\u2013 <em>Campus<\/em> Bom Jesus da Lapa<\/strong>, nomeado pela Portaria n\u00ba 446 de 19\/03\/2018, publicada no D.O.U. de 20\/03\/2018, Se\u00e7\u00e3o 2, p\u00e1gina 54, e de acordo com as disposi\u00e7\u00f5es contidas na Lei n\u00ba 11.892, de 29\/12\/2008 e na Portaria n\u00ba 2.564\/2018 \u2013 RET-GAB\/IFBAIANO, de 26\/09\/2018, e suas altera\u00e7\u00f5es;&nbsp;considerando o Decreto n\u00b0 7.234\/2010;&nbsp;a Resolu\u00e7\u00e3o 89\/2020 &#8211; OS-CONSUP\/IFBAIANO, de 27 de outubro de 2020;&nbsp;considerando tamb\u00e9m o Edital n\u00ba 142, de 08 de outubro de 2021, emitido pelo&nbsp;Reitor&nbsp;deste Instituto, torna p\u00fablico o presente Edital que estabelece as normas e crit\u00e9rios para sele\u00e7\u00e3o de estudantes em vulnerabilidade socioecon\u00f4mica, de cursos presenciais e \u00e0 dist\u00e2ncia, com a finalidade de participa\u00e7\u00e3o nas a\u00e7\u00f5es de assist\u00eancia estudantil do IF Baiano,&nbsp;atrav\u00e9s da inclus\u00e3o digital promovida pela Resolu\u00e7\u00e3o 89\/2020 \u2013 OS-CONSUP\/IFBAIANO.<\/p>\n<\/div>\n\n\n\n<div class=\"wp-block-column is-layout-flow\" style=\"flex-basis:33.33%\">\n<h2 id=\"ProreitoriaMeioDireitaTitulo\" style=\"color:#00510f;text-transform:uppercase;border-top: 3px solid #00510F\" class=\"has-inline-color\">Inscri\u00e7\u00f5es<\/h2>\n<p align=\"justify\"><strong>Per\u00edodo:<\/strong> De  23\/10\/2021 a 05\/11\/2021<\/p>\n<\/div>\n<\/div>\n\n\n\n<div class=\"wp-block-columns is-layout-flex wp-container-6\">\n<div class=\"wp-block-column is-layout-flow\" style=\"flex-basis:66.66%\">\n<h2 id=\"ProreitoriaMeioDireitaTitulo\" style=\"color:#00510f;text-transform:uppercase;border-top: 3px solid #00510F\" class=\"has-inline-color\">Editais e Documentos<\/h2>\n\n\n<p align=\"justify\"><a href=\"https:\/\/www.ifbaiano.edu.br\/unidades\/lapa\/files\/2022\/06\/Convocacao-2-do-Auxilio-Digital-13.06.2022.pdf\" target=\"_blank\" rel=\"noopener noreferrer\">Convoca\u00e7\u00e3o n\u00ba 02 da Lista de Espera\n&#8211; Publicado em 13\/06\/2022 (Documento pdf, abre em nova aba)<\/a><\/p>\n\n<p align=\"justify\"><a href=\"https:\/\/www.ifbaiano.edu.br\/unidades\/lapa\/files\/2022\/04\/6.-Convocacao-1-da-lista-de-espera-Auxilio-Digital.pdf\" target=\"_blank\" rel=\"noopener noreferrer\">Convoca\u00e7\u00e3o n\u00ba 01 da Lista de Espera\nAux\u00edlio Inclus\u00e3o Digital Edital n\u00ba 13, de 15 de outubro de 2021 &#8211; Publicado em 28\/04\/2022 (Documento pdf, abre em nova aba)<\/a><\/p>\n\n<p align=\"justify\"><a href=\"https:\/\/www.ifbaiano.edu.br\/unidades\/lapa\/files\/2021\/11\/resultado-final-auxilio-inclusao-digital.pdf\" target=\"_blank\" rel=\"noopener noreferrer\">Resultado Final (Documento pdf, abre em nova aba)<\/a><\/p>\n\n<p align=\"justify\"><a href=\"https:\/\/www.ifbaiano.edu.br\/unidades\/lapa\/files\/2021\/11\/parecer-recursos-lista-pre-selecionados.pdf\" target=\"_blank\" rel=\"noopener noreferrer\">Parecer dos recursos \u00e0 lista de pr\u00e9-selecionados (Documento pdf, abre em nova aba)<\/a><\/p>\n\n<p align=\"justify\"><a href=\"https:\/\/www.ifbaiano.edu.br\/unidades\/lapa\/files\/2021\/11\/cadastro-reserva-aux-digital.pdf\" target=\"_blank\" rel=\"noopener noreferrer\">Cadastro Reserva &#8211; Aux\u00edlio Inclus\u00e3o Digital (Documento pdf, abre em nova aba)<\/a><\/p>\n\n<p align=\"justify\"><a href=\"https:\/\/www.ifbaiano.edu.br\/unidades\/lapa\/files\/2021\/11\/lista-pre-selecionados-AUXILIO-INCLUSAO-DIGITAL.pdf\" target=\"_blank\" rel=\"noopener noreferrer\">Lista de pr\u00e9-selecionados (Documento pdf, abre em nova aba)<\/a><\/p>\n\n<p align=\"justify\"><a href=\"https:\/\/www.ifbaiano.edu.br\/unidades\/lapa\/files\/2021\/11\/inscricoes-nao-homologadas-aux-digital.pdf\" target=\"_blank\" rel=\"noopener noreferrer\">Inscri\u00e7\u00f5es n\u00e3o homologadas (Documento pdf, abre em nova aba)<\/a><\/p>\n<p align=\"justify\"><a href=\"https:\/\/www.ifbaiano.edu.br\/unidades\/lapa\/files\/2021\/11\/edital-retificacao-15-2021.pdf\" target=\"_blank\" rel=\"noopener noreferrer\">Edital de Retifica\u00e7\u00e3o 15\/2021 (Documento pdf, abre em nova aba)<\/a><\/p>\n\n<p align=\"justify\"><a href=\"https:\/\/www.ifbaiano.edu.br\/unidades\/lapa\/files\/2021\/10\/edital-13-2021.pdf\" target=\"_blank\" rel=\"noopener noreferrer\">Edital 13\/2021 (Documento pdf, abre em nova aba)<\/a><\/p>\n\n<p align=\"justify\"><a href=\"https:\/\/www.ifbaiano.edu.br\/unidades\/lapa\/files\/2021\/10\/anexo-I-do-edital-13-2021.pdf\" target=\"_blank\" rel=\"noopener noreferrer\">Anexo I (Documento pdf, abre em nova aba)<\/a><\/p>\n<\/div>\n\n\n\n<div class=\"wp-block-column is-layout-flow\" style=\"flex-basis:33.33%\">\n<h2 id=\"ProreitoriaMeioDireitaTitulo\" style=\"color:#00510f;text-transform:uppercase;border-top: 3px solid #00510F\" class=\"has-inline-color\">Contato<\/h2>\n<p align=\"justify\">clae@lapa.ifbaiano.edu.br<\/p>\n<\/div>\n<\/div>\n","protected":false},"excerpt":{"rendered":"<p>Apresenta\u00e7\u00e3o O Diretor-Geral do Instituto Federal de Educa\u00e7\u00e3o, Ci\u00eancia e Tecnologia Baiano (IF Baiano)&nbsp;\u2013 Campus Bom Jesus da Lapa, nomeado pela Portaria n\u00ba 446 de 19\/03\/2018, publicada no D.O.U. de 20\/03\/2018, Se\u00e7\u00e3o 2, p\u00e1gina 54, e de acordo com as disposi\u00e7\u00f5es contidas na Lei n\u00ba 11.892, de 29\/12\/2008 e na Portaria n\u00ba 2.564\/2018 \u2013 RET-GAB\/IFBAIANO, [&hellip;]<\/p>\n","protected":false},"author":100,"featured_media":0,"parent":0,"menu_order":0,"comment_status":"closed","ping_status":"closed","template":"","meta":[],"_links":{"self":[{"href":"https:\/\/www.ifbaiano.edu.br\/unidades\/lapa\/wp-json\/wp\/v2\/pages\/21416"}],"collection":[{"href":"https:\/\/www.ifbaiano.edu.br\/unidades\/lapa\/wp-json\/wp\/v2\/pages"}],"about":[{"href":"https:\/\/www.ifbaiano.edu.br\/unidades\/lapa\/wp-json\/wp\/v2\/types\/page"}],"author":[{"embeddable":true,"href":"https:\/\/www.ifbaiano.edu.br\/unidades\/lapa\/wp-json\/wp\/v2\/users\/100"}],"replies":[{"embeddable":true,"href":"https:\/\/www.ifbaiano.edu.br\/unidades\/lapa\/wp-json\/wp\/v2\/comments?post=21416"}],"version-history":[{"count":14,"href":"https:\/\/www.ifbaiano.edu.br\/unidades\/lapa\/wp-json\/wp\/v2\/pages\/21416\/revisions"}],"predecessor-version":[{"id":23257,"href":"https:\/\/www.ifbaiano.edu.br\/unidades\/lapa\/wp-json\/wp\/v2\/pages\/21416\/revisions\/23257"}],"wp:attachment":[{"href":"https:\/\/www.ifbaiano.edu.br\/unidades\/lapa\/wp-json\/wp\/v2\/media?parent=21416"}],"curies":[{"name":"wp","href":"https:\/\/api.w.org\/{rel}","templated":true}]}}