{"id":23636,"date":"2022-10-10T16:48:25","date_gmt":"2022-10-10T19:48:25","guid":{"rendered":"https:\/\/www.ifbaiano.edu.br\/unidades\/lapa\/?page_id=23636"},"modified":"2022-11-08T09:42:06","modified_gmt":"2022-11-08T12:42:06","slug":"monitoria-edital-21-2022","status":"publish","type":"page","link":"https:\/\/www.ifbaiano.edu.br\/unidades\/lapa\/monitoria-edital-21-2022\/","title":{"rendered":"Monitoria &#8211; Edital 21\/2022"},"content":{"rendered":"\n<div class=\"wp-block-columns is-layout-flex wp-container-3\">\n<div class=\"wp-block-column is-layout-flow\">\n<h2 class=\"wp-block-heading\">Apresenta\u00e7\u00e3o<\/h2>\n\n\n\n<p>Edital que estabelece as normas para sele\u00e7\u00e3o de monitores de ensino para os cursos da Educa\u00e7\u00e3o Profissional T\u00e9cnica de N\u00edvel M\u00e9dio para o ano letivo 2022, em conformidade com a Resolu\u00e7\u00e3o Consup n.\u00ba 08, de 30 de mar\u00e7o 2016\/CONSUP\/IF Baiano e Resolu\u00e7\u00e3o Consup n\u00ba 90, de 28 de outubro de 2020.<\/p>\n<\/div>\n\n\n\n<div class=\"wp-block-column is-layout-flow\">\n<h2 class=\"wp-block-heading\">Inscri\u00e7\u00f5es<\/h2>\n\n\n\n<p>17\/10 a 21\/10\/2022<\/p>\n<\/div>\n<\/div>\n\n\n\n<div class=\"wp-block-columns is-layout-flex wp-container-8\">\n<div class=\"wp-block-column is-layout-flow\">\n<div class=\"wp-block-columns is-layout-flex wp-container-5\">\n<div class=\"wp-block-column is-layout-flow\">\n<h2 class=\"wp-block-heading\">Editais e Documentos<\/h2>\n\n\n\n<div class=\"wp-block-file\"><a href=\"https:\/\/www.ifbaiano.edu.br\/unidades\/lapa\/files\/2022\/11\/RESULTADO-FINAL.pdf\">Resultado Final &#8211; Publicado em 08\/11\/2022<\/a><\/div>\n\n\n\n<div class=\"wp-block-file\"><a href=\"https:\/\/www.ifbaiano.edu.br\/unidades\/lapa\/files\/2022\/11\/RESULTADO-PRELIMINAR.pdf\">Resultado Preliminar &#8211; Publicado em 03\/11\/2022<\/a><\/div>\n\n\n\n<div class=\"wp-block-file\"><a href=\"https:\/\/www.ifbaiano.edu.br\/unidades\/lapa\/files\/2022\/10\/RESULTADO-DAS-INSCRICOES-HOMOLOGADAS.pdf\">Resultado das inscri\u00e7\u00f5es Homologadas &#8211; Publicado em 26\/10\/2022<\/a><\/div>\n\n\n\n<div class=\"wp-block-file\"><a href=\"https:\/\/www.ifbaiano.edu.br\/unidades\/lapa\/files\/2022\/10\/Selecao-para-monitoria.pdf\">LIsta de Inscri\u00e7\u00f5es Homologadas &#8211; Publicada em 25\/10\/2022<\/a><\/div>\n\n\n\n<p><a href=\"https:\/\/www.ifbaiano.edu.br\/unidades\/lapa\/files\/2022\/10\/Processo-Seletivo-de-Monitores-Edital-21-2022.pdf\" data-type=\"URL\" data-id=\"https:\/\/www.ifbaiano.edu.br\/unidades\/lapa\/files\/2022\/10\/Processo-Seletivo-de-Monitores-Edital-21-2022.pdf\" target=\"_blank\" rel=\"noreferrer noopener\">Edital 21\/2022 &#8211; Publicado em 11\/10\/2022<\/a><\/p>\n<\/div>\n<\/div>\n<\/div>\n\n\n\n<div class=\"wp-block-column is-layout-flow\">\n<h2 class=\"wp-block-heading\">Contato<\/h2>\n\n\n\n<p>monitoria@lapa.ifbaiano.edu.br<\/p>\n<\/div>\n<\/div>\n\n\n\n<p><\/p>\n","protected":false},"excerpt":{"rendered":"<p>Apresenta\u00e7\u00e3o Edital que estabelece as normas para sele\u00e7\u00e3o de monitores de ensino para os cursos da Educa\u00e7\u00e3o Profissional T\u00e9cnica de N\u00edvel M\u00e9dio para o ano letivo 2022, em conformidade com a Resolu\u00e7\u00e3o Consup n.\u00ba 08, de 30 de mar\u00e7o 2016\/CONSUP\/IF Baiano e Resolu\u00e7\u00e3o Consup n\u00ba 90, de 28 de outubro de 2020. Inscri\u00e7\u00f5es 17\/10 a [&hellip;]<\/p>\n","protected":false},"author":150,"featured_media":0,"parent":0,"menu_order":0,"comment_status":"closed","ping_status":"closed","template":"","meta":[],"_links":{"self":[{"href":"https:\/\/www.ifbaiano.edu.br\/unidades\/lapa\/wp-json\/wp\/v2\/pages\/23636"}],"collection":[{"href":"https:\/\/www.ifbaiano.edu.br\/unidades\/lapa\/wp-json\/wp\/v2\/pages"}],"about":[{"href":"https:\/\/www.ifbaiano.edu.br\/unidades\/lapa\/wp-json\/wp\/v2\/types\/page"}],"author":[{"embeddable":true,"href":"https:\/\/www.ifbaiano.edu.br\/unidades\/lapa\/wp-json\/wp\/v2\/users\/150"}],"replies":[{"embeddable":true,"href":"https:\/\/www.ifbaiano.edu.br\/unidades\/lapa\/wp-json\/wp\/v2\/comments?post=23636"}],"version-history":[{"count":11,"href":"https:\/\/www.ifbaiano.edu.br\/unidades\/lapa\/wp-json\/wp\/v2\/pages\/23636\/revisions"}],"predecessor-version":[{"id":23797,"href":"https:\/\/www.ifbaiano.edu.br\/unidades\/lapa\/wp-json\/wp\/v2\/pages\/23636\/revisions\/23797"}],"wp:attachment":[{"href":"https:\/\/www.ifbaiano.edu.br\/unidades\/lapa\/wp-json\/wp\/v2\/media?parent=23636"}],"curies":[{"name":"wp","href":"https:\/\/api.w.org\/{rel}","templated":true}]}}