{"id":27987,"date":"2024-04-29T07:47:49","date_gmt":"2024-04-29T10:47:49","guid":{"rendered":"https:\/\/www.ifbaiano.edu.br\/unidades\/lapa\/?page_id=27987"},"modified":"2024-04-29T07:52:14","modified_gmt":"2024-04-29T10:52:14","slug":"dispensa-de-licitacao-no-90002-2024","status":"publish","type":"page","link":"https:\/\/www.ifbaiano.edu.br\/unidades\/lapa\/dispensa-de-licitacao-no-90002-2024\/","title":{"rendered":"DISPENSA DE LICITA\u00c7\u00c3O N\u00ba 90002\/2024"},"content":{"rendered":"\n<p><strong>Dispensa de Licita\u00e7\u00e3o N\u00ba <\/strong>90002\/2024<\/p>\n\n\n\n<p> <strong>Processo Administrativo N\u00b0:<\/strong> 23328.250920.2024-65<\/p>\n\n\n\n<p> <strong>Objeto:<\/strong>  AQUISI\u00c7\u00c3O DE ACESS\u00d3RIOS E INSTRUMENTOS MUSICAIS PARA O INSTITUTO FEDERAL BAIANO &#8211; CAMPUS BOM JESUS DA LAPA<\/p>\n\n\n\n<hr class=\"wp-block-separator has-alpha-channel-opacity\" \/>\n\n\n\n<p> <strong>Arquivos:<\/strong> <\/p>\n\n\n\n<ul>\n<li><a href=\"https:\/\/www.ifbaiano.edu.br\/unidades\/lapa\/files\/2024\/04\/Aviso-de-licitacao-e-Projeto-Basico.pdf\">Aviso de Dispensa Eletr\u00f4nica e Projeto B\u00e1sico<\/a><\/li>\n<\/ul>\n","protected":false},"excerpt":{"rendered":"<p>Dispensa de Licita\u00e7\u00e3o N\u00ba 90002\/2024 Processo Administrativo N\u00b0: 23328.250920.2024-65 Objeto: AQUISI\u00c7\u00c3O DE ACESS\u00d3RIOS E INSTRUMENTOS MUSICAIS PARA O INSTITUTO FEDERAL BAIANO &#8211; CAMPUS BOM JESUS DA LAPA Arquivos:<\/p>\n","protected":false},"author":165,"featured_media":0,"parent":0,"menu_order":0,"comment_status":"closed","ping_status":"closed","template":"","meta":[],"_links":{"self":[{"href":"https:\/\/www.ifbaiano.edu.br\/unidades\/lapa\/wp-json\/wp\/v2\/pages\/27987"}],"collection":[{"href":"https:\/\/www.ifbaiano.edu.br\/unidades\/lapa\/wp-json\/wp\/v2\/pages"}],"about":[{"href":"https:\/\/www.ifbaiano.edu.br\/unidades\/lapa\/wp-json\/wp\/v2\/types\/page"}],"author":[{"embeddable":true,"href":"https:\/\/www.ifbaiano.edu.br\/unidades\/lapa\/wp-json\/wp\/v2\/users\/165"}],"replies":[{"embeddable":true,"href":"https:\/\/www.ifbaiano.edu.br\/unidades\/lapa\/wp-json\/wp\/v2\/comments?post=27987"}],"version-history":[{"count":3,"href":"https:\/\/www.ifbaiano.edu.br\/unidades\/lapa\/wp-json\/wp\/v2\/pages\/27987\/revisions"}],"predecessor-version":[{"id":27992,"href":"https:\/\/www.ifbaiano.edu.br\/unidades\/lapa\/wp-json\/wp\/v2\/pages\/27987\/revisions\/27992"}],"wp:attachment":[{"href":"https:\/\/www.ifbaiano.edu.br\/unidades\/lapa\/wp-json\/wp\/v2\/media?parent=27987"}],"curies":[{"name":"wp","href":"https:\/\/api.w.org\/{rel}","templated":true}]}}