{"id":29469,"date":"2025-03-13T09:21:35","date_gmt":"2025-03-13T12:21:35","guid":{"rendered":"https:\/\/www.ifbaiano.edu.br\/unidades\/lapa\/?page_id=29469"},"modified":"2025-03-13T09:25:19","modified_gmt":"2025-03-13T12:25:19","slug":"diarias-e-passagens","status":"publish","type":"page","link":"https:\/\/www.ifbaiano.edu.br\/unidades\/lapa\/diarias-e-passagens\/","title":{"rendered":"Di\u00e1rias e Passagens"},"content":{"rendered":"\n<p align=\"justify\" style=\"color: #444444;font-family: Times New Roman, serif;font-size: medium\">O servidor civil da administra\u00e7\u00e3o federal direta, aut\u00e1rquica e fundacional que se deslocar a servi\u00e7o, da localidade onde tem exerc\u00edcio para outro ponto do territ\u00f3rio nacional, ou para o exterior, far\u00e1 jus \u00e0 percep\u00e7\u00e3o de di\u00e1rias segundo as disposi\u00e7\u00f5es do DECRETO N\u00ba 5.992, DE 19 DE DEZEMBRO DE 2006.<\/p>\n\n\n\n<p><strong>Acesse os Links:<\/strong><\/p>\n\n\n\n<p><a href=\"https:\/\/www.planalto.gov.br\/ccivil_03\/_Ato2004-2006\/2006\/Decreto\/D5992.htm\" target=\"_blank\" rel=\"noopener noreferrer\">DECRETO N\u00ba 5.992, DE 19 DE DEZEMBRO DE 2006.<\/a><\/p>\n\n<p><a href=\"https:\/\/www.in.gov.br\/en\/web\/dou\/-\/decreto-n-11.872-de-29-de-dezembro-de-2023-534996945\" target=\"_blank\" rel=\"noopener noreferrer\">DECRETO N\u00ba 11.872, DE 29 DE DEZEMBRO DE 2023.<\/a><\/p><br>\n\n\n\n<p><strong>Manual de Solicita\u00e7\u00e3o de Di\u00e1rias e Passagens<\/strong><\/p>\n\n\n\n<p><a href=\"https:\/\/www.ifbaiano.edu.br\/unidades\/lapa\/files\/2025\/03\/MANUAL-PARA-SOLICITACAO-DE-DIARIAS.pdf\" target=\"_blank\" rel=\"noopener noreferrer\">MANUAL<\/a><\/p>\n","protected":false},"excerpt":{"rendered":"<p>O servidor civil da administra\u00e7\u00e3o federal direta, aut\u00e1rquica e fundacional que se deslocar a servi\u00e7o, da localidade onde tem exerc\u00edcio para outro ponto do territ\u00f3rio nacional, ou para o exterior, far\u00e1 jus \u00e0 percep\u00e7\u00e3o de di\u00e1rias segundo as disposi\u00e7\u00f5es do DECRETO N\u00ba 5.992, DE 19 DE DEZEMBRO DE 2006. Acesse os Links: DECRETO N\u00ba 5.992, [&hellip;]<\/p>\n","protected":false},"author":165,"featured_media":0,"parent":0,"menu_order":0,"comment_status":"closed","ping_status":"closed","template":"","meta":[],"_links":{"self":[{"href":"https:\/\/www.ifbaiano.edu.br\/unidades\/lapa\/wp-json\/wp\/v2\/pages\/29469"}],"collection":[{"href":"https:\/\/www.ifbaiano.edu.br\/unidades\/lapa\/wp-json\/wp\/v2\/pages"}],"about":[{"href":"https:\/\/www.ifbaiano.edu.br\/unidades\/lapa\/wp-json\/wp\/v2\/types\/page"}],"author":[{"embeddable":true,"href":"https:\/\/www.ifbaiano.edu.br\/unidades\/lapa\/wp-json\/wp\/v2\/users\/165"}],"replies":[{"embeddable":true,"href":"https:\/\/www.ifbaiano.edu.br\/unidades\/lapa\/wp-json\/wp\/v2\/comments?post=29469"}],"version-history":[{"count":12,"href":"https:\/\/www.ifbaiano.edu.br\/unidades\/lapa\/wp-json\/wp\/v2\/pages\/29469\/revisions"}],"predecessor-version":[{"id":29501,"href":"https:\/\/www.ifbaiano.edu.br\/unidades\/lapa\/wp-json\/wp\/v2\/pages\/29469\/revisions\/29501"}],"wp:attachment":[{"href":"https:\/\/www.ifbaiano.edu.br\/unidades\/lapa\/wp-json\/wp\/v2\/media?parent=29469"}],"curies":[{"name":"wp","href":"https:\/\/api.w.org\/{rel}","templated":true}]}}