{"id":30234,"date":"2026-01-08T09:45:22","date_gmt":"2026-01-08T12:45:22","guid":{"rendered":"https:\/\/www.ifbaiano.edu.br\/unidades\/lapa\/?page_id=30234"},"modified":"2026-03-23T16:49:49","modified_gmt":"2026-03-23T19:49:49","slug":"editais-e-selecoes-2026","status":"publish","type":"page","link":"https:\/\/www.ifbaiano.edu.br\/unidades\/lapa\/editais-e-selecoes-2026\/","title":{"rendered":"Editais e Sele\u00e7\u00f5es 2026"},"content":{"rendered":"\n<div class=\"wp-block-columns is-layout-flex wp-container-2\">\n<div class=\"wp-block-column is-layout-flow\">\n<table style=\"width: 100%;border-color: white\" rules=\"rows\" border=\"0\" bgcolor=\"#EEEEEE\">\n\n    <thead>\n        <tr bgcolor=\"#D0FFD0\">\n            <th style=\"text-align: center;height: 30px\" colspan=\"3\"><span style=\"color: green\"><b>Editais\n                        2026<\/b><\/span><\/th>\n        <\/tr>\n        <tr>\n            <th style=\"text-align: center\">Edital<\/th>\n            <th style=\"text-align: center\">Conte\u00fado<\/th>\n            <th style=\"text-align: center\">Publica\u00e7\u00e3o<\/th>\n        <\/tr>\n    <\/thead>\n\n    <tbody>\n <tr>\n            <td>\n                <p style=\"text-align: center;padding: 2px\"><b><a href=\"https:\/\/www.ifbaiano.edu.br\/unidades\/lapa\/edital-no-24-2026\/\">\n                            24\/2026\n                        <\/a>\n                    <\/b>\n                <\/p>\n            <\/td>\n            <td style=\"text-align:  center;padding: 2px\">Edital de Processo Seletivo de vagas remanescentes  2026 \u2013 Curso Superior de Gest\u00e3o em Tecnologia da Informa\u00e7\u00e3o<\/td>\n            <td>23\/03\/2026<\/td>\n        <\/tr>\n        <tr>\n            <td>\n        <tr>\n            <td>\n                <p style=\"text-align: center;padding: 2px\"><b><a href=\"https:\/\/www.ifbaiano.edu.br\/unidades\/lapa\/2026\/02\/20\/paise-2026\/\">\n                            22\/2026\n                        <\/a>\n                    <\/b>\n                <\/p>\n            <\/td>\n            <td style=\"text-align:  center;padding: 2px\">PAISE 2026<\/td>\n            <td>20\/03\/2026<\/td>\n        <\/tr>\n        <tr>\n            <td>\n                <p style=\"text-align: center;padding: 2px\"><b><a href=\"https:\/\/www.ifbaiano.edu.br\/unidades\/lapa\/2026\/03\/13\/edital-n-20-2026-monitoria-integrado\/\">\n                            20\/2026\n                        <\/a>\n                    <\/b>\n                <\/p>\n            <\/td>\n            <td style=\"text-align:  center;padding: 2px\">Sele\u00e7\u00e3o de Monitoria Cursos Integrados<\/td>\n            <td>13\/03\/2026<\/td>\n        <\/tr>\n        <tr>\n            <td>\n                <p style=\"text-align: center;padding: 2px\"><b><a href=\"https:\/\/www.ifbaiano.edu.br\/unidades\/lapa\/2026\/03\/11\/edital-no-17-2026-vagas-ociosas-cursos-subsequentes-presenciais\/\">\n                            17\/2026\n                        <\/a>\n                    <\/b>\n                <\/p>\n            <\/td>\n            <td style=\"text-align:  center;padding: 2px\">Edital de Processo Seletivo 2026 &#8211; Vagas Ociosas Cursos\n                Subsequentes Presenciais<\/td>\n            <td>11\/03\/2026<\/td>\n        <\/tr>\n        <tr>\n            <td>\n                <p style=\"text-align: center;padding: 2px\"><b><a href=\"https:\/\/www.ifbaiano.edu.br\/unidades\/lapa\/2026\/02\/23\/edital-no-13-2026-edital-de-vagas-remanescentes-cursos-superiores\/\">\n                            13\/2026\n                        <\/a>\n                    <\/b>\n                <\/p>\n            <\/td>\n            <td style=\"text-align:  center;padding: 2px\">Edital de Processo Seletivo 2026 &#8211; Vagas Ociosas Cursos\n                Superiores<\/td>\n            <td>23\/02\/2026<\/td>\n        <\/tr>\n        <tr>\n            <td>\n                <p style=\"text-align: center;padding: 2px\"><b><a href=\"https:\/\/www.ifbaiano.edu.br\/unidades\/lapa\/edital-no-01-2026\/\">\n                            01\/2026\n                        <\/a>\n                    <\/b>\n                <\/p>\n            <\/td>\n            <td style=\"text-align:  center;padding: 2px\">Edital de Processo Seletivo 2026 &#8211; Cursos Superiores de Eng.\n                Agron\u00f4mica e Gest\u00e3o em Tecnologia da Informa\u00e7\u00e3o<\/td>\n            <td>08\/01\/2026<\/td>\n        <\/tr>\n    <\/tbody>\n<\/table>\n<\/div>\n<\/div>\n","protected":false},"excerpt":{"rendered":"<p>Editais 2026 Edital Conte\u00fado Publica\u00e7\u00e3o 24\/2026 Edital de Processo Seletivo de vagas remanescentes 2026 \u2013 Curso Superior de Gest\u00e3o em Tecnologia da Informa\u00e7\u00e3o 23\/03\/2026 22\/2026 PAISE 2026 20\/03\/2026 20\/2026 Sele\u00e7\u00e3o de Monitoria Cursos Integrados 13\/03\/2026 17\/2026 Edital de Processo Seletivo 2026 &#8211; Vagas Ociosas Cursos Subsequentes Presenciais 11\/03\/2026 13\/2026 Edital de Processo Seletivo 2026 &#8211; [&hellip;]<\/p>\n","protected":false},"author":181,"featured_media":0,"parent":0,"menu_order":0,"comment_status":"closed","ping_status":"closed","template":"","meta":[],"_links":{"self":[{"href":"https:\/\/www.ifbaiano.edu.br\/unidades\/lapa\/wp-json\/wp\/v2\/pages\/30234"}],"collection":[{"href":"https:\/\/www.ifbaiano.edu.br\/unidades\/lapa\/wp-json\/wp\/v2\/pages"}],"about":[{"href":"https:\/\/www.ifbaiano.edu.br\/unidades\/lapa\/wp-json\/wp\/v2\/types\/page"}],"author":[{"embeddable":true,"href":"https:\/\/www.ifbaiano.edu.br\/unidades\/lapa\/wp-json\/wp\/v2\/users\/181"}],"replies":[{"embeddable":true,"href":"https:\/\/www.ifbaiano.edu.br\/unidades\/lapa\/wp-json\/wp\/v2\/comments?post=30234"}],"version-history":[{"count":10,"href":"https:\/\/www.ifbaiano.edu.br\/unidades\/lapa\/wp-json\/wp\/v2\/pages\/30234\/revisions"}],"predecessor-version":[{"id":30473,"href":"https:\/\/www.ifbaiano.edu.br\/unidades\/lapa\/wp-json\/wp\/v2\/pages\/30234\/revisions\/30473"}],"wp:attachment":[{"href":"https:\/\/www.ifbaiano.edu.br\/unidades\/lapa\/wp-json\/wp\/v2\/media?parent=30234"}],"curies":[{"name":"wp","href":"https:\/\/api.w.org\/{rel}","templated":true}]}}